{"id":32252,"date":"2023-06-28T01:31:42","date_gmt":"2023-06-28T00:31:42","guid":{"rendered":"https:\/\/felino.4mcomunicacao.com.br\/site\/?page_id=32252"},"modified":"2024-06-15T16:52:06","modified_gmt":"2024-06-15T15:52:06","slug":"nachrichten","status":"publish","type":"page","link":"https:\/\/felino.pt\/de\/nachrichten\/","title":{"rendered":"Nachrichten"},"content":{"rendered":"<p>[et_pb_section fb_built=&#8221;1&#8243; admin_label=&#8221;Blog&#8221; _builder_version=&#8221;4.23&#8243; _module_preset=&#8221;default&#8221; background_color=&#8221;#f6f6f6&#8243; locked=&#8221;off&#8221; global_colors_info=&#8221;{}&#8221;][et_pb_row _builder_version=&#8221;4.21.0&#8243; _module_preset=&#8221;default&#8221; global_colors_info=&#8221;{}&#8221;][et_pb_column type=&#8221;4_4&#8243; _builder_version=&#8221;4.21.0&#8243; _module_preset=&#8221;default&#8221; global_colors_info=&#8221;{}&#8221;][et_pb_text _builder_version=&#8221;4.24.0&#8243; _module_preset=&#8221;default&#8221; global_colors_info=&#8221;{}&#8221;]<\/p>\n<h2 style=\"text-align: center;\">FELINO Universum<\/h2>\n<p class=\"elementor-heading-title elementor-size-small\">Wir stellen Ihnen FELINO Universe vor, einen Bereich, in dem wir Informationen \u00fcber unsere Ausr\u00fcstung und personalisierte L\u00f6sungen f\u00fcr Ihr Unternehmen teilen. Verfolgen Sie unsere Pr\u00e4senz auf den n\u00e4chsten nationalen und internationalen Messen und erhalten Sie Zugang zu Inhalten, die Sie bei der Realisierung Ihrer Kleidungsst\u00fccke inspirieren.<\/p>\n<p>[\/et_pb_text][brbl_post_masonry include_categories=&#8221;25&#8243; post_count=&#8221;15&#8243; excerpt_length=&#8221;150&#8243; show_meta=&#8221;off&#8221; pagination_type=&#8221;loadmore&#8221; column_count_tablet=&#8221;2&#8243; column_count_phone=&#8221;1&#8243; column_count_last_edited=&#8221;on|phone&#8221; _builder_version=&#8221;4.25.2&#8243; _module_preset=&#8221;default&#8221; title_text_color=&#8221;#3A3A3A&#8221; title_font_size=&#8221;18px&#8221; title_line_height=&#8221;1.3em&#8221; hover_enabled=&#8221;0&#8243; global_colors_info=&#8221;{}&#8221; order=&#8221;DESC&#8221; sticky_enabled=&#8221;0&#8243;][\/brbl_post_masonry][\/et_pb_column][\/et_pb_row][\/et_pb_section]<\/p>","protected":false},"excerpt":{"rendered":"<p>Universo FELINO Apresentamos o Universo FELINO, um espa\u00e7o onde partilhamos informa\u00e7\u00f5es sobre os nossos equipamentos e solu\u00e7\u00f5es personalizadas para o seu neg\u00f3cio. Acompanhe a nossa presen\u00e7a nas pr\u00f3ximas feiras nacionais e internacionais e tenha acesso a conte\u00fado para se inspirar na realiza\u00e7\u00e3o das suas confec\u00e7\u00f5es.<div class=\"et_pb_module brbl_post_masonry brbl_post_masonry_0\">\n\t\t\t\t\n\t\t\t\t\n\t\t\t\t\n\t\t\t\t\n\t\t\t\t\n\t\t\t\t\n\t\t\t\t<div class=\"et_pb_module_inner\">\n\t\t\t\t\t<div class=\"brbl-module brbl-post-masonry brbl-masonry-infinite\" data-options=\"{&quot;layout&quot;:&quot;masonry-1&quot;,&quot;blog_order&quot;:0,&quot;pagination_type&quot;:&quot;loadmore&quot;,&quot;loadmore_type&quot;:&quot;scroll&quot;}\">\r\n                <div class=\"brbl-blog-items brbl-blog brbl-blog-scroll-0\"><div class=\"brbl-blog-item brbl-blog-item-masonry-1-0\">\r\n        <article class=\"brbl-masonry-card brbl-post-masonry-1\">\r\n            <figure class=\"brbl-post-thumb\">\r\n\t\t\t\t<a href=\"https:\/\/felino.pt\/de\/feline-fork-knetet-ein-vermachtnis-an-qualitat-das-sich-bewahrt-hat\/\">\r\n\t\t\t\t\t<div class=\"brbl-overlay\" data-icon=\"\"><\/div>\r\n\t\t\t\t\t<img decoding=\"async\" src=\"https:\/\/felino.pt\/wp-content\/uploads\/2025\/03\/4ed3228e-a5a1-ce28-6e0e-87a46c6a4da6.jpeg\" alt=\"\">\r\n\t\t\t\t\t\r\n\t\t\t\t<\/a>\r\n\t\t\t<\/figure>\r\n            \r\n            <div class=\"brbl-masonry-content\">\r\n\t\t\t\t\r\n                <h3 class=\"brbl-post-title\">\r\n                <a href=\"https:\/\/felino.pt\/de\/feline-fork-knetet-ein-vermachtnis-an-qualitat-das-sich-bewahrt-hat\/\">Gabelkneter in Betrieb seit 1984<\/a>\r\n            <\/h3>\r\n                <div class=\"brbl-post-excerpt\">A FELINO destaca-se pela durabilidade e excel\u00eancia dos seus equipamentos, como prova uma Amassadeira de Garfo de 1984 ainda em uso. Num setor...<\/div>\r\n                \r\n            <\/div>\r\n        <\/article>\r\n    <\/div><div class=\"brbl-blog-item brbl-blog-item-masonry-1-0\">\r\n        <article class=\"brbl-masonry-card brbl-post-masonry-1\">\r\n            <figure class=\"brbl-post-thumb\">\r\n\t\t\t\t<a href=\"https:\/\/felino.pt\/de\/feline-fork-knetet-ein-vermachtnis-der-qualitat-das-den-test-der-zeit-uberdauert-2\/\">\r\n\t\t\t\t\t<div class=\"brbl-overlay\" data-icon=\"\"><\/div>\r\n\t\t\t\t\t<img decoding=\"async\" src=\"https:\/\/felino.pt\/wp-content\/uploads\/2025\/03\/3dd53dc7-f44c-9279-20c1-6201a79ec514.png\" alt=\"Brot und Butter, FELINO Ausr\u00fcstung\">\r\n\t\t\t\t\t\r\n\t\t\t\t<\/a>\r\n\t\t\t<\/figure>\r\n            \r\n            <div class=\"brbl-masonry-content\">\r\n\t\t\t\t\r\n                <h3 class=\"brbl-post-title\">\r\n                <a href=\"https:\/\/felino.pt\/de\/feline-fork-knetet-ein-vermachtnis-der-qualitat-das-den-test-der-zeit-uberdauert-2\/\">Bread and Butter und FELINO: Eine Partnerschaft aus Qualit\u00e4t und Tradition<\/a>\r\n            <\/h3>\r\n                <div class=\"brbl-post-excerpt\">A P\u00e3o com Manteiga, fundada em 2019 por Luiz Silva, \u00e9 uma padaria artesanal reconhecida no Algarve pela produ\u00e7\u00e3o de p\u00e3o de fermenta\u00e7\u00e3o natural. A...<\/div>\r\n                \r\n            <\/div>\r\n        <\/article>\r\n    <\/div><div class=\"brbl-blog-item brbl-blog-item-masonry-1-0\">\r\n        <article class=\"brbl-masonry-card brbl-post-masonry-1\">\r\n            <figure class=\"brbl-post-thumb\">\r\n\t\t\t\t<a href=\"https:\/\/felino.pt\/de\/teigtrenner-2\/\">\r\n\t\t\t\t\t<div class=\"brbl-overlay\" data-icon=\"\"><\/div>\r\n\t\t\t\t\t<img decoding=\"async\" src=\"https:\/\/felino.pt\/wp-content\/uploads\/2025\/02\/SIRHA-Lyon2025.jpg\" alt=\"SIRHA Lyon2025\">\r\n\t\t\t\t\t\r\n\t\t\t\t<\/a>\r\n\t\t\t<\/figure>\r\n            \r\n            <div class=\"brbl-masonry-content\">\r\n\t\t\t\t\r\n                <h3 class=\"brbl-post-title\">\r\n                <a href=\"https:\/\/felino.pt\/de\/teigtrenner-2\/\">FELINO bei SIRHA Lyon 2025<\/a>\r\n            <\/h3>\r\n                <div class=\"brbl-post-excerpt\">Entre os dias 23 e 27 de janeiro, a FELINO esteve presente na SIRHA Lyon, um dos eventos internacionais mais relevantes para os profissionais da...<\/div>\r\n                \r\n            <\/div>\r\n        <\/article>\r\n    <\/div><div class=\"brbl-blog-item brbl-blog-item-masonry-1-0\">\r\n        <article class=\"brbl-masonry-card brbl-post-masonry-1\">\r\n            <figure class=\"brbl-post-thumb\">\r\n\t\t\t\t<a href=\"https:\/\/felino.pt\/de\/felino-sl-spiral-mischer\/\">\r\n\t\t\t\t\t<div class=\"brbl-overlay\" data-icon=\"\"><\/div>\r\n\t\t\t\t\t<img decoding=\"async\" src=\"https:\/\/felino.pt\/wp-content\/uploads\/2023\/12\/Amassadeira-Espiral-FELINO-Tina-Fixa-SL_1.png\" alt=\"FELINO Kneter\">\r\n\t\t\t\t\t\r\n\t\t\t\t<\/a>\r\n\t\t\t<\/figure>\r\n            \r\n            <div class=\"brbl-masonry-content\">\r\n\t\t\t\t\r\n                <h3 class=\"brbl-post-title\">\r\n                <a href=\"https:\/\/felino.pt\/de\/felino-sl-spiral-mischer\/\">FELINO SL Spiralmischer<\/a>\r\n            <\/h3>\r\n                <div class=\"brbl-post-excerpt\">Saiba como a amassadeira Espiral FELINO SL contribui para a efici\u00eancia do seu fabrico e garanta uma produ\u00e7\u00e3o sem transtornos no decorrer da \u00c9poca...<\/div>\r\n                \r\n            <\/div>\r\n        <\/article>\r\n    <\/div><div class=\"brbl-blog-item brbl-blog-item-masonry-1-0\">\r\n        <article class=\"brbl-masonry-card brbl-post-masonry-1\">\r\n            <figure class=\"brbl-post-thumb\">\r\n\t\t\t\t<a href=\"https:\/\/felino.pt\/de\/teigtrenner\/\">\r\n\t\t\t\t\t<div class=\"brbl-overlay\" data-icon=\"\"><\/div>\r\n\t\t\t\t\t<img decoding=\"async\" src=\"https:\/\/felino.pt\/wp-content\/uploads\/2024\/11\/Divisora-Enroladora-de-massa.png\" alt=\"Teigtrenner, Katze, B\u00e4ckerei- und Konditoreimaschinen\">\r\n\t\t\t\t\t\r\n\t\t\t\t<\/a>\r\n\t\t\t<\/figure>\r\n            \r\n            <div class=\"brbl-masonry-content\">\r\n\t\t\t\t\r\n                <h3 class=\"brbl-post-title\">\r\n                <a href=\"https:\/\/felino.pt\/de\/teigtrenner\/\">Teigtrenner<\/a>\r\n            <\/h3>\r\n                <div class=\"brbl-post-excerpt\">Divisora Enroladora FELINO: Inova\u00e7\u00e3o para mais efici\u00eancia em Produtos de Maiores Dimens\u00f5es<\/div>\r\n                \r\n            <\/div>\r\n        <\/article>\r\n    <\/div><div class=\"brbl-blog-item brbl-blog-item-masonry-1-0\">\r\n        <article class=\"brbl-masonry-card brbl-post-masonry-1\">\r\n            <figure class=\"brbl-post-thumb\">\r\n\t\t\t\t<a href=\"https:\/\/felino.pt\/de\/knetmaschine-mit-variabler-geschwindigkeit\/\">\r\n\t\t\t\t\t<div class=\"brbl-overlay\" data-icon=\"\"><\/div>\r\n\t\t\t\t\t<img decoding=\"async\" src=\"https:\/\/felino.pt\/wp-content\/uploads\/2024\/11\/Amassadeira-ferro-fundido.png\" alt=\"Mischer aus Gusseisen, Mischer mit variabler Geschwindigkeit\">\r\n\t\t\t\t\t\r\n\t\t\t\t<\/a>\r\n\t\t\t<\/figure>\r\n            \r\n            <div class=\"brbl-masonry-content\">\r\n\t\t\t\t\r\n                <h3 class=\"brbl-post-title\">\r\n                <a href=\"https:\/\/felino.pt\/de\/knetmaschine-mit-variabler-geschwindigkeit\/\">Mixer mit variabler Geschwindigkeit<\/a>\r\n            <\/h3>\r\n                <div class=\"brbl-post-excerpt\">Entdecken Sie die FELINO Knetmaschine mit Geschwindigkeitsvariationssystem.<\/div>\r\n                \r\n            <\/div>\r\n        <\/article>\r\n    <\/div><div class=\"brbl-blog-item brbl-blog-item-masonry-1-0\">\r\n        <article class=\"brbl-masonry-card brbl-post-masonry-1\">\r\n            <figure class=\"brbl-post-thumb\">\r\n\t\t\t\t<a href=\"https:\/\/felino.pt\/de\/lernen-sie-den-neuen-spiralmischer-kennen\/\">\r\n\t\t\t\t\t<div class=\"brbl-overlay\" data-icon=\"\"><\/div>\r\n\t\t\t\t\t<img decoding=\"async\" src=\"https:\/\/felino.pt\/wp-content\/uploads\/2024\/07\/SL03.jpg\" alt=\"neuer Spiralmischer , FELINO, B\u00e4ckerei- und Konditoreimaschinen\">\r\n\t\t\t\t\t\r\n\t\t\t\t<\/a>\r\n\t\t\t<\/figure>\r\n            \r\n            <div class=\"brbl-masonry-content\">\r\n\t\t\t\t\r\n                <h3 class=\"brbl-post-title\">\r\n                <a href=\"https:\/\/felino.pt\/de\/lernen-sie-den-neuen-spiralmischer-kennen\/\">Innovation mit Zweck: Treffen Sie den neuen FELINO SL03 Spiralmischer<\/a>\r\n            <\/h3>\r\n                <div class=\"brbl-post-excerpt\">A hist\u00f3ria da panifica\u00e7\u00e3o \u00e9 marcada por constantes inova\u00e7\u00f5es, e a FELINO, ao longo dos seus 88 anos de experi\u00eancia, continua a liderar este caminho....<\/div>\r\n                \r\n            <\/div>\r\n        <\/article>\r\n    <\/div><div class=\"brbl-blog-item brbl-blog-item-masonry-1-0\">\r\n        <article class=\"brbl-masonry-card brbl-post-masonry-1\">\r\n            <figure class=\"brbl-post-thumb\">\r\n\t\t\t\t<a href=\"https:\/\/felino.pt\/de\/diego-haupenthal-handwerkliche-exzellenz-mit-feline-equipment\/\">\r\n\t\t\t\t\t<div class=\"brbl-overlay\" data-icon=\"\"><\/div>\r\n\t\t\t\t\t<img decoding=\"async\" src=\"https:\/\/felino.pt\/wp-content\/uploads\/2024\/07\/Excelencia-Artesanal-com-Equipamentos-FELINO.jpeg\" alt=\"Kunsthandwerkliche Exzellenz mit FELINO Ausr\u00fcstung\">\r\n\t\t\t\t\t\r\n\t\t\t\t<\/a>\r\n\t\t\t<\/figure>\r\n            \r\n            <div class=\"brbl-masonry-content\">\r\n\t\t\t\t\r\n                <h3 class=\"brbl-post-title\">\r\n                <a href=\"https:\/\/felino.pt\/de\/diego-haupenthal-handwerkliche-exzellenz-mit-feline-equipment\/\">Diego Haupenthal: Handwerkliche Exzellenz mit FELINO Ausr\u00fcstung<\/a>\r\n            <\/h3>\r\n                <div class=\"brbl-post-excerpt\">Embaixador FELINO partilha insights sobre o setor em entrevista exclusiva \u00e0 Revista 'A Padaria Portuguesa No panorama atual da panifica\u00e7\u00e3o,...<\/div>\r\n                \r\n            <\/div>\r\n        <\/article>\r\n    <\/div><div class=\"brbl-blog-item brbl-blog-item-masonry-1-0\">\r\n        <article class=\"brbl-masonry-card brbl-post-masonry-1\">\r\n            <figure class=\"brbl-post-thumb\">\r\n\t\t\t\t<a href=\"https:\/\/felino.pt\/de\/amassadeira-de-garfo-felino\/\">\r\n\t\t\t\t\t<div class=\"brbl-overlay\" data-icon=\"\"><\/div>\r\n\t\t\t\t\t<img decoding=\"async\" src=\"https:\/\/felino.pt\/wp-content\/uploads\/2024\/07\/Amassadeira-de-Garfo-Felino-scaled.jpg\" alt=\"Amassadeira de Garfo FELINO, FELINO, M\u00e1quinas de Padaria e Pastelaria\">\r\n\t\t\t\t\t\r\n\t\t\t\t<\/a>\r\n\t\t\t<\/figure>\r\n            \r\n            <div class=\"brbl-masonry-content\">\r\n\t\t\t\t\r\n                <h3 class=\"brbl-post-title\">\r\n                <a href=\"https:\/\/felino.pt\/de\/amassadeira-de-garfo-felino\/\">FELINO-Gabelkneter<\/a>\r\n            <\/h3>\r\n                <div class=\"brbl-post-excerpt\">Amassadeira de Garfo: Fus\u00e3o entre Tradi\u00e7\u00e3o e Inova\u00e7\u00e3o &nbsp; As amassadeiras de garfo FELINO s\u00e3o equipamentos \u00fanicos que aliam o melhor dos m\u00e9todos...<\/div>\r\n                \r\n            <\/div>\r\n        <\/article>\r\n    <\/div><div class=\"brbl-blog-item brbl-blog-item-masonry-1-0\">\r\n        <article class=\"brbl-masonry-card brbl-post-masonry-1\">\r\n            <figure class=\"brbl-post-thumb\">\r\n\t\t\t\t<a href=\"https:\/\/felino.pt\/de\/eisenguss-und-bearbeitung-2\/\">\r\n\t\t\t\t\t<div class=\"brbl-overlay\" data-icon=\"\"><\/div>\r\n\t\t\t\t\t<img decoding=\"async\" src=\"https:\/\/felino.pt\/wp-content\/uploads\/2024\/07\/Felino-Fundicao-e-Maquinacao.jpeg\" alt=\"Eisengie\u00dferei und mechanische Bearbeitung, FELINO\">\r\n\t\t\t\t\t\r\n\t\t\t\t<\/a>\r\n\t\t\t<\/figure>\r\n            \r\n            <div class=\"brbl-masonry-content\">\r\n\t\t\t\t\r\n                <h3 class=\"brbl-post-title\">\r\n                <a href=\"https:\/\/felino.pt\/de\/eisenguss-und-bearbeitung-2\/\">Eisenguss und maschinelle Bearbeitung<\/a>\r\n            <\/h3>\r\n                <div class=\"brbl-post-excerpt\">FELINO, refer\u00eancia em fundi\u00e7\u00e3o e maquina\u00e7\u00e3o desde 1936 &nbsp; A Felino SA, fundada em 1936 e localizada no Distrito do Porto, com acesso pr\u00f3ximo aos...<\/div>\r\n                \r\n            <\/div>\r\n        <\/article>\r\n    <\/div><div class=\"brbl-blog-item brbl-blog-item-masonry-1-0\">\r\n        <article class=\"brbl-masonry-card brbl-post-masonry-1\">\r\n            <figure class=\"brbl-post-thumb\">\r\n\t\t\t\t<a href=\"https:\/\/felino.pt\/de\/integrales-frasen-und-bearbeiten\/\">\r\n\t\t\t\t\t<div class=\"brbl-overlay\" data-icon=\"\"><\/div>\r\n\t\t\t\t\t<img decoding=\"async\" src=\"https:\/\/felino.pt\/wp-content\/uploads\/2024\/07\/Fresagem-e-Maquinacao-Integral.jpeg\" alt=\"Fr\u00e4sen und Integralbearbeitung, FELINO,\">\r\n\t\t\t\t\t\r\n\t\t\t\t<\/a>\r\n\t\t\t<\/figure>\r\n            \r\n            <div class=\"brbl-masonry-content\">\r\n\t\t\t\t\r\n                <h3 class=\"brbl-post-title\">\r\n                <a href=\"https:\/\/felino.pt\/de\/integrales-frasen-und-bearbeiten\/\">Integrales Fr\u00e4sen und Bearbeiten<\/a>\r\n            <\/h3>\r\n                <div class=\"brbl-post-excerpt\">Desdobramento T\u00e9cnico de Fresagem e Maquina\u00e7\u00e3o Integral &nbsp; A fresagem entre centro horizontal \u00e9 um processo de maquina\u00e7\u00e3o que permite trabalhar...<\/div>\r\n                \r\n            <\/div>\r\n        <\/article>\r\n    <\/div><div class=\"brbl-blog-item brbl-blog-item-masonry-1-0\">\r\n        <article class=\"brbl-masonry-card brbl-post-masonry-1\">\r\n            <figure class=\"brbl-post-thumb\">\r\n\t\t\t\t<a href=\"https:\/\/felino.pt\/de\/bearbeitung-von-technischen-teilen\/\">\r\n\t\t\t\t\t<div class=\"brbl-overlay\" data-icon=\"\"><\/div>\r\n\t\t\t\t\t<img decoding=\"async\" src=\"https:\/\/felino.pt\/wp-content\/uploads\/2024\/07\/Precisao-e-Qualidade-da-Maquinacao-de-Pecas-Tecnicas.jpeg\" alt=\"Pr\u00e4zision und Qualit\u00e4t bei der Bearbeitung von technischen Teilen, Bearbeitung von technischen Teilen\">\r\n\t\t\t\t\t\r\n\t\t\t\t<\/a>\r\n\t\t\t<\/figure>\r\n            \r\n            <div class=\"brbl-masonry-content\">\r\n\t\t\t\t\r\n                <h3 class=\"brbl-post-title\">\r\n                <a href=\"https:\/\/felino.pt\/de\/bearbeitung-von-technischen-teilen\/\">Bearbeitung von technischen Teilen<\/a>\r\n            <\/h3>\r\n                <div class=\"brbl-post-excerpt\">Impacto da Tecnologia na Precis\u00e3o e Qualidade da Maquina\u00e7\u00e3o de Pe\u00e7as T\u00e9cnicas &nbsp; A precis\u00e3o, resultado direto do processo de inova\u00e7\u00e3o...<\/div>\r\n                \r\n            <\/div>\r\n        <\/article>\r\n    <\/div><div class=\"brbl-blog-item brbl-blog-item-masonry-1-0\">\r\n        <article class=\"brbl-masonry-card brbl-post-masonry-1\">\r\n            <figure class=\"brbl-post-thumb\">\r\n\t\t\t\t<a href=\"https:\/\/felino.pt\/de\/batedeiras-felino-pm60-e-pm60e\/\">\r\n\t\t\t\t\t<div class=\"brbl-overlay\" data-icon=\"\"><\/div>\r\n\t\t\t\t\t<img decoding=\"async\" src=\"https:\/\/felino.pt\/wp-content\/uploads\/2024\/06\/Batedeiras-FELINO-e1718444341280.jpeg\" alt=\"Batedeiras FELINO, FELINO, M\u00e1quinas de Padaria e Pastelaria, Batedeira ergon\u00f3mica\">\r\n\t\t\t\t\t\r\n\t\t\t\t<\/a>\r\n\t\t\t<\/figure>\r\n            \r\n            <div class=\"brbl-masonry-content\">\r\n\t\t\t\t\r\n                <h3 class=\"brbl-post-title\">\r\n                <a href=\"https:\/\/felino.pt\/de\/batedeiras-felino-pm60-e-pm60e\/\">Batedeiras FELINO PM60 e PM60e<\/a>\r\n            <\/h3>\r\n                <div class=\"brbl-post-excerpt\">Batedeiras FELINO: Desempenho e Ergonomia para a Ind\u00fastria da Panifica\u00e7\u00e3o As batedeiras FELINO da s\u00e9rie PM s\u00e3o equipamentos que transformam o seu...<\/div>\r\n                \r\n            <\/div>\r\n        <\/article>\r\n    <\/div><div class=\"brbl-blog-item brbl-blog-item-masonry-1-0\">\r\n        <article class=\"brbl-masonry-card brbl-post-masonry-1\">\r\n            <figure class=\"brbl-post-thumb\">\r\n\t\t\t\t<a href=\"https:\/\/felino.pt\/de\/diego-haupenthal-em-workshop-com-batedeira-felino\/\">\r\n\t\t\t\t\t<div class=\"brbl-overlay\" data-icon=\"\"><\/div>\r\n\t\t\t\t\t<img decoding=\"async\" src=\"https:\/\/felino.pt\/wp-content\/uploads\/2024\/06\/Diego-Haupenthal-em-Workshop.jpeg\" alt=\"Diego Haupenthal in Workshop, FELINO Knetmaschine, s\u00fc\u00dfe Teige, Workshop\">\r\n\t\t\t\t\t\r\n\t\t\t\t<\/a>\r\n\t\t\t<\/figure>\r\n            \r\n            <div class=\"brbl-masonry-content\">\r\n\t\t\t\t\r\n                <h3 class=\"brbl-post-title\">\r\n                <a href=\"https:\/\/felino.pt\/de\/diego-haupenthal-em-workshop-com-batedeira-felino\/\">Diego Haupenthal beim FELINO Mixer Workshop<\/a>\r\n            <\/h3>\r\n                <div class=\"brbl-post-excerpt\">No passado domingo, dia 12 de maio, das 10h \u00e0s 14h, o chef Diego Haupenthal liderou um workshop exclusivo,\u00a0focado nas massas doces. Este evento...<\/div>\r\n                \r\n            <\/div>\r\n        <\/article>\r\n    <\/div><div class=\"brbl-blog-item brbl-blog-item-masonry-1-0\">\r\n        <article class=\"brbl-masonry-card brbl-post-masonry-1\">\r\n            <figure class=\"brbl-post-thumb\">\r\n\t\t\t\t<a href=\"https:\/\/felino.pt\/de\/makino-a500z-bearbeitungszentrum\/\">\r\n\t\t\t\t\t<div class=\"brbl-overlay\" data-icon=\"\"><\/div>\r\n\t\t\t\t\t<img decoding=\"async\" src=\"https:\/\/felino.pt\/wp-content\/uploads\/2024\/06\/Maquino-a500z.png\" alt=\"Maquino a500z, MAKINO a500Z Bearbeitungszentrum\">\r\n\t\t\t\t\t\r\n\t\t\t\t<\/a>\r\n\t\t\t<\/figure>\r\n            \r\n            <div class=\"brbl-masonry-content\">\r\n\t\t\t\t\r\n                <h3 class=\"brbl-post-title\">\r\n                <a href=\"https:\/\/felino.pt\/de\/makino-a500z-bearbeitungszentrum\/\">MAKINO a500Z Bearbeitungszentrum<\/a>\r\n            <\/h3>\r\n                <div class=\"brbl-post-excerpt\">MAKINO a500Z: Novo investimento FELINO &nbsp; A FELINO est\u00e1 equipada com o novo centro de maquina\u00e7\u00e3o MAKINO a500Z, um equipamento com 5 eixos com...<\/div>\r\n                \r\n            <\/div>\r\n        <\/article>\r\n    <\/div><\/div><nav class=\"brbl-pagination\" role=\"navigation\" aria-label=\"Paginierung\"><div class=\"brbl-page-load-status brbl-page-load-status-0\" style=\"display: none;\">\r\n\t\t\t\t<div class=\"loader-ellips infinite-scroll-request\">\r\n\t\t\t\t\t<span class=\"loader-ellips__dot\"><\/span>\r\n\t\t\t\t\t<span class=\"loader-ellips__dot\"><\/span>\r\n\t\t\t\t\t<span class=\"loader-ellips__dot\"><\/span>\r\n\t\t\t\t\t<span class=\"loader-ellips__dot\"><\/span>\r\n\t\t\t\t<\/div>\r\n\t\t\t<\/div><div class=\"pagination clearfix\">\r\n\t<div class=\"alignleft\"><a href=\"https:\/\/felino.pt\/wp-json\/wp\/v2\/pages\/32252\/page\/2\/\" >&laquo; \u00c4ltere Eintr\u00e4ge<\/a><\/div>\r\n\t<div class=\"alignright\"><\/div>\r\n<\/div><\/nav>\r\n\t\t\t<\/div>\n\t\t\t\t<\/div>\n\t\t\t<\/div><\/p>","protected":false},"author":5,"featured_media":0,"parent":0,"menu_order":0,"comment_status":"closed","ping_status":"closed","template":"","meta":{"_et_pb_use_builder":"on","_et_pb_old_content":"<p>Not\u00edcias<\/p>","_et_gb_content_width":"","footnotes":""},"class_list":["post-32252","page","type-page","status-publish","hentry"],"_links":{"self":[{"href":"https:\/\/felino.pt\/de\/wp-json\/wp\/v2\/pages\/32252","targetHints":{"allow":["GET"]}}],"collection":[{"href":"https:\/\/felino.pt\/de\/wp-json\/wp\/v2\/pages"}],"about":[{"href":"https:\/\/felino.pt\/de\/wp-json\/wp\/v2\/types\/page"}],"author":[{"embeddable":true,"href":"https:\/\/felino.pt\/de\/wp-json\/wp\/v2\/users\/5"}],"replies":[{"embeddable":true,"href":"https:\/\/felino.pt\/de\/wp-json\/wp\/v2\/comments?post=32252"}],"version-history":[{"count":2,"href":"https:\/\/felino.pt\/de\/wp-json\/wp\/v2\/pages\/32252\/revisions"}],"predecessor-version":[{"id":37097,"href":"https:\/\/felino.pt\/de\/wp-json\/wp\/v2\/pages\/32252\/revisions\/37097"}],"wp:attachment":[{"href":"https:\/\/felino.pt\/de\/wp-json\/wp\/v2\/media?parent=32252"}],"curies":[{"name":"wp","href":"https:\/\/api.w.org\/{rel}","templated":true}]}}