{"id":32277,"date":"2023-06-28T01:44:26","date_gmt":"2023-06-28T00:44:26","guid":{"rendered":"https:\/\/felino.4mcomunicacao.com.br\/site\/?page_id=32277"},"modified":"2024-11-04T15:10:16","modified_gmt":"2024-11-04T15:10:16","slug":"staf","status":"publish","type":"page","link":"https:\/\/felino.pt\/de\/staf\/","title":{"rendered":"STAF"},"content":{"rendered":"<p>[et_pb_section fb_built=&#8221;1&#8243; _builder_version=&#8221;4.22.2&#8243; _module_preset=&#8221;default&#8221; background_image=&#8221;https:\/\/felino.pt\/wp-content\/uploads\/2023\/10\/banner_assistencia.jpg&#8221; height=&#8221;400px&#8221; global_colors_info=&#8221;{}&#8221;][et_pb_row _builder_version=&#8221;4.22.2&#8243; _module_preset=&#8221;default&#8221; global_colors_info=&#8221;{}&#8221;][et_pb_column type=&#8221;4_4&#8243; _builder_version=&#8221;4.22.2&#8243; _module_preset=&#8221;default&#8221; global_colors_info=&#8221;{}&#8221;][dsm_block_reveal_text block_reveal_text=&#8221;@ET-DC@eyJkeW5hbWljIjp0cnVlLCJjb250ZW50IjoicG9zdF90aXRsZSIsInNldHRpbmdzIjp7ImJlZm9yZSI6IlNlcnZpXHUwMGU3b3MgIiwiYWZ0ZXIiOiIifX0=@&#8221; heading_html_tag=&#8221;h1&#8243; block_reveal_animation=&#8221;bt&#8221; admin_label=&#8221;Supreme Block Reveal Text&#8221; _builder_version=&#8221;4.23.4&#8243; _dynamic_attributes=&#8221;block_reveal_text&#8221; _module_preset=&#8221;default&#8221; header_font=&#8221;spartan bold|||on|||||&#8221; header_text_align=&#8221;center&#8221; header_text_color=&#8221;#FFFFFF&#8221; header_font_size=&#8221;40px&#8221; header_line_height=&#8221;1.2em&#8221; custom_margin=&#8221;7vh||||false|false&#8221; header_text_shadow_style=&#8221;preset2&#8243; locked=&#8221;off&#8221; global_colors_info=&#8221;{}&#8221;][\/dsm_block_reveal_text][\/et_pb_column][\/et_pb_row][\/et_pb_section][et_pb_section fb_built=&#8221;1&#8243; _builder_version=&#8221;4.16&#8243; global_colors_info=&#8221;{}&#8221;][et_pb_row _builder_version=&#8221;4.23.4&#8243; background_size=&#8221;initial&#8221; background_position=&#8221;top_left&#8221; background_repeat=&#8221;repeat&#8221; custom_padding=&#8221;0px||||false|false&#8221; locked=&#8221;off&#8221; global_colors_info=&#8221;{}&#8221;][et_pb_column type=&#8221;4_4&#8243; _builder_version=&#8221;4.16&#8243; custom_padding=&#8221;|||&#8221; global_colors_info=&#8221;{}&#8221; custom_padding__hover=&#8221;|||&#8221;][et_pb_text _builder_version=&#8221;4.24.0&#8243; _module_preset=&#8221;default&#8221; header_2_font=&#8221;||||||||&#8221; header_2_text_align=&#8221;center&#8221; header_2_font_size=&#8221;24px&#8221; header_2_line_height=&#8221;1.2em&#8221; header_3_font=&#8221;spartan semibold|600|||||||&#8221; header_3_font_size=&#8221;18px&#8221; header_3_line_height=&#8221;1.2em&#8221; custom_margin=&#8221;25px||||false|false&#8221; header_2_line_height_tablet=&#8221;1.2em&#8221; header_2_line_height_phone=&#8221;1.2em&#8221; header_2_line_height_last_edited=&#8221;on|tablet&#8221; header_3_line_height_tablet=&#8221;1.2em&#8221; header_3_line_height_phone=&#8221;1.2em&#8221; header_3_line_height_last_edited=&#8221;on|phone&#8221; global_colors_info=&#8221;{}&#8221;]<\/p>\n<h2><strong>FELINO Technische Unterst\u00fctzung<\/strong><\/h2>\n<h3 style=\"text-align: center;\">Assist\u00eancia t\u00e9cnica especializada para manter o seu neg\u00f3cio em movimento<\/h3>\n<p>[\/et_pb_text][et_pb_text _builder_version=&#8221;4.24.0&#8243; _module_preset=&#8221;default&#8221; text_line_height=&#8221;1.8em&#8221; header_2_font_size=&#8221;23px&#8221; header_2_line_height=&#8221;1.7em&#8221; header_3_font_size=&#8221;19px&#8221; header_3_line_height=&#8221;1.7em&#8221; global_colors_info=&#8221;{}&#8221;]<\/p>\n<p>Na FELINO, compreendemos que o seu equipamento \u00e9 uma pe\u00e7a essencial do seu neg\u00f3cio. Por isso, sabemos o qu\u00e3o cr\u00edtico \u00e9 mant\u00ea-los em funcionamento sem interrup\u00e7\u00f5es no seu fabrico. Os nossos Servi\u00e7os T\u00e9cnicos de Assist\u00eancia FELINO &#8211; STAF, est\u00e3o aqui para o ajudar a prevenir problemas antes que estes surjam. Evite reparos dispendiosos e interrup\u00e7\u00f5es indesejadas na sua produ\u00e7\u00e3o, e verifique todos os componentes vitais dos seus equipamentos com uma equipa de t\u00e9cnicos especializados formados pela FELINO.<\/p>\n<p>[\/et_pb_text][\/et_pb_column][\/et_pb_row][et_pb_row _builder_version=&#8221;4.22.1&#8243; _module_preset=&#8221;default&#8221; custom_margin=&#8221;||0px||false|false&#8221; custom_padding=&#8221;||0px||false|false&#8221; global_colors_info=&#8221;{}&#8221;][et_pb_column type=&#8221;4_4&#8243; _builder_version=&#8221;4.22.1&#8243; _module_preset=&#8221;default&#8221; global_colors_info=&#8221;{}&#8221;][et_pb_text _builder_version=&#8221;4.24.0&#8243; _module_preset=&#8221;default&#8221; text_font_size=&#8221;13px&#8221; text_line_height=&#8221;1.9em&#8221; header_2_font=&#8221;||||||||&#8221; header_2_font_size=&#8221;22px&#8221; header_2_line_height=&#8221;1.7em&#8221; header_3_font_size=&#8221;19px&#8221; header_3_line_height=&#8221;1.7em&#8221; header_2_line_height_tablet=&#8221;1.7em&#8221; header_2_line_height_phone=&#8221;1.3em&#8221; header_2_line_height_last_edited=&#8221;on|phone&#8221; global_colors_info=&#8221;{}&#8221;]<\/p>\n<h2 style=\"text-align: center;\"><strong>Porque escolher os servi\u00e7os STAF da FELINO:<\/strong><\/h2>\n<p>[\/et_pb_text][\/et_pb_column][\/et_pb_row][et_pb_row column_structure=&#8221;1_2,1_2&#8243; _builder_version=&#8221;4.22.1&#8243; _module_preset=&#8221;default&#8221; global_colors_info=&#8221;{}&#8221;][et_pb_column type=&#8221;1_2&#8243; _builder_version=&#8221;4.22.1&#8243; _module_preset=&#8221;default&#8221; global_colors_info=&#8221;{}&#8221;][et_pb_image src=&#8221;https:\/\/felino.pt\/wp-content\/uploads\/2023\/10\/PHOTO-2023-06-15-15-14-44.jpg&#8221; title_text=&#8221;PHOTO-2023-06-15-15-14-44&#8243; align=&#8221;center&#8221; _builder_version=&#8221;4.22.2&#8243; _module_preset=&#8221;default&#8221; width=&#8221;100%&#8221; global_colors_info=&#8221;{}&#8221;][\/et_pb_image][\/et_pb_column][et_pb_column type=&#8221;1_2&#8243; _builder_version=&#8221;4.22.1&#8243; _module_preset=&#8221;default&#8221; global_colors_info=&#8221;{}&#8221;][et_pb_text _builder_version=&#8221;4.24.0&#8243; _module_preset=&#8221;default&#8221; text_line_height=&#8221;1.8em&#8221; header_2_font_size=&#8221;23px&#8221; header_2_line_height=&#8221;1.7em&#8221; header_3_font=&#8221;spartan bold||||||||&#8221; header_3_font_size=&#8221;18px&#8221; header_3_line_height=&#8221;1.7em&#8221; global_colors_info=&#8221;{}&#8221;]<\/p>\n<h3><strong>Experi\u00eancia Inigual\u00e1vel:<\/strong><\/h3>\n<p>Com 88 anos de experi\u00eancia no mercado, a FELINO \u00e9 sin\u00f3nimo de qualidade e confian\u00e7a. O nosso know-how permite-nos identificar e solucionar problemas de forma r\u00e1pida e eficiente, para garantir a continuidade da sua produ\u00e7\u00e3o.<\/p>\n<p>[\/et_pb_text][et_pb_text _builder_version=&#8221;4.22.2&#8243; _module_preset=&#8221;default&#8221; text_line_height=&#8221;1.8em&#8221; header_2_font_size=&#8221;23px&#8221; header_2_line_height=&#8221;1.7em&#8221; header_3_font=&#8221;spartan bold||||||||&#8221; header_3_font_size=&#8221;18px&#8221; header_3_line_height=&#8221;1.7em&#8221; global_colors_info=&#8221;{}&#8221;]<\/p>\n<h3><strong>Conhecimento Local:<\/strong><\/h3>\n<p>Como empresa nacional, entendemos o territ\u00f3rio e a din\u00e2mica das padarias e pastelarias portuguesas. Esse conhecimento permite-nos fornecer solu\u00e7\u00f5es personalizadas que se adaptam \u00e0s suas necessidades espec\u00edficas e ao tipo de produ\u00e7\u00e3o no seu fabrico.<\/p>\n<p>[\/et_pb_text][et_pb_text _builder_version=&#8221;4.22.2&#8243; _module_preset=&#8221;default&#8221; text_line_height=&#8221;1.8em&#8221; header_2_font_size=&#8221;23px&#8221; header_2_line_height=&#8221;1.7em&#8221; header_3_font=&#8221;spartan bold||||||||&#8221; header_3_font_size=&#8221;18px&#8221; header_3_line_height=&#8221;1.7em&#8221; global_colors_info=&#8221;{}&#8221;]<\/p>\n<h3><strong>Assist\u00eancia 24 Horas:<\/strong><\/h3>\n<p>A nossa assist\u00eancia est\u00e1 dispon\u00edvel 24 horas por dia, 7 dias por semana. Quando surgir um problema, estaremos l\u00e1 para ajud\u00e1-lo, n\u00e3o importa a hora. Isso garante a m\u00e1xima disponibilidade dos seus equipamentos e minimiza poss\u00edveis interrup\u00e7\u00f5es da produ\u00e7\u00e3o.<\/p>\n<p>[\/et_pb_text][et_pb_text _builder_version=&#8221;4.22.2&#8243; _module_preset=&#8221;default&#8221; text_line_height=&#8221;1.8em&#8221; header_2_font_size=&#8221;23px&#8221; header_2_line_height=&#8221;1.7em&#8221; header_3_font=&#8221;spartan bold||||||||&#8221; header_3_font_size=&#8221;18px&#8221; header_3_line_height=&#8221;1.7em&#8221; global_colors_info=&#8221;{}&#8221;]<\/p>\n<h3><strong>Manuten\u00e7\u00e3o Especializada:<\/strong><\/h3>\n<p>A FELINO \u00e9 especialista em equipamentos de padaria e pastelaria. A nossa manuten\u00e7\u00e3o preventiva \u00e9 realizada por t\u00e9cnicos especializados que conhecem os seus equipamentos profundamente, garantindo um servi\u00e7o de qualidade e prolongando a vida \u00fatil dos seus equipamentos.<\/p>\n<p>[\/et_pb_text][\/et_pb_column][\/et_pb_row][et_pb_row _builder_version=&#8221;4.22.1&#8243; _module_preset=&#8221;default&#8221; custom_padding=&#8221;||0px||false|false&#8221; global_colors_info=&#8221;{}&#8221;][et_pb_column type=&#8221;4_4&#8243; _builder_version=&#8221;4.22.1&#8243; _module_preset=&#8221;default&#8221; global_colors_info=&#8221;{}&#8221;][et_pb_text _builder_version=&#8221;4.24.0&#8243; _module_preset=&#8221;default&#8221; text_font_size=&#8221;13px&#8221; text_line_height=&#8221;1.9em&#8221; header_2_font=&#8221;||||||||&#8221; header_2_text_align=&#8221;center&#8221; header_2_font_size=&#8221;22px&#8221; header_2_line_height=&#8221;1.7em&#8221; header_3_font_size=&#8221;19px&#8221; header_3_line_height=&#8221;1.7em&#8221; header_2_line_height_tablet=&#8221;1.7em&#8221; header_2_line_height_phone=&#8221;1.2em&#8221; header_2_line_height_last_edited=&#8221;on|phone&#8221; global_colors_info=&#8221;{}&#8221;]<\/p>\n<h2><strong>Benef\u00edcios Adicionais para o seu equipamento:<\/strong><\/h2>\n<p>[\/et_pb_text][\/et_pb_column][\/et_pb_row][et_pb_row column_structure=&#8221;1_2,1_2&#8243; _builder_version=&#8221;4.22.1&#8243; _module_preset=&#8221;default&#8221; global_colors_info=&#8221;{}&#8221;][et_pb_column type=&#8221;1_2&#8243; _builder_version=&#8221;4.22.1&#8243; _module_preset=&#8221;default&#8221; global_colors_info=&#8221;{}&#8221;][et_pb_text _builder_version=&#8221;4.22.2&#8243; _module_preset=&#8221;default&#8221; text_line_height=&#8221;1.8em&#8221; header_2_font_size=&#8221;23px&#8221; header_2_line_height=&#8221;1.7em&#8221; header_3_font=&#8221;spartan bold||||||||&#8221; header_3_font_size=&#8221;18px&#8221; header_3_line_height=&#8221;1.7em&#8221; global_colors_info=&#8221;{}&#8221;]<\/p>\n<h3><strong>Pe\u00e7as Originais:<\/strong><\/h3>\n<p>Garantimos a utiliza\u00e7\u00e3o de pe\u00e7as originais nas repara\u00e7\u00f5es, mantendo a qualidade e desempenho do seu equipamento.<\/p>\n<p>[\/et_pb_text][et_pb_text _builder_version=&#8221;4.22.2&#8243; _module_preset=&#8221;default&#8221; text_line_height=&#8221;1.8em&#8221; header_2_font_size=&#8221;23px&#8221; header_2_line_height=&#8221;1.7em&#8221; header_3_font=&#8221;spartan bold||||||||&#8221; header_3_font_size=&#8221;18px&#8221; header_3_line_height=&#8221;1.7em&#8221; global_colors_info=&#8221;{}&#8221;]<\/p>\n<h3><strong>Solu\u00e7\u00f5es Personalizadas:<\/strong><\/h3>\n<p>Trabalhamos consigo para desenvolver planos de manuten\u00e7\u00e3o preventiva espec\u00edficos para as necessidades do seu neg\u00f3cio.<\/p>\n<p>[\/et_pb_text][\/et_pb_column][et_pb_column type=&#8221;1_2&#8243; _builder_version=&#8221;4.22.1&#8243; _module_preset=&#8221;default&#8221; global_colors_info=&#8221;{}&#8221;][et_pb_text _builder_version=&#8221;4.22.2&#8243; _module_preset=&#8221;default&#8221; text_line_height=&#8221;1.8em&#8221; header_2_font_size=&#8221;23px&#8221; header_2_line_height=&#8221;1.7em&#8221; header_3_font=&#8221;spartan bold||||||||&#8221; header_3_font_size=&#8221;18px&#8221; header_3_line_height=&#8221;1.7em&#8221; global_colors_info=&#8221;{}&#8221;]<\/p>\n<h3><strong>Aumento da Vida \u00datil:<\/strong><\/h3>\n<p>A manuten\u00e7\u00e3o preventiva regular n\u00e3o apenas evita falhas, mas tamb\u00e9m ajuda a prolongar a vida \u00fatil dos seus equipamentos, economizando-lhe dinheiro a longo prazo.<\/p>\n<p>[\/et_pb_text][et_pb_text _builder_version=&#8221;4.22.2&#8243; _module_preset=&#8221;default&#8221; text_line_height=&#8221;1.8em&#8221; header_2_font_size=&#8221;23px&#8221; header_2_line_height=&#8221;1.7em&#8221; header_3_font=&#8221;spartan bold||||||||&#8221; header_3_font_size=&#8221;18px&#8221; header_3_line_height=&#8221;1.7em&#8221; global_colors_info=&#8221;{}&#8221;]<\/p>\n<h3><strong>Forma\u00e7\u00e3o Especializada:<\/strong><\/h3>\n<p>Oferecemos forma\u00e7\u00e3o especializada para a sua equipa, garantindo um uso adequado e seguro dos equipamentos.<\/p>\n<p>[\/et_pb_text][\/et_pb_column][\/et_pb_row][\/et_pb_section][et_pb_section fb_built=&#8221;1&#8243; _builder_version=&#8221;4.22.1&#8243; _module_preset=&#8221;default&#8221; background_color=&#8221;#f4f4f4&#8243; custom_padding=&#8221;30px|||||&#8221; global_colors_info=&#8221;{}&#8221;][et_pb_row _builder_version=&#8221;4.22.1&#8243; _module_preset=&#8221;default&#8221; global_colors_info=&#8221;{}&#8221;][et_pb_column type=&#8221;4_4&#8243; _builder_version=&#8221;4.22.1&#8243; _module_preset=&#8221;default&#8221; global_colors_info=&#8221;{}&#8221;][et_pb_text _builder_version=&#8221;4.24.0&#8243; _module_preset=&#8221;default&#8221; header_2_font_size=&#8221;24px&#8221; header_2_line_height=&#8221;1.4em&#8221; custom_padding=&#8221;30px||||false|false&#8221; custom_padding_tablet=&#8221;30px||||false|false&#8221; custom_padding_phone=&#8221;10px||||false|false&#8221; custom_padding_last_edited=&#8221;on|phone&#8221; global_colors_info=&#8221;{}&#8221;]<\/p>\n<h2 style=\"text-align: center;\"><strong>Agende a sua Manuten\u00e7\u00e3o Preventiva<\/strong><\/h2>\n<p>[\/et_pb_text][et_pb_text admin_label=&#8221;Text&#8221; _builder_version=&#8221;4.24.0&#8243; _module_preset=&#8221;default&#8221; text_line_height=&#8221;1.8em&#8221; header_2_font=&#8221;||||||||&#8221; header_2_font_size=&#8221;22px&#8221; header_2_line_height=&#8221;1.7em&#8221; header_3_font_size=&#8221;19px&#8221; header_3_line_height=&#8221;1.7em&#8221; custom_padding=&#8221;||30px||false|false&#8221; header_2_line_height_tablet=&#8221;1.7em&#8221; header_2_line_height_phone=&#8221;1.2em&#8221; header_2_line_height_last_edited=&#8221;on|phone&#8221; global_colors_info=&#8221;{}&#8221;]<\/p>\n<p>Al\u00e9m dos servi\u00e7os de manuten\u00e7\u00e3o preventiva, a FELINO oferece servi\u00e7os de recondicionamento de equipamentos, a\u00e7\u00f5es de forma\u00e7\u00e3o detalhadas e orienta\u00e7\u00f5es para boas pr\u00e1ticas de utiliza\u00e7\u00e3o. \u00c9 mais um passo no nosso compromisso de ajud\u00e1-lo a manter a sua produtividade a funcionar da forma mais eficiente poss\u00edvel.<\/p>\n<p><strong>Os STAF \u00e9 o nosso servi\u00e7o p\u00f3s-venda que funciona 24 horas por dia, com uma equipa pr\u00f3pria altamente especializada.<\/strong> Para al\u00e9m disso, disponibilizamos planos de manuten\u00e7\u00e3o preventiva e servi\u00e7os de recondicionamento de equipamentos. Afinal, sabemos o quanto a efici\u00eancia e o suporte s\u00e3o cruciais para o seu sucesso.<\/p>\n<p>[\/et_pb_text][et_pb_text _builder_version=&#8221;4.24.0&#8243; _module_preset=&#8221;default&#8221; header_2_text_align=&#8221;center&#8221; header_2_font_size=&#8221;22px&#8221; header_2_line_height=&#8221;1.4em&#8221; global_colors_info=&#8221;{}&#8221;]<\/p>\n<h2><strong>Descubra mais sobre os servi\u00e7os STAF FELINO<\/strong><\/h2>\n<p>[\/et_pb_text][et_pb_text _builder_version=&#8221;4.24.0&#8243; _module_preset=&#8221;default&#8221; text_line_height=&#8221;1.8em&#8221; header_2_font=&#8221;||||||||&#8221; header_2_text_align=&#8221;center&#8221; header_2_font_size=&#8221;22px&#8221; header_2_line_height=&#8221;1.7em&#8221; header_3_font_size=&#8221;19px&#8221; header_3_line_height=&#8221;1.7em&#8221; custom_padding=&#8221;||30px||false|false&#8221; header_2_line_height_tablet=&#8221;1.7em&#8221; header_2_line_height_phone=&#8221;1.2em&#8221; header_2_line_height_last_edited=&#8221;on|phone&#8221; global_colors_info=&#8221;{}&#8221;]<\/p>\n<p>Para agendar a sua assist\u00eancia t\u00e9cnica e\/ou pedido de esclarecimentos, pode contactar-nos atrav\u00e9s do n\u00famero de telefone <strong>+351 229 699 830<\/strong> ou utilizar o formul\u00e1rio abaixo.<\/p>\n<p>Na FELINO, estamos comprometidos em manter o seu neg\u00f3cio em movimento, com equipamentos de qualidade e servi\u00e7os de assist\u00eancia t\u00e9cnica de excel\u00eancia. Conte connosco para garantir que a sua produ\u00e7\u00e3o est\u00e1 apta a funcionar todos os dias.<\/p>\n<p>[\/et_pb_text][dsm_contact_form_7 cf7_library=&#8221;36530&#8243; button_alignment=&#8221;left&#8221; _builder_version=&#8221;4.27.2&#8243; _module_preset=&#8221;default&#8221; input_textarea_select_text_color=&#8221;#3A3A3A&#8221; input_textarea_select_font_size=&#8221;15px&#8221; input_textarea_select_line_height=&#8221;1.8em&#8221; custom_button_one=&#8221;on&#8221; button_one_text_size=&#8221;17px&#8221; button_one_text_color=&#8221;#FFFFFF&#8221; button_one_bg_color=&#8221;#EF8D23&#8243; button_one_border_radius=&#8221;6px&#8221; button_one_font=&#8221;||||||||&#8221; button_one_on_hover=&#8221;off&#8221; button_one_custom_padding=&#8221;7px|50px|7px|30px|true|false&#8221; hover_enabled=&#8221;0&#8243; border_width_right_image=&#8221;1px&#8221; border_color_right_image=&#8221;rgba(58,58,58,0.2)&#8221; border_width_bottom_image=&#8221;1px&#8221; border_color_bottom_image=&#8221;rgba(58,58,58,0.35)&#8221; box_shadow_style_button_one=&#8221;preset3&#8243; global_colors_info=&#8221;{}&#8221; button_one_bg_color__hover=&#8221;#7A1315&#8243; button_one_bg_color__hover_enabled=&#8221;on|hover&#8221; custom_css_free_form=&#8221;document.addEventListener( &#8216;wpcf7submit&#8217;, function( event ) {||   jQuery(&#8216;head&#8217;).append(&#8216;<\/p>\n<style type=%22text\/css%22>.aw-no-spinner:before{display:none!important}<\/style>\n<p>&#8216;);||   jQuery(&#8216;body&#8217;).find(&#8216;.processing&#8217;).addClass(&#8216;aw-no-spinner&#8217;);||}, false );||jQuery(&#8216;.wpcf7-submit&#8217;).on(&#8216;click&#8217;, function( event ) {||   jQuery(&#8216;body&#8217;).find(&#8216;.processing&#8217;).removeClass(&#8216;aw-no-spinner&#8217;);||});&#8221; sticky_enabled=&#8221;0&#8243;][\/dsm_contact_form_7][\/et_pb_column][\/et_pb_row][\/et_pb_section]<\/p>","protected":false},"excerpt":{"rendered":"<p>STAF FELINO. Assist\u00eancia t\u00e9cnica especializada para manter o seu neg\u00f3cio em movimento.<\/p>","protected":false},"author":5,"featured_media":34734,"parent":0,"menu_order":0,"comment_status":"closed","ping_status":"closed","template":"","meta":{"_et_pb_use_builder":"on","_et_pb_old_content":"STAF","_et_gb_content_width":"","footnotes":""},"class_list":["post-32277","page","type-page","status-publish","has-post-thumbnail","hentry"],"_links":{"self":[{"href":"https:\/\/felino.pt\/de\/wp-json\/wp\/v2\/pages\/32277","targetHints":{"allow":["GET"]}}],"collection":[{"href":"https:\/\/felino.pt\/de\/wp-json\/wp\/v2\/pages"}],"about":[{"href":"https:\/\/felino.pt\/de\/wp-json\/wp\/v2\/types\/page"}],"author":[{"embeddable":true,"href":"https:\/\/felino.pt\/de\/wp-json\/wp\/v2\/users\/5"}],"replies":[{"embeddable":true,"href":"https:\/\/felino.pt\/de\/wp-json\/wp\/v2\/comments?post=32277"}],"version-history":[{"count":3,"href":"https:\/\/felino.pt\/de\/wp-json\/wp\/v2\/pages\/32277\/revisions"}],"predecessor-version":[{"id":37708,"href":"https:\/\/felino.pt\/de\/wp-json\/wp\/v2\/pages\/32277\/revisions\/37708"}],"wp:featuredmedia":[{"embeddable":true,"href":"https:\/\/felino.pt\/de\/wp-json\/wp\/v2\/media\/34734"}],"wp:attachment":[{"href":"https:\/\/felino.pt\/de\/wp-json\/wp\/v2\/media?parent=32277"}],"curies":[{"name":"wp","href":"https:\/\/api.w.org\/{rel}","templated":true}]}}