{"id":34177,"date":"2023-09-30T17:55:57","date_gmt":"2023-09-30T16:55:57","guid":{"rendered":"https:\/\/felino.4mcomunicacao.com.br\/?page_id=34177"},"modified":"2024-04-22T16:38:06","modified_gmt":"2024-04-22T15:38:06","slug":"historia","status":"publish","type":"page","link":"https:\/\/felino.pt\/de\/historia\/","title":{"rendered":"Geschichte"},"content":{"rendered":"<p>[et_pb_section fb_built=&#8221;1&#8243; admin_label=&#8221;historia&#8221; module_id=&#8221;historia&#8221; _builder_version=&#8221;4.23.4&#8243; _module_preset=&#8221;default&#8221; background_image=&#8221;https:\/\/felino.pt\/wp-content\/uploads\/2023\/08\/slide1.jpg&#8221; min_height=&#8221;500px&#8221; min_height_tablet=&#8221;&#8221; min_height_phone=&#8221;&#8221; min_height_last_edited=&#8221;on|tablet&#8221; background_last_edited=&#8221;on|phone&#8221; background_size_tablet=&#8221;cover&#8221; background_position_tablet=&#8221;top_left&#8221; background_position_phone=&#8221;top_left&#8221; background_vertical_offset_tablet=&#8221;56%&#8221; locked=&#8221;off&#8221; global_colors_info=&#8221;{}&#8221;][\/et_pb_section][et_pb_section fb_built=&#8221;1&#8243; admin_label=&#8221;section&#8221; _builder_version=&#8221;4.16&#8243; locked=&#8221;off&#8221; global_colors_info=&#8221;{}&#8221;][et_pb_row use_custom_gutter=&#8221;on&#8221; gutter_width=&#8221;2&#8243; admin_label=&#8221;row&#8221; _builder_version=&#8221;4.22.1&#8243; background_size=&#8221;initial&#8221; background_position=&#8221;top_left&#8221; background_repeat=&#8221;repeat&#8221; global_colors_info=&#8221;{}&#8221;][et_pb_column type=&#8221;4_4&#8243; _builder_version=&#8221;4.16&#8243; custom_padding=&#8221;|||&#8221; global_colors_info=&#8221;{}&#8221; custom_padding__hover=&#8221;|||&#8221;][et_pb_text _builder_version=&#8221;4.24.0&#8243; _module_preset=&#8221;default&#8221; text_font_size=&#8221;13px&#8221; text_line_height=&#8221;1.9em&#8221; header_2_font=&#8221;|600|||||||&#8221; header_2_line_height=&#8221;1.4em&#8221; header_3_font=&#8221;spartan semibold|600|||||||&#8221; header_3_font_size=&#8221;20px&#8221; header_3_line_height=&#8221;1.4em&#8221; custom_padding=&#8221;||20px||false|false&#8221; locked=&#8221;off&#8221; global_colors_info=&#8221;{}&#8221;]<\/p>\n<h2 style=\"text-align: center;\"><strong>Institucional FELINO<\/strong><strong><\/strong><\/h2>\n<h3 style=\"text-align: center;\">Inova\u00e7\u00e3o, tecnologia e excel\u00eancia em servi\u00e7o.<\/h3>\n<p>[\/et_pb_text][et_pb_text _builder_version=&#8221;4.24.0&#8243; _module_preset=&#8221;default&#8221; text_line_height=&#8221;1.8em&#8221; global_colors_info=&#8221;{}&#8221;]<\/p>\n<p><strong>Fundada em 1936, a FELINO \u00e9 uma das mais antigas e respeitadas empresas da Pen\u00ednsula Ib\u00e9rica, que se destaca na fundi\u00e7\u00e3o de ferro, maquina\u00e7\u00e3o de pe\u00e7as t\u00e9cnicas e produ\u00e7\u00e3o de m\u00e1quinas de padaria e pastelaria para o setor da alimenta\u00e7\u00e3o.<\/strong><\/p>\n<p>Com uma sede em Valongo, Portugal, a FELINO tem mais de 88 anos de experi\u00eancia no fornecimento de m\u00e1quinas e instala\u00e7\u00f5es completas para padarias e pastelarias, bem como na presta\u00e7\u00e3o de servi\u00e7os de subcontrata\u00e7\u00e3o no setor metal\u00fargico e metalomec\u00e2nico.<\/p>\n<p>[\/et_pb_text][\/et_pb_column][\/et_pb_row][\/et_pb_section][et_pb_section fb_built=&#8221;1&#8243; _builder_version=&#8221;4.22.2&#8243; _module_preset=&#8221;default&#8221; custom_margin=&#8221;|0px||0px|true|true&#8221; custom_padding=&#8221;0px|0px|0px|0px|true|true&#8221; global_colors_info=&#8221;{}&#8221;][et_pb_row _builder_version=&#8221;4.22.1&#8243; _module_preset=&#8221;default&#8221; width=&#8221;100%&#8221; max_width=&#8221;100%&#8221; custom_margin=&#8221;0px|auto|0px|auto|false|false&#8221; custom_padding=&#8221;0px||0px||false|false&#8221; global_colors_info=&#8221;{}&#8221;][et_pb_column type=&#8221;4_4&#8243; _builder_version=&#8221;4.22.1&#8243; _module_preset=&#8221;default&#8221; global_colors_info=&#8221;{}&#8221;][dsm_card_carousel slide_to_show=&#8221;5&#8243; autoplay=&#8221;off&#8221; space_between=&#8221;0&#8243; auto_height=&#8221;off&#8221; use_arrow_custom_position=&#8221;on&#8221; arrow_custom_position=&#8221;20px&#8221; arrow_size=&#8221;25px&#8221; arrow_color=&#8221;#3A3A3A&#8221; arrow_background_color=&#8221;#EF8D23&#8243; dots_horizontal_placement=&#8221;0px&#8221; stretch_image=&#8221;off&#8221; _builder_version=&#8221;4.24.0&#8243; _module_preset=&#8221;default&#8221; header_font_size=&#8221;25px&#8221; body_font_size=&#8221;13px&#8221; body_line_height=&#8221;1.5em&#8221; custom_margin=&#8221;||9px||false|false&#8221; box_shadow_style_arrow=&#8221;preset3&#8243; global_colors_info=&#8221;{}&#8221;][dsm_card_carousel_child title=&#8221;1936&#8243; image=&#8221;https:\/\/felino.pt\/wp-content\/uploads\/2023\/08\/cronograma1.jpg&#8221; button_url_new_window=&#8221;1&#8243; _builder_version=&#8221;4.23.1&#8243; _module_preset=&#8221;default&#8221; global_colors_info=&#8221;{}&#8221; parent_button=&#8221;off&#8221; parent_header_level=&#8221;h4&#8243; parent_stretch_image=&#8221;off&#8221;]<\/p>\n<p><span>Foi autorizado pelo Minist\u00e9rio do Com\u00e9rcio e Ind\u00fastria o pedido de alvar\u00e1 para explora\u00e7\u00e3o de uma fundi\u00e7\u00e3o e serralharia. A execu\u00e7\u00e3o de pe\u00e7as simples partindo de chapas e perf\u00eds met\u00e1licos constitu\u00edram o in\u00edcio da actividade da empresa sob a designa\u00e7\u00e3o social Ferreira Lino &amp; Irm\u00e3o<\/span><\/p>\n<p>[\/dsm_card_carousel_child][dsm_card_carousel_child title=&#8221;1966&#8243; image=&#8221;https:\/\/felino.pt\/wp-content\/uploads\/2023\/08\/cronograma_apliacao.jpg&#8221; button_url_new_window=&#8221;1&#8243; _builder_version=&#8221;4.22.1&#8243; _module_preset=&#8221;default&#8221; global_colors_info=&#8221;{}&#8221; parent_button=&#8221;off&#8221; parent_header_level=&#8221;h4&#8243; parent_stretch_image=&#8221;off&#8221;]Amplia\u00e7\u00e3o da fundi\u00e7\u00e3o de Ferro[\/dsm_card_carousel_child][dsm_card_carousel_child title=&#8221;1972&#8243; image=&#8221;https:\/\/felino.pt\/wp-content\/uploads\/2023\/08\/1972.jpg&#8221; button_url_new_window=&#8221;1&#8243; _builder_version=&#8221;4.22.1&#8243; _module_preset=&#8221;default&#8221; global_colors_info=&#8221;{}&#8221; parent_button=&#8221;off&#8221; parent_header_level=&#8221;h4&#8243; parent_stretch_image=&#8221;off&#8221;]Foi criada uma nova unidade de ra\u00edz para as constru\u00e7\u00f5es mec\u00e2nicas (naves 1 e 2)[\/dsm_card_carousel_child][dsm_card_carousel_child title=&#8221;1981&#8243; image=&#8221;https:\/\/felino.pt\/wp-content\/uploads\/2023\/08\/cronograma4.jpg&#8221; button_url_new_window=&#8221;1&#8243; _builder_version=&#8221;4.22.1&#8243; _module_preset=&#8221;default&#8221; global_colors_info=&#8221;{}&#8221; parent_button=&#8221;off&#8221; parent_header_level=&#8221;h4&#8243; parent_stretch_image=&#8221;off&#8221;]Constru\u00e7\u00e3o da Fundi\u00e7\u00e3o de Alum\u00ednio[\/dsm_card_carousel_child][dsm_card_carousel_child title=&#8221;1994&#8243; image=&#8221;https:\/\/felino.pt\/wp-content\/uploads\/2023\/08\/cronograma2.jpg&#8221; button_url_new_window=&#8221;1&#8243; _builder_version=&#8221;4.22.1&#8243; _module_preset=&#8221;default&#8221; global_colors_info=&#8221;{}&#8221; parent_button=&#8221;off&#8221; parent_header_level=&#8221;h4&#8243; parent_stretch_image=&#8221;off&#8221;]Inaugurada uma nova fundi\u00e7\u00e3o de ferro na zona industrial de Sobrado[\/dsm_card_carousel_child][dsm_card_carousel_child title=&#8221;1996&#8243; image=&#8221;https:\/\/felino.pt\/wp-content\/uploads\/2023\/08\/cronograma6.jpg&#8221; button_url_new_window=&#8221;1&#8243; _builder_version=&#8221;4.22.1&#8243; _module_preset=&#8221;default&#8221; global_colors_info=&#8221;{}&#8221; parent_button=&#8221;off&#8221; parent_header_level=&#8221;h4&#8243; parent_stretch_image=&#8221;off&#8221;]Certifica\u00e7\u00e3o da Qualidade da fundi\u00e7\u00e3o de ferro[\/dsm_card_carousel_child][dsm_card_carousel_child title=&#8221;2011&#8243; image=&#8221;https:\/\/felino.pt\/wp-content\/uploads\/2023\/08\/cronograma7.jpg&#8221; button_url_new_window=&#8221;1&#8243; _builder_version=&#8221;4.22.1&#8243; _module_preset=&#8221;default&#8221; global_colors_info=&#8221;{}&#8221; parent_button=&#8221;off&#8221; parent_header_level=&#8221;h4&#8243; parent_stretch_image=&#8221;off&#8221;]Alargamento da certifica\u00e7\u00e3o do Sistema de Gest\u00e3o da Qualidade \u00e0 totalidade das actividades da empresa[\/dsm_card_carousel_child][dsm_card_carousel_child title=&#8221;2011&#8243; image=&#8221;https:\/\/felino.pt\/wp-content\/uploads\/2023\/08\/75anos.jpg&#8221; button_url_new_window=&#8221;1&#8243; _builder_version=&#8221;4.22.1&#8243; _module_preset=&#8221;default&#8221; global_colors_info=&#8221;{}&#8221; parent_button=&#8221;off&#8221; parent_header_level=&#8221;h4&#8243; parent_stretch_image=&#8221;off&#8221;]Comemora\u00e7\u00e3o dos 75 anos da FELINO[\/dsm_card_carousel_child][dsm_card_carousel_child title=&#8221;2014&#8243; image=&#8221;https:\/\/felino.pt\/wp-content\/uploads\/2023\/08\/20anos.jpg&#8221; button_url_new_window=&#8221;1&#8243; _builder_version=&#8221;4.22.1&#8243; _module_preset=&#8221;default&#8221; global_colors_info=&#8221;{}&#8221; parent_button=&#8221;off&#8221; parent_header_level=&#8221;h4&#8243; parent_stretch_image=&#8221;off&#8221;]Comemora\u00e7\u00e3o dos 20 anos das instala\u00e7\u00f5es da fundi\u00e7\u00e3o de ferro (Sobrado)[\/dsm_card_carousel_child][dsm_card_carousel_child title=&#8221;2016&#8243; image=&#8221;https:\/\/felino.pt\/wp-content\/uploads\/2023\/08\/80anos.jpg&#8221; button_url_new_window=&#8221;1&#8243; _builder_version=&#8221;4.22.1&#8243; _module_preset=&#8221;default&#8221; global_colors_info=&#8221;{}&#8221; parent_button=&#8221;off&#8221; parent_header_level=&#8221;h4&#8243; parent_stretch_image=&#8221;off&#8221;]Comemora\u00e7\u00e3o dos 80 anos da FELINO[\/dsm_card_carousel_child][dsm_card_carousel_child title=&#8221;2020&#8243; image=&#8221;https:\/\/felino.pt\/wp-content\/uploads\/2023\/08\/marcaecofab.jpg&#8221; button_url_new_window=&#8221;1&#8243; _builder_version=&#8221;4.22.1&#8243; _module_preset=&#8221;default&#8221; global_colors_info=&#8221;{}&#8221; parent_button=&#8221;off&#8221; parent_header_level=&#8221;h4&#8243; parent_stretch_image=&#8221;off&#8221;]Lan\u00e7amento de produtos da marca FAB[\/dsm_card_carousel_child][dsm_card_carousel_child title=&#8221;2021&#8243; image=&#8221;https:\/\/felino.pt\/wp-content\/uploads\/2023\/08\/85anos.jpg&#8221; button_url_new_window=&#8221;1&#8243; _builder_version=&#8221;4.22.1&#8243; _module_preset=&#8221;default&#8221; global_colors_info=&#8221;{}&#8221; parent_button=&#8221;off&#8221; parent_header_level=&#8221;h4&#8243; parent_stretch_image=&#8221;off&#8221;]Comemora\u00e7\u00e3o dos 85 anos da FELINO[\/dsm_card_carousel_child][dsm_card_carousel_child title=&#8221;2021&#8243; image=&#8221;https:\/\/felino.pt\/wp-content\/uploads\/2023\/08\/felino-sul-02.jpg&#8221; button_url_new_window=&#8221;1&#8243; _builder_version=&#8221;4.22.1&#8243; _module_preset=&#8221;default&#8221; global_colors_info=&#8221;{}&#8221; parent_button=&#8221;off&#8221; parent_header_level=&#8221;h4&#8243; parent_stretch_image=&#8221;off&#8221;]Abertura da delega\u00e7\u00e3o da FELINO Sul[\/dsm_card_carousel_child][dsm_card_carousel_child title=&#8221;2023&#8243; image=&#8221;https:\/\/felino.pt\/wp-content\/uploads\/2023\/12\/RMi.png&#8221; button_url_new_window=&#8221;1&#8243; _builder_version=&#8221;4.24.0&#8243; _module_preset=&#8221;default&#8221; global_colors_info=&#8221;{}&#8221; parent_button=&#8221;off&#8221; parent_header_level=&#8221;h4&#8243; parent_stretch_image=&#8221;off&#8221;]<\/p>\n<p><span>Lan\u00e7amento da 1\u00aa Amassadeira Espiral no Mundo em a\u00e7o inoxid\u00e1vel vazado.<\/span><\/p>\n<p>[\/dsm_card_carousel_child][\/dsm_card_carousel][\/et_pb_column][\/et_pb_row][\/et_pb_section][et_pb_section fb_built=&#8221;1&#8243; admin_label=&#8221;section&#8221; _builder_version=&#8221;4.16&#8243; locked=&#8221;off&#8221; global_colors_info=&#8221;{}&#8221;][et_pb_row use_custom_gutter=&#8221;on&#8221; gutter_width=&#8221;2&#8243; admin_label=&#8221;row&#8221; _builder_version=&#8221;4.22.1&#8243; background_size=&#8221;initial&#8221; background_position=&#8221;top_left&#8221; background_repeat=&#8221;repeat&#8221; global_colors_info=&#8221;{}&#8221;][et_pb_column type=&#8221;4_4&#8243; _builder_version=&#8221;4.16&#8243; custom_padding=&#8221;|||&#8221; global_colors_info=&#8221;{}&#8221; custom_padding__hover=&#8221;|||&#8221;][et_pb_text _builder_version=&#8221;4.25.0&#8243; _module_preset=&#8221;default&#8221; text_line_height=&#8221;1.8em&#8221; header_2_font=&#8221;spartan semibold|600|||||||&#8221; header_2_font_size=&#8221;22px&#8221; header_2_line_height=&#8221;1.7em&#8221; header_3_font_size=&#8221;19px&#8221; header_3_line_height=&#8221;1.7em&#8221; hover_enabled=&#8221;0&#8243; header_2_line_height_tablet=&#8221;1.7em&#8221; header_2_line_height_phone=&#8221;1.2em&#8221; header_2_line_height_last_edited=&#8221;on|phone&#8221; locked=&#8221;off&#8221; global_colors_info=&#8221;{}&#8221; sticky_enabled=&#8221;0&#8243;]<\/p>\n<h2>Origens e Crescimento<\/h2>\n<p>A hist\u00f3ria da FELINO come\u00e7ou com os irm\u00e3os Laurindo e Jos\u00e9 Maria Ferreira Lino, que perceberam uma oportunidade \u00fanica de neg\u00f3cio quando um dos irm\u00e3os, propriet\u00e1rio de uma padaria, enfrentou dificuldades para encontrar m\u00e3o de obra qualificada. Com a ideia de fabricar m\u00e1quinas para a ind\u00fastria de panifica\u00e7\u00e3o, a empresa iniciou suas atividades como &#8220;Ferreira Lino &amp; Irm\u00e3o&#8221; e evoluiu de uma pequena fundi\u00e7\u00e3o para uma fabricante de m\u00e1quinas com presen\u00e7a em todo o mercado nacional.<\/p>\n<p>&nbsp;<\/p>\n<h2>Expans\u00e3o e Internacionaliza\u00e7\u00e3o<\/h2>\n<p>Nos anos 80, a FELINO expandiu suas opera\u00e7\u00f5es, tendo constru\u00eddo uma nova unidade para a montagem e acabamento de m\u00e1quinas de panifica\u00e7\u00e3o e pastelaria. A empresa tamb\u00e9m ampliou sua fundi\u00e7\u00e3o e iniciou o processo de internacionaliza\u00e7\u00e3o. Com a necessidade de criar uma marca para os mercados internacionais, surgiu o nome &#8220;Felino&#8221;, uma fus\u00e3o de &#8220;Ferreira&#8221; e &#8220;Lino&#8221;, com um log\u00f3tipo que representa a agilidade e robustez dos produtos.<\/p>\n<p>Hoje, a FELINO conta com mais de 100 funcion\u00e1rios divididos em duas unidades industriais: em Ermesinde, numa \u00e1rea de 15.000m2 onde se desenvolvem os processos de maquina\u00e7\u00e3o; e em. Sobrado, unidade inaugurada em 1994 com 30.000m2 que recebe toda a opera\u00e7\u00e3o de fundi\u00e7\u00e3o, que em conjunto produzem para mais de 40 pa\u00edses, onde exporta pe\u00e7as t\u00e9cnicas, principalmente para pa\u00edses da Uni\u00e3o Europeia, Su\u00ed\u00e7a e Noruega. No mercado de m\u00e1quinas de panifica\u00e7\u00e3o e pastelaria, a FELINO mant\u00e9m uma forte presen\u00e7a em toda a Europa e tamb\u00e9m nos mercados americano, africano e asi\u00e1tico, onde fornece uma variedade de equipamentos para o setor da alimenta\u00e7\u00e3o, como amassadeiras, batedeiras, laminadores entre outras solu\u00e7\u00f5es para equipar qualquer unidade de produ\u00e7\u00e3o.<\/p>\n<p>&nbsp;<\/p>\n<h2>ECOFAB: Design e Inova\u00e7\u00e3o<\/h2>\n<p><span>Em 2020 nasce a <\/span><span style=\"text-decoration: underline;\"><strong><a href=\"https:\/\/ecofab.pt\" title=\"ECOFAB\" target=\"_blank\" rel=\"noopener\">ECOFAB<\/a><\/strong><\/span><span> com o prop\u00f3sito de incorporar o conhecimento e experi\u00eancia da actividade industrial num mercado notoriamente dom\u00e9stico, para desenvolver solu\u00e7\u00f5es de aquecimento constru\u00eddas em ferro fundido. Desde o processo produtivo que engloba todas as fases desde a concep\u00e7\u00e3o e design at\u00e9 ao produto final, a FELINO produz para a ECOFAB salamandras a pellets e lareiras de exterior de alta qualidade e com excelente desempenho.<\/span><\/p>\n<p>&nbsp;<\/p>\n<h2>Duas \u00c1reas de Atua\u00e7\u00e3o<\/h2>\n<p>Uma caracter\u00edstica \u00fanica da FELINO \u00e9 a capacidade de equilibrar dois neg\u00f3cios distintos. Enquanto uma \u00e1rea de neg\u00f3cios da empresa fornece m\u00e1quinas e equipamentos para uso em padarias e pastelarias, a outra \u00e1rea dedica-se \u00e0 fundi\u00e7\u00e3o e maquina\u00e7\u00e3o de pe\u00e7as t\u00e9cnicas para diversos fabricantes e segmentos de mercado.<\/p>\n<p>&nbsp;<\/p>\n<h2>Compromisso com a Inova\u00e7\u00e3o e a Sustentabilidade<\/h2>\n<p>&#8220;A inovar para liderar&#8221; &#8211; Este lema reflecte a nossa incessante busca pela inova\u00e7\u00e3o e lideran\u00e7a no nosso sector, guiando-nos na nossa miss\u00e3o de proporcionar solu\u00e7\u00f5es excepcionais aos nossos clientes e de contribuir para um mundo melhor.<\/p>\n<p>Ao longo da nossa hist\u00f3ria, a FELINO tem sido reconhecida por conceber m\u00e1quinas de qualidade, prestar servi\u00e7os de excel\u00eancia a custos competitivos e com respeito ao meio ambiente. Com o prop\u00f3sito de continuar a ser uma refer\u00eancia nos setores onde atuamos, assumimos um compromisso de excel\u00eancia da nossa produ\u00e7\u00e3o e no desenvolvimento de inova\u00e7\u00f5es tecnol\u00f3gicas que nos permitam oferecer as melhores solu\u00e7\u00f5es para os nossos clientes.<\/p>\n<p><strong>Na FELINO acreditamos que a experi\u00eancia e dedica\u00e7\u00e3o aos princ\u00edpios de qualidade, inova\u00e7\u00e3o e sustentabilidade s\u00e3o as bases que nos posicionam para um futuro de sucesso, onde continuaremos a ser um parceiro confi\u00e1vel para os nossos clientes em Portugal e al\u00e9m-fronteiras.<\/strong><\/p>\n<p>Estamos entusiasmados em ajud\u00e1-lo a dar vida aos seus projetos com a nossa extensa gama de produtos e servi\u00e7os. Explore a nosso site e descubra como o podemos ajudar com o seu projeto.<\/p>\n<p>[\/et_pb_text][\/et_pb_column][\/et_pb_row][\/et_pb_section]<\/p>","protected":false},"excerpt":{"rendered":"<p>Institucional FELINO Inova\u00e7\u00e3o, tecnologia e excel\u00eancia em servi\u00e7o.Fundada em 1936, a FELINO \u00e9 uma das mais antigas e respeitadas empresas da Pen\u00ednsula Ib\u00e9rica, que se destaca na fundi\u00e7\u00e3o de ferro, maquina\u00e7\u00e3o de pe\u00e7as t\u00e9cnicas e produ\u00e7\u00e3o de m\u00e1quinas de padaria e pastelaria para o setor da alimenta\u00e7\u00e3o. Com uma sede em Valongo, Portugal, a FELINO tem mais de 88 anos de experi\u00eancia no fornecimento de m\u00e1quinas e instala\u00e7\u00f5es completas para padarias e pastelarias, bem como na presta\u00e7\u00e3o de servi\u00e7os de subcontrata\u00e7\u00e3o no setor metal\u00fargico e metalomec\u00e2nico.<div class=\"et_pb_module dsm_card_carousel dsm_card_carousel_0 dsm_card_carousel_layout_stacked\">\n\t\t\t\t\n\t\t\t\t\n\t\t\t\t\n\t\t\t\t\n\t\t\t\t\n\t\t\t\t\n\t\t\t\t<div class=\"et_pb_module_inner\">\n\t\t\t\t\t\n\t\t\t\n\t\t\t<div class=\"swiper-container dsm_card_carousel_wrapper\" dir=\"ltr\" data-params=\"[{&quot;direction&quot;:&quot;horizontal&quot;,&quot;effect&quot;:&quot;default&quot;,&quot;slider_effect_shadows&quot;:false,&quot;slider_effect_coverflow_rotate&quot;:&quot;30&quot;,&quot;slider_effect_coverflow_depth&quot;:&quot;0&quot;,&quot;loop&quot;:true,&quot;infinite_smooth_scrolling&quot;:false,&quot;slide_to_show&quot;:&quot;5&quot;,&quot;slide_to_show_tablet&quot;:&quot;1&quot;,&quot;slide_to_show_phone&quot;:&quot;1&quot;,&quot;slide_to_scroll&quot;:&quot;1&quot;,&quot;slide_to_scroll_tablet&quot;:&quot;1&quot;,&quot;slide_to_scroll_phone&quot;:&quot;1&quot;,&quot;space_between&quot;:&quot;0&quot;,&quot;space_between_tablet&quot;:&quot;0&quot;,&quot;space_between_phone&quot;:&quot;0&quot;,&quot;centered_slides&quot;:false,&quot;multiple_slide_row&quot;:&quot;off&quot;,&quot;slide_row&quot;:&quot;1&quot;,&quot;slide_row_tablet&quot;:&quot;1&quot;,&quot;slide_row_phone&quot;:&quot;1&quot;,&quot;speed&quot;:&quot;300&quot;,&quot;autoplay&quot;:false,&quot;autoplay_speed&quot;:&quot;3000&quot;,&quot;autoplay_viewport&quot;:&quot;&quot;,&quot;touch_move&quot;:true,&quot;grab&quot;:true,&quot;pause_on_hover&quot;:false,&quot;mousewheel&quot;:false,&quot;auto_height&quot;:false,&quot;equal_height&quot;:false,&quot;equal_height_tablet&quot;:true,&quot;equal_height_phone&quot;:true}]\">\n\t\t\t<div class=\"swiper-wrapper\"><\/div>\n\t\t\t<\/div><div class=\"swiper-button-prev dsm_card_carousel_arrow\" data-icon=\"4\"><\/div><div class=\"swiper-button-next dsm_card_carousel_arrow\" data-icon=\"5\"><\/div><div class=\"swiper-pagination dsm_card_carousel_pagination\"><\/div>\n\t\t\t\t<\/div>\n\t\t\t<\/div><div class=\"dsm_card_carousel_child dsm_card_carousel_child_0 swiper-slide\">\n\t\t\t\t\n\t\t\t\t\n\t\t\t\t\n\t\t\t\t\n\t\t\t\t\n\t\t\t\t\n\t\t\t\t<div class=\"et_pb_module_inner\">\n\t\t\t\t\t\n\t\t\t\n\t\t\t<figure class=\"dsm_card_carousel_child_image_wrapper dsm_card_carousel_child_badge_top_right\"><div class=\"dsm_card_carousel_child_image_background dsm_card_carousel_child_img\"><\/div><\/figure>\n\t\t\t<div class=\"dsm_card_wrapper et_pb_text_align_left et_pb_bg_layout_light\">\n\t\t\t\t\t<h4 class=\"dsm_card_title et_pb_module_header\">1936<\/h4>\n\t\t\t\t\t\n\t\t\t\t\t<div class=\"dsm_card_carousel_child_description\">Foi autorizado pelo Minist\u00e9rio do Com\u00e9rcio e Ind\u00fastria o pedido de alvar\u00e1 para explora\u00e7\u00e3o de uma fundi\u00e7\u00e3o e serralharia. A execu\u00e7\u00e3o de pe\u00e7as simples partindo de chapas e perf\u00eds met\u00e1licos constitu\u00edram o in\u00edcio da actividade da empresa sob a designa\u00e7\u00e3o social Ferreira Lino &amp; Irm\u00e3o<\/div>\n\t\t\t\t\t\n\t\t\t\t<\/div>\n\t\t\t\t<\/div>\n\t\t\t<\/div><div class=\"dsm_card_carousel_child dsm_card_carousel_child_1 swiper-slide\">\n\t\t\t\t\n\t\t\t\t\n\t\t\t\t\n\t\t\t\t\n\t\t\t\t\n\t\t\t\t\n\t\t\t\t<div class=\"et_pb_module_inner\">\n\t\t\t\t\t\n\t\t\t\n\t\t\t<figure class=\"dsm_card_carousel_child_image_wrapper dsm_card_carousel_child_badge_top_right\"><div class=\"dsm_card_carousel_child_image_background dsm_card_carousel_child_img\"><\/div><\/figure>\n\t\t\t<div class=\"dsm_card_wrapper et_pb_text_align_left et_pb_bg_layout_light\">\n\t\t\t\t\t<h4 class=\"dsm_card_title et_pb_module_header\">1966<\/h4>\n\t\t\t\t\t\n\t\t\t\t\t<div class=\"dsm_card_carousel_child_description\">Amplia\u00e7\u00e3o da fundi\u00e7\u00e3o de Ferro<\/div>\n\t\t\t\t\t\n\t\t\t\t<\/div>\n\t\t\t\t<\/div>\n\t\t\t<\/div><div class=\"dsm_card_carousel_child dsm_card_carousel_child_2 swiper-slide\">\n\t\t\t\t\n\t\t\t\t\n\t\t\t\t\n\t\t\t\t\n\t\t\t\t\n\t\t\t\t\n\t\t\t\t<div class=\"et_pb_module_inner\">\n\t\t\t\t\t\n\t\t\t\n\t\t\t<figure class=\"dsm_card_carousel_child_image_wrapper dsm_card_carousel_child_badge_top_right\"><div class=\"dsm_card_carousel_child_image_background dsm_card_carousel_child_img\"><\/div><\/figure>\n\t\t\t<div class=\"dsm_card_wrapper et_pb_text_align_left et_pb_bg_layout_light\">\n\t\t\t\t\t<h4 class=\"dsm_card_title et_pb_module_header\">1972<\/h4>\n\t\t\t\t\t\n\t\t\t\t\t<div class=\"dsm_card_carousel_child_description\">Foi criada uma nova unidade de ra\u00edz para as constru\u00e7\u00f5es mec\u00e2nicas (naves 1 e 2)<\/div>\n\t\t\t\t\t\n\t\t\t\t<\/div>\n\t\t\t\t<\/div>\n\t\t\t<\/div><div class=\"dsm_card_carousel_child dsm_card_carousel_child_3 swiper-slide\">\n\t\t\t\t\n\t\t\t\t\n\t\t\t\t\n\t\t\t\t\n\t\t\t\t\n\t\t\t\t\n\t\t\t\t<div class=\"et_pb_module_inner\">\n\t\t\t\t\t\n\t\t\t\n\t\t\t<figure class=\"dsm_card_carousel_child_image_wrapper dsm_card_carousel_child_badge_top_right\"><div class=\"dsm_card_carousel_child_image_background dsm_card_carousel_child_img\"><\/div><\/figure>\n\t\t\t<div class=\"dsm_card_wrapper et_pb_text_align_left et_pb_bg_layout_light\">\n\t\t\t\t\t<h4 class=\"dsm_card_title et_pb_module_header\">&#8221;1981&#8243;<\/h4>\n\t\t\t\t\t\n\t\t\t\t\t\n\t\t\t\t\t\n\t\t\t\t<\/div>\n\t\t\t\t<\/div>\n\t\t\t<\/div><\/p>","protected":false},"author":5,"featured_media":0,"parent":0,"menu_order":0,"comment_status":"closed","ping_status":"closed","template":"","meta":{"_et_pb_use_builder":"on","_et_pb_old_content":"","_et_gb_content_width":"","footnotes":""},"class_list":["post-34177","page","type-page","status-publish","hentry"],"_links":{"self":[{"href":"https:\/\/felino.pt\/de\/wp-json\/wp\/v2\/pages\/34177","targetHints":{"allow":["GET"]}}],"collection":[{"href":"https:\/\/felino.pt\/de\/wp-json\/wp\/v2\/pages"}],"about":[{"href":"https:\/\/felino.pt\/de\/wp-json\/wp\/v2\/types\/page"}],"author":[{"embeddable":true,"href":"https:\/\/felino.pt\/de\/wp-json\/wp\/v2\/users\/5"}],"replies":[{"embeddable":true,"href":"https:\/\/felino.pt\/de\/wp-json\/wp\/v2\/comments?post=34177"}],"version-history":[{"count":2,"href":"https:\/\/felino.pt\/de\/wp-json\/wp\/v2\/pages\/34177\/revisions"}],"predecessor-version":[{"id":36786,"href":"https:\/\/felino.pt\/de\/wp-json\/wp\/v2\/pages\/34177\/revisions\/36786"}],"wp:attachment":[{"href":"https:\/\/felino.pt\/de\/wp-json\/wp\/v2\/media?parent=34177"}],"curies":[{"name":"wp","href":"https:\/\/api.w.org\/{rel}","templated":true}]}}