{"id":34187,"date":"2023-09-30T17:59:33","date_gmt":"2023-09-30T16:59:33","guid":{"rendered":"https:\/\/felino.4mcomunicacao.com.br\/?page_id=34187"},"modified":"2024-04-20T13:10:35","modified_gmt":"2024-04-20T12:10:35","slug":"nachhaltigkeit","status":"publish","type":"page","link":"https:\/\/felino.pt\/de\/nachhaltigkeit\/","title":{"rendered":"Nachhaltigkeit"},"content":{"rendered":"<p>[et_pb_section fb_built=&#8221;1&#8243; admin_label=&#8221;historia&#8221; module_id=&#8221;sustentabilidade&#8221; _builder_version=&#8221;4.22.2&#8243; _module_preset=&#8221;default&#8221; background_image=&#8221;https:\/\/felino.pt\/wp-content\/uploads\/2023\/09\/sustentabilidade.jpg&#8221; min_height=&#8221;400px&#8221; custom_margin=&#8221;||||false|false&#8221; locked=&#8221;off&#8221; global_colors_info=&#8221;{}&#8221;][et_pb_row _builder_version=&#8221;4.22.1&#8243; _module_preset=&#8221;default&#8221; global_colors_info=&#8221;{}&#8221;][et_pb_column type=&#8221;4_4&#8243; _builder_version=&#8221;4.22.1&#8243; _module_preset=&#8221;default&#8221; global_colors_info=&#8221;{}&#8221;][dsm_block_reveal_text block_reveal_text=&#8221;Compromisso Ambiental&#8221; heading_html_tag=&#8221;h1&#8243; block_reveal_animation=&#8221;bt&#8221; _builder_version=&#8221;4.24.0&#8243; _module_preset=&#8221;default&#8221; header_font=&#8221;spartan bold|||on|||||&#8221; header_text_align=&#8221;center&#8221; header_text_color=&#8221;#FFFFFF&#8221; header_font_size=&#8221;32px&#8221; header_line_height=&#8221;1.5em&#8221; custom_margin=&#8221;80px||||false|false&#8221; header_line_height_tablet=&#8221;1.5em&#8221; header_line_height_phone=&#8221;1.2em&#8221; header_line_height_last_edited=&#8221;on|phone&#8221; header_text_shadow_style=&#8221;preset2&#8243; locked=&#8221;off&#8221; global_colors_info=&#8221;{}&#8221;][\/dsm_block_reveal_text][\/et_pb_column][\/et_pb_row][\/et_pb_section][et_pb_section fb_built=&#8221;1&#8243; admin_label=&#8221;section&#8221; _builder_version=&#8221;4.16&#8243; locked=&#8221;off&#8221; global_colors_info=&#8221;{}&#8221;][et_pb_row use_custom_gutter=&#8221;on&#8221; gutter_width=&#8221;2&#8243; admin_label=&#8221;row&#8221; _builder_version=&#8221;4.22.1&#8243; background_size=&#8221;initial&#8221; background_position=&#8221;top_left&#8221; background_repeat=&#8221;repeat&#8221; global_colors_info=&#8221;{}&#8221;][et_pb_column type=&#8221;4_4&#8243; _builder_version=&#8221;4.16&#8243; custom_padding=&#8221;|||&#8221; global_colors_info=&#8221;{}&#8221; custom_padding__hover=&#8221;|||&#8221;][et_pb_text _builder_version=&#8221;4.24.0&#8243; _module_preset=&#8221;default&#8221; text_font_size=&#8221;13px&#8221; text_line_height=&#8221;1.9em&#8221; header_2_font=&#8221;|600|||||||&#8221; header_2_font_size=&#8221;22px&#8221; header_2_line_height=&#8221;1.3em&#8221; header_3_font=&#8221;||||||||&#8221; header_3_font_size=&#8221;16px&#8221; header_3_line_height=&#8221;1.3em&#8221; locked=&#8221;off&#8221; global_colors_info=&#8221;{}&#8221;]<\/p>\n<h2>Nachhaltigkeit f\u00fcr eine gr\u00fcnere Zukunft<\/h2>\n<p>Gute Nachhaltigkeitspraktiken sollten nicht nur ein Merkmal von FELINO-Produkten sein, sondern ein Bekenntnis des Unternehmens zur \u00f6kologischen Verantwortung. Mit einer mehr als 88-j\u00e4hrigen Geschichte glauben wir, dass unsere strategische Vision ein langfristiges Engagement f\u00fcr Nachhaltigkeit beinhalten sollte, das nicht nur unserem Unternehmen, sondern auch der Welt, in der wir leben, zugute kommt.<\/p>\n<p>Eine der wichtigsten Initiativen, die unser Engagement f\u00fcr die Umwelt am besten repr\u00e4sentiert, ist das Recycling von Metallabf\u00e4llen. Dieser Prozess ist das R\u00fcckgrat unserer T\u00e4tigkeit. Allein im Jahr 2022 haben wir beeindruckende 1.138 Tonnen Metallschrott erworben. Was jedoch wirklich bemerkenswert ist, ist die Tatsache, dass jedes Gramm dieses Schrotts vollst\u00e4ndig in verwertbare G\u00fcter umgewandelt wurde. Wir verfolgen eine Null-Abfall-Philosophie und stellen sicher, dass jede Ressource so effizient wie m\u00f6glich genutzt wird, da wir uns der Abfallreduzierung und der Verringerung der Umweltbelastung verschrieben haben.<\/p>\n<p>&nbsp;<\/p>\n<h2>Langlebige technische Komponenten<\/h2>\n<h3>Ein Kontrapunkt zur programmierten Obsoleszenz<\/h3>\n<p>In einer Zeit, in der die Lebensdauer von Produkten oft verk\u00fcrzt wird, vertreten wir eine gegenteilige Philosophie und setzen auf Langlebigkeit als Grundpfeiler unserer Arbeit. Wir sind der Meinung, dass echte Qualit\u00e4t an der F\u00e4higkeit gemessen wird, die Zeit zu \u00fcberdauern und unseren Kunden \u00fcber Jahre hinweg zu dienen. Diese Philosophie ist nicht nur ein integraler Bestandteil unserer Geschichte, die sich \u00fcber mehr als acht Jahrzehnte erstreckt, sondern spiegelt auch unser Engagement f\u00fcr Spitzenleistungen und den Schutz der Umwelt wider.<\/p>\n<p>Die von FELINO hergestellten Ger\u00e4te und technischen Teile werden sorgf\u00e4ltig entworfen und f\u00fcr eine lange Lebensdauer gebaut. Das ist unsere Verpflichtung, der programmierten Obsoleszenz eine Absage zu erteilen und dazu beizutragen, eine Zukunft aufzubauen, in der Produkte zu Verm\u00e4chtnissen f\u00fcr k\u00fcnftige Generationen werden. Wir glauben, dass Langlebigkeit das wahre Ma\u00df f\u00fcr Qualit\u00e4t ist.<\/p>\n<p>&nbsp;<\/p>\n<h2>Energie-Effizienz<\/h2>\n<h3>Beitrag zur Reduzierung des Energieverbrauchs<\/h3>\n<p>Bei FELINO ist die Energieeffizienz ein zentraler Wert. Wir sind bestrebt, technologische Komponenten zu entwickeln, die \u00e4u\u00dferst energieeffizient sind. Dieser Ansatz f\u00fchrt zu einer deutlichen Reduzierung des Energieverbrauchs w\u00e4hrend des Betriebs. Indem wir die Energieverschwendung und die Treibhausgasemissionen minimieren, sch\u00fctzen wir nicht nur die Umwelt, sondern senken auch die Herstellungskosten. Dieses Engagement f\u00fcr Energieeffizienz zeugt von unserem Wunsch, sowohl f\u00fcr unsere Kunden als auch f\u00fcr unseren Planeten eine positive Kraft zu sein.<\/p>\n<p>&nbsp;<\/p>\n<h3>F\u00fcr eine ausgewogene und nachhaltige Zukunft<\/h3>\n<p>Unser Engagement f\u00fcr Nachhaltigkeit ist nicht nur eine langfristige Vision, sondern eine t\u00e4gliche Praxis, die in unserer Philosophie verwurzelt ist. Wir bei FELINO sind bestrebt, die Umweltauswirkungen der industriellen Produktion und unseren eigenen \u00f6kologischen Fu\u00dfabdruck st\u00e4ndig zu verringern. Dieses Engagement ist ein wesentlicher Bestandteil unserer Mission, w\u00e4hrend wir weiterhin qualitativ hochwertige und effiziente Produkte herstellen.<\/p>\n<p>Wir glauben, dass technologischer Fortschritt und Respekt f\u00fcr die Umwelt harmonisch koexistieren k\u00f6nnen. Unser Verm\u00e4chtnis, das im Jahr 1936 begann, leitet uns auch weiterhin bei der Suche nach nachhaltigen L\u00f6sungen. Wir blicken mit Entschlossenheit und Verantwortung in die Zukunft, um unsere Welt f\u00fcr k\u00fcnftige Generationen zu erhalten und zu verbessern.<\/p>\n<p>[\/et_pb_text][\/et_pb_column][\/et_pb_row][\/et_pb_section]<\/p>","protected":false},"excerpt":{"rendered":"<p>Erfahren Sie, wie FELINO zur Nachhaltigkeit des Sektors beitr\u00e4gt, indem es weitere 1.000 Tonnen Metallschrott in brauchbare G\u00fcter umwandelt.<\/p>","protected":false},"author":5,"featured_media":35366,"parent":0,"menu_order":0,"comment_status":"closed","ping_status":"closed","template":"","meta":{"_et_pb_use_builder":"on","_et_pb_old_content":"","_et_gb_content_width":"","footnotes":""},"class_list":["post-34187","page","type-page","status-publish","has-post-thumbnail","hentry"],"_links":{"self":[{"href":"https:\/\/felino.pt\/de\/wp-json\/wp\/v2\/pages\/34187","targetHints":{"allow":["GET"]}}],"collection":[{"href":"https:\/\/felino.pt\/de\/wp-json\/wp\/v2\/pages"}],"about":[{"href":"https:\/\/felino.pt\/de\/wp-json\/wp\/v2\/types\/page"}],"author":[{"embeddable":true,"href":"https:\/\/felino.pt\/de\/wp-json\/wp\/v2\/users\/5"}],"replies":[{"embeddable":true,"href":"https:\/\/felino.pt\/de\/wp-json\/wp\/v2\/comments?post=34187"}],"version-history":[{"count":2,"href":"https:\/\/felino.pt\/de\/wp-json\/wp\/v2\/pages\/34187\/revisions"}],"predecessor-version":[{"id":36764,"href":"https:\/\/felino.pt\/de\/wp-json\/wp\/v2\/pages\/34187\/revisions\/36764"}],"wp:featuredmedia":[{"embeddable":true,"href":"https:\/\/felino.pt\/de\/wp-json\/wp\/v2\/media\/35366"}],"wp:attachment":[{"href":"https:\/\/felino.pt\/de\/wp-json\/wp\/v2\/media?parent=34187"}],"curies":[{"name":"wp","href":"https:\/\/api.w.org\/{rel}","templated":true}]}}