{"id":34599,"date":"2023-10-11T23:14:42","date_gmt":"2023-10-11T22:14:42","guid":{"rendered":"https:\/\/felino.4mcomunicacao.com.br\/?page_id=34599"},"modified":"2024-04-04T17:08:55","modified_gmt":"2024-04-04T16:08:55","slug":"globale-unterstutzung","status":"publish","type":"page","link":"https:\/\/felino.pt\/de\/globale-unterstutzung\/","title":{"rendered":"Globale Unterst\u00fctzung"},"content":{"rendered":"<p>[et_pb_section fb_built=&#8221;1&#8243; admin_label=&#8221;Section&#8221; _builder_version=&#8221;4.22.2&#8243; background_image=&#8221;https:\/\/felino.pt\/wp-content\/uploads\/2023\/10\/banner_assistencia.jpg&#8221; min_height=&#8221;400px&#8221; global_colors_info=&#8221;{}&#8221;][et_pb_row _builder_version=&#8221;4.16&#8243; background_size=&#8221;initial&#8221; background_position=&#8221;top_left&#8221; background_repeat=&#8221;repeat&#8221; locked=&#8221;off&#8221; global_colors_info=&#8221;{}&#8221;][et_pb_column type=&#8221;4_4&#8243; _builder_version=&#8221;4.16&#8243; custom_padding=&#8221;|||&#8221; global_colors_info=&#8221;{}&#8221; custom_padding__hover=&#8221;|||&#8221;][dsm_block_reveal_text block_reveal_text=&#8221;@ET-DC@eyJkeW5hbWljIjp0cnVlLCJjb250ZW50IjoicG9zdF90aXRsZSIsInNldHRpbmdzIjp7ImJlZm9yZSI6IiIsImFmdGVyIjoiIn19@&#8221; heading_html_tag=&#8221;h1&#8243; block_reveal_animation=&#8221;bt&#8221; _builder_version=&#8221;4.24.0&#8243; _dynamic_attributes=&#8221;block_reveal_text&#8221; _module_preset=&#8221;default&#8221; header_font=&#8221;spartan bold|||on|||||&#8221; header_text_align=&#8221;center&#8221; header_text_color=&#8221;#FFFFFF&#8221; header_font_size=&#8221;50px&#8221; header_line_height=&#8221;1.2em&#8221; custom_margin=&#8221;7vh||||false|false&#8221; header_font_size_tablet=&#8221;50px&#8221; header_font_size_phone=&#8221;40px&#8221; header_font_size_last_edited=&#8221;on|tablet&#8221; header_text_shadow_style=&#8221;preset2&#8243; locked=&#8221;off&#8221; global_colors_info=&#8221;{}&#8221;][\/dsm_block_reveal_text][\/et_pb_column][\/et_pb_row][\/et_pb_section][et_pb_section fb_built=&#8221;1&#8243; admin_label=&#8221;Section&#8221; _builder_version=&#8221;4.16&#8243; global_colors_info=&#8221;{}&#8221;][et_pb_row _builder_version=&#8221;4.16&#8243; background_size=&#8221;initial&#8221; background_position=&#8221;top_left&#8221; background_repeat=&#8221;repeat&#8221; locked=&#8221;off&#8221; global_colors_info=&#8221;{}&#8221;][et_pb_column type=&#8221;4_4&#8243; _builder_version=&#8221;4.16&#8243; custom_padding=&#8221;|||&#8221; global_colors_info=&#8221;{}&#8221; custom_padding__hover=&#8221;|||&#8221;][et_pb_text _builder_version=&#8221;4.24.0&#8243; _module_preset=&#8221;default&#8221; header_2_font=&#8221;||||||||&#8221; header_2_line_height=&#8221;1.2em&#8221; header_3_font=&#8221;spartan semibold||||||||&#8221; header_3_font_size=&#8221;18px&#8221; header_3_line_height=&#8221;1.4em&#8221; custom_margin=&#8221;25px||||false|false&#8221; global_colors_info=&#8221;{}&#8221;]<\/p>\n<h2 style=\"text-align: center;\"><strong>FELINO Globale Unterst\u00fctzung<\/strong><\/h2>\n<h3 style=\"text-align: center;\"><strong>Wir sind an Ihrer Seite, \u00fcberall auf der Welt<\/strong><\/h3>\n<p>[\/et_pb_text][et_pb_text _builder_version=&#8221;4.24.0&#8243; _module_preset=&#8221;default&#8221; text_line_height=&#8221;1.8em&#8221; header_2_font_size=&#8221;23px&#8221; header_2_line_height=&#8221;1.7em&#8221; header_3_font_size=&#8221;19px&#8221; header_3_line_height=&#8221;1.7em&#8221; global_colors_info=&#8221;{}&#8221;]<\/p>\n<p>Bei FELINO kennt unser Engagement f\u00fcr Spitzenleistungen keine Grenzen. Wir sind auf dem europ\u00e4ischen, amerikanischen, afrikanischen und asiatischen Markt vertreten und liefern B\u00e4ckerei- und Konditoreimaschinen von h\u00f6chster Qualit\u00e4t. Wir wissen, wie wichtig eine effiziente und schnelle Unterst\u00fctzung ist, egal wo Sie sind. Deshalb arbeiten wir mit einem Netzwerk engagierter lokaler Vertriebsh\u00e4ndler zusammen, die Ihr erster Ansprechpartner f\u00fcr technische Unterst\u00fctzung und Support sind.<\/p>\n<p>[\/et_pb_text][\/et_pb_column][\/et_pb_row][et_pb_row column_structure=&#8221;3_5,2_5&#8243; _builder_version=&#8221;4.22.2&#8243; _module_preset=&#8221;default&#8221; custom_margin=&#8221;||0px||false|false&#8221; custom_padding=&#8221;||0px||false|false&#8221; global_colors_info=&#8221;{}&#8221;][et_pb_column type=&#8221;3_5&#8243; _builder_version=&#8221;4.22.1&#8243; _module_preset=&#8221;default&#8221; global_colors_info=&#8221;{}&#8221;][et_pb_image src=&#8221;https:\/\/felino.pt\/wp-content\/uploads\/2023\/10\/felino-mini-125.jpg&#8221; title_text=&#8221;felino mini-125&#8243; _builder_version=&#8221;4.22.2&#8243; _module_preset=&#8221;default&#8221; global_colors_info=&#8221;{}&#8221;][\/et_pb_image][\/et_pb_column][et_pb_column type=&#8221;2_5&#8243; _builder_version=&#8221;4.22.1&#8243; _module_preset=&#8221;default&#8221; global_colors_info=&#8221;{}&#8221;][et_pb_text _builder_version=&#8221;4.24.0&#8243; _module_preset=&#8221;default&#8221; text_line_height=&#8221;1.8em&#8221; header_2_font=&#8221;Poppins||||||||&#8221; header_2_font_size=&#8221;23px&#8221; header_2_line_height=&#8221;1.7em&#8221; header_3_font=&#8221;||||||||&#8221; header_3_font_size=&#8221;18px&#8221; header_3_line_height=&#8221;1.7em&#8221; header_3_line_height_tablet=&#8221;1.7em&#8221; header_3_line_height_phone=&#8221;1.3em&#8221; header_3_line_height_last_edited=&#8221;on|phone&#8221; global_colors_info=&#8221;{}&#8221;]<\/p>\n<h3 style=\"text-align: left;\">Ihre erste Anlaufstelle<\/h3>\n<p>Unsere Partner vor Ort sind hochqualifizierte und erfahrene Fachleute, die sich der Bereitstellung von qualitativ hochwertigem Service und technischem Support verschrieben haben, weil sie mit den Besonderheiten Ihres Marktes vertraut sind und Ihre individuellen Bed\u00fcrfnisse verstehen.<\/p>\n<p>&nbsp;<\/p>\n<h3>So kontaktieren Sie Ihren lokalen H\u00e4ndler<\/h3>\n<p>Bei Fragen zu technischer Unterst\u00fctzung, Wartung, Ersatzteilen oder jeder anderen Art von Support empfehlen wir Ihnen, sich an Ihren FELINO H\u00e4ndler vor Ort zu wenden. F\u00fcr weitere Informationen kontaktieren Sie uns bitte unter <strong>export@felino.pt<\/strong>.<\/p>\n<p>[\/et_pb_text][\/et_pb_column][\/et_pb_row][et_pb_row _builder_version=&#8221;4.22.2&#8243; _module_preset=&#8221;default&#8221; global_colors_info=&#8221;{}&#8221;][et_pb_column type=&#8221;4_4&#8243; _builder_version=&#8221;4.22.2&#8243; _module_preset=&#8221;default&#8221; global_colors_info=&#8221;{}&#8221;][et_pb_text _builder_version=&#8221;4.24.0&#8243; _module_preset=&#8221;default&#8221; text_line_height=&#8221;1.8em&#8221; header_2_font=&#8221;Poppins||||||||&#8221; header_2_font_size=&#8221;23px&#8221; header_2_line_height=&#8221;1.7em&#8221; header_3_font=&#8221;||||||||&#8221; header_3_font_size=&#8221;20px&#8221; header_3_line_height=&#8221;1.4em&#8221; header_3_line_height_tablet=&#8221;1.4em&#8221; header_3_line_height_phone=&#8221;1.4em&#8221; header_3_line_height_last_edited=&#8221;on|phone&#8221; global_colors_info=&#8221;{}&#8221;]<\/p>\n<h3>Wir m\u00f6chten wissen, was Sie denken<\/h3>\n<p>Ihre Meinung und Ihre Bed\u00fcrfnisse sind uns wichtig. Wenn Sie Fragen, Feedback oder Fragen haben, die Sie uns direkt stellen m\u00f6chten, z\u00f6gern Sie bitte nicht, uns per E-Mail zu kontaktieren unter\u00a0<strong>info@felino.pt<\/strong>. Wir sind hier, um Ihnen zu helfen und alle Ihre Fragen zu beantworten.<\/p>\n<p><strong>Wir bei FELINO glauben, dass globale Unterst\u00fctzung lokal sein sollte. Wir arbeiten eng mit unseren internationalen Vertriebspartnern zusammen, um sicherzustellen, dass Ihr Betrieb reibungslos l\u00e4uft.<\/strong><\/p>\n<p>Vielen Dank f\u00fcr Ihr Vertrauen in unsere Marke.<\/p>\n<p>Wir sind bestrebt, Ihnen die besten Ger\u00e4te und den besten Support weltweit zu bieten.<\/p>\n<p>[\/et_pb_text][\/et_pb_column][\/et_pb_row][\/et_pb_section]<\/p>","protected":false},"excerpt":{"rendered":"<p><div class=\"et_pb_module dsm_block_reveal_text dsm_block_reveal_text_0\">\n\t\t\t\t\n\t\t\t\t\n\t\t\t\t\n\t\t\t\t\n\t\t\t\t\n\t\t\t\t\n\t\t\t\t<div class=\"et_pb_module_inner\">\n\t\t\t\t\t<div class=\"dsm_block_reveal_text_wrapper\" data-dsm-block-reveal-animation=\"bt\" data-dsm-block-reveal-color=\"#ef8d23\" data-dsm-block-reveal-delay=\"0.1\" data-dsm-block-reveal-viewport=\"80%\"><\/div>\n\t\t\t\t<\/div>\n\t\t\t<\/div>Apoio Global FELINO Estamos ao Seu Lado em Qualquer Parte do MundoNa FELINO, o nosso compromisso com a excel\u00eancia n\u00e3o tem fronteiras. Com presen\u00e7a no mercado europeu, americano, africano e asi\u00e1tico, fornecemos equipamentos de padaria e pastelaria de qualidade superior. Compreendemos a import\u00e2ncia de um suporte eficiente e r\u00e1pido, independentemente do local em que se encontra. \u00c9 por isso que colaboramos com uma rede de distribuidores locais dedicados, que s\u00e3o a sua primeira linha de contacto para assist\u00eancia t\u00e9cnica e suporte.O Seu Primeiro Ponto de Contacto Os nossos parceiros locais s\u00e3o profissionais altamente treinados e experientes, empenhados em proporcionar um servi\u00e7o de qualidade e suporte t\u00e9cnico por estarem familiarizados com as especificidades do seu mercado e compreendem as suas necessidades individuais. &nbsp; Como Entrar em Contacto com o Seu Distribuidor Local Para quest\u00f5es relacionadas com assist\u00eancia t\u00e9cnica, manuten\u00e7\u00e3o, pe\u00e7as de substitui\u00e7\u00e3o ou qualquer outro tipo de suporte, recomendamos que contacte o seu distribuidor local FELINO. Para mais informa\u00e7\u00f5es, entre em contato atrav\u00e9s do email export@felino.pt.Queremos saber a sua Opini\u00e3o A sua opini\u00e3o e as suas necessidades s\u00e3o importantes para n\u00f3s. Se [&hellip;]<\/p>","protected":false},"author":5,"featured_media":0,"parent":0,"menu_order":0,"comment_status":"closed","ping_status":"closed","template":"","meta":{"_et_pb_use_builder":"on","_et_pb_old_content":"","_et_gb_content_width":"","footnotes":""},"class_list":["post-34599","page","type-page","status-publish","hentry"],"_links":{"self":[{"href":"https:\/\/felino.pt\/de\/wp-json\/wp\/v2\/pages\/34599","targetHints":{"allow":["GET"]}}],"collection":[{"href":"https:\/\/felino.pt\/de\/wp-json\/wp\/v2\/pages"}],"about":[{"href":"https:\/\/felino.pt\/de\/wp-json\/wp\/v2\/types\/page"}],"author":[{"embeddable":true,"href":"https:\/\/felino.pt\/de\/wp-json\/wp\/v2\/users\/5"}],"replies":[{"embeddable":true,"href":"https:\/\/felino.pt\/de\/wp-json\/wp\/v2\/comments?post=34599"}],"version-history":[{"count":0,"href":"https:\/\/felino.pt\/de\/wp-json\/wp\/v2\/pages\/34599\/revisions"}],"wp:attachment":[{"href":"https:\/\/felino.pt\/de\/wp-json\/wp\/v2\/media?parent=34599"}],"curies":[{"name":"wp","href":"https:\/\/api.w.org\/{rel}","templated":true}]}}