{"id":35672,"date":"2023-12-05T14:52:16","date_gmt":"2023-12-05T14:52:16","guid":{"rendered":"https:\/\/felino.4mcomunicacao.com.br\/?page_id=35672"},"modified":"2024-03-07T22:59:25","modified_gmt":"2024-03-07T22:59:25","slug":"amassadeira-de-garfo","status":"publish","type":"page","link":"https:\/\/felino.pt\/de\/maquinas-de-padaria-e-pastelaria\/amassadeira-de-garfo\/","title":{"rendered":"Gabelmischer"},"content":{"rendered":"<p>[et_pb_section fb_built=&#8221;1&#8243; _builder_version=&#8221;4.23&#8243; _module_preset=&#8221;default&#8221; background_color=&#8221;#FFFFFF&#8221; global_colors_info=&#8221;{}&#8221;][et_pb_row _builder_version=&#8221;4.22.2&#8243; _module_preset=&#8221;default&#8221; custom_margin_tablet=&#8221;||0px||false|false&#8221; custom_margin_phone=&#8221;||0px||false|false&#8221; custom_margin_last_edited=&#8221;on|phone&#8221; custom_padding=&#8221;||0px||false|false&#8221; global_colors_info=&#8221;{}&#8221;][et_pb_column type=&#8221;4_4&#8243; _builder_version=&#8221;4.21.0&#8243; _module_preset=&#8221;default&#8221; global_colors_info=&#8221;{}&#8221;][dsm_block_reveal_text block_reveal_text=&#8221;@ET-DC@eyJkeW5hbWljIjp0cnVlLCJjb250ZW50IjoicG9zdF90aXRsZSIsInNldHRpbmdzIjp7ImJlZm9yZSI6IiIsImFmdGVyIjoiIn19@&#8221; heading_html_tag=&#8221;h1&#8243; block_reveal_animation=&#8221;bt&#8221; _builder_version=&#8221;4.23.1&#8243; _dynamic_attributes=&#8221;block_reveal_text&#8221; _module_preset=&#8221;default&#8221; header_font=&#8221;spartan bold|||on|||||&#8221; header_text_align=&#8221;center&#8221; header_font_size=&#8221;36px&#8221; header_line_height=&#8221;1.9em&#8221; header_font_size_tablet=&#8221;32px&#8221; header_font_size_phone=&#8221;26px&#8221; header_font_size_last_edited=&#8221;on|phone&#8221; header_line_height_tablet=&#8221;1.9em&#8221; header_line_height_phone=&#8221;1.6em&#8221; header_line_height_last_edited=&#8221;on|phone&#8221; global_colors_info=&#8221;{}&#8221;][\/dsm_block_reveal_text][\/et_pb_column][\/et_pb_row][et_pb_row _builder_version=&#8221;4.21.0&#8243; _module_preset=&#8221;default&#8221; global_colors_info=&#8221;{}&#8221;][et_pb_column type=&#8221;4_4&#8243; _builder_version=&#8221;4.21.0&#8243; _module_preset=&#8221;default&#8221; global_colors_info=&#8221;{}&#8221;][et_pb_text _builder_version=&#8221;4.23.1&#8243; _module_preset=&#8221;default&#8221; text_font_size=&#8221;15px&#8221; header_2_font=&#8221;spartan semibold||||||||&#8221; header_2_font_size=&#8221;20px&#8221; text_orientation=&#8221;center&#8221; custom_margin=&#8221;||50px||false|false&#8221; hover_enabled=&#8221;0&#8243; global_colors_info=&#8221;{}&#8221; sticky_enabled=&#8221;0&#8243;]<\/p>\n<p style=\"text-align: left;\"><strong>A FELINO orgulha-se de oferecer solu\u00e7\u00f5es que incorporam as t\u00e9cnicas mais tradicionais at\u00e9 aos equipamentos mais sofisticados para o seu fabrico.\u00a0<\/strong><span>A nossa gama de amassadeiras de garfo, est\u00e1 dispon\u00edvel nos modelos com tina fixa ou m\u00f3vel, e com op\u00e7\u00e3o de corpo em a\u00e7o inoxid\u00e1vel. A excel\u00eancia da nossa produ\u00e7\u00e3o e a durabilidade das nossas m\u00e1quinas \u00e9 conquistada pela solidez da constru\u00e7\u00e3o em ferro fundido, que nos estabelece como refer\u00eancia no setor. <\/span><\/p>\n<p style=\"text-align: left;\"><span>Explore as nossas solu\u00e7\u00f5es, conhe\u00e7a uma vibrante linha de equipamentos coloridos e eleve a produ\u00e7\u00e3o do seu fabrico com a assinatura de qualidade FELINO.<\/span><\/p>\n<p>[\/et_pb_text][brbl_post_masonry _builder_version=&#8221;4.24.2&#8243; _module_preset=&#8221;default&#8221; include_categories=&#8221;37&#8243; show_meta=&#8221;off&#8221; border_color_all_post=&#8221;#FFFFFF&#8221; img_hover_style=&#8221;zoom_in&#8221; title_font=&#8221;spartan semibold||||||||&#8221; title_font_size=&#8221;20px&#8221; title_text_align=&#8221;center&#8221; title_line_height=&#8221;1.5em&#8221; title_level=&#8221;h2&#8243; excerpt_text_align=&#8221;center&#8221; excerpt_font_size=&#8221;13px&#8221; excerpt_line_height=&#8221;1.3em&#8221; hover_enabled=&#8221;0&#8243; sticky_enabled=&#8221;0&#8243; column_count_last_edited=&#8221;on|desktop&#8221; column_count_tablet=&#8221;1&#8243; locked=&#8221;off&#8221; column_count_phone=&#8221;1&#8243;][\/brbl_post_masonry][\/et_pb_column][\/et_pb_row][\/et_pb_section]<\/p>","protected":false},"excerpt":{"rendered":"<p><div class=\"et_pb_module dsm_block_reveal_text dsm_block_reveal_text_0\">\n\t\t\t\t\n\t\t\t\t\n\t\t\t\t\n\t\t\t\t\n\t\t\t\t\n\t\t\t\t\n\t\t\t\t<div class=\"et_pb_module_inner\">\n\t\t\t\t\t<div class=\"dsm_block_reveal_text_wrapper\" data-dsm-block-reveal-animation=\"bt\" data-dsm-block-reveal-color=\"#ef8d23\" data-dsm-block-reveal-delay=\"0.1\" data-dsm-block-reveal-viewport=\"80%\"><\/div>\n\t\t\t\t<\/div>\n\t\t\t<\/div>A FELINO orgulha-se de oferecer solu\u00e7\u00f5es que incorporam as t\u00e9cnicas mais tradicionais at\u00e9 aos equipamentos mais sofisticados para o seu fabrico.\u00a0A nossa gama de amassadeiras de garfo, est\u00e1 dispon\u00edvel nos modelos com tina fixa ou m\u00f3vel, e com op\u00e7\u00e3o de corpo em a\u00e7o inoxid\u00e1vel. A excel\u00eancia da nossa produ\u00e7\u00e3o e a durabilidade das nossas m\u00e1quinas \u00e9 conquistada pela solidez da constru\u00e7\u00e3o em ferro fundido, que nos estabelece como refer\u00eancia no setor. Explore as nossas solu\u00e7\u00f5es, conhe\u00e7a uma vibrante linha de equipamentos coloridos e eleve a produ\u00e7\u00e3o do seu fabrico com a assinatura de qualidade FELINO.<div class=\"et_pb_with_border et_pb_module brbl_post_masonry brbl_post_masonry_0\">\n\t\t\t\t\n\t\t\t\t\n\t\t\t\t\n\t\t\t\t\n\t\t\t\t\n\t\t\t\t\n\t\t\t\t<div class=\"et_pb_module_inner\">\n\t\t\t\t\t<div class=\"brbl-module brbl-post-masonry\" data-options=\"{&quot;layout&quot;:&quot;masonry-1&quot;,&quot;blog_order&quot;:0,&quot;pagination_type&quot;:&quot;&quot;,&quot;loadmore_type&quot;:&quot;scroll&quot;}\">\r\n                <div class=\"brbl-blog-items brbl-blog brbl-blog-scroll-0\"><div class=\"brbl-blog-item brbl-blog-item-masonry-1-0\">\r\n        <article class=\"brbl-masonry-card brbl-post-masonry-1\">\r\n            <figure class=\"brbl-post-thumb\">\r\n\t\t\t\t<a href=\"https:\/\/felino.pt\/de\/amassadeira-de-garfo-tina-fixa\/\">\r\n\t\t\t\t\t<div class=\"brbl-overlay\" data-icon=\"\"><\/div>\r\n\t\t\t\t\t<img decoding=\"async\" src=\"https:\/\/felino.pt\/wp-content\/uploads\/2023\/08\/Amassadeira-Garfo-FELINO-Tina-Fixa-2.png\" alt=\"Amassadeira de Garfo Tina Fixa, Amassadeira de Garfo Tina Fixa FELINO\">\r\n\t\t\t\t\t\r\n\t\t\t\t<\/a>\r\n\t\t\t<\/figure>\r\n            \r\n            <div class=\"brbl-masonry-content\">\r\n\t\t\t\t\r\n                <h2 class=\"brbl-post-title\">\r\n                <a href=\"https:\/\/felino.pt\/de\/amassadeira-de-garfo-tina-fixa\/\">Amassadeira de Garfo Tina Fixa FELINO FF<\/a>\r\n            <\/h2>\r\n                <div class=\"brbl-post-excerpt\">Capacidade de 50, 80, 100 e 150 kg.<\/div>\r\n                \r\n            <\/div>\r\n        <\/article>\r\n    <\/div><div class=\"brbl-blog-item brbl-blog-item-masonry-1-0\">\r\n        <article class=\"brbl-masonry-card brbl-post-masonry-1\">\r\n            <figure class=\"brbl-post-thumb\">\r\n\t\t\t\t<a href=\"https:\/\/felino.pt\/de\/amassadeira-de-garfo-tina-movel\/\">\r\n\t\t\t\t\t<div class=\"brbl-overlay\" data-icon=\"\"><\/div>\r\n\t\t\t\t\t<img decoding=\"async\" src=\"https:\/\/felino.pt\/wp-content\/uploads\/2023\/08\/amassadeira-garfo-movel-preview-2.jpg\" alt=\"Amassadeira de Garfo Tina M\u00f3vel, Amassadeira de Garfo com tina m\u00f3vel FELINO\">\r\n\t\t\t\t\t\r\n\t\t\t\t<\/a>\r\n\t\t\t<\/figure>\r\n            \r\n            <div class=\"brbl-masonry-content\">\r\n\t\t\t\t\r\n                <h2 class=\"brbl-post-title\">\r\n                <a href=\"https:\/\/felino.pt\/de\/amassadeira-de-garfo-tina-movel\/\">Amassadeira de Garfo Tina M\u00f3vel FELINO FM<\/a>\r\n            <\/h2>\r\n                <div class=\"brbl-post-excerpt\">Capacidade de 80, 100 e 150 kg.<\/div>\r\n                \r\n            <\/div>\r\n        <\/article>\r\n    <\/div><\/div><nav class=\"brbl-pagination\" role=\"navigation\" aria-label=\"Paginierung\"><\/nav>\r\n\t\t\t<\/div>\n\t\t\t\t<\/div>\n\t\t\t<\/div><\/p>","protected":false},"author":3,"featured_media":0,"parent":31979,"menu_order":0,"comment_status":"closed","ping_status":"closed","template":"","meta":{"_et_pb_use_builder":"on","_et_pb_old_content":"","_et_gb_content_width":"","footnotes":""},"class_list":["post-35672","page","type-page","status-publish","hentry"],"_links":{"self":[{"href":"https:\/\/felino.pt\/de\/wp-json\/wp\/v2\/pages\/35672","targetHints":{"allow":["GET"]}}],"collection":[{"href":"https:\/\/felino.pt\/de\/wp-json\/wp\/v2\/pages"}],"about":[{"href":"https:\/\/felino.pt\/de\/wp-json\/wp\/v2\/types\/page"}],"author":[{"embeddable":true,"href":"https:\/\/felino.pt\/de\/wp-json\/wp\/v2\/users\/3"}],"replies":[{"embeddable":true,"href":"https:\/\/felino.pt\/de\/wp-json\/wp\/v2\/comments?post=35672"}],"version-history":[{"count":0,"href":"https:\/\/felino.pt\/de\/wp-json\/wp\/v2\/pages\/35672\/revisions"}],"up":[{"embeddable":true,"href":"https:\/\/felino.pt\/de\/wp-json\/wp\/v2\/pages\/31979"}],"wp:attachment":[{"href":"https:\/\/felino.pt\/de\/wp-json\/wp\/v2\/media?parent=35672"}],"curies":[{"name":"wp","href":"https:\/\/api.w.org\/{rel}","templated":true}]}}