{"id":35848,"date":"2024-01-13T15:32:34","date_gmt":"2024-01-13T15:32:34","guid":{"rendered":"https:\/\/site.felino.pt\/?page_id=35848"},"modified":"2025-03-13T15:46:58","modified_gmt":"2025-03-13T15:46:58","slug":"inicio","status":"publish","type":"page","link":"https:\/\/felino.pt\/de\/","title":{"rendered":"Felino &#8211; Fundi\u00e7\u00e3o e Constru\u00e7\u00f5es Mec\u00e2nicas S.A."},"content":{"rendered":"<p>[et_pb_section fb_built=&#8221;1&#8243; fullwidth=&#8221;on&#8221; _builder_version=&#8221;4.24.3&#8243; _module_preset=&#8221;default&#8221; background_color=&#8221;#EF8D23&#8243; max_width_tablet=&#8221;&#8221; max_width_phone=&#8221;&#8221; max_width_last_edited=&#8221;on|phone&#8221; max_height=&#8221;650px&#8221; max_height_tablet=&#8221;650px&#8221; max_height_phone=&#8221;40vh&#8221; max_height_last_edited=&#8221;on|phone&#8221; background_last_edited=&#8221;on|phone&#8221; locked=&#8221;off&#8221; global_colors_info=&#8221;{}&#8221;][et_pb_fullwidth_image src=&#8221;https:\/\/felino.pt\/wp-content\/uploads\/2024\/04\/FELINO-SA.png&#8221; alt=&#8221;FELINO, Pe\u00e7as T\u00e9cnicas, M\u00e1quinas de padaria e pastelaria&#8221; title_text=&#8221;FELINO SA banner vertical&#8221; src_tablet=&#8221;https:\/\/felino.pt\/wp-content\/uploads\/2024\/04\/FELINO-SA.png&#8221; src_phone=&#8221;https:\/\/felino.pt\/wp-content\/uploads\/2024\/04\/FELINO-SA-banner-vertical.png&#8221; src_last_edited=&#8221;on|phone&#8221; _builder_version=&#8221;4.25.0&#8243; _module_preset=&#8221;default&#8221; max_width=&#8221;1920px&#8221; module_alignment=&#8221;center&#8221; global_colors_info=&#8221;{}&#8221;][\/et_pb_fullwidth_image][\/et_pb_section][et_pb_section fb_built=&#8221;1&#8243; _builder_version=&#8221;4.24.3&#8243; _module_preset=&#8221;default&#8221; custom_padding=&#8221;60px||||false|false&#8221; top_divider_style=&#8221;arrow3&#8243; top_divider_color=&#8221;#EF8D23&#8243; top_divider_height=&#8221;50px&#8221; global_colors_info=&#8221;{}&#8221;][et_pb_row _builder_version=&#8221;4.24.2&#8243; _module_preset=&#8221;default&#8221; global_colors_info=&#8221;{}&#8221;][et_pb_column type=&#8221;4_4&#8243; _builder_version=&#8221;4.24.2&#8243; _module_preset=&#8221;default&#8221; global_colors_info=&#8221;{}&#8221;][et_pb_text _builder_version=&#8221;4.24.2&#8243; _module_preset=&#8221;default&#8221; header_font=&#8221;spartan extrabold||||||||&#8221; header_font_size=&#8221;25px&#8221; header_2_font=&#8221;spartan extrabold||||||||&#8221; custom_margin=&#8221;||0px||false|false&#8221; global_colors_info=&#8221;{}&#8221;]<\/p>\n<h1 class=\"h1\" style=\"text-align: left;\">FELINO SA<\/h1>\n<p>[\/et_pb_text][et_pb_divider divider_weight=&#8221;2px&#8221; _builder_version=&#8221;4.23.4&#8243; _module_preset=&#8221;default&#8221; transform_translate_linked=&#8221;off&#8221; width=&#8221;100%&#8221; custom_margin=&#8221;0px||0px||false|false&#8221; custom_padding=&#8221;0px||0px||false|false&#8221; locked=&#8221;off&#8221; global_colors_info=&#8221;{}&#8221;][\/et_pb_divider][et_pb_text _builder_version=&#8221;4.23.1&#8243; _module_preset=&#8221;default&#8221; text_font=&#8221;|500|||||||&#8221; header_font=&#8221;Poppins|600|||||||&#8221; header_font_size=&#8221;26px&#8221; header_2_font=&#8221;Poppins|600|||||||&#8221; header_2_font_size=&#8221;25px&#8221; custom_margin=&#8221;0px||||false|false&#8221; custom_padding=&#8221;0px||||false|false&#8221; locked=&#8221;off&#8221; global_colors_info=&#8221;{}&#8221;]<\/p>\n<p class=\"h1\" style=\"text-align: left;\"><span>Seit 1936 setzt FELINO Ma\u00dfst\u00e4be in der Gie\u00dferei, der maschinellen Bearbeitung und der Herstellung von technischen Teilen. Dar\u00fcber hinaus ist das Unternehmen Hersteller von Ausr\u00fcstungen, die von B\u00e4ckerei- und Konditoreimaschinen bis hin zu Heizl\u00f6sungen wie Pellet\u00f6fen reichen, f\u00fcr nationale und internationale M\u00e4rkte.<\/span><\/p>\n<p class=\"h1\" style=\"text-align: left;\"><span>Entdecken Sie unsere wichtigsten Produktionsbereiche:<\/span><\/p>\n<p>[\/et_pb_text][\/et_pb_column][\/et_pb_row][et_pb_row column_structure=&#8221;1_3,1_3,1_3&#8243; _builder_version=&#8221;4.23.4&#8243; _module_preset=&#8221;default&#8221; global_colors_info=&#8221;{}&#8221;][et_pb_column type=&#8221;1_3&#8243; _builder_version=&#8221;4.23.4&#8243; _module_preset=&#8221;default&#8221; global_colors_info=&#8221;{}&#8221;][dsm_card title=&#8221;Fundi\u00e7\u00e3o de Ferro&#8221; subtitle=&#8221;Capacidade produtiva para pequenas, m\u00e9dias e grandes s\u00e9ries.&#8221; image=&#8221;https:\/\/felino.pt\/wp-content\/uploads\/2024\/04\/Fundicao-de-Ferro-FELINO-e1713801457201.jpg&#8221; image_background_height=&#8221;200px&#8221; image_background_animation=&#8221;zoom_in&#8221; button_url_new_window=&#8221;1&#8243; _builder_version=&#8221;4.25.0&#8243; _dynamic_attributes=&#8221;link_option_url&#8221; _module_preset=&#8221;default&#8221; header_level=&#8221;h2&#8243; header_font=&#8221;||||||||&#8221; header_font_size=&#8221;19px&#8221; text_orientation=&#8221;center&#8221; link_option_url=&#8221;@ET-DC@eyJkeW5hbWljIjp0cnVlLCJjb250ZW50IjoicG9zdF9saW5rX3VybF9wYWdlIiwic2V0dGluZ3MiOnsicG9zdF9pZCI6IjMyMjcxIn19@&#8221; border_radii_image=&#8221;on|5px|5px|5px|5px&#8221; global_colors_info=&#8221;{}&#8221;][\/dsm_card][\/et_pb_column][et_pb_column type=&#8221;1_3&#8243; _builder_version=&#8221;4.23.4&#8243; _module_preset=&#8221;default&#8221; global_colors_info=&#8221;{}&#8221;][dsm_card title=&#8221;Maquina\u00e7\u00e3o&#8221; subtitle=&#8221;Maquina\u00e7\u00e3o de precis\u00e3o para produ\u00e7\u00e3o de Pe\u00e7as T\u00e9cnicas.&#8221; image=&#8221;https:\/\/felino.pt\/wp-content\/uploads\/2023\/08\/maquinacao_topo.jpg&#8221; image_background_height=&#8221;200px&#8221; image_background_animation=&#8221;zoom_in&#8221; button_url_new_window=&#8221;1&#8243; _builder_version=&#8221;4.25.0&#8243; _dynamic_attributes=&#8221;link_option_url&#8221; _module_preset=&#8221;default&#8221; header_level=&#8221;h2&#8243; header_font=&#8221;||||||||&#8221; header_font_size=&#8221;19px&#8221; text_orientation=&#8221;center&#8221; link_option_url=&#8221;@ET-DC@eyJkeW5hbWljIjp0cnVlLCJjb250ZW50IjoicG9zdF9saW5rX3VybF9wYWdlIiwic2V0dGluZ3MiOnsicG9zdF9pZCI6IjMyMjczIn19@&#8221; border_radii_image=&#8221;on|5px|5px|5px|5px&#8221; global_colors_info=&#8221;{}&#8221;][\/dsm_card][\/et_pb_column][et_pb_column type=&#8221;1_3&#8243; _builder_version=&#8221;4.23.4&#8243; _module_preset=&#8221;default&#8221; global_colors_info=&#8221;{}&#8221;][dsm_card title=&#8221;Padaria e Pastelaria&#8221; subtitle=&#8221;M\u00e1quinas de Padaria e Pastelaria com estrutura integral em Ferro Fundido.&#8221; image=&#8221;https:\/\/felino.pt\/wp-content\/uploads\/2023\/11\/Maquinas-de-Padaria-e-Pastelaria-FELINO_2-scaled.jpg&#8221; image_background_height=&#8221;200px&#8221; image_background_animation=&#8221;zoom_in&#8221; button_url_new_window=&#8221;1&#8243; _builder_version=&#8221;4.25.0&#8243; _dynamic_attributes=&#8221;link_option_url&#8221; _module_preset=&#8221;default&#8221; header_level=&#8221;h2&#8243; header_font=&#8221;||||||||&#8221; header_font_size=&#8221;19px&#8221; text_orientation=&#8221;center&#8221; link_option_url=&#8221;@ET-DC@eyJkeW5hbWljIjp0cnVlLCJjb250ZW50IjoicG9zdF9saW5rX3VybF9wYWdlIiwic2V0dGluZ3MiOnsicG9zdF9pZCI6IjMxOTc5In19@&#8221; border_radii_image=&#8221;on|5px|5px|5px|5px&#8221; global_colors_info=&#8221;{}&#8221;][\/dsm_card][\/et_pb_column][\/et_pb_row][\/et_pb_section][et_pb_section fb_built=&#8221;1&#8243; _builder_version=&#8221;4.25.0&#8243; _module_preset=&#8221;default&#8221; background_image=&#8221;https:\/\/felino.pt\/wp-content\/uploads\/2023\/11\/Sustentabilidade-FELINO-1.jpg&#8221; min_height=&#8221;500px&#8221; global_colors_info=&#8221;{}&#8221;][et_pb_row _builder_version=&#8221;4.23.4&#8243; _module_preset=&#8221;default&#8221; global_colors_info=&#8221;{}&#8221;][et_pb_column type=&#8221;4_4&#8243; _builder_version=&#8221;4.23.4&#8243; _module_preset=&#8221;default&#8221; global_colors_info=&#8221;{}&#8221;][et_pb_text _builder_version=&#8221;4.25.0&#8243; _module_preset=&#8221;default&#8221; text_text_color=&#8221;#FFFFFF&#8221; header_2_font=&#8221;spartan extrabold||||||||&#8221; header_2_text_color=&#8221;#FFFFFF&#8221; header_3_font=&#8221;|700|||||||&#8221; header_3_text_color=&#8221;#FFFFFF&#8221; header_3_font_size=&#8221;26px&#8221; text_orientation_tablet=&#8221;center&#8221; text_orientation_phone=&#8221;center&#8221; text_orientation_last_edited=&#8221;on|phone&#8221; global_colors_info=&#8221;{}&#8221;]<\/p>\n<h3>Nachhaltigkeit<\/h3>\n<p>Erfahren Sie, wie wir Tonnen von Abfall in die Produktion einbeziehen<\/p>\n<p>[\/et_pb_text][dsm_button button_one_text=&#8221;Conhe\u00e7a o Compromisso Ambiental FELINO&#8221; button_one_url=&#8221;@ET-DC@eyJkeW5hbWljIjp0cnVlLCJjb250ZW50IjoicG9zdF9saW5rX3VybF9wYWdlIiwic2V0dGluZ3MiOnsicG9zdF9pZCI6IjM0MTg3In19@&#8221; button_alignment_tablet=&#8221;center&#8221; button_alignment_phone=&#8221;center&#8221; button_alignment_last_edited=&#8221;on|phone&#8221; _builder_version=&#8221;4.24.0&#8243; _dynamic_attributes=&#8221;button_one_url&#8221; _module_preset=&#8221;default&#8221; custom_css_button_2=&#8221;line-height: 1.1 !important;&#8221; global_colors_info=&#8221;{}&#8221; custom_css_button_1_last_edited=&#8221;on|phone&#8221; custom_css_button_1_phone=&#8221;line-height: 1.1 !important;&#8221;][\/dsm_button][\/et_pb_column][\/et_pb_row][\/et_pb_section][et_pb_section fb_built=&#8221;1&#8243; _builder_version=&#8221;4.23.4&#8243; _module_preset=&#8221;default&#8221; global_colors_info=&#8221;{}&#8221;][et_pb_row column_structure=&#8221;3_5,2_5&#8243; _builder_version=&#8221;4.23.4&#8243; _module_preset=&#8221;default&#8221; global_colors_info=&#8221;{}&#8221;][et_pb_column type=&#8221;3_5&#8243; _builder_version=&#8221;4.23.4&#8243; _module_preset=&#8221;default&#8221; global_colors_info=&#8221;{}&#8221;][et_pb_image src=&#8221;https:\/\/felino.pt\/wp-content\/uploads\/2023\/11\/FELINO-WRLD-MAP.png&#8221; title_text=&#8221;FELINO WRLD MAP&#8221; _builder_version=&#8221;4.23.4&#8243; _module_preset=&#8221;default&#8221; global_colors_info=&#8221;{}&#8221;][\/et_pb_image][\/et_pb_column][et_pb_column type=&#8221;2_5&#8243; _builder_version=&#8221;4.23.4&#8243; _module_preset=&#8221;default&#8221; global_colors_info=&#8221;{}&#8221;][et_pb_text _builder_version=&#8221;4.25.0&#8243; _module_preset=&#8221;default&#8221; header_2_font=&#8221;spartan extrabold||||||||&#8221; header_3_font=&#8221;|700|||||||&#8221; header_3_font_size=&#8221;26px&#8221; min_height=&#8221;24px&#8221; custom_margin=&#8221;100px||6px||false|false&#8221; global_colors_info=&#8221;{}&#8221;]<\/p>\n<h3>88 Jahre Erfahrung.<\/h3>\n<p>[\/et_pb_text][et_pb_text _builder_version=&#8221;4.23.4&#8243; _module_preset=&#8221;default&#8221; text_line_height=&#8221;1.2em&#8221; custom_margin=&#8221;20px||||false|false&#8221; global_colors_info=&#8221;{}&#8221;]<\/p>\n<p><strong>Von Portugal in die Welt.\u00a0<\/strong><\/p>\n<p>FELINO ist in mehr als 40 L\u00e4ndern vertreten.<\/p>\n<p>[\/et_pb_text][\/et_pb_column][\/et_pb_row][\/et_pb_section][et_pb_section fb_built=&#8221;1&#8243; _builder_version=&#8221;4.23.4&#8243; _module_preset=&#8221;default&#8221; background_color=&#8221;#f6f6f6&#8243; global_colors_info=&#8221;{}&#8221;][et_pb_row _builder_version=&#8221;4.23.4&#8243; _module_preset=&#8221;default&#8221; global_colors_info=&#8221;{}&#8221;][et_pb_column type=&#8221;4_4&#8243; _builder_version=&#8221;4.23.4&#8243; _module_preset=&#8221;default&#8221; global_colors_info=&#8221;{}&#8221;][et_pb_text _builder_version=&#8221;4.23.4&#8243; _module_preset=&#8221;default&#8221; text_orientation=&#8221;center&#8221; global_colors_info=&#8221;{}&#8221;]<\/p>\n<h2 style=\"text-align: center;\">FELINO Universum<\/h2>\n<p class=\"elementor-heading-title elementor-size-small\">Wir stellen Ihnen FELINO Universe vor, einen Bereich, in dem wir Informationen \u00fcber unsere Ausr\u00fcstung und personalisierte L\u00f6sungen f\u00fcr Ihr Unternehmen teilen. Verfolgen Sie unsere Pr\u00e4senz auf den n\u00e4chsten nationalen und internationalen Messen und erhalten Sie Zugang zu Inhalten, die Sie bei der Realisierung Ihrer Kleidungsst\u00fccke inspirieren.<\/p>\n<p>[\/et_pb_text][brbl_post_carousel include_categories=&#8221;25&#8243; order=&#8221;DESC&#8221; post_count=&#8221;8&#8243; layout=&#8221;layout4&#8243; show_avatar=&#8221;off&#8221; show_author=&#8221;off&#8221; show_date=&#8221;off&#8221; slide_count=&#8221;3&#8243; slide_count_tablet=&#8221;2&#8243; slide_count_phone=&#8221;1&#8243; slide_count_last_edited=&#8221;on|phone&#8221; _builder_version=&#8221;4.25.2&#8243; _module_preset=&#8221;default&#8221; global_colors_info=&#8221;{}&#8221;][\/brbl_post_carousel][dsm_button button_one_text=&#8221;Todas as not\u00edcias&#8221; button_one_url=&#8221;@ET-DC@eyJkeW5hbWljIjp0cnVlLCJjb250ZW50IjoicG9zdF9saW5rX3VybF9wYWdlIiwic2V0dGluZ3MiOnsicG9zdF9pZCI6IjMyMjUyIn19@&#8221; button_alignment=&#8221;center&#8221; button_alignment_tablet=&#8221;center&#8221; button_alignment_phone=&#8221;center&#8221; button_alignment_last_edited=&#8221;off|desktop&#8221; _builder_version=&#8221;4.24.2&#8243; _dynamic_attributes=&#8221;button_one_url&#8221; _module_preset=&#8221;default&#8221; transform_scale=&#8221;70%|70%&#8221; transform_translate_linked=&#8221;off&#8221; custom_margin=&#8221;||||false|false&#8221; custom_margin_tablet=&#8221;|||0px|false|false&#8221; custom_margin_phone=&#8221;-50px|0px||0px|false|false&#8221; custom_margin_last_edited=&#8221;off|desktop&#8221; locked=&#8221;off&#8221; global_colors_info=&#8221;{}&#8221;][\/dsm_button][\/et_pb_column][\/et_pb_row][\/et_pb_section]<\/p>","protected":false},"excerpt":{"rendered":"<p>FELINO SADesde 1936, a FELINO \u00e9 uma refer\u00eancia em Fundi\u00e7\u00e3o, Maquina\u00e7\u00e3o e Produ\u00e7\u00e3o de Pe\u00e7as T\u00e9cnicas, sendo tamb\u00e9m fabricante de equipamentos, que abrange desde m\u00e1quinas para padaria e pastelaria at\u00e9 solu\u00e7\u00f5es de aquecimento como salamandras a pellets, para mercados nacionais e internacionais. Conhe\u00e7a as nossas principais \u00e1reas de produ\u00e7\u00e3o:<div class=\"et_pb_module dsm_card dsm_card_0 et_pb_bg_layout_light dsm_card_image_animation dsm_card_image_animation_zoom_in dsm_card_layout_stacked\">\n\t\t\t\t\n\t\t\t\t\n\t\t\t\t\n\t\t\t\t\n\t\t\t\t\n\t\t\t\t\n\t\t\t\t<div class=\"et_pb_module_inner\">\n\t\t\t\t\t\n\t\t\t\n\t\t\t<figure class=\"dsm_card_image_wrapper dsm_card_badge_top_right\"><div class=\"dsm_card_image_background dsm_card_img\"><\/div><\/figure>\n\t\t\t<div class=\"et_pb_module dsm_card_wrapper et_pb_text_align_center\">\n\t\t\t\t\t\n\t\t\t\t\t<h2 class=\"dsm_card_title et_pb_module_header\">Eisengie\u00dferei<\/h2>\n\t\t\t\t\t<div class=\"dsm_card_subtitle\">Produktionskapazit\u00e4t f\u00fcr kleine, mittlere und gro\u00dfe Serien.<\/div>\n\t\t\t\t\t\n\t\t\t\t\t\n\t\t\t\t<\/div>\n\t\t\t\n\t\t\t\t<\/div>\n\t\t\t<\/div><div class=\"et_pb_module dsm_card dsm_card_1 et_pb_bg_layout_light dsm_card_image_animation dsm_card_image_animation_zoom_in dsm_card_layout_stacked\">\n\t\t\t\t\n\t\t\t\t\n\t\t\t\t\n\t\t\t\t\n\t\t\t\t\n\t\t\t\t\n\t\t\t\t<div class=\"et_pb_module_inner\">\n\t\t\t\t\t\n\t\t\t\n\t\t\t<figure class=\"dsm_card_image_wrapper dsm_card_badge_top_right\"><div class=\"dsm_card_image_background dsm_card_img\"><\/div><\/figure>\n\t\t\t<div class=\"et_pb_module dsm_card_wrapper et_pb_text_align_center\">\n\t\t\t\t\t\n\t\t\t\t\t<h2 class=\"dsm_card_title et_pb_module_header\">Bearbeitung<\/h2>\n\t\t\t\t\t<div class=\"dsm_card_subtitle\">Pr\u00e4zisionsbearbeitung f\u00fcr die Herstellung von technischen Teilen.<\/div>\n\t\t\t\t\t\n\t\t\t\t\t\n\t\t\t\t<\/div>\n\t\t\t\n\t\t\t\t<\/div>\n\t\t\t<\/div><div class=\"et_pb_module dsm_card dsm_card_2 et_pb_bg_layout_light dsm_card_image_animation dsm_card_image_animation_zoom_in dsm_card_layout_stacked\">\n\t\t\t\t\n\t\t\t\t\n\t\t\t\t\n\t\t\t\t\n\t\t\t\t\n\t\t\t\t\n\t\t\t\t<div class=\"et_pb_module_inner\">\n\t\t\t\t\t\n\t\t\t\n\t\t\t<figure class=\"dsm_card_image_wrapper dsm_card_badge_top_right\"><div class=\"dsm_card_image_background dsm_card_img\"><\/div><\/figure>\n\t\t\t<div class=\"et_pb_module dsm_card_wrapper et_pb_text_align_center\">\n\t\t\t\t\t\n\t\t\t\t\t<h2 class=\"dsm_card_title et_pb_module_header\">B\u00e4ckerei und Konditorei<\/h2>\n\t\t\t\t\t<div class=\"dsm_card_subtitle\">B\u00e4ckerei- und Konditoreimaschinen mit integrierter Gusseisenstruktur.<\/div>\n\t\t\t\t\t\n\t\t\t\t\t\n\t\t\t\t<\/div>\n\t\t\t\n\t\t\t\t<\/div>\n\t\t\t<\/div>Sustentabilidade Saiba como incorporamos toneladas de res\u00edduos na produ\u00e7\u00e3o<div class=\"et_pb_module dsm_button dsm_button_0 et_pb_bg_layout_light\">\n\t\t\t\t\n\t\t\t\t\n\t\t\t\t\n\t\t\t\t\n\t\t\t\t\n\t\t\t\t\n\t\t\t\t<div class=\"et_pb_module_inner\">\n\t\t\t\t\t<div class=\"et_pb_button_module_wrappers dsm_button_0_wrapper et_pb_button_alignment_tablet_center et_pb_button_alignment_phone_center et_pb_module\">\n\t\t\t\t<a class=\"et_pb_button et_pb_button_one et_pb_bg_layout_light dsm-none\"  data-dsm-lightbox-id=\"dsm_button_one_lightbox dsm_button_0\"><span>Lernen Sie das FELINO Umwelt-Engagement kennen<\/span><\/a>\n\t\t\t<\/div>\n\t\t\t\t<\/div>\n\t\t\t<\/div>88 Anos de Experi\u00eancia.De Portugal para o Mundo.\u00a0 A FELINO est\u00e1 presente em mais de 40 pa\u00edses.Universo FELINO Apresentamos o Universo FELINO, um espa\u00e7o onde partilhamos informa\u00e7\u00f5es sobre os nossos equipamentos e solu\u00e7\u00f5es personalizadas para o seu neg\u00f3cio. Acompanhe a nossa presen\u00e7a nas pr\u00f3ximas feiras nacionais e internacionais [&hellip;]<\/p>","protected":false},"author":5,"featured_media":36744,"parent":0,"menu_order":0,"comment_status":"closed","ping_status":"closed","template":"","meta":{"_et_pb_use_builder":"on","_et_pb_old_content":"","_et_gb_content_width":"","footnotes":""},"class_list":["post-35848","page","type-page","status-publish","has-post-thumbnail","hentry"],"_links":{"self":[{"href":"https:\/\/felino.pt\/de\/wp-json\/wp\/v2\/pages\/35848","targetHints":{"allow":["GET"]}}],"collection":[{"href":"https:\/\/felino.pt\/de\/wp-json\/wp\/v2\/pages"}],"about":[{"href":"https:\/\/felino.pt\/de\/wp-json\/wp\/v2\/types\/page"}],"author":[{"embeddable":true,"href":"https:\/\/felino.pt\/de\/wp-json\/wp\/v2\/users\/5"}],"replies":[{"embeddable":true,"href":"https:\/\/felino.pt\/de\/wp-json\/wp\/v2\/comments?post=35848"}],"version-history":[{"count":11,"href":"https:\/\/felino.pt\/de\/wp-json\/wp\/v2\/pages\/35848\/revisions"}],"predecessor-version":[{"id":37499,"href":"https:\/\/felino.pt\/de\/wp-json\/wp\/v2\/pages\/35848\/revisions\/37499"}],"wp:featuredmedia":[{"embeddable":true,"href":"https:\/\/felino.pt\/de\/wp-json\/wp\/v2\/media\/36744"}],"wp:attachment":[{"href":"https:\/\/felino.pt\/de\/wp-json\/wp\/v2\/media?parent=35848"}],"curies":[{"name":"wp","href":"https:\/\/api.w.org\/{rel}","templated":true}]}}