{"id":35848,"date":"2024-01-13T15:32:34","date_gmt":"2024-01-13T15:32:34","guid":{"rendered":"https:\/\/site.felino.pt\/?page_id=35848"},"modified":"2025-03-13T15:46:58","modified_gmt":"2025-03-13T15:46:58","slug":"top","status":"publish","type":"page","link":"https:\/\/felino.pt\/en\/","title":{"rendered":"Felino - Fundi\u00e7\u00e3o e Constru\u00e7\u00f5es Mec\u00e2nicas S.A."},"content":{"rendered":"<p>[et_pb_section fb_built=\"1\u2033 fullwidth=\"on\" _builder_version=\"4.24.3\u2033 _module_preset=\"default\" background_color=\"#EF8D23\u2033 max_width_tablet=\"\" max_width_phone=\"\" max_width_last_edited=\"on|phone\" max_height=\"650px\" max_height_tablet=\"650px\" max_height_phone=\"40vh\" max_height_last_edited=\"on|phone\" background_last_edited=\"on|phone\" locked=\"off\" global_colors_info=\"{}\"][et_pb_fullwidth_image src=\"https:\/\/felino.pt\/wp-content\/uploads\/2024\/04\/FELINO-SA.png\" alt=\"FELINO, Technical Parts, Bakery and Pastry Machines\" title_text=\"FELINO SA vertical banner\" src_tablet=\"https:\/\/felino.pt\/wp-content\/uploads\/2024\/04\/FELINO-SA.png\" src_phone=\"https:\/\/felino.pt\/wp-content\/uploads\/2024\/04\/FELINO-SA-banner-vertical.png\" src_last_edited=\"on|phone\" _builder_version=\"4.25.0\u2033 _module_preset=\"default\" max_width=\"1920px\" module_alignment=\"centre\" global_colors_info=\"{}\"][\/et_pb_fullwidth_image][\/et_pb_section][et_pb_section fb_built=\"1\u2033 _builder_version=\"4.24.3\u2033 _module_preset=\"default\" custom_padding=\"60px||||false|false\" top_divider_style=\"arrow3\u2033 top_divider_color=\"#EF8D23\u2033 top_divider_height=\"50px\" global_colors_info=\"{}\"][et_pb_row _builder_version=\"4.24.2\u2033 _module_preset=\"default\" global_colors_info=\"{}\"][et_pb_column type=\"4_4\u2033 _builder_version=\"4.24.2\u2033 _module_preset=\"default\" global_colors_info=\"{}\"][et_pb_text _builder_version=\"4.24.2\u2033 _module_preset=\"default\" header_font=\"spartan extrabold||||||||\" header_font_size=\"25px\" header_2_font=\"spartan extrabold||||||||\" custom_margin=\"||0px||false|false\" global_colors_info=\"{}\"]<\/p>\n<h1 class=\"h1\" style=\"text-align: left;\">FELINO SA<\/h1>\n<p>[\/et_pb_text][et_pb_divider divider_weight=\"2px\" _builder_version=\"4.23.4\u2033 _module_preset=\"default\" transform_translate_linked=\"off\" width=\"100%\" custom_margin=\"0px||0px||false|false\" custom_padding=\"0px||0px||false|false\" locked=\"off\" global_colors_info=\"{}\"][\/et_pb_divider][et_pb_text _builder_version=\"4.23.1\u2033 _module_preset=\"default\" text_font=\"|500|||||||\" header_font=\"Poppins|600|||||||\" header_font_size=\"26px\" header_2_font=\"Poppins|600|||||||\" header_2_font_size=\"25px\" custom_margin=\"0px||||false|false\" custom_padding=\"0px||||false|false\" locked=\"off\" global_colors_info=\"{}\"]<\/p>\n<p class=\"h1\" style=\"text-align: left;\"><span>Since 1936, FELINO has been a benchmark in casting, machining and the production of technical parts, and is also a manufacturer of equipment, ranging from bakery and pastry machines to heating solutions such as pellet stoves, for national and international markets.<\/span><\/p>\n<p class=\"h1\" style=\"text-align: left;\"><span>Discover our main production areas:<\/span><\/p>\n<p>[\/et_pb_text][\/et_pb_column][\/et_pb_row][et_pb_row column_structure=\"1_3,1_3,1_3\u2033 _builder_version=\"4.23.4\u2033 _module_preset=\"default\" global_colors_info=\"{}\"][et_pb_column type=\"1_3\u2033 _builder_version=\"4.23.4\u2033 _module_preset=\"default\" global_colors_info=\"{}\"][dsm_card title=\"Iron Foundry\" subtitle=\"Production capacity for small, medium and large series.\" image=\"https:\/\/felino.pt\/wp-content\/uploads\/2024\/04\/Fundicao-de-Ferro-FELINO-e1713801457201.jpg\" image_background_height=\"200px\" image_background_animation=\"zoom_in\" button_url_new_window=\"1\u2033 _builder_version=\"4.25.0\u2033 _dynamic_attributes=\"link_option_url\" _module_preset=\"default\" header_level=\"h2\u2033 header_font=\"||||||||\" header_font_size=\"19px\" text_orientation=\"centre\" link_option_url=\"@ET-DC@eyJkeW5hbWljIjp0cnVlLCJjb250ZW50IjoicG9zdF9saW5rX3VybF9wYWdlIiwic2V0dGluZ3MiOnsicG9zdF9pZCI6IjMyMjcxIn19@\" border_radii_image=\"on|5px|5px|5px\" global_colors_info=\"{}\"][\/dsm_card][\/et_pb_column][et_pb_column type=\"1_3\u2033 _builder_version=\"4.23.4\u2033 _module_preset=\"default\" global_colors_info=\"{}\"][dsm_card title=\"Machining\" subtitle=\"Precision machining for the production of technical parts.\" image=\"https:\/\/felino.pt\/wp-content\/uploads\/2023\/08\/maquinacao_topo.jpg\" image_background_height=\"200px\" image_background_animation=\"zoom_in\" button_url_new_window=\"1\u2033 _builder_version=\"4.25.0\u2033 _dynamic_attributes=\"link_option_url\" _module_preset=\"default\" header_level=\"h2\u2033 header_font=\"||||||||\" header_font_size=\"19px\" text_orientation=\"centre\" link_option_url=\"@ET-DC@eyJkeW5hbWljIjp0cnVlLCJjb250ZW50IjoicG9zdF9saW5rX3VybF9wYWdlIiwic2V0dGluZ3MiOnsicG9zdF9pZCI6IjMyMjczIn19@\" border_radii_image=\"on|5px|5px|5px\" global_colors_info=\"{}\"][\/dsm_card][\/et_pb_column][et_pb_column type=\"1_3\u2033 _builder_version=\"4.23.4\u2033 _module_preset=\"default\" global_colors_info=\"{}\"][dsm_card title=\"Bakery and Pastry\" subtitle=\"Bakery and Pastry machines with integral cast iron structure.\" image=\"https:\/\/felino.pt\/wp-content\/uploads\/2023\/11\/Maquinas-de-Padaria-e-Pastelaria-FELINO_2-scaled.jpg\" image_background_height=\"200px\" image_background_animation=\"zoom_in\" button_url_new_window=\"1\u2033 _builder_version=\"4.25.0\u2033 _dynamic_attributes=\"link_option_url\" _module_preset=\"default\" header_level=\"h2\u2033 header_font=\"||||||||\" header_font_size=\"19px\" text_orientation=\"centre\" link_option_url=\"@ET-DC@eyJkeW5hbWljIjp0cnVlLCJjb250ZW50IjoicG9zdF9saW5rX3VybF9wYWdlIiwic2V0dGluZ3MiOnsicG9zdF9pZCI6IjMxOTc5In19@\" border_radii_image=\"on|5px|5px|5px\" global_colors_info=\"{}\"][\/dsm_card][\/et_pb_column][\/et_pb_row][\/et_pb_section][et_pb_section fb_built=\"1\u2033 _builder_version=\"4.25.0\u2033 _module_preset=\"default\" background_image=\"https:\/\/felino.pt\/wp-content\/uploads\/2023\/11\/Sustentabilidade-FELINO-1.jpg\" min_height=\"500px\" global_colors_info=\"{}\"][et_pb_row _builder_version=\"4.23.4\u2033 _module_preset=\"default\" global_colors_info=\"{}\"][et_pb_column type=\"4_4\u2033 _builder_version=\"4.23.4\u2033 _module_preset=\"default\" global_colors_info=\"{}\"][et_pb_text _builder_version=\"4.25.0\u2033 _module_preset=\"default\" text_text_color=\"#FFFF\" header_2_font=\"spartan extrabold||||||||\" header_2_text_color=\"#FFFF\" header_3_font=\"|700|||||||\" header_3_text_color=\"#FFFF\" header_3_font_size=\"26px\" text_orientation_tablet=\"centre\" text_orientation_phone=\"centre\" text_orientation_last_edited=\"on|phone\" global_colors_info=\"{}\"]<\/p>\n<h3>Sustainability<\/h3>\n<p>Find out how we incorporate tonnes of waste into production<\/p>\n<p>[\/et_pb_text][dsm_button button_one_text=\"Get to know the FELINO Environmental Commitment\" button_one_url=\"@ET-DC@eyJkeW5hbWljIjp0cnVlLCJjb250ZW50IjoicG9zdF9saW5rX3VybF9wYWdlIiwic2V0dGluZ3MiOnsicG9zdF9pZCI6IjM0MTg3In19@\" button_alignment_tablet=\"centre\" button_alignment_phone=\"centre\" button_alignment_last_edited=\"on|phone\" _builder_version=\"4.24.0\u2033 _dynamic_attributes=\"button_one_url\" _module_preset=\"default\" custom_css_button_2=\"line-height: 1.1 !important;\" global_colors_info=\"{}\" custom_css_button_1_last_edited=\"on|phone\" custom_css_button_1_phone=\"line-height: 1.1 !important;\"][\/dsm_button][\/et_pb_column][\/et_pb_row][\/et_pb_section][et_pb_section fb_built=\"1\u2033 _builder_version=\"4.23.4\u2033 _module_preset=\"default\" global_colors_info=\"{}\"][et_pb_row column_structure=\"3_5,2_5\u2033 _builder_version=\"4.23.4\u2033 _module_preset=\"default\" global_colors_info=\"{}\"][et_pb_column type=\"3_5\u2033 _builder_version=\"4.23.4\u2033 _module_preset=\"default\" global_colors_info=\"{}\"][et_pb_image src=\"https:\/\/felino.en\/wp-content\/uploads\/2023\/11\/FELINO-WRLD-MAP.png\" title_text=\"FELINO WRLD MAP\" _builder_version=\"4.23.4\u2033 _module_preset=\"default\" global_colors_info=\"{}\"][\/et_pb_image][\/et_pb_column][et_pb_column type=\"2_5\u2033 _builder_version=\"4.23.4\u2033 _module_preset=\"default\" global_colours_info=\"{}\"][et_pb_text _builder_version=\"4.25.0\u2033 _module_preset=\"default\" header_2_font=\"spartan extrabold||||||||\" header_3_font=\"|700|||||||\" header_3_font_size=\"26px\" min_height=\"24px\" custom_margin=\"100px||6px||false|false\" global_colors_info=\"{}\"]<\/p>\n<h3>88 Years of Experience.<\/h3>\n<p>[\/et_pb_text][et_pb_text _builder_version=\"4.23.4\u2033 _module_preset=\"default\" text_line_height=\"1.2em\" custom_margin=\"20px||||false|false\" global_colors_info=\"{}\"]<\/p>\n<p><strong>From Portugal to the world.\u00a0<\/strong><\/p>\n<p>FELINO is present in more than 40 countries.<\/p>\n<p>[\/et_pb_text][\/et_pb_column][\/et_pb_row][\/et_pb_section][et_pb_section fb_built=\"1\u2033 _builder_version=\"4.23.4\u2033 _module_preset=\"default\" background_color=\"#f6f6f6\u2033 global_colors_info=\"{}\"][et_pb_row _builder_version=\"4.23.4\u2033 _module_preset=\"default\" global_colors_info=\"{}\"][et_pb_column type=\"4_4\u2033 _builder_version=\"4.23.4\u2033 _module_preset=\"default\" global_colors_info=\"{}\"][et_pb_text _builder_version=\"4.23.4\u2033 _module_preset=\"default\" text_orientation=\"centre\" global_colors_info=\"{}\"]<\/p>\n<h2 style=\"text-align: center;\">FELINO Universe<\/h2>\n<p class=\"elementor-heading-title elementor-size-small\">Introducing FELINO Universe, a space where we share information about our equipment and personalised solutions for your business. Follow our presence at the next national and international trade fairs and get access to content to inspire you in the realisation of your garments.<\/p>\n<p>[\/et_pb_text][brbl_post_carousel include_categories=\"25\u2033 order=\"DESC\" post_count=\"8\u2033 layout=\"layout4\u2033 show_avatar=\"off\" show_author=\"off\" show_date=\"off\" slide_count=\"3\u2033 slide_count_tablet=\"2\u2033 slide_count_phone=\"1\u2033 slide_count_last_edited=\"on|phone\" _builder_version=\"4.25.2\u2033 _module_preset=\"default\" global_colors_info=\"{}\"][\/brbl_post_carousel][dsm_button button_one_text=\"All the news\" button_one_url=\"@ET-DC@eyJkeW5hbWljIjp0cnVlLCJjb250ZW50IjoicG9zdF9saW5rX3VybF9wYWdlIiwic2V0dGluZ3MiOnsicG9zdF9pZCI6IjMyMjUyIn19@\" button_alignment=\"centre\" button_alignment_tablet=\"centre\" button_alignment_phone=\"centre\" button_alignment_last_edited=\"off|desktop\" _builder_version=\"4.24.2\u2033 _dynamic_attributes=\"button_one_url\" _module_preset=\"default\" transform_scale=\"70%|70%\" transform_translate_linked=\"off\" custom_margin=\"||||false|false\" custom_margin_tablet=\"||0px|false|false\" custom_margin_phone=\"-50px|0px|false|false\" custom_margin_last_edited=\"off|desktop\" locked=\"off\" global_colors_info=\"{}\"][\/dsm_button][\/et_pb_column][\/et_pb_row][\/et_pb_section]<\/p>","protected":false},"excerpt":{"rendered":"<p>FELINO SADSince 1936, FELINO has been a reference in Foundry, Machining and Technical Parts Production, and is also a manufacturer of equipment, ranging from bakery and pastry machines to heating solutions such as pellet stoves, for national and international markets. Find out more about our main production areas:<div class=\"et_pb_module dsm_card dsm_card_0 et_pb_bg_layout_light dsm_card_image_animation dsm_card_image_animation_zoom_in dsm_card_layout_stacked\">\n\t\t\t\t\n\t\t\t\t\n\t\t\t\t\n\t\t\t\t\n\t\t\t\t\n\t\t\t\t\n\t\t\t\t<div class=\"et_pb_module_inner\">\n\t\t\t\t\t\n\t\t\t\n\t\t\t<figure class=\"dsm_card_image_wrapper dsm_card_badge_top_right\"><div class=\"dsm_card_image_background dsm_card_img\"><\/div><\/figure>\n\t\t\t<div class=\"et_pb_module dsm_card_wrapper et_pb_text_align_center\">\n\t\t\t\t\t\n\t\t\t\t\t<h2 class=\"dsm_card_title et_pb_module_header\">Iron Foundry<\/h2>\n\t\t\t\t\t<div class=\"dsm_card_subtitle\">Production capacity for small, medium and large series.<\/div>\n\t\t\t\t\t\n\t\t\t\t\t\n\t\t\t\t<\/div>\n\t\t\t\n\t\t\t\t<\/div>\n\t\t\t<\/div><div class=\"et_pb_module dsm_card dsm_card_1 et_pb_bg_layout_light dsm_card_image_animation dsm_card_image_animation_zoom_in dsm_card_layout_stacked\">\n\t\t\t\t\n\t\t\t\t\n\t\t\t\t\n\t\t\t\t\n\t\t\t\t\n\t\t\t\t\n\t\t\t\t<div class=\"et_pb_module_inner\">\n\t\t\t\t\t\n\t\t\t\n\t\t\t<figure class=\"dsm_card_image_wrapper dsm_card_badge_top_right\"><div class=\"dsm_card_image_background dsm_card_img\"><\/div><\/figure>\n\t\t\t<div class=\"et_pb_module dsm_card_wrapper et_pb_text_align_center\">\n\t\t\t\t\t\n\t\t\t\t\t<h2 class=\"dsm_card_title et_pb_module_header\">Machining<\/h2>\n\t\t\t\t\t<div class=\"dsm_card_subtitle\">Precision machining for the production of technical parts.<\/div>\n\t\t\t\t\t\n\t\t\t\t\t\n\t\t\t\t<\/div>\n\t\t\t\n\t\t\t\t<\/div>\n\t\t\t<\/div><div class=\"et_pb_module dsm_card dsm_card_2 et_pb_bg_layout_light dsm_card_image_animation dsm_card_image_animation_zoom_in dsm_card_layout_stacked\">\n\t\t\t\t\n\t\t\t\t\n\t\t\t\t\n\t\t\t\t\n\t\t\t\t\n\t\t\t\t\n\t\t\t\t<div class=\"et_pb_module_inner\">\n\t\t\t\t\t\n\t\t\t\n\t\t\t<figure class=\"dsm_card_image_wrapper dsm_card_badge_top_right\"><div class=\"dsm_card_image_background dsm_card_img\"><\/div><\/figure>\n\t\t\t<div class=\"et_pb_module dsm_card_wrapper et_pb_text_align_center\">\n\t\t\t\t\t\n\t\t\t\t\t<h2 class=\"dsm_card_title et_pb_module_header\">Bakery and Pastry<\/h2>\n\t\t\t\t\t<div class=\"dsm_card_subtitle\">Bakery and pastry machines with integral cast iron structure.<\/div>\n\t\t\t\t\t\n\t\t\t\t\t\n\t\t\t\t<\/div>\n\t\t\t\n\t\t\t\t<\/div>\n\t\t\t<\/div>Sustainability Learn how we incorporate tonnes of waste into production<div class=\"et_pb_module dsm_button dsm_button_0 et_pb_bg_layout_light\">\n\t\t\t\t\n\t\t\t\t\n\t\t\t\t\n\t\t\t\t\n\t\t\t\t\n\t\t\t\t\n\t\t\t\t<div class=\"et_pb_module_inner\">\n\t\t\t\t\t<div class=\"et_pb_button_module_wrappers dsm_button_0_wrapper et_pb_button_alignment_tablet_center et_pb_button_alignment_phone_center et_pb_module\">\n\t\t\t\t<a class=\"et_pb_button et_pb_button_one et_pb_bg_layout_light dsm-none\"  data-dsm-lightbox-id=\"dsm_button_one_lightbox dsm_button_0\"><span>Get to know the FELINO Environmental Commitment<\/span><\/a>\n\t\t\t<\/div>\n\t\t\t\t<\/div>\n\t\t\t<\/div>88 years of experience - from Portugal to the world.  FELINO is present in more than 40 countries.Universo FELINO Introducing Universo FELINO, a space where we share information about our equipment and personalised solutions for your business. Follow our presence at the next national and international trade fairs [...]<\/p>","protected":false},"author":5,"featured_media":36744,"parent":0,"menu_order":0,"comment_status":"closed","ping_status":"closed","template":"","meta":{"_et_pb_use_builder":"on","_et_pb_old_content":"","_et_gb_content_width":"","footnotes":""},"class_list":["post-35848","page","type-page","status-publish","has-post-thumbnail","hentry"],"_links":{"self":[{"href":"https:\/\/felino.pt\/en\/wp-json\/wp\/v2\/pages\/35848","targetHints":{"allow":["GET"]}}],"collection":[{"href":"https:\/\/felino.pt\/en\/wp-json\/wp\/v2\/pages"}],"about":[{"href":"https:\/\/felino.pt\/en\/wp-json\/wp\/v2\/types\/page"}],"author":[{"embeddable":true,"href":"https:\/\/felino.pt\/en\/wp-json\/wp\/v2\/users\/5"}],"replies":[{"embeddable":true,"href":"https:\/\/felino.pt\/en\/wp-json\/wp\/v2\/comments?post=35848"}],"version-history":[{"count":11,"href":"https:\/\/felino.pt\/en\/wp-json\/wp\/v2\/pages\/35848\/revisions"}],"predecessor-version":[{"id":37499,"href":"https:\/\/felino.pt\/en\/wp-json\/wp\/v2\/pages\/35848\/revisions\/37499"}],"wp:featuredmedia":[{"embeddable":true,"href":"https:\/\/felino.pt\/en\/wp-json\/wp\/v2\/media\/36744"}],"wp:attachment":[{"href":"https:\/\/felino.pt\/en\/wp-json\/wp\/v2\/media?parent=35848"}],"curies":[{"name":"wp","href":"https:\/\/api.w.org\/{rel}","templated":true}]}}