{"id":3,"date":"2023-06-04T22:04:13","date_gmt":"2023-06-05T01:04:13","guid":{"rendered":"https:\/\/felino.4mcomunicacao.com.br\/site\/?page_id=3"},"modified":"2024-04-20T13:08:45","modified_gmt":"2024-04-20T12:08:45","slug":"politica-de-privacidad","status":"publish","type":"page","link":"https:\/\/felino.pt\/es\/politica-de-privacidad\/","title":{"rendered":"Pol\u00edtica de privacidad"},"content":{"rendered":"<p>[et_pb_section fb_built=\"1\u2033 _builder_version=\"4.16\u2033 global_colors_info=\"{}\"][et_pb_row _builder_version=\"4.16\u2033 background_size=\"initial\" background_position=\"top_left\" background_repeat=\"repeat\" global_colors_info=\"{}\"][et_pb_column type=\"4_4\u2033 _builder_version=\"4.16\u2033 custom_padding=\"||\" global_colors_info=\"{}\" custom_padding__hover=\"||\"][et_pb_post_title meta=\"off\" featured_image=\"off\" _builder_version=\"4.22.1\u2033 _module_preset=\"default\" global_colors_info=\"{}\"][\/et_pb_post_title][et_pb_text _builder_version=\"4.22.1\u2033 text_font_size=\"13px\" text_line_height=\"1.8em\" header_2_font_size=\"25px\" header_2_line_height=\"1.7em\" background_size=\"initial\" background_position=\"top_left\" background_repeat=\"repeat\" global_colors_info=\"{}\"]<\/p>\n<p><strong>El uso y acceso a la p\u00e1gina web de FELINO est\u00e1 sujeto a la legislaci\u00f3n vigente y al siguiente conjunto de normas.<\/strong><br \/><strong>Por lo tanto, su uso implica la aceptaci\u00f3n de estas condiciones.<\/strong><\/p>\n<p>Los usuarios que introduzcan sus datos en cualquier forma en el sitio web de FELINO autorizan libre y voluntariamente a FELINO a incorporar dicha informaci\u00f3n a su base de datos y a utilizarla de acuerdo con los principios de su Pol\u00edtica de Uso.<\/p>\n<p>FELINO se compromete a no ceder nunca a terceros la informaci\u00f3n recabada. Con la excepci\u00f3n de cualquier uso abusivo por parte de terceros que tengan acceso ileg\u00edtimo a la misma.<\/p>\n<p>El usuario que voluntariamente introduzca sus datos en cualquier formulario de la web de FELINO autoriza a FELINO a remitirle informaci\u00f3n que considere de su inter\u00e9s por cualquiera de los medios disponibles para ello (correo postal, fax, tel\u00e9fono, correo electr\u00f3nico, etc.).<\/p>\n<p>FELINO garantiza a todos los Usuarios el acceso a todos los ficheros que contengan sus datos para que puedan modificar o eliminar la informaci\u00f3n previamente facilitada.<\/p>\n<p>FELINO tiene su domicilio social en Ermesinde (Portugal), por lo que cualquier tipo de acci\u00f3n legal contra ella deber\u00e1 interponerse ante un tribunal de este distrito y de conformidad con la legislaci\u00f3n portuguesa, con independencia del lugar de acceso del Usuario.<\/p>\n<p>Quedan reservados todos los derechos sobre la documentaci\u00f3n contenida en la p\u00e1gina web de FELINO. Queda expresamente prohibida su utilizaci\u00f3n, reproducci\u00f3n, copia, redifusi\u00f3n total o parcial, cualquiera que sea su finalidad y el medio o medios utilizados, sin la autorizaci\u00f3n previa y por escrito de FELINO.<\/p>\n<p>Los derechos de propiedad intelectual de la informaci\u00f3n y herramientas contenidas en la web de FELINO son de su titularidad o est\u00e1n licenciados para su uso. En ning\u00fan caso el acceso a esta informaci\u00f3n implica autorizaci\u00f3n para su reproducci\u00f3n y\/o distribuci\u00f3n sin el previo consentimiento por escrito de FELINO.<\/p>\n<p>Los datos, informaciones, textos, gr\u00e1ficos o v\u00ednculos son recopilados con efectos meramente informativos, no siendo FELINO responsable de la exhaustividad, integridad o exactitud de los mismos. FELINO no asume responsabilidad alguna por los errores o discrepancias que pudiesen existir entre la versi\u00f3n electr\u00f3nica y la versi\u00f3n escrita.<\/p>\n<p>FELINO no ser\u00e1 responsable de ning\u00fan da\u00f1o, directo o indirecto, derivado del uso de la informaci\u00f3n contenida en su p\u00e1gina web.<br \/>La informaci\u00f3n disponible en el Sitio Web de FELINO es totalmente gratuita para sus Usuarios y el simple acceso al mismo no supone entablar ning\u00fan tipo de relaci\u00f3n de car\u00e1cter comercial o profesional entre los Usuarios y FELINO.<\/p>\n<p>Los enlaces (Links) e hipertexto que posibiliten, a trav\u00e9s del sitio web de FELINO, acceder al Usuario a prestaciones y servicios ofrecidos por otras entidades, no pertenecen ni se encuentran bajo el control de FELINO; dicha entidad no se hace responsable ni de la informaci\u00f3n contenida en los mismos ni de cualesquiera relaciones contractuales que pudieran derivarse entre las partes. Tampoco implican patrocinio alguno por parte de FELINO.<\/p>\n<p>La informaci\u00f3n profesional disponible en la web de FELINO se publica con el \u00fanico objetivo de dar a conocer sus \u00e1reas de intervenci\u00f3n y metodolog\u00edas, permitiendo a los usuarios conocer de forma concreta su potencial y los beneficios que puede aportar a su empresa.<\/p>\n<p>En ning\u00fan caso la informaci\u00f3n facilitada podr\u00e1 ser considerada o utilizada como sustitutiva de un asesoramiento t\u00e9cnico profesional. Por ello, antes de tomar cualquier decisi\u00f3n u optar por cualquier actuaci\u00f3n, deber\u00e1 ponerse en contacto con FELINO que estudiar\u00e1 con detalle sus caracter\u00edsticas particulares.<\/p>\n<p>FELINO se reserva la facultad de efectuar, en cualquier momento y sin previo aviso, modificaciones de la informaci\u00f3n contenida en su web o en la configuraci\u00f3n y presentaci\u00f3n de \u00e9ste.<\/p>\n<p>FELINO no asume, m\u00e1s all\u00e1 de su buena fe, ning\u00fan tipo de compromiso de actualizaci\u00f3n de la informaci\u00f3n y servicios contenidos en su web.<br \/>Debido a la naturaleza abierta de Internet, los Usuarios pueden enviar cualquier tipo de informaci\u00f3n a FELINO siempre que lo deseen. En ning\u00fan caso deber\u00e1 enviar informaci\u00f3n confidencial, reservada o que no sea de su propiedad. La informaci\u00f3n enviada libremente a FELINO podr\u00e1 ser utilizada sin notificaci\u00f3n previa a su autor y de la forma que se estime conveniente.<\/p>\n<p>Todas las marcas y nombres de productos utilizados en la p\u00e1gina web de FELINO son propiedad, marcas comerciales o marcas registradas de sus respectivas empresas.<\/p>\n<h2>Pol\u00edtica de uso<\/h2>\n<p>El objetivo de la p\u00e1gina web de FELINO es facilitar el conocimiento de la empresa, sus valores fundamentales y los servicios que presta.<\/p>\n<p>La recogida de datos personales se ha convertido en un elemento habitual en las estrategias de las empresas en Internet. Por este motivo, muchos Usuarios se muestran reticentes cuando se les solicitan sus datos personales o profesionales sin saber con qu\u00e9 finalidad. Para contrarrestar esta situaci\u00f3n, FELINO ha elaborado una \"Pol\u00edtica de Uso\" que aclara cuatro cuestiones esenciales para todos los usuarios de su p\u00e1gina web:<\/p>\n<p><strong>\u00bfC\u00f3mo se recoge la informaci\u00f3n?<\/strong><br \/><strong>\u00bfQu\u00e9 informaci\u00f3n se recoge?<\/strong><br \/><strong>\u00bfPara qu\u00e9 sirve esta informaci\u00f3n?<\/strong><br \/><strong>\u00bfQu\u00e9 l\u00edmites puede poner el usuario a esta recogida de datos?<\/strong><\/p>\n<p>FELINO solicita poca informaci\u00f3n a los usuarios de su p\u00e1gina web. En cualquier caso, es exclusivamente con fines profesionales. La informaci\u00f3n recogida es b\u00e1sica: nombre, empresa, funci\u00f3n, direcci\u00f3n de correo electr\u00f3nico, asunto. Sin embargo, la simple visita a nuestro sitio no implica que se registre ning\u00fan dato. Esto s\u00f3lo ocurre cuando el usuario desea acceder a \u00e1reas espec\u00edficas del sitio: suscribirse a nuestro bolet\u00edn, enviar sugerencias, etc.<\/p>\n<p><strong>Como usuario de nuestro sitio web, puede enviarnos informaci\u00f3n personal cuando:<\/strong><\/p>\n<p>a. Suscribirse a cualquiera de nuestros servicios de informaci\u00f3n;<br \/>b. Manifestar la intenci\u00f3n de suscribirse a cualquiera de los servicios disponibles;<br \/>c. Comunicarse con nuestra empresa y sus empleados;<br \/>d. Enviar sugerencias.<\/p>\n<p>Toda la informaci\u00f3n recabada quedar\u00e1 registrada en una base de datos propiedad de FELINO y destinada a su uso exclusivo. El Usuario podr\u00e1, en todo momento, acceder a sus datos, rectificarlos o cancelarlos. En ning\u00fan caso FELINO ceder\u00e1 o vender\u00e1 la informaci\u00f3n recogida a otras organizaciones.<\/p>\n<p><strong>FELINO garantiza que la recogida de datos se realizar\u00e1 siempre con el previo y libre consentimiento del Usuario. No obstante, FELINO no se hace responsable del acceso ileg\u00edtimo a dicha informaci\u00f3n.<\/strong><\/p>\n<p>[\/et_pb_text][\/et_pb_column][\/et_pb_row][\/et_pb_section]<\/p>","protected":false},"excerpt":{"rendered":"<p>M\u00e1s informaci\u00f3n sobre la Pol\u00edtica de Privacidad de FELINO S.A.<\/p>","protected":false},"author":5,"featured_media":36744,"parent":0,"menu_order":0,"comment_status":"closed","ping_status":"open","template":"","meta":{"_et_pb_use_builder":"on","_et_pb_old_content":"<p><strong>O uso e acesso \u00e0 pagina da FELINO encontra-se submetido \u00e0 legisla\u00e7\u00e3o em vigor e ao conjunto de normas que se seguem.<\/strong><br \/><strong>A sua utiliza\u00e7\u00e3o sup\u00f5e, portanto, a aceita\u00e7\u00e3o destes termos e condi\u00e7\u00f5es.<\/strong><\/p><p>O Utilizador que introduza os seus dados em qualquer formul\u00e1rio da P\u00e1gina da FELINO, autoriza-a, livre e voluntariamente, a incorporar essas informa\u00e7\u00f5es na sua base de dados e \u00e0 sua utiliza\u00e7\u00e3o de acordo com os princ\u00edpios da respectiva Pol\u00edtica de Utiliza\u00e7\u00e3o.<\/p><p>A FELINO compromete-se a nunca ceder as informa\u00e7\u00f5es recolhidas a terceiros. Exceptua-se qualquer uso abusivo de terceiros que a elas tenham acesso de forma ileg\u00edtima.<\/p><p>O Utilizador que voluntariamente introduza os seus dados em qualquer formul\u00e1rio da p\u00e1gina da FELINO, autoriza-a a enviar-lhe informa\u00e7\u00e3o considerada de seu interesse por qualquer das vias dispon\u00edveis para esse efeito (correio, fax, telefone, e-mail, etc.).<\/p><p>A FELINO garante a todos os Utilizadores o acesso a todos os ficheiros em que os seus dados se encontrem para que as informa\u00e7\u00f5es prestadas anteriormente sejam modificadas ou eliminadas.<\/p><p>A FELINO tem a sua sede social em Ermesinde (Portugal), o que sup\u00f5e que qualquer tipo de ac\u00e7\u00e3o legal que lhe seja movida ter\u00e1 de ser feita num Tribunal desta Comarca e de acordo com a legisla\u00e7\u00e3o portuguesa, independentemente do local de acesso do Utilizador.<\/p><p>Est\u00e3o reservados todos os direitos sobre a documenta\u00e7\u00e3o contida na p\u00e1gina da FELINO. S\u00e3o expressamente proibidas a utiliza\u00e7\u00e3o, reprodu\u00e7\u00e3o, c\u00f3pia, re-distribui\u00e7\u00e3o total ou parcial desta informa\u00e7\u00e3o, qualquer que seja a finalidade e o(s) meio(s) utilizado(s), sem autoriza\u00e7\u00e3o escrita pr\u00e9via da FELINO.<\/p><p>O Copyright das informa\u00e7\u00f5es e ferramentas contidas na p\u00e1gina da FELINO \u00e9 sua propriedade ou beneficia de licen\u00e7a de utiliza\u00e7\u00e3o. O acesso \u00e0s mesmas n\u00e3o implica, em caso algum, a autoriza\u00e7\u00e3o para a sua reprodu\u00e7\u00e3o e\/ou distribui\u00e7\u00e3o sem o consentimento escrito e pr\u00e9vio da FELINO.<\/p><p>Os dados, informa\u00e7\u00f5es, textos, gr\u00e1ficos ou v\u00ednculos (links) s\u00e3o recolhidos com efeitos meramente informativos, n\u00e3o sendo a FELINO respons\u00e1vel pela sua integridade, exaust\u00e3o ou exactid\u00e3o. A FELINO n\u00e3o assume nenhum tipo de responsabilidade por eventuais erros bem como por eventuais discrep\u00e2ncias ou desfasamentos que possam existir entre a sua vers\u00e3o electr\u00f3nica e a respectiva vers\u00e3o escrita.<\/p><p>A FELINO n\u00e3o ser\u00e1 respons\u00e1vel por qualquer preju\u00edzo, directo ou indirecto, derivado do uso da informa\u00e7\u00e3o contida na sua p\u00e1gina na Internet.<br \/>A informa\u00e7\u00e3o dispon\u00edvel na p\u00e1gina da FELINO \u00e9 totalmente gratuita para os seus Utilizadores e o simples acesso \u00e0 mesma n\u00e3o cria nenhum tipo de rela\u00e7\u00e3o comercial ou profissional entre os Utilizadores e a FELINO.<\/p><p>As liga\u00e7\u00f5es (links) e o hipertexto que a p\u00e1gina da FELINO mant\u00e9m e que permitem ao Utilizador aceder a servi\u00e7os de outras entidades n\u00e3o est\u00e3o sob o controle da FELINO, pelo que n\u00e3o se responsabiliza pelas informa\u00e7\u00f5es que lhes forem prestadas bem como por qualquer rela\u00e7\u00e3o contratual que possa surgir entre as partes. Tamb\u00e9m n\u00e3o significam qualquer patroc\u00ednio da FELINO.<\/p><p>A informa\u00e7\u00e3o profissional dispon\u00edvel na p\u00e1gina da FELINO edita-se com o \u00fanico objectivo de dar a conhecer as suas \u00e1reas de interven\u00e7\u00e3o e metodologias, possibilitando ao Utilizador um conhecimento concreto das suas potencialidades e dos benef\u00edcios que podem resultar para a sua empresa.<\/p><p>Em caso algum as informa\u00e7\u00f5es prestadas podem ser consideradas ou utilizadas como substitutos de consultoria t\u00e9cnica de \u00edndole profissional. Assim, antes de tomar qualquer decis\u00e3o ou optar por uma qualquer ac\u00e7\u00e3o, dever\u00e1 contactar a FELINO que estudar\u00e1, de modo particular, as suas caracter\u00edsticas especiais.<\/p><p>A FELINO reserva-se o direito de alterar, em qualquer momento e sem aviso pr\u00e9vio, as informa\u00e7\u00f5es contidas na sua p\u00e1gina ou a sua configura\u00e7\u00e3o e apresenta\u00e7\u00e3o.<\/p><p>A FELINO n\u00e3o assume, para al\u00e9m da boa f\u00e9, qualquer tipo de compromisso na actualiza\u00e7\u00e3o da informa\u00e7\u00e3o e dos servi\u00e7os contidos na sua p\u00e1gina.<br \/>Devido \u00e0 natureza aberta da Internet, o Utilizador poder\u00e1 enviar qualquer tipo de informa\u00e7\u00e3o \u00e0 FELINO sempre que o deseje. Em caso algum dever\u00e1 enviar informa\u00e7\u00f5es confidenciais, reservadas ou outras que n\u00e3o sejam sua propriedade. As informa\u00e7\u00f5es livremente enviadas \u00e0 FELINO poder\u00e3o ser utilizadas sem pr\u00e9via notifica\u00e7\u00e3o do autor e da forma que se julgue oportuna.<\/p><p>As marcas e nomes de produtos eventualmente utilizados na p\u00e1gina da FELINO s\u00e3o propriedade, marcas comerciais ou marcas comerciais registadas das respectivas companhias.<\/p><h2>Pol\u00edtica de Utiliza\u00e7\u00e3o<\/h2><p>A p\u00e1gina da FELINO na Internet tem por objectivo facilitar o conhecimento da Empresa, dos seus valores fundamentais e dos servi\u00e7os prestados.<\/p><p>A recolha de dados pessoais converteu-se num elemento comum nas estrat\u00e9gias das empresas presentes na Internet. Por isso, muitos Utilizadores est\u00e3o relutantes quando lhe s\u00e3o solicitados os seus dados pessoais ou profissionais sem saberem quais os fins a que se destinam. Contrariando esta situa\u00e7\u00e3o, a FELINO elaborou uma \"Pol\u00edtica de Utiliza\u00e7\u00e3o\" em que se esclarecem todos os Utilizadores da sua p\u00e1gina acerca de quatro quest\u00f5es essenciais:<\/p><p><strong>Como \u00e9 a informa\u00e7\u00e3o recolhida?<\/strong><br \/><strong>Qual a informa\u00e7\u00e3o que \u00e9 recolhida?<\/strong><br \/><strong>Para que serve essa informa\u00e7\u00e3o?<\/strong><br \/><strong>Quais os limites que o Utilizador pode estabelecer face a essa recolha de dados?<\/strong><\/p><p>A FELINO solicita pouca informa\u00e7\u00e3o aos Utilizadores da sua p\u00e1gina. E, em qualquer caso, destina-se, exclusivamente, a fins profissionais. A informa\u00e7\u00e3o recolhida \u00e9 b\u00e1sica: nome, empresa, fun\u00e7\u00e3o, e-mail, assunto. Contudo, a simples visita \u00e0 nossa p\u00e1gina n\u00e3o implica o registo de qualquer dado. Isso s\u00f3 acontece quando o Utilizador pretende ter acesso a \u00e1reas espec\u00edficas da p\u00e1gina: subscri\u00e7\u00e3o do nosso boletim, envio de sugest\u00f5es, etc.<\/p><p><strong>Como Utilizador da nossa p\u00e1gina pode enviar-nos informa\u00e7\u00e3o pessoal quando:<\/strong><\/p><p>a. Subscrever qualquer um dos nossos servi\u00e7os informativos;<br \/>b. Manifestar inten\u00e7\u00e3o de subscrever qualquer um dos servi\u00e7os dispon\u00edveis;<br \/>c. Comunicar com a nossa empresa e respectivos colaboradores;<br \/>d. Enviar sugest\u00f5es.<\/p><p>Todas as informa\u00e7\u00f5es recolhidas ser\u00e3o registadas numa base de dados que \u00e9 propriedade da FELINO e se destina ao seu uso exclusivo. O Utilizador pode, em qualquer momento, aceder aos seus dados, rectific\u00e1-los ou elimin\u00e1-los. Em caso algum a FELINO ceder\u00e1 ou vender\u00e1 a outras entidades as informa\u00e7\u00f5es recolhidas.<\/p><p><strong>A FELINO garante que a recolha de informa\u00e7\u00f5es ser\u00e1 sempre feita com o pr\u00e9vio e livre consentimento do Utilizador. A FELINO n\u00e3o pode, contudo, ser responsabilizada pelo acesso ileg\u00edtimo a estas informa\u00e7\u00f5es.<\/strong><\/p>","_et_gb_content_width":"","footnotes":""},"class_list":["post-3","page","type-page","status-publish","has-post-thumbnail","hentry"],"_links":{"self":[{"href":"https:\/\/felino.pt\/es\/wp-json\/wp\/v2\/pages\/3","targetHints":{"allow":["GET"]}}],"collection":[{"href":"https:\/\/felino.pt\/es\/wp-json\/wp\/v2\/pages"}],"about":[{"href":"https:\/\/felino.pt\/es\/wp-json\/wp\/v2\/types\/page"}],"author":[{"embeddable":true,"href":"https:\/\/felino.pt\/es\/wp-json\/wp\/v2\/users\/5"}],"replies":[{"embeddable":true,"href":"https:\/\/felino.pt\/es\/wp-json\/wp\/v2\/comments?post=3"}],"version-history":[{"count":2,"href":"https:\/\/felino.pt\/es\/wp-json\/wp\/v2\/pages\/3\/revisions"}],"predecessor-version":[{"id":36761,"href":"https:\/\/felino.pt\/es\/wp-json\/wp\/v2\/pages\/3\/revisions\/36761"}],"wp:featuredmedia":[{"embeddable":true,"href":"https:\/\/felino.pt\/es\/wp-json\/wp\/v2\/media\/36744"}],"wp:attachment":[{"href":"https:\/\/felino.pt\/es\/wp-json\/wp\/v2\/media?parent=3"}],"curies":[{"name":"wp","href":"https:\/\/api.w.org\/{rel}","templated":true}]}}