{"id":31979,"date":"2023-06-26T15:44:13","date_gmt":"2023-06-26T14:44:13","guid":{"rendered":"https:\/\/felino.4mcomunicacao.com.br\/site\/?page_id=31979"},"modified":"2024-10-30T13:01:48","modified_gmt":"2024-10-30T13:01:48","slug":"maquinas-de-panaderia-y-pasteleria","status":"publish","type":"page","link":"https:\/\/felino.pt\/es\/maquinas-de-panaderia-y-pasteleria\/","title":{"rendered":"M\u00e1quinas de panader\u00eda y pasteler\u00eda"},"content":{"rendered":"<p>[et_pb_section fb_built=\"1\u2033 fullwidth=\"on\" _builder_version=\"4.23.1\u2033 _module_preset=\"default\" global_colors_info=\"{}\"][et_pb_fullwidth_image src=\"https:\/\/felino.pt\/wp-content\/uploads\/2023\/12\/Maquinas-de-Padaria-e-Pastelaria-FELINO-banner.png\" alt=\"M\u00e1quinas de panader\u00eda y pasteler\u00eda FELINO\" title_text=\"M\u00e1quinas de panader\u00eda y pasteler\u00eda-FELINO-banner\" _builder_version=\"4.23.1\u2033 _module_preset=\"default\" global_colors_info=\"{}\"][\/et_pb_fullwidth_image][\/et_pb_section][et_pb_section fb_built=\"1\u2033 _builder_version=\"4.22.2\u2033 _module_preset=\"default\" background_color=\"#FFFF\" locked=\"off\" global_colors_info=\"{}\"][et_pb_row _builder_version=\"4.22.2\u2033 _module_preset=\"default\" global_colors_info=\"{}\"][et_pb_column type=\"4_4\u2033 _builder_version=\"4.21.0\u2033 _module_preset=\"default\" global_colors_info=\"{}\"][et_pb_text _builder_version=\"4.21.0\u2033 _module_preset=\"default\" global_colors_info=\"{}\"][et_pb_text _builder_version=\"4.24.0\u2033 _module_preset=\"default\" header_font=\"|600|||||||\" header_font_size=\"26px\" header_line_height=\"1.4em\" header_2_font=\"Poppins|600|||||||\" header_2_font_size=\"21px\" header_3_font=\"spartan semibold||||||||\" header_3_font_size=\"18px\" header_3_line_height=\"1.4em\" global_colors_info=\"{}\"]<\/p>\n<h1 class=\"h1\" style=\"text-align: center;\"><strong>M\u00e1quinas de panader\u00eda y pasteler\u00eda<\/strong><\/h1>\n<h3 class=\"h1\" style=\"text-align: center;\">Descubra una gama completa de equipos adaptados a sus necesidades<\/h3>\n<p>[\/et_pb_text][\/et_pb_column][\/et_pb_row][et_pb_row column_structure=\u201d1_3,1_3,1_3\u2033 _builder_version=\u201d4.24.0\u2033 _module_preset=\"default\" transform_translate_linked=\"off\" width=\"100%\" global_colors_info=\"{}\"][et_pb_column type=\"1_3\u2033 _builder_version=\"4.21.0\u2033 _module_preset=\"default\" global_colors_info=\"{}\"][dsm_card title=\"Mezcladora en espiral\" subtitle=\"Mezcladora en espiral disponible con cuba fija o m\u00f3vil.\" image=\"https:\/\/felino.pt\/wp-content\/uploads\/2023\/12\/Amassadeira-Espiral-FELINO-Tina-Fixa-SL_1.png\" image_background_height=\"300px\" image_background_position=\"bottom\" image_background_animation=\"zoom_in\" image_width=\"100%\" badge_url=\"@ET-DC@eyJkeW5hbWljIjp0cnVlLCJjb250ZW50IjoicG9zdF9saW5rX3VybF9wYWdlIiwic2V0dGluZ3MiOnsicG9zdF9pZCI6IjMyMjEzIn19@\" alt=\"Amasadora de horquilla, FELINO, m\u00e1quinas de panader\u00eda, m\u00e1quinas de pasteler\u00eda, amasadora de horquilla con bol m\u00f3vil\" content_padding=\"|10px|||10px|false|true\" button_url_new_window=\"1\u2033 admin_label=\"Tarjeta Suprema\" _builder_version=\"4.24.0\u2033 _dynamic_attributes=\"link_option_url,badge_url\" _module_preset=\"default\" header_level=\"h2\u2033 header_font=\"spartan semibold|600|||||||\" header_text_align=\"left\" header_text_color=\"#3A3A\" header_font_size=\"20px\" subhead_font=\"||||||||\" subhead_text_align=\"left\" subhead_font_size=\"13px\" background_color=\"#f6f6\u2033 z_index=\"234\u2033 module_alignment=\"center\" custom_margin=\"||||true|true\" custom_padding=\"10px|10px|10px|true|false\" animation_style=\"fade\" link_option_url=\"@ET-DC@eyJkeW5hbWljIjp0cnVlLCJjb250ZW50IjoicG9zdF9saW5rX3VybF9wYWdlIiwic2V0dGluZ3MiOnsicG9zdF9pZCI6IjMyMjEzIn19@\" header_text_align_tablet=\"center\" header_text_align_phone=\"center\" header_text_align_last_edited=\"on|tablet\" subhead_text_align_tablet=\"center\" subhead_text_align_phone=\"center\" subhead_text_align_last_edited=\"on|phone\" border_radii=\"on|5px|5px|5px|5px\" border_color_all=\"#3A3A3A\" border_radii_image=\"on|5px|5px|5px\" global_colors_info=\"{}\"][\/dsm_card][\/et_pb_column][et_pb_column type=\"1_3\u2033 _builder_version=\"4.21.0\u2033 _module_preset=\"default\" global_colors_info=\"{}\"][dsm_card title=\"Amasadora de horquilla\" subtitle=\"Amasadoras de horquilla disponibles con bol fijo o m\u00f3vil.\" image=\"https:\/\/felino.pt\/wp-content\/uploads\/2023\/12\/Amassadeira-Garfo-FELINO-Tina-Fixa.png\" image_background_height=\"300px\" image_background_position=\"bottom\" image_background_animation=\"zoom_in\" image_width=\"100%\" badge_url=\"@ET-DC@eyJkeW5hbWljIjp0cnVlLCJjb250ZW50IjoicG9zdF9saW5rX3VybF9wYWdlIiwic2V0dGluZ3MiOnsicG9zdF9pZCI6IjMyMjEzIn19@\" alt=\"Amasadora de horquilla FELINO Tina Fixa\" content_padding=\"|10px||10px|false|true\" button_url_new_window=\"1\u2033 admin_label=\"Tarjeta Suprema\" _builder_version=\"4.24.0\u2033 _dynamic_attributes=\"link_option_url,badge_url\" _module_preset=\"default\" header_level=\"h2\u2033 header_font=\"spartan semibold|600|||||||\" header_text_align=\"left\" header_text_color=\"#3A3A\" header_font_size=\"20px\" subhead_font=\"||||||||\" subhead_text_align=\"left\" subhead_font_size=\"13px\" background_color=\"#f6f6\u2033 z_index=\"234\u2033 module_alignment=\"center\" custom_margin=\"||||true|true\" custom_padding=\"10px|10px|10px|true|false\" animation_style=\"fade\" link_option_url=\"@ET-DC@eyJkeW5hbWljIjp0cnVlLCJjb250ZW50IjoicG9zdF9saW5rX3VybF9wYWdlIiwic2V0dGluZ3MiOnsicG9zdF9pZCI6IjM1NjcyIn19@\" header_text_align_tablet=\"center\" header_text_align_phone=\"center\" header_text_align_last_edited=\"on|phone\" subhead_text_align_tablet=\"center\" subhead_text_align_phone=\"center\" subhead_text_align_last_edited=\"on|phone\" border_radii=\"on|5px|5px|5px|5px\" border_color_all=\"#3A3A3A\" border_radii_image=\"on|5px|5px|5px\" global_colors_info=\"{}\"][\/dsm_card][\/et_pb_column][et_pb_column type=\"1_3\u2033 _builder_version=\"4.21.0\u2033 _module_preset=\"default\" global_colors_info=\"{}\"][dsm_card title=\"Mezcladoras\" subtitle=\"Mezcladoras planetarias disponibles en modelos base o ergon\u00f3micos.\" image=\"https:\/\/felino.pt\/wp-content\/uploads\/2024\/04\/Batedeira-PM40.png\" image_background_height=\"300px\" image_background_position=\"bottom\" image_background_animation=\"zoom_in\" image_width=\"100%\" badge_url=\"@ET-DC@eyJkeW5hbWljIjp0cnVlLCJjb250ZW50IjoicG9zdF9saW5rX3VybF9wYWdlIiwic2V0dGluZ3MiOnsicG9zdF9pZCI6IjMxOTgxIn19@\" alt=\"Mezclador PM40, Mixer, Feline\" content_padding=\"|10px||10px|false|true\" button_url_new_window=\"1\u2033 _builder_version=\"4.25.0\u2033 _dynamic_attributes=\"link_option_url,badge_url\" _module_preset=\"default\" header_level=\"h2\u2033 header_font=\"spartan semibold|600|||||||\" header_text_align=\"left\" header_text_color=\"#3A3A\" header_font_size=\"20px\" subhead_font=\"||||||||\" subhead_text_align=\"left\" subhead_font_size=\"13px\" background_color=\"#f6f6\u2033 z_index=\"234\u2033 module_alignment=\"center\" custom_margin=\"||||true|true\" custom_padding=\"10px|10px|10px|true|false\" animation_style=\"fade\" link_option_url=\"@ET-DC@eyJkeW5hbWljIjp0cnVlLCJjb250ZW50IjoicG9zdF9saW5rX3VybF9wYWdlIiwic2V0dGluZ3MiOnsicG9zdF9pZCI6IjMxOTgxIn19@\" header_text_align_tablet=\"center\" header_text_align_phone=\"center\" header_text_align_last_edited=\"on|tablet\" subhead_text_align_tablet=\"center\" subhead_text_align_phone=\"center\" subhead_text_align_last_edited=\"on|phone\" border_radii=\"on|5px|5px|5px\" border_color_all=\"#3A3A3A\" border_radii_image=\"on|5px|5px|5px|5px\" global_colors_info=\"{}\"][\/dsm_card][\/et_pb_column][\/et_pb_row][\/et_pb_section][et_pb_section fb_built=\"1\u2033 admin_label=\"RMi\" _builder_version=\"4.24.0\u2033 _module_preset=\"default\" background_color=\"#cecece\" custom_margin_tablet=\"\" custom_margin_phone=\"||||false|false\" custom_margin_last_edited=\"on|phone\" custom_padding=\"20px||||false|false\" locked=\"off\" global_colors_info=\"{}\"][et_pb_row column_structure=\"2_5,3_5\u2033 _builder_version=\"4.23.1\u2033 _module_preset=\"default\" global_colors_info=\"{}\"][et_pb_column type=\"2_5\u2033 _builder_version=\"4.23.1\u2033 _module_preset=\"default\" global_colors_info=\"{}\"][et_pb_text _builder_version=\"4.23.1\u2033 _module_preset=\"default\" global_colors_info=\"{}\"][et_pb_text _builder_version=\"4.24.2\u2033 _module_preset=\"default\" text_line_height=\"1.8em\" header_line_height=\"1.2em\" header_2_text_align=\"right\" header_2_line_height=\"1.3em\" text_orientation=\"derecha\" header_2_text_align_tablet=\"centro\" header_2_text_align_phone=\"centro\" header_2_text_align_last_edited=\"on|phone\" text_orientation_tablet=\"centro\" text_orientation_phone=\"centro\" text_orientation_last_edited=\"on|phone\" global_colors_info=\"{}\"]<\/p>\n<h2>Descubra la \u00fanica amasadora espiral hueca de acero inoxidable del mundo<\/h2>\n<p>La amasadora espiral de artesaa fija FELINO RFi con bastidor hueco integral de acero inoxidable es una m\u00e1quina robusta y silenciosa con un dise\u00f1o ergon\u00f3mico y redondeado.<\/p>\n<p>Este modelo est\u00e1 preparado para trabajar en cualquier entorno y garantiza el mejor rendimiento sin problemas de oxidaci\u00f3n.<\/p>\n<p>[\/et_pb_text][dsm_button button_one_text=\"Obtener informaci\u00f3n\" button_one_url=\"@ET-DC@eyJkeW5hbWljIjp0cnVlLCJjb250ZW50IjoicG9zdF9saW5rX3VybF9wYWdlIiwic2V0dGluZ3MiOnsicG9zdF9pZCI6IjMyMjY1In19@\" button_alignment=\"right\" button_alignment_tablet=\"center\" button_alignment_phone=\"center\" button_alignment_last_edited=\"on|phone\" _builder_version=\"4.24.0\u2033 _dynamic_attributes=\"button_one_url\" _module_preset=\"default\" transform_scale=\"70%|70%\" transform_translate_linked=\"off\" custom_margin=\"|-70px||0px|false|false\" custom_margin_tablet=\"|0px||false|false\" custom_margin_phone=\"||0px||false|false\" custom_margin_last_edited=\"on|desktop\" custom_padding=\"||0px|false|false\" global_colors_info=\"{}\"][\/dsm_button][\/et_pb_column][et_pb_column type=\"3_5\u2033 _builder_version=\"4.23.1\u2033 _module_preset=\"default\" custom_padding=\"30px||||false|false\" global_colors_info=\"{}\"][et_pb_image src=\"https:\/\/felino.pt\/wp-content\/uploads\/2023\/11\/Amassadeira-FELINO-RMi-e1699877970240.png\" alt=\"Mezcladora FELINO RMi, FELINO, m\u00e1quinas de panader\u00eda, m\u00e1quinas de acero inoxidable\" title_text=\"Mezcladora FELINO RMi\" _builder_version=\"4.23.1\u2033 _module_preset=\"default\" global_colors_info=\"{}\"][\/et_pb_image][\/et_pb_column][\/et_pb_row][\/et_pb_section][et_pb_section fb_built=\"1\u2033 admin_label=\"Laminadora, elevadora y ralladora\" _builder_version=\"4.23.1\u2033 _module_preset=\"default\" global_colors_info=\"{}\"][et_pb_row column_structure=\"1_4,1_4,1_4,1_4\u2033 use_custom_gutter=\"on\" gutter_width=\"2\u2033 _builder_version=\"4.24.0\u2033 _module_preset=\"default\" width=\"100%\" max_width=\"1400px\" custom_margin_tablet=\"\" custom_margin_phone=\"\" custom_margin_last_edited=\"on|phone\" custom_padding=\"|30px||30px|false|true\" global_colors_info=\"{}\"][et_pb_column type=\"1_4\u2033 _builder_version=\"4.23.1\u2033 _module_preset=\"default\" global_colors_info=\"{}\"][et_pb_image src=\"https:\/\/felino.pt\/wp-content\/uploads\/2023\/11\/laminador-01.jpg\" alt=\"laminadora de masa FELINO\" title_text=\"laminadora-01\u2033 force_fullwidth=\"on\" _builder_version=\"4.23.1\u2033 _module_preset=\"default\" global_colors_info=\"{}\"][\/et_pb_image][et_pb_text _builder_version=\"4.23.1\u2033 _module_preset=\"default\" text_font_size=\"13px\" header_line_height=\"1.5em\" header_2_font=\"||on|||||\" header_2_text_align=\"center\" header_2_font_size=\"18px\" header_2_line_height=\"1.4em\" text_orientation=\"centre\" global_colors_info=\"{}\"]<\/p>\n<h2>Laminadora de Masas<\/h2>\n<p><strong>Consistencia y versatilidad para su panader\u00eda o pasteler\u00eda.<\/strong> Presentamos la laminadora FELINO, una herramienta esencial para producir masas de alta calidad en su panader\u00eda o pasteler\u00eda.<\/p>\n<p>[\/et_pb_text][et_pb_button button_url=\"@ET-DC@eyJkeW5hbWljIjp0cnVlLCJjb250ZW50IjoicG9zdF9saW5rX3VybF9wb3N0Iiwic2V0dGluZ3MiOnsicG9zdF9pZCI6IjMyODk1In19@\" button_text=\"M\u00e1s informaci\u00f3n\" button_alignment=\"centre\" _builder_version=\"4.23.1\u2033 _dynamic_attributes=\"button_url\" _module_preset=\"default\" custom_button=\"on\" button_text_size=\"12px\" button_text_color=\"#FFFF\" button_bg_color=\"#EF8D23\u2033 button_font=\"spartan medium||||||||\" custom_padding=\"10px|25px|10px|25px|true|true\" box_shadow_style=\"preset3\u2033 global_colors_info=\"{}\" button_bg_color__hover_enabled=\"on|hover\" button_bg_color__hover=\"#7A1315\u2033 button_bg_enable_color__hover=\"on\" button_text_color__hover_enabled=\"on|desktop\" button_text_color__hover=\"#FFFFFF\"][\/et_pb_button][\/et_pb_column][et_pb_column type=\"1_4\u2033 _builder_version=\"4.23.1\u2033 _module_preset=\"default\" global_colours_info=\"{}\"][et_pb_image src=\"https:\/\/felino.pt\/wp-content\/uploads\/2023\/11\/divisora-02.jpg\" alt=\"Divisora autom\u00e1tica, Divisora autom\u00e1tica FELINO\" title_text=\"divisora-02\u2033 force_fullwidth=\"on\" _builder_version=\"4.23.1\u2033 _module_preset=\"default\" global_colors_info=\"{}\"][\/et_pb_image][et_pb_text _builder_version=\"4.23.1\u2033 _dynamic_attributes=\"link_option_url\" _module_preset=\"default\" text_font_size=\"13px\" header_line_height=\"1.5em\" header_2_font=\"||on|||||\" header_2_text_align=\"center\" header_2_font_size=\"18px\" header_2_line_height=\"1.4em\" text_orientation=\"center\" link_option_url=\"@ET-DC@eyJkeW5hbWljIjp0cnVlLCJjb250ZW50IjoicG9zdF9saW5rX3VybF9wYWdlIiwic2V0dGluZ3MiOnsicG9zdF9pZCI6IjMyMjMxIn19@\" global_colors_info=\"{}\"]<\/p>\n<h2>Divisora Boleadora<\/h2>\n<p><strong>Sin\u00f3nimo de precisi\u00f3n, garantizan la divisi\u00f3n y el moldeado exactos de cada pieza de masa.<\/strong><span> Los divisores de bobinas est\u00e1n fabricados en hierro fundido para garantizar su robustez y longevidad.<\/span><\/p>\n<p>[\/et_pb_text][et_pb_button button_url=\"@ET-DC@eyJkeW5hbWljIjp0cnVlLCJjb250ZW50IjoicG9zdF9saW5rX3VybF9wYWdlIiwic2V0dGluZ3MiOnsicG9zdF9pZCI6IjMyMjMxIn19@\" button_text=\"M\u00e1s informaci\u00f3n\" button_alignment=\"center\" _builder_version=\"4.25.0\u2033 _dynamic_attributes=\"button_url\" _module_preset=\"default\" custom_button=\"on\" button_text_size=\"12px\" button_text_color=\"#FFFF\" button_bg_color=\"#EF8D23\u2033 button_font=\"spartan medium||||||||\" custom_padding=\"10px|25px|10px|25px|true|true\" box_shadow_style=\"preset3\u2033 global_colors_info=\"{}\" button_bg_color__hover_enabled=\"on|hover\" button_bg_color__hover=\"#7A1315\u2033 button_bg_enable_color__hover=\"on\" button_text_color__hover_enabled=\"on|desktop\" button_text_color__hover=\"#FFFFFF\"][\/et_pb_button][\/et_pb_column][et_pb_column type=\"1_4\u2033 _builder_version=\"4.23.1\u2033 _module_preset=\"default\" global_colors_info=\"{}\"][et_pb_image src=\"https:\/\/felino.pt\/wp-content\/uploads\/2023\/11\/elevador_01.jpg\" alt=\"Ascensor de Tina FELINO\" title_text=\"ascensor_01\u2033 force_fullwidth=\"on\" _builder_version=\"4.23.1\u2033 _module_preset=\"default\" global_colors_info=\"{}\"][\/et_pb_image][et_pb_text _builder_version=\"4.23.1\u2033 _module_preset=\"default\" text_font_size=\"13px\" header_line_height=\"1.5em\" header_2_font=\"||on|||||\" header_2_text_align=\"center\" header_2_font_size=\"18px\" header_2_line_height=\"1.4em\" text_orientation=\"centre\" global_colors_info=\"{}\"]<\/p>\n<h2>Elevador de Artesas<\/h2>\n<p><strong>Seguridad y precisi\u00f3n.<\/strong> El elevador de cuba FELINO es la soluci\u00f3n completa para elevar la cuba. Es el complemento ideal para la gama FELINO de batidoras de espiral y de horquilla con cuba m\u00f3vil.<\/p>\n<p>[\/et_pb_text][et_pb_button button_url=\"@ET-DC@eyJkeW5hbWljIjp0cnVlLCJjb250ZW50IjoicG9zdF9saW5rX3VybF9wb3N0Iiwic2V0dGluZ3MiOnsicG9zdF9pZCI6IjMyODQwIn19@\" button_text=\"M\u00e1s informaci\u00f3n\" button_alignment=\"centre\" _builder_version=\"4.23.1\u2033 _dynamic_attributes=\"button_url\" _module_preset=\"default\" custom_button=\"on\" button_text_size=\"12px\" button_text_color=\"#FFFF\" button_bg_color=\"#EF8D23\u2033 button_font=\"spartan medium||||||||\" custom_padding=\"10px|25px|10px|25px|true|true\" box_shadow_style=\"preset3\u2033 global_colors_info=\"{}\" button_bg_color__hover_enabled=\"on|hover\" button_bg_color__hover=\"#7A1315\u2033 button_bg_enable_color__hover=\"on\" button_text_color__hover_enabled=\"on|desktop\" button_text_color__hover=\"#FFFFFF\"][\/et_pb_button][\/et_pb_column][et_pb_column type=\"1_4\u2033 _builder_version=\"4.23.1\u2033 _module_preset=\"default\" global_colours_info=\"{}\"][et_pb_image src=\"https:\/\/felino.pt\/wp-content\/uploads\/2023\/11\/ralador-01.jpg\" alt=\"ascensor Tina FELINO\" title_text=\"rallador-01\u2033 force_fullwidth=\"on\" _builder_version=\"4.23.1\u2033 _module_preset=\"default\" global_colors_info=\"{}\"][\/et_pb_image][et_pb_text _builder_version=\"4.23.1\u2033 _module_preset=\"default\" text_font_size=\"13px\" header_line_height=\"1.5em\" header_2_font=\"||on|||||\" header_2_text_align=\"center\" header_2_font_size=\"18px\" header_2_line_height=\"1.4em\" text_orientation=\"centre\" global_colors_info=\"{}\"]<\/p>\n<h2>Molino de Pan<\/h2>\n<p><strong>Eficiencia y sostenibilidad.<\/strong> Le presentamos el rallador de pan FELINO, una soluci\u00f3n pr\u00e1ctica y robusta para aprovechar al m\u00e1ximo su pan y aumentar la eficacia de su panader\u00eda. Velocidad y fino grosor del producto final garantizados.<\/p>\n<p>[\/et_pb_text][et_pb_button button_url=\"@ET-DC@eyJkeW5hbWljIjp0cnVlLCJjb250ZW50IjoicG9zdF9saW5rX3VybF9wb3N0Iiwic2V0dGluZ3MiOnsicG9zdF9pZCI6IjMyODEyIn19@\" button_text=\"M\u00e1s informaci\u00f3n\" button_alignment=\"centre\" _builder_version=\"4.23.1\u2033 _dynamic_attributes=\"button_url\" _module_preset=\"default\" custom_button=\"on\" button_text_size=\"12px\" button_text_color=\"#FFFF\" button_bg_color=\"#EF8D23\u2033 button_font=\"spartan medium||||||||\" custom_padding=\"10px|25px|10px|25px|true|true\" box_shadow_style=\"preset3\u2033 global_colors_info=\"{}\" button_bg_color__hover_enabled=\"on|hover\" button_bg_color__hover=\"#7A1315\u2033 button_bg_enable_color__hover=\"on\" button_text_color__hover_enabled=\"on|desktop\" button_text_color__hover=\"#FFFF\"][\/et_pb_button][\/et_pb_column][\/et_pb_row][\/et_pb_section][et_pb_section fb_built=\"1\u2033 admin_label=\"Colores\" _builder_version=\"4.23.1\u2033 _module_preset=\"default\" background_image=\"https:\/\/felino.pt\/wp-content\/uploads\/2023\/11\/amassadeiras_topo.jpg\" height=\"700px\" locked=\"off\" global_colors_info=\"{}\"][et_pb_row _builder_version=\"4.24.0\u2033 _module_preset=\"default\" min_height=\"500px\" custom_padding=\"10px||||false|false\" global_colors_info=\"{}\"][et_pb_column type=\"4_4\u2033 _builder_version=\"4.21.0\u2033 _module_preset=\"default\" global_colors_info=\"{}\"][et_pb_text _builder_version=\"4.24.0\u2033 _module_preset=\"default\" text_font=\"spartan semibold||||||||\" text_font_size=\"16px\" text_line_height=\"1.3em\" header_2_font=\"Poppins|600|||||||\" header_3_font=\"|700|||||||\" header_3_text_align=\"center\" header_3_line_height=\"1.3em\" text_orientation=\"center\" global_colors_info=\"{}\"]<\/p>\n<h3>La creatividad forma parte de la esencia de todas las industrias.<\/h3>\n<p>Bienvenido a una nueva era de la panader\u00eda y la pasteler\u00eda.<\/p>\n<p>[\/et_pb_text][et_pb_text _builder_version=\"4.24.0\u2033 _module_preset=\"default\" text_font=\"||||||||\" text_font_size=\"16px\" text_line_height=\"1.3em\" header_2_font=\"Poppins|600|||||||\" header_3_font=\"Poppins|700|||||||\" transform_translate_linked=\"off\" text_orientation=\"center\" custom_margin=\"450px||||false|false\" custom_margin_tablet=\"400px||||false|false\" custom_margin_phone=\"305px||||false|false\" custom_margin_last_edited=\"on|phone\" custom_padding=\"||||false|false\" global_colors_info=\"{}\"]<\/p>\n<p><strong>Las m\u00e1quinas de color FELINO son exclusivas e innovadoras.<\/strong><\/p>\n<p>Registro de Dibujos y Modelos Comunitarios n\u00ba 015026242<\/p>\n<p>[\/et_pb_text][dsm_button button_one_text=\"M\u00e1s informaci\u00f3n\" button_one_url=\"@ET-DC@eyJkeW5hbWljIjp0cnVlLCJjb250ZW50IjoicG9zdF9saW5rX3VybF9wYWdlIiwic2V0dGluZ3MiOnsicG9zdF9pZCI6IjMyMjY1In19@\" button_alignment=\"center\" _builder_version=\"4.24.0\u2033 _dynamic_attributes=\"button_one_url\" _module_preset=\"default\" transform_scale=\"70%|70%\" transform_translate_linked=\"off\" custom_margin=\"-20px||||false|false\" custom_padding=\"0px||||false|false\" locked=\"off\" global_colors_info=\"{}\"][\/dsm_button][\/et_pb_column][\/et_pb_row][\/et_pb_section][et_pb_section fb_built=\"1\u2033 admin_label=\"STAF\" _builder_version=\"4.24.3\u2033 _module_preset=\"default\" background_image=\"https:\/\/felino.pt\/wp-content\/uploads\/2023\/10\/banner_assistencia.jpg\" parallax=\"on\" min_height_tablet=\"\" min_height_phone=\"58vh\" min_height_last_edited=\"on|phone\" height=\"40vh\" global_colors_info=\"{}\"][et_pb_row _builder_version=\"4.24.0\u2033 _module_preset=\"default\" custom_margin=\"10vh||||false|false\" custom_margin_tablet=\"7vh||||false|false\" custom_margin_phone=\"1vh||||false|false\" custom_margin_last_edited=\"on|phone\" custom_padding=\"15px|||||\" global_colors_info=\"{}\"][et_pb_column type=\"4_4\u2033 _builder_version=\"4.23.1\u2033 _module_preset=\"default\" global_colors_info=\"{}\"][et_pb_text _builder_version=\"4.24.0\u2033 _module_preset=\"default\" text_text_color=\"#FFFF\" header_2_font=\"||||||||\" header_2_text_align=\"center\" header_2_text_color=\"#FFFF\" header_2_line_height=\"1.3em\" header_3_font=\"spartan semibold|600|||||||\" header_3_text_align=\"center\" header_3_text_color=\"#FFFF\" header_3_font_size=\"18px\" header_3_line_height=\"1.3em\" custom_margin=\"||||false|false\" header_2_text_shadow_style=\"preset2\u2033 header_3_text_shadow_style=\"preset2\u2033 locked=\"off\" global_colors_info=\"{}\"]<\/p>\n<h2><strong>STAF <\/strong>|<strong> Servicios de asistencia t\u00e9cnica FELINO<\/strong><\/h2>\n<h3 style=\"text-align: center;\">Descubra la asistencia t\u00e9cnica especializada para mantener su negocio en movimiento.<\/h3>\n<p>[\/et_pb_text][dsm_button button_one_text=\"M\u00e1s informaci\u00f3n\" button_one_url=\"@ET-DC@eyJkeW5hbWljIjp0cnVlLCJjb250ZW50IjoicG9zdF9saW5rX3VybF9wYWdlIiwic2V0dGluZ3MiOnsicG9zdF9pZCI6IjMyMjc3In19@\" button_alignment=\"center\" _builder_version=\"4.24.0\u2033 _dynamic_attributes=\"button_one_url\" _module_preset=\"default\" transform_scale=\"70%|70%\" transform_translate_linked=\"off\" custom_margin=\"-20px||||false|false\" custom_padding=\"0px||||false|false\" locked=\"off\" global_colors_info=\"{}\"][\/dsm_button][\/et_pb_column][\/et_pb_row][\/et_pb_section][et_pb_section fb_built=\"1\u2033 _builder_version=\"4.23.1\u2033 _module_preset=\"default\" global_colors_info=\"{}\"][et_pb_row _builder_version=\"4.23.1\u2033 _module_preset=\"default\" global_colors_info=\"{}\"][et_pb_column type=\"4_4\u2033 _builder_version=\"4.23.1\u2033 _module_preset=\"default\" global_colors_info=\"{}\"][et_pb_text _builder_version=\"4.27.2\u2033 _module_preset=\"default\" header_2_text_align=\"center\" hover_enabled=\"0\u2033 global_colors_info=\"{}\" sticky_enabled=\"0\u2033]<\/p>\n<h2>Noticias<\/h2>\n<p>[\/et_pb_text][brbl_post_carousel include_categories=\"27\u2033 order=\"DESC\" post_count=\"4\u2033 layout=\"layout4\u2033 show_avatar=\"off\" show_author=\"off\" show_date=\"off\" slide_count=\"3\u2033 slide_count_tablet=\"2\u2033 slide_count_phone=\"1\u2033 slide_count_last_edited=\"on|phone\" _builder_version=\"4.24.3\u2033 _module_preset=\"default\" locked=\"off\" global_colors_info=\"{}\"][\/brbl_post_carousel][et_pb_button button_url=\"@ET-DC@eyJkeW5hbWljIjp0cnVlLCJjb250ZW50IjoicG9zdF9saW5rX3VybF9wYWdlIiwic2V0dGluZ3MiOnsicG9zdF9pZCI6IjMyMjUyIn19@\" button_text=\"Ver m\u00e1s\" button_alignment=\"center\" _builder_version=\"4.23.1\u2033 _dynamic_attributes=\"button_url\" _module_preset=\"default\" custom_button=\"on\" button_text_size=\"15px\" button_text_color=\"#FFFF\" button_bg_color=\"#EF8D23\u2033 button_font=\"spartan medium||||||||\" custom_padding=\"10px|25px|10px|25px|true|true\" box_shadow_style=\"preset3\u2033 locked=\"off\" global_colors_info=\"{}\" button_bg_color__hover_enabled=\"on|hover\" button_bg_color__hover=\"#7A1315\u2033 button_bg_enable_color__hover=\"on\" button_text_color__hover_enabled=\"on|desktop\" button_text_color__hover=\"#FFFFFF\"][\/et_pb_button][\/et_pb_column][\/et_pb_row][\/et_pb_section]<\/p>","protected":false},"excerpt":{"rendered":"<p>Descubra una gama completa de m\u00e1quinas de panader\u00eda y pasteler\u00eda de hierro fundido adaptadas a sus necesidades.<\/p>","protected":false},"author":5,"featured_media":35429,"parent":0,"menu_order":0,"comment_status":"closed","ping_status":"closed","template":"","meta":{"_et_pb_use_builder":"on","_et_pb_old_content":"teste","_et_gb_content_width":"","footnotes":""},"class_list":["post-31979","page","type-page","status-publish","has-post-thumbnail","hentry"],"_links":{"self":[{"href":"https:\/\/felino.pt\/es\/wp-json\/wp\/v2\/pages\/31979","targetHints":{"allow":["GET"]}}],"collection":[{"href":"https:\/\/felino.pt\/es\/wp-json\/wp\/v2\/pages"}],"about":[{"href":"https:\/\/felino.pt\/es\/wp-json\/wp\/v2\/types\/page"}],"author":[{"embeddable":true,"href":"https:\/\/felino.pt\/es\/wp-json\/wp\/v2\/users\/5"}],"replies":[{"embeddable":true,"href":"https:\/\/felino.pt\/es\/wp-json\/wp\/v2\/comments?post=31979"}],"version-history":[{"count":5,"href":"https:\/\/felino.pt\/es\/wp-json\/wp\/v2\/pages\/31979\/revisions"}],"predecessor-version":[{"id":37666,"href":"https:\/\/felino.pt\/es\/wp-json\/wp\/v2\/pages\/31979\/revisions\/37666"}],"wp:featuredmedia":[{"embeddable":true,"href":"https:\/\/felino.pt\/es\/wp-json\/wp\/v2\/media\/35429"}],"wp:attachment":[{"href":"https:\/\/felino.pt\/es\/wp-json\/wp\/v2\/media?parent=31979"}],"curies":[{"name":"wp","href":"https:\/\/api.w.org\/{rel}","templated":true}]}}