{"id":32213,"date":"2023-06-27T22:16:15","date_gmt":"2023-06-27T21:16:15","guid":{"rendered":"https:\/\/felino.4mcomunicacao.com.br\/site\/?page_id=32213"},"modified":"2024-03-07T22:58:42","modified_gmt":"2024-03-07T22:58:42","slug":"mezcladora-en-espiral","status":"publish","type":"page","link":"https:\/\/felino.pt\/es\/maquinas-de-panaderia-y-pasteleria\/mezcladora-en-espiral\/","title":{"rendered":"Amasadora Espiral"},"content":{"rendered":"<p>[et_pb_section fb_built=\"1\u2033 _builder_version=\"4.23\u2033 _module_preset=\"default\" background_color=\"#FFFF\" global_colors_info=\"{}\"][et_pb_row _builder_version=\"4.22.2\u2033 _module_preset=\"default\" custom_margin_tablet=\"||0px|false|false\" custom_margin_phone=\"||0px||false|false\" custom_margin_last_edited=\"on|phone\" custom_padding=\"||0px||false|false\" global_colors_info=\"{}\"][et_pb_column type=\"4_4\u2033 _builder_version=\"4.21.0\u2033 _module_preset=\"default\" global_colors_info=\"{}\"][dsm_block_reveal_text block_reveal_text=\"@ET-DC@eyJkeW5hbWljIjp0cnVlLCJjb250ZW50IjoicG9zdF90aXRsZSIsInNldHRpbmdzIjp7ImJlZm9yZSI6IiIsImFmdGVyIjoiIn19@\" heading_html_tag=\"h1\u2033 block_reveal_animation=\"bt\" _builder_version=\"4.23.1\u2033 _dynamic_attributes=\"block_reveal_text\" _module_preset=\"default\" header_font=\"spartan bold||on|||||\" header_text_align=\"center\" header_font_size=\"36px\" header_line_height=\"1.9em\" header_font_size_tablet=\"32px\" header_font_size_phone=\"26px\" header_font_size_last_edited=\"on|phone\" header_line_height_tablet=\"1.9em\" header_line_height_phone=\"1.6em\" header_line_height_last_edited=\"on|phone\" global_colors_info=\"{}\"][\/dsm_block_reveal_text][\/et_pb_column][\/et_pb_row][et_pb_row _builder_version=\"4.21.0\u2033 _module_preset=\"default\" global_colors_info=\"{}\"][et_pb_column type=\"4_4\u2033 _builder_version=\"4.21.0\u2033 _module_preset=\"default\" global_colors_info=\"{}\"][et_pb_text _builder_version=\"4.23.1\u2033 _module_preset=\"default\" text_font_size=\"15px\" header_2_font=\"spartan semibold||||||||\" header_2_font_size=\"20px\" text_orientation=\"center\" custom_margin=\"||50px|||false|false\" global_colors_info=\"{}\"]<\/p>\n<p style=\"text-align: left;\"><strong>FELINO se enorgullece de ofrecer soluciones que incorporan desde las t\u00e9cnicas m\u00e1s tradicionales hasta los equipos de fabricaci\u00f3n m\u00e1s sofisticados.\u00a0<\/strong><span>Nuestra gama de amasadoras en espiral est\u00e1 disponible en modelos con cuba fija o m\u00f3vil, y con la opci\u00f3n de cuerpo de acero inoxidable. La excelencia de nuestra producci\u00f3n y la durabilidad de nuestras m\u00e1quinas se consiguen gracias a la solidez de nuestra construcci\u00f3n de hierro fundido, que nos ha consolidado como un referente en el sector. <\/span><\/p>\n<p style=\"text-align: left;\"><span>Explore nuestras soluciones, descubra una vibrante gama de coloridos equipos y eleve su panader\u00eda con la firma de calidad FELINO.<\/span><\/p>\n<p>[\/et_pb_text][brbl_post_masonry _builder_version=\"4.24.2\u2033 _module_preset=\"default\" include_categories=\"20\u2033 show_meta=\"off\" border_color_all_post=\"#FFFF\" img_hover_style=\"zoom_in\" title_font=\"spartan semibold||||||||\" title_font_size=\"20px\" title_text_align=\"center\" title_line_height=\"1.5em\" title_level=\"h2\u2033 excerpt_text_align=\"center\" excerpt_font_size=\"13px\" excerpt_line_height=\"1.3em\" hover_enabled=\"0\u2033 sticky_enabled=\"0\u2033 column_count_last_edited=\"on|desktop\" column_count_tablet=\"1\u2033 column_count_phone=\"1\u2033][\/brbl_post_masonry][\/et_pb_column][\/et_pb_row][\/et_pb_section]<\/p>","protected":false},"excerpt":{"rendered":"<p><div class=\"et_pb_module dsm_block_reveal_text dsm_block_reveal_text_0\">\n\t\t\t\t\n\t\t\t\t\n\t\t\t\t\n\t\t\t\t\n\t\t\t\t\n\t\t\t\t\n\t\t\t\t<div class=\"et_pb_module_inner\">\n\t\t\t\t\t<div class=\"dsm_block_reveal_text_wrapper\" data-dsm-block-reveal-animation=\"bt\" data-dsm-block-reveal-color=\"#ef8d23\" data-dsm-block-reveal-delay=\"0.1\" data-dsm-block-reveal-viewport=\"80%\"><\/div>\n\t\t\t\t<\/div>\n\t\t\t<\/div>FELINO se enorgullece de ofrecer soluciones que incorporan desde las t\u00e9cnicas m\u00e1s tradicionales hasta los equipos de fabricaci\u00f3n m\u00e1s sofisticados. Nuestra gama de amasadoras de espiral est\u00e1 disponible en modelos con cuba fija o m\u00f3vil, y con la opci\u00f3n de cuerpo de acero inoxidable. La excelencia de nuestra producci\u00f3n y la durabilidad de nuestras m\u00e1quinas se consiguen gracias a la solidez de nuestra construcci\u00f3n de hierro fundido, que nos ha consolidado como un referente en el sector. Explore nuestras soluciones, descubra una gama vibrante de equipos coloridos y eleve su panader\u00eda con la firma de calidad FELINO.<div class=\"et_pb_with_border et_pb_module brbl_post_masonry brbl_post_masonry_0\">\n\t\t\t\t\n\t\t\t\t\n\t\t\t\t\n\t\t\t\t\n\t\t\t\t\n\t\t\t\t\n\t\t\t\t<div class=\"et_pb_module_inner\">\n\t\t\t\t\t<div class=\"brbl-module brbl-post-masonry\" data-options=\"{&quot;layout&quot;:&quot;masonry-1&quot;,&quot;blog_order&quot;:0,&quot;pagination_type&quot;:&quot;&quot;,&quot;loadmore_type&quot;:&quot;scroll&quot;}\">\r\n                <div class=\"brbl-blog-items brbl-blog brbl-blog-scroll-0\"><div class=\"brbl-blog-item brbl-blog-item-masonry-1-0\">\r\n        <article class=\"brbl-masonry-card brbl-post-masonry-1\">\r\n            <figure class=\"brbl-post-thumb\">\r\n\t\t\t\t<a href=\"https:\/\/felino.pt\/es\/amasadora-espiral-de-cuba-fija\/\">\r\n\t\t\t\t\t<div class=\"brbl-overlay\" data-icon=\"\"><\/div>\r\n\t\t\t\t\t<img decoding=\"async\" src=\"https:\/\/felino.pt\/wp-content\/uploads\/2023\/08\/Amassadeira-Espiral-FELINO-Tina-Fixa-1.png\" alt=\"Amasadora de espiral de cuba fija, Amasadora de espiral de cuba fija FELINO\">\r\n\t\t\t\t\t\r\n\t\t\t\t<\/a>\r\n\t\t\t<\/figure>\r\n            \r\n            <div class=\"brbl-masonry-content\">\r\n\t\t\t\t\r\n                <h2 class=\"brbl-post-title\">\r\n                <a href=\"https:\/\/felino.pt\/es\/amasadora-espiral-de-cuba-fija\/\">Amasadora Espiral Artesa Fija FELINO SF<\/a>\r\n            <\/h2>\r\n                <div class=\"brbl-post-excerpt\">Capacidad de 150 kg.<\/div>\r\n                \r\n            <\/div>\r\n        <\/article>\r\n    <\/div><div class=\"brbl-blog-item brbl-blog-item-masonry-1-0\">\r\n        <article class=\"brbl-masonry-card brbl-post-masonry-1\">\r\n            <figure class=\"brbl-post-thumb\">\r\n\t\t\t\t<a href=\"https:\/\/felino.pt\/es\/amasadora-espiral-sm-mobile-bowl\/\">\r\n\t\t\t\t\t<div class=\"brbl-overlay\" data-icon=\"\"><\/div>\r\n\t\t\t\t\t<img decoding=\"async\" src=\"https:\/\/felino.pt\/wp-content\/uploads\/2023\/08\/Amassadeira-Espiral-FELINO-Tina-Movel_1.png\" alt=\"Mezcladora espiral m\u00f3vil Tina, Mezcladora espiral m\u00f3vil Tina FELINO\">\r\n\t\t\t\t\t\r\n\t\t\t\t<\/a>\r\n\t\t\t<\/figure>\r\n            \r\n            <div class=\"brbl-masonry-content\">\r\n\t\t\t\t\r\n                <h2 class=\"brbl-post-title\">\r\n                <a href=\"https:\/\/felino.pt\/es\/amasadora-espiral-sm-mobile-bowl\/\">Amasadora Espiral Artesa Extraible FELINO SM<\/a>\r\n            <\/h2>\r\n                <div class=\"brbl-post-excerpt\">Capacidad de 150 kg.<\/div>\r\n                \r\n            <\/div>\r\n        <\/article>\r\n    <\/div><div class=\"brbl-blog-item brbl-blog-item-masonry-1-0\">\r\n        <article class=\"brbl-masonry-card brbl-post-masonry-1\">\r\n            <figure class=\"brbl-post-thumb\">\r\n\t\t\t\t<a href=\"https:\/\/felino.pt\/es\/amasadora-espiral-felino-sl-cuba-fija\/\">\r\n\t\t\t\t\t<div class=\"brbl-overlay\" data-icon=\"\"><\/div>\r\n\t\t\t\t\t<img decoding=\"async\" src=\"https:\/\/felino.pt\/wp-content\/uploads\/2023\/08\/FELINO-SL-variador.png\" alt=\"Amasadora Espiral\">\r\n\t\t\t\t\t\r\n\t\t\t\t<\/a>\r\n\t\t\t<\/figure>\r\n            \r\n            <div class=\"brbl-masonry-content\">\r\n\t\t\t\t\r\n                <h2 class=\"brbl-post-title\">\r\n                <a href=\"https:\/\/felino.pt\/es\/amasadora-espiral-felino-sl-cuba-fija\/\">Amasadora Espiral Artesa Fija FELINO SL<\/a>\r\n            <\/h2>\r\n                <div class=\"brbl-post-excerpt\">Capacidad de 30 y 50 kg.<\/div>\r\n                \r\n            <\/div>\r\n        <\/article>\r\n    <\/div><div class=\"brbl-blog-item brbl-blog-item-masonry-1-0\">\r\n        <article class=\"brbl-masonry-card brbl-post-masonry-1\">\r\n            <figure class=\"brbl-post-thumb\">\r\n\t\t\t\t<a href=\"https:\/\/felino.pt\/es\/amasadora-espiral-movil-felino-rm\/\">\r\n\t\t\t\t\t<div class=\"brbl-overlay\" data-icon=\"\"><\/div>\r\n\t\t\t\t\t<img decoding=\"async\" src=\"https:\/\/felino.pt\/wp-content\/uploads\/2024\/04\/Rm-lateral.jpg\" alt=\"Mezcladora espiral m\u00f3vil Tina RM, Mezcladora espiral m\u00f3vil Tina\">\r\n\t\t\t\t\t\r\n\t\t\t\t<\/a>\r\n\t\t\t<\/figure>\r\n            \r\n            <div class=\"brbl-masonry-content\">\r\n\t\t\t\t\r\n                <h2 class=\"brbl-post-title\">\r\n                <a href=\"https:\/\/felino.pt\/es\/amasadora-espiral-movil-felino-rm\/\">Amasadora Espiral Artesa Extraible FELINO RM<\/a>\r\n            <\/h2>\r\n                <div class=\"brbl-post-excerpt\">80 y 100 kg de capacidad.<\/div>\r\n                \r\n            <\/div>\r\n        <\/article>\r\n    <\/div><div class=\"brbl-blog-item brbl-blog-item-masonry-1-0\">\r\n        <article class=\"brbl-masonry-card brbl-post-masonry-1\">\r\n            <figure class=\"brbl-post-thumb\">\r\n\t\t\t\t<a href=\"https:\/\/felino.pt\/es\/mezcladora-espiral-de-cuba-fija-rf-felino\/\">\r\n\t\t\t\t\t<div class=\"brbl-overlay\" data-icon=\"\"><\/div>\r\n\t\t\t\t\t<img decoding=\"async\" src=\"https:\/\/felino.pt\/wp-content\/uploads\/2024\/04\/Amassadeira-Espiral-Tina-Fixa-RF.png\" alt=\"Mezcladora espiral de cuba fija RF, Mezcladora espiral de cuba fija\">\r\n\t\t\t\t\t\r\n\t\t\t\t<\/a>\r\n\t\t\t<\/figure>\r\n            \r\n            <div class=\"brbl-masonry-content\">\r\n\t\t\t\t\r\n                <h2 class=\"brbl-post-title\">\r\n                <a href=\"https:\/\/felino.pt\/es\/mezcladora-espiral-de-cuba-fija-rf-felino\/\">Amasadora Espiral Artesa Fija FELINO RF<\/a>\r\n            <\/h2>\r\n                <div class=\"brbl-post-excerpt\">Capacidad de 80 y 100 kgs.<\/div>\r\n                \r\n            <\/div>\r\n        <\/article>\r\n    <\/div><\/div><nav class=\"brbl-pagination\" role=\"navigation\" aria-label=\"Paginaci\u00f3n\"><\/nav>\r\n\t\t\t<\/div>\n\t\t\t\t<\/div>\n\t\t\t<\/div><\/p>","protected":false},"author":5,"featured_media":0,"parent":31979,"menu_order":0,"comment_status":"closed","ping_status":"closed","template":"","meta":{"_et_pb_use_builder":"on","_et_pb_old_content":"teste","_et_gb_content_width":"","footnotes":""},"class_list":["post-32213","page","type-page","status-publish","hentry"],"_links":{"self":[{"href":"https:\/\/felino.pt\/es\/wp-json\/wp\/v2\/pages\/32213","targetHints":{"allow":["GET"]}}],"collection":[{"href":"https:\/\/felino.pt\/es\/wp-json\/wp\/v2\/pages"}],"about":[{"href":"https:\/\/felino.pt\/es\/wp-json\/wp\/v2\/types\/page"}],"author":[{"embeddable":true,"href":"https:\/\/felino.pt\/es\/wp-json\/wp\/v2\/users\/5"}],"replies":[{"embeddable":true,"href":"https:\/\/felino.pt\/es\/wp-json\/wp\/v2\/comments?post=32213"}],"version-history":[{"count":0,"href":"https:\/\/felino.pt\/es\/wp-json\/wp\/v2\/pages\/32213\/revisions"}],"up":[{"embeddable":true,"href":"https:\/\/felino.pt\/es\/wp-json\/wp\/v2\/pages\/31979"}],"wp:attachment":[{"href":"https:\/\/felino.pt\/es\/wp-json\/wp\/v2\/media?parent=32213"}],"curies":[{"name":"wp","href":"https:\/\/api.w.org\/{rel}","templated":true}]}}