{"id":32252,"date":"2023-06-28T01:31:42","date_gmt":"2023-06-28T00:31:42","guid":{"rendered":"https:\/\/felino.4mcomunicacao.com.br\/site\/?page_id=32252"},"modified":"2024-06-15T16:52:06","modified_gmt":"2024-06-15T15:52:06","slug":"noticias","status":"publish","type":"page","link":"https:\/\/felino.pt\/es\/noticias\/","title":{"rendered":"Noticias"},"content":{"rendered":"<p>[et_pb_section fb_built=\"1\u2033 admin_label=\"Blog\" _builder_version=\"4.23\u2033 _module_preset=\"default\" background_color=\"#f6f6\u2033 locked=\"off\" global_colors_info=\"{}\"][et_pb_row _builder_version=\"4.21.0\u2033 _module_preset=\"default\" global_colors_info=\"{}\"][et_pb_column type=\"4_4\u2033 _builder_version=\"4.21.0\u2033 _module_preset=\"default\" global_colors_info=\"{}\"][et_pb_text _builder_version=\"4.24.0\u2033 _module_preset=\"default\" global_colors_info=\"{}\"]<\/p>\n<h2 style=\"text-align: center;\">Universo FELINO<\/h2>\n<p class=\"elementor-heading-title elementor-size-small\">Te presentamos FELINO Universe, un espacio donde compartimos informaci\u00f3n sobre nuestros equipos y soluciones personalizadas para tu negocio. Sigue nuestra presencia en las pr\u00f3ximas ferias nacionales e internacionales y accede a contenidos para inspirarte en la realizaci\u00f3n de tus prendas.<\/p>\n<p>[\/et_pb_text][brbl_post_masonry include_categories=\"25\u2033 post_count=\"15\u2033 excerpt_length=\"150\u2033 show_meta=\"off\" pagination_type=\"loadmore\" column_count_tablet=\"2\u2033 column_count_phone=\"1\u2033 column_count_last_edited=\"on|phone\" _builder_version=\"4.25.2\u2033 _module_preset=\"default\" title_text_color=\"#3A3A\" title_font_size=\"18px\" title_line_height=\"1.3em\" hover_enabled=\"0\u2033 global_colors_info=\"{}\" order=\"DESC\" sticky_enabled=\"0\u2033][\/brbl_post_masonry][\/et_pb_column][\/et_pb_row][\/et_pb_section]<\/p>","protected":false},"excerpt":{"rendered":"<p>Universo FELINO Te presentamos Universo FELINO, un espacio donde compartimos informaci\u00f3n sobre nuestros equipos y soluciones personalizadas para tu negocio. Sigue nuestra presencia en las pr\u00f3ximas ferias nacionales e internacionales y accede a contenidos para inspirarte en la realizaci\u00f3n de tus prendas.<div class=\"et_pb_module brbl_post_masonry brbl_post_masonry_0\">\n\t\t\t\t\n\t\t\t\t\n\t\t\t\t\n\t\t\t\t\n\t\t\t\t\n\t\t\t\t\n\t\t\t\t<div class=\"et_pb_module_inner\">\n\t\t\t\t\t<div class=\"brbl-module brbl-post-masonry brbl-masonry-infinite\" data-options=\"{&quot;layout&quot;:&quot;masonry-1&quot;,&quot;blog_order&quot;:0,&quot;pagination_type&quot;:&quot;loadmore&quot;,&quot;loadmore_type&quot;:&quot;scroll&quot;}\">\r\n                <div class=\"brbl-blog-items brbl-blog brbl-blog-scroll-0\"><div class=\"brbl-blog-item brbl-blog-item-masonry-1-0\">\r\n        <article class=\"brbl-masonry-card brbl-post-masonry-1\">\r\n            <figure class=\"brbl-post-thumb\">\r\n\t\t\t\t<a href=\"https:\/\/felino.pt\/es\/feline-fork-kneader-un-legado-de-calidad-que-resiste-el-paso-del-tiempo\/\">\r\n\t\t\t\t\t<div class=\"brbl-overlay\" data-icon=\"\"><\/div>\r\n\t\t\t\t\t<img decoding=\"async\" src=\"https:\/\/felino.pt\/wp-content\/uploads\/2025\/03\/4ed3228e-a5a1-ce28-6e0e-87a46c6a4da6.jpeg\" alt=\"\">\r\n\t\t\t\t\t\r\n\t\t\t\t<\/a>\r\n\t\t\t<\/figure>\r\n            \r\n            <div class=\"brbl-masonry-content\">\r\n\t\t\t\t\r\n                <h3 class=\"brbl-post-title\">\r\n                <a href=\"https:\/\/felino.pt\/es\/feline-fork-kneader-un-legado-de-calidad-que-resiste-el-paso-del-tiempo\/\">Amasadora de horquilla en funcionamiento desde 1984<\/a>\r\n            <\/h3>\r\n                <div class=\"brbl-post-excerpt\">FELINO destaca por la durabilidad y excelencia de sus equipos, como lo demuestra una Amasadora de Horquillas de 1984 que a\u00fan est\u00e1 en uso. En un sector...<\/div>\r\n                \r\n            <\/div>\r\n        <\/article>\r\n    <\/div><div class=\"brbl-blog-item brbl-blog-item-masonry-1-0\">\r\n        <article class=\"brbl-masonry-card brbl-post-masonry-1\">\r\n            <figure class=\"brbl-post-thumb\">\r\n\t\t\t\t<a href=\"https:\/\/felino.pt\/es\/feline-fork-kneader-un-legado-de-calidad-que-resiste-el-paso-del-tiempo-2\/\">\r\n\t\t\t\t\t<div class=\"brbl-overlay\" data-icon=\"\"><\/div>\r\n\t\t\t\t\t<img decoding=\"async\" src=\"https:\/\/felino.pt\/wp-content\/uploads\/2025\/03\/3dd53dc7-f44c-9279-20c1-6201a79ec514.png\" alt=\"Pan y mantequilla, equipos FELINO\">\r\n\t\t\t\t\t\r\n\t\t\t\t<\/a>\r\n\t\t\t<\/figure>\r\n            \r\n            <div class=\"brbl-masonry-content\">\r\n\t\t\t\t\r\n                <h3 class=\"brbl-post-title\">\r\n                <a href=\"https:\/\/felino.pt\/es\/feline-fork-kneader-un-legado-de-calidad-que-resiste-el-paso-del-tiempo-2\/\">Bread and Butter y FELINO: una asociaci\u00f3n de calidad y tradici\u00f3n<\/a>\r\n            <\/h3>\r\n                <div class=\"brbl-post-excerpt\">P\u00e3o com Manteiga, fundada en 2019 por Luiz Silva, es una panader\u00eda artesanal reconocida en el Algarve por producir pan de fermentaci\u00f3n natural. A...<\/div>\r\n                \r\n            <\/div>\r\n        <\/article>\r\n    <\/div><div class=\"brbl-blog-item brbl-blog-item-masonry-1-0\">\r\n        <article class=\"brbl-masonry-card brbl-post-masonry-1\">\r\n            <figure class=\"brbl-post-thumb\">\r\n\t\t\t\t<a href=\"https:\/\/felino.pt\/es\/divisor-de-masa-2\/\">\r\n\t\t\t\t\t<div class=\"brbl-overlay\" data-icon=\"\"><\/div>\r\n\t\t\t\t\t<img decoding=\"async\" src=\"https:\/\/felino.pt\/wp-content\/uploads\/2025\/02\/SIRHA-Lyon2025.jpg\" alt=\"SIRHA Lyon2025\">\r\n\t\t\t\t\t\r\n\t\t\t\t<\/a>\r\n\t\t\t<\/figure>\r\n            \r\n            <div class=\"brbl-masonry-content\">\r\n\t\t\t\t\r\n                <h3 class=\"brbl-post-title\">\r\n                <a href=\"https:\/\/felino.pt\/es\/divisor-de-masa-2\/\">FELINO en SIRHA Lyon 2025<\/a>\r\n            <\/h3>\r\n                <div class=\"brbl-post-excerpt\">Entre el 23 y el 27 de enero, FELINO estuvo presente en SIRHA Lyon, uno de los eventos internacionales m\u00e1s...<\/div>\r\n                \r\n            <\/div>\r\n        <\/article>\r\n    <\/div><div class=\"brbl-blog-item brbl-blog-item-masonry-1-0\">\r\n        <article class=\"brbl-masonry-card brbl-post-masonry-1\">\r\n            <figure class=\"brbl-post-thumb\">\r\n\t\t\t\t<a href=\"https:\/\/felino.pt\/es\/amasadora-espiral-felino-sl\/\">\r\n\t\t\t\t\t<div class=\"brbl-overlay\" data-icon=\"\"><\/div>\r\n\t\t\t\t\t<img decoding=\"async\" src=\"https:\/\/felino.pt\/wp-content\/uploads\/2023\/12\/Amassadeira-Espiral-FELINO-Tina-Fixa-SL_1.png\" alt=\"Amasadora FELINO\">\r\n\t\t\t\t\t\r\n\t\t\t\t<\/a>\r\n\t\t\t<\/figure>\r\n            \r\n            <div class=\"brbl-masonry-content\">\r\n\t\t\t\t\r\n                <h3 class=\"brbl-post-title\">\r\n                <a href=\"https:\/\/felino.pt\/es\/amasadora-espiral-felino-sl\/\">Mezcladora espiral FELINO SL<\/a>\r\n            <\/h3>\r\n                <div class=\"brbl-post-excerpt\">Descubra c\u00f3mo la amasadora de espiral FELINO SL contribuye a la eficacia de su producci\u00f3n y garantiza una producci\u00f3n sin problemas...<\/div>\r\n                \r\n            <\/div>\r\n        <\/article>\r\n    <\/div><div class=\"brbl-blog-item brbl-blog-item-masonry-1-0\">\r\n        <article class=\"brbl-masonry-card brbl-post-masonry-1\">\r\n            <figure class=\"brbl-post-thumb\">\r\n\t\t\t\t<a href=\"https:\/\/felino.pt\/es\/divisor-de-masa\/\">\r\n\t\t\t\t\t<div class=\"brbl-overlay\" data-icon=\"\"><\/div>\r\n\t\t\t\t\t<img decoding=\"async\" src=\"https:\/\/felino.pt\/wp-content\/uploads\/2024\/11\/Divisora-Enroladora-de-massa.png\" alt=\"divisora de masa, felina, m\u00e1quinas de panader\u00eda y pasteler\u00eda\">\r\n\t\t\t\t\t\r\n\t\t\t\t<\/a>\r\n\t\t\t<\/figure>\r\n            \r\n            <div class=\"brbl-masonry-content\">\r\n\t\t\t\t\r\n                <h3 class=\"brbl-post-title\">\r\n                <a href=\"https:\/\/felino.pt\/es\/divisor-de-masa\/\">divisor de masa<\/a>\r\n            <\/h3>\r\n                <div class=\"brbl-post-excerpt\">FELINO Reeling Divider: Innovaci\u00f3n para una mayor eficacia en productos de mayor tama\u00f1o<\/div>\r\n                \r\n            <\/div>\r\n        <\/article>\r\n    <\/div><div class=\"brbl-blog-item brbl-blog-item-masonry-1-0\">\r\n        <article class=\"brbl-masonry-card brbl-post-masonry-1\">\r\n            <figure class=\"brbl-post-thumb\">\r\n\t\t\t\t<a href=\"https:\/\/felino.pt\/es\/amasadora-con-sistema-de-velocidad-variable\/\">\r\n\t\t\t\t\t<div class=\"brbl-overlay\" data-icon=\"\"><\/div>\r\n\t\t\t\t\t<img decoding=\"async\" src=\"https:\/\/felino.pt\/wp-content\/uploads\/2024\/11\/Amassadeira-ferro-fundido.png\" alt=\"Mezcladora de hierro fundido, Mezcladora con sistema de velocidad variable\">\r\n\t\t\t\t\t\r\n\t\t\t\t<\/a>\r\n\t\t\t<\/figure>\r\n            \r\n            <div class=\"brbl-masonry-content\">\r\n\t\t\t\t\r\n                <h3 class=\"brbl-post-title\">\r\n                <a href=\"https:\/\/felino.pt\/es\/amasadora-con-sistema-de-velocidad-variable\/\">Mezcladora con sistema de velocidad variable<\/a>\r\n            <\/h3>\r\n                <div class=\"brbl-post-excerpt\">Descubra la amasadora FELINO con sistema de variaci\u00f3n de velocidad.<\/div>\r\n                \r\n            <\/div>\r\n        <\/article>\r\n    <\/div><div class=\"brbl-blog-item brbl-blog-item-masonry-1-0\">\r\n        <article class=\"brbl-masonry-card brbl-post-masonry-1\">\r\n            <figure class=\"brbl-post-thumb\">\r\n\t\t\t\t<a href=\"https:\/\/felino.pt\/es\/conozca-a-la-nueva-mezcladora-en-espiral\/\">\r\n\t\t\t\t\t<div class=\"brbl-overlay\" data-icon=\"\"><\/div>\r\n\t\t\t\t\t<img decoding=\"async\" src=\"https:\/\/felino.pt\/wp-content\/uploads\/2024\/07\/SL03.jpg\" alt=\"nueva Amasadora de espiral , FELINO, Maquinas de panaderia y pasteleria\">\r\n\t\t\t\t\t\r\n\t\t\t\t<\/a>\r\n\t\t\t<\/figure>\r\n            \r\n            <div class=\"brbl-masonry-content\">\r\n\t\t\t\t\r\n                <h3 class=\"brbl-post-title\">\r\n                <a href=\"https:\/\/felino.pt\/es\/conozca-a-la-nueva-mezcladora-en-espiral\/\">Innovaci\u00f3n con prop\u00f3sito: conozca la nueva mezcladora espiral FELINO SL03<\/a>\r\n            <\/h3>\r\n                <div class=\"brbl-post-excerpt\">La historia de la panader\u00eda est\u00e1 marcada por la innovaci\u00f3n constante, y FELINO, a lo largo de sus 88 a\u00f1os de experiencia, sigue liderando el camino.....<\/div>\r\n                \r\n            <\/div>\r\n        <\/article>\r\n    <\/div><div class=\"brbl-blog-item brbl-blog-item-masonry-1-0\">\r\n        <article class=\"brbl-masonry-card brbl-post-masonry-1\">\r\n            <figure class=\"brbl-post-thumb\">\r\n\t\t\t\t<a href=\"https:\/\/felino.pt\/es\/diego-haupenthal-excelencia-artesanal-con-equipos-felinos\/\">\r\n\t\t\t\t\t<div class=\"brbl-overlay\" data-icon=\"\"><\/div>\r\n\t\t\t\t\t<img decoding=\"async\" src=\"https:\/\/felino.pt\/wp-content\/uploads\/2024\/07\/Excelencia-Artesanal-com-Equipamentos-FELINO.jpeg\" alt=\"Excelencia artesanal con equipos FELINO\">\r\n\t\t\t\t\t\r\n\t\t\t\t<\/a>\r\n\t\t\t<\/figure>\r\n            \r\n            <div class=\"brbl-masonry-content\">\r\n\t\t\t\t\r\n                <h3 class=\"brbl-post-title\">\r\n                <a href=\"https:\/\/felino.pt\/es\/diego-haupenthal-excelencia-artesanal-con-equipos-felinos\/\">Diego Haupenthal: Excelencia artesanal con equipos FELINO<\/a>\r\n            <\/h3>\r\n                <div class=\"brbl-post-excerpt\">El embajador de FELINO comparte sus impresiones sobre el sector en una entrevista exclusiva con la revista 'A Padaria Portuguesa' En el panorama actual de la panader\u00eda,...<\/div>\r\n                \r\n            <\/div>\r\n        <\/article>\r\n    <\/div><div class=\"brbl-blog-item brbl-blog-item-masonry-1-0\">\r\n        <article class=\"brbl-masonry-card brbl-post-masonry-1\">\r\n            <figure class=\"brbl-post-thumb\">\r\n\t\t\t\t<a href=\"https:\/\/felino.pt\/es\/tenedor-amasador-felino\/\">\r\n\t\t\t\t\t<div class=\"brbl-overlay\" data-icon=\"\"><\/div>\r\n\t\t\t\t\t<img decoding=\"async\" src=\"https:\/\/felino.pt\/wp-content\/uploads\/2024\/07\/Amassadeira-de-Garfo-Felino-scaled.jpg\" alt=\"FELINO Batidora de tenedor, FELINO, M\u00e1quinas de panader\u00eda y pasteler\u00eda\">\r\n\t\t\t\t\t\r\n\t\t\t\t<\/a>\r\n\t\t\t<\/figure>\r\n            \r\n            <div class=\"brbl-masonry-content\">\r\n\t\t\t\t\r\n                <h3 class=\"brbl-post-title\">\r\n                <a href=\"https:\/\/felino.pt\/es\/tenedor-amasador-felino\/\">Amasadora de horquilla FELINO<\/a>\r\n            <\/h3>\r\n                <div class=\"brbl-post-excerpt\">Amasadoras de horquilla: fusi\u00f3n de tradici\u00f3n e innovaci\u00f3n Las amasadoras de horquilla FELINO son piezas \u00fanicas que combinan lo mejor de...<\/div>\r\n                \r\n            <\/div>\r\n        <\/article>\r\n    <\/div><div class=\"brbl-blog-item brbl-blog-item-masonry-1-0\">\r\n        <article class=\"brbl-masonry-card brbl-post-masonry-1\">\r\n            <figure class=\"brbl-post-thumb\">\r\n\t\t\t\t<a href=\"https:\/\/felino.pt\/es\/fundicion-y-mecanizado-del-hierro-2\/\">\r\n\t\t\t\t\t<div class=\"brbl-overlay\" data-icon=\"\"><\/div>\r\n\t\t\t\t\t<img decoding=\"async\" src=\"https:\/\/felino.pt\/wp-content\/uploads\/2024\/07\/Felino-Fundicao-e-Maquinacao.jpeg\" alt=\"Fundici\u00f3n de hierro y mecanizado, FELINO\">\r\n\t\t\t\t\t\r\n\t\t\t\t<\/a>\r\n\t\t\t<\/figure>\r\n            \r\n            <div class=\"brbl-masonry-content\">\r\n\t\t\t\t\r\n                <h3 class=\"brbl-post-title\">\r\n                <a href=\"https:\/\/felino.pt\/es\/fundicion-y-mecanizado-del-hierro-2\/\">Fundici\u00f3n y mecanizado de hierro<\/a>\r\n            <\/h3>\r\n                <div class=\"brbl-post-excerpt\">FELINO, una referencia en fundici\u00f3n y mecanizado desde 1936 Felino SA, fundada en 1936 y situada en el distrito de Oporto, con...<\/div>\r\n                \r\n            <\/div>\r\n        <\/article>\r\n    <\/div><div class=\"brbl-blog-item brbl-blog-item-masonry-1-0\">\r\n        <article class=\"brbl-masonry-card brbl-post-masonry-1\">\r\n            <figure class=\"brbl-post-thumb\">\r\n\t\t\t\t<a href=\"https:\/\/felino.pt\/es\/fresado-y-mecanizado-integral\/\">\r\n\t\t\t\t\t<div class=\"brbl-overlay\" data-icon=\"\"><\/div>\r\n\t\t\t\t\t<img decoding=\"async\" src=\"https:\/\/felino.pt\/wp-content\/uploads\/2024\/07\/Fresagem-e-Maquinacao-Integral.jpeg\" alt=\"Fresado y Mecanizado Integral, FELINO,\">\r\n\t\t\t\t\t\r\n\t\t\t\t<\/a>\r\n\t\t\t<\/figure>\r\n            \r\n            <div class=\"brbl-masonry-content\">\r\n\t\t\t\t\r\n                <h3 class=\"brbl-post-title\">\r\n                <a href=\"https:\/\/felino.pt\/es\/fresado-y-mecanizado-integral\/\">Fresado y mecanizado integral<\/a>\r\n            <\/h3>\r\n                <div class=\"brbl-post-excerpt\">Desglose t\u00e9cnico de fresado y mecanizado integral El fresado horizontal de centro es un proceso de mecanizado que permite trabajar...<\/div>\r\n                \r\n            <\/div>\r\n        <\/article>\r\n    <\/div><div class=\"brbl-blog-item brbl-blog-item-masonry-1-0\">\r\n        <article class=\"brbl-masonry-card brbl-post-masonry-1\">\r\n            <figure class=\"brbl-post-thumb\">\r\n\t\t\t\t<a href=\"https:\/\/felino.pt\/es\/mecanizado-de-piezas-tecnicas\/\">\r\n\t\t\t\t\t<div class=\"brbl-overlay\" data-icon=\"\"><\/div>\r\n\t\t\t\t\t<img decoding=\"async\" src=\"https:\/\/felino.pt\/wp-content\/uploads\/2024\/07\/Precisao-e-Qualidade-da-Maquinacao-de-Pecas-Tecnicas.jpeg\" alt=\"Precisi\u00f3n y calidad en el mecanizado de piezas t\u00e9cnicas, Mecanizado de piezas t\u00e9cnicas\">\r\n\t\t\t\t\t\r\n\t\t\t\t<\/a>\r\n\t\t\t<\/figure>\r\n            \r\n            <div class=\"brbl-masonry-content\">\r\n\t\t\t\t\r\n                <h3 class=\"brbl-post-title\">\r\n                <a href=\"https:\/\/felino.pt\/es\/mecanizado-de-piezas-tecnicas\/\">Mecanizado de piezas t\u00e9cnicas<\/a>\r\n            <\/h3>\r\n                <div class=\"brbl-post-excerpt\">El impacto de la tecnolog\u00eda en la precisi\u00f3n y la calidad del mecanizado de piezas t\u00e9cnicas La precisi\u00f3n, resultado directo del proceso de innovaci\u00f3n...<\/div>\r\n                \r\n            <\/div>\r\n        <\/article>\r\n    <\/div><div class=\"brbl-blog-item brbl-blog-item-masonry-1-0\">\r\n        <article class=\"brbl-masonry-card brbl-post-masonry-1\">\r\n            <figure class=\"brbl-post-thumb\">\r\n\t\t\t\t<a href=\"https:\/\/felino.pt\/es\/batidoras-feline-pm60-y-pm60e\/\">\r\n\t\t\t\t\t<div class=\"brbl-overlay\" data-icon=\"\"><\/div>\r\n\t\t\t\t\t<img decoding=\"async\" src=\"https:\/\/felino.pt\/wp-content\/uploads\/2024\/06\/Batedeiras-FELINO-e1718444341280.jpeg\" alt=\"Amasadoras FELINO, FELINO, M\u00e1quinas para panader\u00eda y pasteler\u00eda, Amasadora ergon\u00f3mica\">\r\n\t\t\t\t\t\r\n\t\t\t\t<\/a>\r\n\t\t\t<\/figure>\r\n            \r\n            <div class=\"brbl-masonry-content\">\r\n\t\t\t\t\r\n                <h3 class=\"brbl-post-title\">\r\n                <a href=\"https:\/\/felino.pt\/es\/batidoras-feline-pm60-y-pm60e\/\">Mezcladoras FELINO PM60 y PM60e<\/a>\r\n            <\/h3>\r\n                <div class=\"brbl-post-excerpt\">Mezcladoras FELINO: rendimiento y ergonom\u00eda para la industria panadera Las mezcladoras FELINO de la serie PM son aparatos que transforman su...<\/div>\r\n                \r\n            <\/div>\r\n        <\/article>\r\n    <\/div><div class=\"brbl-blog-item brbl-blog-item-masonry-1-0\">\r\n        <article class=\"brbl-masonry-card brbl-post-masonry-1\">\r\n            <figure class=\"brbl-post-thumb\">\r\n\t\t\t\t<a href=\"https:\/\/felino.pt\/es\/diego-haupenthal-en-taller-con-mezclador-felino\/\">\r\n\t\t\t\t\t<div class=\"brbl-overlay\" data-icon=\"\"><\/div>\r\n\t\t\t\t\t<img decoding=\"async\" src=\"https:\/\/felino.pt\/wp-content\/uploads\/2024\/06\/Diego-Haupenthal-em-Workshop.jpeg\" alt=\"Diego Haupenthal en Taller, amasadora FELINO, masas dulces, taller\">\r\n\t\t\t\t\t\r\n\t\t\t\t<\/a>\r\n\t\t\t<\/figure>\r\n            \r\n            <div class=\"brbl-masonry-content\">\r\n\t\t\t\t\r\n                <h3 class=\"brbl-post-title\">\r\n                <a href=\"https:\/\/felino.pt\/es\/diego-haupenthal-en-taller-con-mezclador-felino\/\">Diego Haupenthal en el taller FELINO Mixer<\/a>\r\n            <\/h3>\r\n                <div class=\"brbl-post-excerpt\">El pasado domingo 12 de mayo, de 10.00 a 14.00 horas, el chef Diego Haupenthal dirigi\u00f3 un taller exclusivo centrado en las pastas dulces. Este evento...<\/div>\r\n                \r\n            <\/div>\r\n        <\/article>\r\n    <\/div><div class=\"brbl-blog-item brbl-blog-item-masonry-1-0\">\r\n        <article class=\"brbl-masonry-card brbl-post-masonry-1\">\r\n            <figure class=\"brbl-post-thumb\">\r\n\t\t\t\t<a href=\"https:\/\/felino.pt\/es\/centro-de-mecanizado-makino-a500z\/\">\r\n\t\t\t\t\t<div class=\"brbl-overlay\" data-icon=\"\"><\/div>\r\n\t\t\t\t\t<img decoding=\"async\" src=\"https:\/\/felino.pt\/wp-content\/uploads\/2024\/06\/Maquino-a500z.png\" alt=\"Maquino a500z, centro de mecanizado MAKINO a500Z\">\r\n\t\t\t\t\t\r\n\t\t\t\t<\/a>\r\n\t\t\t<\/figure>\r\n            \r\n            <div class=\"brbl-masonry-content\">\r\n\t\t\t\t\r\n                <h3 class=\"brbl-post-title\">\r\n                <a href=\"https:\/\/felino.pt\/es\/centro-de-mecanizado-makino-a500z\/\">Centro de mecanizado MAKINO a500Z<\/a>\r\n            <\/h3>\r\n                <div class=\"brbl-post-excerpt\">MAKINO a500Z: Nueva inversi\u00f3n FELINO FELINO se equipa con el nuevo centro de mecanizado MAKINO a500Z, una m\u00e1quina de 5 ejes con...<\/div>\r\n                \r\n            <\/div>\r\n        <\/article>\r\n    <\/div><\/div><nav class=\"brbl-pagination\" role=\"navigation\" aria-label=\"Paginaci\u00f3n\"><div class=\"brbl-page-load-status brbl-page-load-status-0\" style=\"display: none;\">\r\n\t\t\t\t<div class=\"loader-ellips infinite-scroll-request\">\r\n\t\t\t\t\t<span class=\"loader-ellips__dot\"><\/span>\r\n\t\t\t\t\t<span class=\"loader-ellips__dot\"><\/span>\r\n\t\t\t\t\t<span class=\"loader-ellips__dot\"><\/span>\r\n\t\t\t\t\t<span class=\"loader-ellips__dot\"><\/span>\r\n\t\t\t\t<\/div>\r\n\t\t\t<\/div><div class=\"pagination clearfix\">\r\n\t<div class=\"alignleft\"><a href=\"https:\/\/felino.pt\/wp-json\/wp\/v2\/pages\/32252\/page\/2\/\" >\" Entradas antiguas<\/a><\/div>\r\n\t<div class=\"alignright\"><\/div>\r\n<\/div><\/nav>\r\n\t\t\t<\/div>\n\t\t\t\t<\/div>\n\t\t\t<\/div><\/p>","protected":false},"author":5,"featured_media":0,"parent":0,"menu_order":0,"comment_status":"closed","ping_status":"closed","template":"","meta":{"_et_pb_use_builder":"on","_et_pb_old_content":"<p>Not\u00edcias<\/p>","_et_gb_content_width":"","footnotes":""},"class_list":["post-32252","page","type-page","status-publish","hentry"],"_links":{"self":[{"href":"https:\/\/felino.pt\/es\/wp-json\/wp\/v2\/pages\/32252","targetHints":{"allow":["GET"]}}],"collection":[{"href":"https:\/\/felino.pt\/es\/wp-json\/wp\/v2\/pages"}],"about":[{"href":"https:\/\/felino.pt\/es\/wp-json\/wp\/v2\/types\/page"}],"author":[{"embeddable":true,"href":"https:\/\/felino.pt\/es\/wp-json\/wp\/v2\/users\/5"}],"replies":[{"embeddable":true,"href":"https:\/\/felino.pt\/es\/wp-json\/wp\/v2\/comments?post=32252"}],"version-history":[{"count":2,"href":"https:\/\/felino.pt\/es\/wp-json\/wp\/v2\/pages\/32252\/revisions"}],"predecessor-version":[{"id":37097,"href":"https:\/\/felino.pt\/es\/wp-json\/wp\/v2\/pages\/32252\/revisions\/37097"}],"wp:attachment":[{"href":"https:\/\/felino.pt\/es\/wp-json\/wp\/v2\/media?parent=32252"}],"curies":[{"name":"wp","href":"https:\/\/api.w.org\/{rel}","templated":true}]}}