{"id":32265,"date":"2023-06-28T01:39:01","date_gmt":"2023-06-28T00:39:01","guid":{"rendered":"https:\/\/felino.4mcomunicacao.com.br\/site\/?page_id=32265"},"modified":"2024-11-11T14:12:05","modified_gmt":"2024-11-11T14:12:05","slug":"contactos","status":"publish","type":"page","link":"https:\/\/felino.pt\/es\/contactos\/","title":{"rendered":"P\u00f3ngase en contacto con"},"content":{"rendered":"<p>[et_pb_section fb_built=\"1\u2033 admin_label=\"section\" _builder_version=\"4.16\u2033 global_colors_info=\"{}\"][et_pb_row admin_label=\"row\" _builder_version=\"4.16\u2033 background_size=\"initial\" background_position=\"top_left\" background_repeat=\"repeat\" global_colors_info=\"{}\"][et_pb_column type=\"4_4\u2033 _builder_version=\"4.16\u2033 custom_padding=\"||\" global_colors_info=\"{}\" custom_padding__hover=\"||\"][dsm_block_reveal_text block_reveal_text=\"@ET-DC@eyJkeW5hbWljIjp0cnVlLCJjb250ZW50IjoicG9zdF90aXRsZSIsInNldHRpbmdzIjp7ImJlZm9yZSI6IiIsImFmdGVyIjoiIn19@\" heading_html_tag=\"h1\u2033 block_reveal_animation=\"bt\" _builder_version=\"4.24.0\u2033 _dynamic_attributes=\"block_reveal_text\" _module_preset=\"default\" header_font=\"spartan bold||on|||||\" header_text_align=\"center\" header_font_size=\"40px\" header_line_height=\"1.9em\" header_font_size_tablet=\"40px\" header_font_size_phone=\"38px\" header_font_size_last_edited=\"on|phone\" locked=\"off\" global_colors_info=\"{}\"][\/dsm_block_reveal_text][\/et_pb_column][\/et_pb_row][et_pb_row column_structure=\"1_2,1_2\u2033 use_custom_gutter=\"on\" gutter_width=\"2\u2033 _builder_version=\"4.22.1\u2033 _module_preset=\"default\" global_colors_info=\"{}\"][et_pb_column type=\"1_2\u2033 _builder_version=\"4.22.1\u2033 _module_preset=\"default\" global_colors_info=\"{}\"][et_pb_text _builder_version=\"4.24.0\u2033 _module_preset=\"default\" header_2_font=\"spartan semibold||||||||\" global_colors_info=\"{}\"]<\/p>\n<h2>P\u00f3ngase en contacto<\/h2>\n<p>No dude en ponerse en contacto con Felino S.A. para solicitar informaci\u00f3n sobre nuestros productos o servicios.<\/p>\n<p>[\/et_pb_text][dsm_contact_form_7 cf7_library=\"31487\u2033 show_validation=\"on\" button_alignment=\"left\" _builder_version=\"4.27.3\u2033 _module_preset=\"default\" input_textarea_select_text_color=\"#3A3A\" input_textarea_select_font_size=\"15px\" input_textarea_select_line_height=\"1.8em\" custom_button_one=\"on\" button_one_text_size=\"17px\" button_one_text_color=\"#FFFF\" button_one_bg_color=\"#EF8D23\u2033 button_one_border_radius=\"6px\" button_one_font=\"||||||||\" button_one_on_hover=\"off\" button_one_custom_padding=\"7px|50px|7px|30px|true|false\" hover_enabled=\"0\u2033 border_width_right_image=\"1px\" border_color_right_image=\"rgba(58,58,58,0.2)\" border_width_bottom_image=\"1px\" border_color_bottom_image=\"rgba(58,58,58,0.35)\" box_shadow_style_button_one=\"preset3\u2033 global_colors_info=\"{}\" button_one_bg_color__hover_enabled=\"on|hover\" button_one_bg_color__hover=\"#7A1315\u2033 button_one_bg_enable_color__hover=\"on\" sticky_enabled=\"0\u2033][\/dsm_contact_form_7][\/et_pb_column][et_pb_column type=\"1_2\u2033 _builder_version=\"4.22.1\u2033 _module_preset=\"default\" global_colours_info=\"{}\"][et_pb_text _builder_version=\"4.24.0\u2033 _module_preset=\"default\" text_font=\"spartan medium||||||||\" header_2_font=\"spartan semibold||||||||\" header_2_text_color=\"#3A3A3A\" header_2_font_size=\"19px\" header_2_line_height=\"1.2em\" custom_margin=\"15px||||false|false\" locked=\"off\" global_colors_info=\"{}\"]<\/p>\n<h2>FELINO - Fundi\u00e7\u00e3o e Constru\u00e7\u00f5es Mec\u00e2nicas, S.A<\/h2>\n<p>[\/et_pb_text][et_pb_blurb title=&#8221;(+351) 229 699 830&#8243; use_icon=&#8221;on&#8221; font_icon=&#8221;&#xe090;||divi||400&#8243; icon_color=&#8221;#3A3A3A&#8221; icon_placement=&#8221;left&#8221; image_icon_width=&#8221;20px&#8221; module_class=&#8221;hws-v7-blurb-top-bar&#8221; _builder_version=&#8221;4.22.2&#8243; _module_preset=&#8221;default&#8221; header_font=&#8221;Poppins|600|||||||&#8221; header_text_color=&#8221;#3A3A3A&#8221; header_font_size=&#8221;16px&#8221; image_icon_custom_margin=&#8221;-3px|0px||10px|false|false&#8221; custom_margin=&#8221;||||false|false&#8221; custom_padding=&#8221;||||false|false&#8221; animation=&#8221;off&#8221; border_color_right=&#8221;rgba(255,255,255,0.3)&#8221; locked=&#8221;off&#8221; global_colors_info=&#8221;{%22gcid-51025655-7a8e-4033-a8c9-e112e3d25996%22:%91%22icon_color%22%93}&#8221;][\/et_pb_blurb][et_pb_blurb title=&#8221;info@felino.pt&#8221; use_icon=&#8221;on&#8221; font_icon=&#8221;&#xf2b6;||fa||900&#8243; icon_color=&#8221;#3A3A3A&#8221; icon_placement=&#8221;left&#8221; image_icon_width=&#8221;19px&#8221; module_class=&#8221;hws-v7-blurb-top-bar&#8221; _builder_version=&#8221;4.22.2&#8243; _module_preset=&#8221;default&#8221; header_font=&#8221;Poppins|600|||||||&#8221; header_text_color=&#8221;#3A3A3A&#8221; header_font_size=&#8221;16px&#8221; image_icon_custom_margin=&#8221;0px|0px||10px|false|false&#8221; custom_margin=&#8221;||||false|false&#8221; custom_padding=&#8221;||||false|false&#8221; animation=&#8221;off&#8221; border_color_right=&#8221;rgba(255,255,255,0.3)&#8221; locked=&#8221;off&#8221; global_colors_info=&#8221;{%22gcid-51025655-7a8e-4033-a8c9-e112e3d25996%22:%91%22icon_color%22,%22icon_color%22,%22icon_color%22,%22icon_color%22,%22icon_color%22,%22icon_color%22%93}&#8221;][\/et_pb_blurb][et_pb_slider show_pagination=&#8221;off&#8221; show_image_video_mobile=&#8221;on&#8221; arrows_custom_color=&#8221;#EF8D23&#8243; dot_nav_custom_color=&#8221;#EF8D23&#8243; _builder_version=&#8221;4.27.0&#8243; _module_preset=&#8221;default&#8221; background_color=&#8221;RGBA(255,255,255,0)&#8221; text_orientation=&#8221;left&#8221; module_alignment=&#8221;center&#8221; custom_margin=&#8221;|0px||0px|false|false&#8221; custom_padding=&#8221;|0px||0px|false|false&#8221; animation_style=&#8221;fade&#8221; auto=&#8221;on&#8221; hover_transition_speed_curve=&#8221;linear&#8221; border_color_all=&#8221;RGBA(255,255,255,0)&#8221; border_style_all=&#8221;none&#8221; border_color_all_image=&#8221;RGBA(255,255,255,0)&#8221; global_colors_info=&#8221;{}&#8221;][et_pb_slide heading=&#8221;Sede Ermesinde&#8221; image=&#8221;https:\/\/felino.pt\/wp-content\/uploads\/2024\/02\/FELINO-Ermesinde.jpg&#8221; arrows_custom_color=&#8221;#EF8D23&#8243; dot_nav_custom_color=&#8221;#EF8D23&#8243; image_tablet=&#8221;https:\/\/felino.pt\/wp-content\/uploads\/2023\/11\/FELINO-Ermesinde.png&#8221; image_phone=&#8221;https:\/\/felino.pt\/wp-content\/uploads\/2023\/11\/FELINO-Ermesinde.png&#8221; image_last_edited=&#8221;on|phone&#8221; _builder_version=&#8221;4.24.0&#8243; _module_preset=&#8221;default&#8221; header_level=&#8221;h2&#8243; header_font=&#8221;||||||||&#8221; header_text_align=&#8221;center&#8221; header_text_color=&#8221;#3A3A3A&#8221; header_font_size=&#8221;14px&#8221; header_letter_spacing=&#8221;0px&#8221; header_line_height=&#8221;1.4em&#8221; background_color=&#8221;RGBA(255,255,255,0)&#8221; background_enable_color=&#8221;on&#8221; width=&#8221;100%&#8221; max_width=&#8221;100%&#8221; custom_padding=&#8221;10px|0px|10px|0px|false|false&#8221; hover_transition_speed_curve=&#8221;linear&#8221; global_colors_info=&#8221;{}&#8221; background__hover_enabled=&#8221;on|desktop&#8221; sticky_transition=&#8221;on&#8221;][\/et_pb_slide][et_pb_slide heading=&#8221;Sobrado &#8211; Fundi\u00e7\u00e3o de Ferro&#8221; image=&#8221;https:\/\/felino.pt\/wp-content\/uploads\/2023\/08\/cronograma2.jpg&#8221; arrows_custom_color=&#8221;#EF8D23&#8243; dot_nav_custom_color=&#8221;RGBA(255,255,255,0)&#8221; _builder_version=&#8221;4.24.0&#8243; _module_preset=&#8221;default&#8221; header_level=&#8221;h2&#8243; header_font=&#8221;||||||||&#8221; header_text_align=&#8221;center&#8221; header_text_color=&#8221;#3A3A3A&#8221; header_font_size=&#8221;14px&#8221; header_letter_spacing=&#8221;0px&#8221; header_line_height=&#8221;1.4em&#8221; background_color=&#8221;RGBA(255,255,255,0)&#8221; background_enable_color=&#8221;on&#8221; width=&#8221;100%&#8221; max_width=&#8221;100%&#8221; custom_padding=&#8221;10px|0px|10px|0px|false|false&#8221; hover_transition_speed_curve=&#8221;linear&#8221; global_colors_info=&#8221;{}&#8221; background__hover_enabled=&#8221;on|desktop&#8221; sticky_transition=&#8221;on&#8221;][\/et_pb_slide][\/et_pb_slider][et_pb_blurb title=&#8221;Sede Ermesinde \u2013 Maquina\u00e7\u00e3o e M\u00e1quinas&#8221; use_icon=&#8221;on&#8221; font_icon=&#8221;&#xe081;||divi||400&#8243; icon_color=&#8221;#3A3A3A&#8221; icon_placement=&#8221;left&#8221; image_icon_width=&#8221;24px&#8221; module_class=&#8221;hws-v7-blurb-top-bar&#8221; _builder_version=&#8221;4.24.2&#8243; _module_preset=&#8221;default&#8221; header_font=&#8221;Poppins|600|||||||&#8221; header_text_color=&#8221;#3A3A3A&#8221; header_font_size=&#8221;16px&#8221; image_icon_custom_margin=&#8221;-3px|0px||8px|false|false&#8221; custom_margin=&#8221;||||false|false&#8221; custom_padding=&#8221;||||false|false&#8221; animation=&#8221;off&#8221; border_color_right=&#8221;rgba(255,255,255,0.3)&#8221; locked=&#8221;off&#8221; global_colors_info=&#8221;{%22gcid-51025655-7a8e-4033-a8c9-e112e3d25996%22:%91%22icon_color%22,%22icon_color%22,%22icon_color%22,%22icon_color%22,%22icon_color%22,%22icon_color%22%93}&#8221;]<\/p>\n<p><span>Rua da Bela<\/span><br \/><span>4445-344 Ermesinde, Portugal<\/span><\/p>\n<p>[\/et_pb_blurb][et_pb_blurb title=&#8221;Sobrado &#8211; Fundi\u00e7\u00e3o de Ferro&#8221; use_icon=&#8221;on&#8221; font_icon=&#8221;&#xe081;||divi||400&#8243; icon_color=&#8221;#3A3A3A&#8221; icon_placement=&#8221;left&#8221; image_icon_width=&#8221;24px&#8221; module_class=&#8221;hws-v7-blurb-top-bar&#8221; _builder_version=&#8221;4.24.0&#8243; _module_preset=&#8221;default&#8221; header_font=&#8221;Poppins|600|||||||&#8221; header_text_color=&#8221;#3A3A3A&#8221; header_font_size=&#8221;16px&#8221; image_icon_custom_margin=&#8221;-3px|0px||8px|false|false&#8221; custom_margin=&#8221;||||false|false&#8221; custom_padding=&#8221;||||false|false&#8221; animation=&#8221;off&#8221; border_color_right=&#8221;rgba(255,255,255,0.3)&#8221; locked=&#8221;off&#8221; global_colors_info=&#8221;{%22gcid-51025655-7a8e-4033-a8c9-e112e3d25996%22:%91%22icon_color%22,%22icon_color%22,%22icon_color%22,%22icon_color%22,%22icon_color%22,%22icon_color%22%93}&#8221;]<\/p>\n<p>Rua Ch\u00e3o da Vinha, 2015<br \/>4440-351 Sobrado, Portugal<\/p>\n<p>[\/et_pb_blurb][\/et_pb_column][\/et_pb_row][et_pb_row _builder_version=\"4.22.1\u2033 _module_preset=\"default\" width=\"100%\" max_width=\"100%\" custom_margin=\"50px|auto|-77px|auto|false|false\" custom_padding=\"0px|0px|true|false\" global_colors_info=\"{}\"][et_pb_column type=\"4_4\u2033 _builder_version=\"4.22.1\u2033 _module_preset=\"default\" global_colors_info=\"{}\"][dsm_advanced_tabs dsm_show_arrow=\"off\" dsm_deep_link=\"on\" dsm_content_margin=\"0px|0px|0px|0px|true|true\" dsm_content_padding=\"0px|0px|0px|true|true\" dsm_tabs_image_icon_margin=\"0px|0px|0px|true|true\" dsm_tabs_image_icon_padding=\"0px|0px|0px|true|true\" dsm_tabs_wrapper_margin=\"0px|||0px|true|false\" dsm_tabs_wrapper_padding=\"0px||0px||true|false\" dsm_tabs_wrapper_alignment=\"center\" dsm_content_image_icon_margin=\"0px|0px|0px|true|true\" dsm_content_image_icon_padding=\"0px|0px|0px|true\" admin_label=\"Pesta\u00f1as avanzadas supremas\" _builder_version=\"4.27.0\u2033 _module_preset=\"default\" tab_title_font=\"spartan bold||||||||\" tab_title_line_height=\"1.6em\" image_icon_custom_padding=\"15px|20px|15px|20px|false|true\" custom_margin=\"||||true|true\" custom_padding=\"||||true|true\" border_width_all=\"0px\" border_radii_dsm_tabs_border=\"off|10px|10px|||\" border_width_right_dsm_tabs_border=\"1px\" border_color_right_dsm_tabs_border=\"#cccc\" global_colors_info=\"{}\"][dsm_advanced_tabs_child dsm_title=\"Sede Ermesinde\" dsm_content=\"<iframe src=\"%22https:\/\/www.google.com\/maps\/embed?pb=!1m14!1m8!1m3!1d6001.513053782575!2d-8.551046!3d41.227076!3m2!1i1024!2i768!4f13.1!3m3!1m2!1s0xd24613fe4a1555f%3A0x5f84d9a52a53888b!2zRmVsaW5vIC0gRnVuZGnDp8OjbyBlIENvbnN0cnXDp8O1ZXMgTWVjw6JuaWNhcywgUy5BLg!5e0!3m2!1spt-PT!2spt!4v1693253653321!5m2!1spt-PT!2spt%22\" width=\"%22100%%22\" height=\"%22550%22\" style=\"%22border:\" 0;%22 allowfullscreen=\"%22%22\" loading=\"%22lazy%22\" referrerpolicy=\"%22no-referrer-when-downgrade%22\"><\/iframe>\" _builder_version=\"4.22.2\u2033 _module_preset=\"default\" global_colors_info=\"{}\" parentOrderClass=\"dsm_advanced_tabs_0\u2033][\/dsm_advanced_tabs_child][dsm_advanced_tabs_child dsm_title=\"Fundici\u00f3n Sobrado\" dsm_content=\"<iframe src=\"%22https:\/\/www.google.com\/maps\/embed?pb=!1m14!1m8!1m3!1d24000.206735719632!2d-8.4711177305907!3d41.24299499999999!3m2!1i1024!2i768!4f13.1!3m3!1m2!1s0xd248a677dec0abf%3A0xcdf8b26372f95029!2zRmVsaW5vIC0gRnVuZGnDp8OjbyBlIENvbnN0cnXDp8O1ZXMgTWVjw6JuaWNhcywgUy5BLg!5e0!3m2!1spt-PT!2spt!4v1694638252748!5m2!1spt-PT!2spt%22\" width=\"%22100%%22\" height=\"%22550%22\" style=\"%22border:0;%22\" allowfullscreen=\"%22%22\" loading=\"%22lazy%22\" referrerpolicy=\"%22no-referrer-when-downgrade%22\"><\/iframe>\" _builder_version=\"4.22.2\u2033 _module_preset=\"default\" global_colors_info=\"{}\" parentOrderClass=\"dsm_advanced_tabs_0\u2033][\/dsm_advanced_tabs_child][\/dsm_advanced_tabs][\/et_pb_column][\/et_pb_row][\/et_pb_section]<\/p>","protected":false},"excerpt":{"rendered":"<p><div class=\"et_pb_module dsm_block_reveal_text dsm_block_reveal_text_0\">\n\t\t\t\t\n\t\t\t\t\n\t\t\t\t\n\t\t\t\t\n\t\t\t\t\n\t\t\t\t\n\t\t\t\t<div class=\"et_pb_module_inner\">\n\t\t\t\t\t<div class=\"dsm_block_reveal_text_wrapper\" data-dsm-block-reveal-animation=\"bt\" data-dsm-block-reveal-color=\"#ef8d23\" data-dsm-block-reveal-delay=\"0.1\" data-dsm-block-reveal-viewport=\"80%\"><\/div>\n\t\t\t\t<\/div>\n\t\t\t<\/div>Contacto No dude en ponerse en contacto con Felino S.A. para solicitar informaci\u00f3n sobre nuestros productos o servicios.<div class=\"et_pb_with_border et_pb_module dsm_contact_form_7 dsm_contact_form_7_0\">\n\t\t\t\t\n\t\t\t\t\n\t\t\t\t\n\t\t\t\t\n\t\t\t\t\n\t\t\t\t\n\t\t\t\t<div class=\"et_pb_module_inner\">\n\t\t\t\t\t<div class=\"\">\n\t\t\t\t\n<div class=\"wpcf7 no-js\" id=\"wpcf7-f31487-o1\" lang=\"pt-PT\" dir=\"ltr\" data-wpcf7-id=\"31487\">\n<div class=\"screen-reader-response\"><p role=\"status\" aria-live=\"polite\" aria-atomic=\"true\"><\/p> <ul><\/ul><\/div>\n<form action=\"\/es\/wp-json\/wp\/v2\/pages\/32265#wpcf7-f31487-o1\" method=\"post\" class=\"wpcf7-form init\" aria-label=\"Formulario de contacto\" novalidate=\"novalidate\" data-status=\"init\" data-trp-original-action=\"\/es\/wp-json\/wp\/v2\/pages\/32265#wpcf7-f31487-o1\">\n<fieldset class=\"hidden-fields-container\"><input type=\"hidden\" name=\"_wpcf7\" value=\"31487\" \/><input type=\"hidden\" name=\"_wpcf7_version\" value=\"6.1.4\" \/><input type=\"hidden\" name=\"_wpcf7_locale\" value=\"pt_PT\" \/><input type=\"hidden\" name=\"_wpcf7_unit_tag\" value=\"wpcf7-f31487-o1\" \/><input type=\"hidden\" name=\"_wpcf7_container_post\" value=\"0\" \/><input type=\"hidden\" name=\"_wpcf7_posted_data_hash\" value=\"\" \/><input type=\"hidden\" name=\"_wpcf7_recaptcha_response\" value=\"\" \/>\n<\/fieldset>\n<div id=\"responsive-form\" class=\"clearfix\">\n\t<div class=\"form-row\">\n\t\t<div class=\"column-half\">\n\t\t\t<p>Nombre<br \/>\n<span class=\"wpcf7-form-control-wrap\" data-name=\"your-name\"><input size=\"40\" maxlength=\"400\" class=\"wpcf7-form-control wpcf7-text wpcf7-validates-as-required\" autocomplete=\"name\" aria-required=\"true\" aria-invalid=\"false\" value=\"\" type=\"text\" name=\"your-name\" \/><\/span>\n\t\t\t<\/p>\n\t\t<\/div>\n\t\t<div class=\"column-half\">\n\t\t\t<p>Correo electr\u00f3nico<br \/>\n<span class=\"wpcf7-form-control-wrap\" data-name=\"your-email\"><input size=\"40\" maxlength=\"400\" class=\"wpcf7-form-control wpcf7-email wpcf7-validates-as-required wpcf7-text wpcf7-validates-as-email\" autocomplete=\"email\" aria-required=\"true\" aria-invalid=\"false\" value=\"\" type=\"email\" name=\"your-email\" \/><\/span>\n\t\t\t<\/p>\n\t\t<\/div>\n\t<\/div>\n\t<div class=\"form-row\">\n\t\t<div class=\"column-half\">\n\t\t\t<p>Empresa <span class=\"wpcf7-form-control-wrap\" data-name=\"your-empresa\"><input size=\"40\" maxlength=\"400\" class=\"wpcf7-form-control wpcf7-text wpcf7-validates-as-required\" autocomplete=\"empresa\" aria-required=\"true\" aria-invalid=\"false\" value=\"\" type=\"text\" name=\"your-empresa\" \/><\/span>\n\t\t\t<\/p>\n\t\t<\/div>\n\t\t<div class=\"column-half\">\n\t\t\t<p>Tel\u00e9fono <span class=\"wpcf7-form-control-wrap\" data-name=\"telefone\"><input size=\"40\" maxlength=\"400\" class=\"wpcf7-form-control wpcf7-tel wpcf7-validates-as-required wpcf7-text wpcf7-validates-as-tel\" autocomplete=\"tel\" aria-required=\"true\" aria-invalid=\"false\" value=\"\" type=\"tel\" name=\"telefone\" \/><\/span>\n\t\t\t<\/p>\n\t\t<\/div>\n\t<\/div>\n\t<div class=\"form-row\">\n\t\t<div class=\"column-half\">\n\t\t\t<p>Ciudad*<br \/>\n<span class=\"wpcf7-form-control-wrap\" data-name=\"your-cidade\"><input size=\"40\" maxlength=\"400\" class=\"wpcf7-form-control wpcf7-text wpcf7-validates-as-required\" autocomplete=\"cidade\" aria-required=\"true\" aria-invalid=\"false\" value=\"\" type=\"text\" name=\"your-cidade\" \/><\/span>\n\t\t\t<\/p>\n\t\t<\/div>\n\t\t<div class=\"column-half\">\n\t\t\t<p>Pa\u00eds<br \/>\n<span class=\"wpcf7-form-control-wrap dsm-contact-form-7-select\" data-name=\"Pais2\"><select class=\"wpcf7-form-control wpcf7-select wpcf7-validates-as-required et_pb_contact_select input\" aria-required=\"true\" aria-invalid=\"false\" name=\"Pais2\"><option value=\"\">-Por favor, elija una opci\u00f3n-<\/option><option value=\"Portugal\">Portugal<\/option><option value=\"Outro Pa\u00eds\">Otro pa\u00eds<\/option><\/select><\/span>\n\t\t\t<\/p>\n\t\t<\/div>\n\t<\/div>\n\t<div class=\"form-row\">\n\t\t<div class=\"column-full\">\n\t\t\t<p>Mensaje<br \/>\n<span class=\"wpcf7-form-control-wrap\" data-name=\"your-mensagem\"><textarea cols=\"40\" rows=\"10\" maxlength=\"2000\" class=\"wpcf7-form-control wpcf7-textarea wpcf7-validates-as-required\" aria-required=\"true\" aria-invalid=\"false\" name=\"your-mensagem\"><\/textarea><\/span>\n\t\t\t<\/p>\n\t\t<\/div>\n\t<\/div>\n\t<div class=\"form-row\">\n\t\t<div class=\"column-full\">\n\t\t\t<p><button class=\"wpcf7-form-control wpcf7-submit has-spinner et_pb_button et_pb_bg_layout_light\" type=\"submit\" value=\"Enviar Mensagem\">Enviar mensaje<\/button>\n\t\t\t<\/p>\n\t\t<\/div>\n\t<input class=\"wpcf7-form-control wpcf7-hidden\" value=\"MENSAGEM VIA SITE\" type=\"hidden\" name=\"your-subject\" \/>\n\t<\/div>\n\t<p>* Campos obligatorios\n\t<\/p>\n<\/div><!--end responsive-form--><div class=\"wpcf7-response-output\" aria-hidden=\"true\"><\/div>\n<input type=\"hidden\" name=\"trp-form-language\" value=\"es\"\/><\/form>\n<\/div>\n\n\t\t\t<\/div>\n\t\t\t\t<\/div>\n\t\t\t<\/div>FELINO - Fundi\u00e7\u00e3o e Constru\u00e7\u00f5es Mec\u00e2nicas, S.ARua da Bela4445-344 Ermesinde, PortugalRua Ch\u00e3o da Vinha, 20154440-351 Sobrado, Portugal<div class=\"et_pb_with_border et_pb_module dsm_advanced_tabs dsm_advanced_tabs_0\">\n\t\t\t\t\n\t\t\t\t\n\t\t\t\t\n\t\t\t\t\n\t\t\t\t\n\t\t\t\t\n\t\t\t\t<div class=\"et_pb_module_inner\">\n\t\t\t\t\t<div class=\"dsm-advanced-tabs-container\" data-trigger=\"click\" data-animation=\"none\" data-inner_animation=\"none\" data-deep_link=\"on\" data-image_lightbox=\"off\" data-auto_scroll_mobile=\"off\" data-anchor_link=\"off\">\n\t\t\t\t    <div class=\"dsm-advanced-tabs-wrapper\" role=\"tablist\"><div id=\"dsm-tab-69d1dc623201e \" class=\"dsm-tab dsm_advanced_tabs_child_0 sedeermesinde\" role=\"tab\"  aria-selected=\"true\" aria-controls=\"dsm-panel-69d1dc623201e\" tabindex=\"0\" data-tabid=\"69d1dc623201e\">\n\t\t\t     \n\t\t\t     \n\t\t\t\t \n\t\t\t\t  \n\t\t\t\t <div class=\"dsm-title-wrapper\">\n\t\t\t     <div class=\"dsm-title\">Sede central de Ermesinde<\/div>\n\t\t\t\t \n\t\t\t\t \n\t\t\t\t \n\t\t\t\t <\/div>\n\t\t\t  <\/div>\n\t\t<div id=\"dsm-tab-69d1dc6239e91 \" class=\"dsm-tab dsm_advanced_tabs_child_1 fundiosobrado\" role=\"tab\"  aria-selected=\"true\" aria-controls=\"dsm-panel-69d1dc6239e91\" tabindex=\"0\" data-tabid=\"69d1dc6239e91\">\n\t\t\t     \n\t\t\t     \n\t\t\t\t \n\t\t\t\t  \n\t\t\t\t <div class=\"dsm-title-wrapper\">\n\t\t\t     <div class=\"dsm-title\">Fundici\u00f3n Sobrado<\/div>\n\t\t\t\t \n\t\t\t\t \n\t\t\t\t \n\t\t\t\t <\/div>\n\t\t\t  <\/div>\n\t\t<\/div>\n\t\t\t\t <div class=\"dsm-advanced-tabs-content-wrapper\">\n\t\t\t\t    <div id=\"dsm-panel-69d1dc623201e \" class=\"dsm-content-wrapper dsm_advanced_tabs_child_0 animated\" aria-labelledby=\"dsm-tab-69d1dc623201e\" data-contentid=\"69d1dc623201e\">\n\t\t\t\t<div class=\"dsm-inner-content-wrapper\">  \n\t\t\t\t\t\n\t\t\t\t\t\n\t\t\t\t\t<div class=\"dsm-inner-content\"> \n\t\t\t\t\t\t\n\t\t\t\t\t\t\n\t\t\t\t\t\t\n\t\t\t\t\t<\/div>\n\t\t\t\t<\/div>\n\t\t   <\/div><div id=\"dsm-panel-69d1dc6239e91 \" class=\"dsm-content-wrapper dsm_advanced_tabs_child_1 animated\" aria-labelledby=\"dsm-tab-69d1dc6239e91\" data-contentid=\"69d1dc6239e91\">\n\t\t\t\t<div class=\"dsm-inner-content-wrapper\">  \n\t\t\t\t\t\n\t\t\t\t\t\n\t\t\t\t\t<div class=\"dsm-inner-content\"> \n\t\t\t\t\t\t\n\t\t\t\t\t\t\n\t\t\t\t\t\t\n\t\t\t\t\t<\/div>\n\t\t\t\t<\/div>\n\t\t   <\/div>\n\t\t\t\t <\/div>\n\t\t     <\/div>\n\t\t    \n\t\t\t\t<\/div>\n\t\t\t<\/div><\/p>","protected":false},"author":5,"featured_media":0,"parent":0,"menu_order":0,"comment_status":"closed","ping_status":"closed","template":"","meta":{"_et_pb_use_builder":"on","_et_pb_old_content":"Contactos","_et_gb_content_width":"","footnotes":""},"class_list":["post-32265","page","type-page","status-publish","hentry"],"_links":{"self":[{"href":"https:\/\/felino.pt\/es\/wp-json\/wp\/v2\/pages\/32265","targetHints":{"allow":["GET"]}}],"collection":[{"href":"https:\/\/felino.pt\/es\/wp-json\/wp\/v2\/pages"}],"about":[{"href":"https:\/\/felino.pt\/es\/wp-json\/wp\/v2\/types\/page"}],"author":[{"embeddable":true,"href":"https:\/\/felino.pt\/es\/wp-json\/wp\/v2\/users\/5"}],"replies":[{"embeddable":true,"href":"https:\/\/felino.pt\/es\/wp-json\/wp\/v2\/comments?post=32265"}],"version-history":[{"count":13,"href":"https:\/\/felino.pt\/es\/wp-json\/wp\/v2\/pages\/32265\/revisions"}],"predecessor-version":[{"id":37760,"href":"https:\/\/felino.pt\/es\/wp-json\/wp\/v2\/pages\/32265\/revisions\/37760"}],"wp:attachment":[{"href":"https:\/\/felino.pt\/es\/wp-json\/wp\/v2\/media?parent=32265"}],"curies":[{"name":"wp","href":"https:\/\/api.w.org\/{rel}","templated":true}]}}