{"id":32277,"date":"2023-06-28T01:44:26","date_gmt":"2023-06-28T00:44:26","guid":{"rendered":"https:\/\/felino.4mcomunicacao.com.br\/site\/?page_id=32277"},"modified":"2024-11-04T15:10:16","modified_gmt":"2024-11-04T15:10:16","slug":"staf","status":"publish","type":"page","link":"https:\/\/felino.pt\/es\/staf\/","title":{"rendered":"STAF"},"content":{"rendered":"<p>[et_pb_section fb_built=\"1\u2033 _builder_version=\"4.22.2\u2033 _module_preset=\"default\" background_image=\"https:\/\/felino.pt\/wp-content\/uploads\/2023\/10\/banner_assistencia.jpg\" height=\"400px\" global_colors_info=\"{}\"][et_pb_row _builder_version=\"4.22.2\u2033 _module_preset=\"default\" global_colors_info=\"{}\"][et_pb_column type=\"4_4\u2033 _builder_version=\"4.22.2\u2033 _module_preset=\"default\" global_colors_info=\"{}\"][dsm_block_reveal_text block_reveal_text=\"@ET-DC@eyJkeW5hbWljIjp0cnVlLCJjb250ZW50IjoicG9zdF90aXRsZSIsInNldHRpbmdzIjp7ImJlZm9yZSI6IlNlcnZpXHUwMGU3b3MgIiwiYWZ0ZIiOiIifX0=@\" heading_html_tag=\"h1\u2033 block_reveal_animation=\"bt\" admin_label=\"Texto de revelaci\u00f3n del bloque supremo\" _builder_version=\"4.23.4\u2033 _dynamic_attributes=\"block_reveal_text\" _module_preset=\"default\" header_font=\"spartan bold||on|||||\" header_text_align=\"center\" header_text_color=\"#FFFF\" header_font_size=\"40px\" header_line_height=\"1.2em\" custom_margin=\"7vh||||false|false\" header_text_shadow_style=\"preset2\u2033 locked=\"off\" global_colors_info=\"{}\"][\/dsm_block_reveal_text][\/et_pb_column][\/et_pb_row][\/et_pb_section][et_pb_section fb_built=\"1\u2033 _builder_version=\"4.16\u2033 global_colors_info=\"{}\"][et_pb_row _builder_version=\"4.23.4\u2033 background_size=\"initial\" background_position=\"top_left\" background_repeat=\"repeat\" custom_padding=\"0px||||false|false\" locked=\"off\" global_colors_info=\"{}\"][et_pb_column type=\"4_4\u2033 _builder_version=\"4.16\u2033 custom_padding=\"||\" global_colors_info=\"{}\" custom_padding__hover=\"||\"][et_pb_text _builder_version=\"4.24.0\u2033 _module_preset=\"default\" header_2_font=\"||||||||\" header_2_text_align=\"center\" header_2_font_size=\"24px\" header_2_line_height=\"1.2em\" header_3_font=\"spartan semibold|600|||||||\" header_3_font_size=\"18px\" header_3_line_height=\"1.2em\" custom_margin=\"25px||||false|false\" header_2_line_height_tablet=\"1.2em\" header_2_line_height_phone=\"1.2em\" header_2_line_height_last_edited=\"on|tablet\" header_3_line_height_tablet=\"1.2em\" header_3_line_height_phone=\"1.2em\" header_3_line_height_last_edited=\"on|phone\" global_colors_info=\"{}\"]<\/p>\n<h2><strong>Servicios de asistencia t\u00e9cnica FELINO<\/strong><\/h2>\n<h3 style=\"text-align: center;\">Asistencia t\u00e9cnica especializada para que su empresa siga funcionando<\/h3>\n<p>[\/et_pb_text][et_pb_text _builder_version=\"4.24.0\u2033 _module_preset=\"default\" text_line_height=\"1.8em\" header_2_font_size=\"23px\" header_2_line_height=\"1.7em\" header_3_font_size=\"19px\" header_3_line_height=\"1.7em\" global_colors_info=\"{}\"]<\/p>\n<p>En FELINO somos conscientes de que sus equipos son una parte esencial de su negocio. Por eso sabemos lo cr\u00edtico que es mantenerlos en funcionamiento sin interrupciones en su fabricaci\u00f3n. Nuestros Servicios de Asistencia T\u00e9cnica FELINO - STAF, est\u00e1n aqu\u00ed para ayudarle a prevenir problemas antes de que surjan. Evite costosas reparaciones e interrupciones no deseadas en su producci\u00f3n, y revise todos los componentes vitales de sus equipos con un equipo de t\u00e9cnicos especializados formados por FELINO.<\/p>\n<p>[\/et_pb_text][\/et_pb_column][\/et_pb_row][et_pb_row _builder_version=\u201d4.22.1\u2033 _module_preset=\"default\" custom_margin=\"||0px|false|false\" custom_padding=\"||0px|false|false\" global_colors_info=\"{}\"][et_pb_column type=\"4_4\u2033 _builder_version=\"4.22.1\u2033 _module_preset=\"default\" global_colors_info=\"{}\"][et_pb_text _builder_version=\"4.24.0\u2033 _module_preset=\"default\" text_font_size=\"13px\" text_line_height=\"1.9em\" header_2_font=\"||||||||\" header_2_font_size=\"22px\" header_2_line_height=\"1.7em\" header_3_font_size=\"19px\" header_3_line_height=\"1.7em\" header_2_line_height_tablet=\"1.7em\" header_2_line_height_phone=\"1.3em\" header_2_line_height_last_edited=\"on|phone\" global_colors_info=\"{}\"]<\/p>\n<h2 style=\"text-align: center;\"><strong>\u00bfPor qu\u00e9 elegir los servicios STAF de FELINO?<\/strong><\/h2>\n<p>[\/et_pb_text][\/et_pb_column][\/et_pb_row][et_pb_row column_structure=\"1_2,1_2\u2033 _builder_version=\"4.22.1\u2033 _module_preset=\"default\" global_colors_info=\"{}\"][et_pb_column type=\"1_2\u2033 _builder_version=\"4.22.1\u2033 _module_preset=\u201ddefault\u201d global_colors_info=\u201d{}\u201d][et_pb_image src=\u201dhttps:\/\/felino.pt\/wp-content\/uploads\/2023\/10\/PHOTO-2023-06-15-15-14-44.jpg\u201d title_text=\u201dPHOTO-2023-06-15-15-14-44\u2033 align=\u201dcenter\u201d _builder_version=\u201d4.22.2\u2033 _module_preset=\"default\" width=\"100%\" global_colors_info=\"{}\"][\/et_pb_image][\/et_pb_column][et_pb_column type=\"1_2\u2033 _builder_version=\"4.22.1\u2033 _module_preset=\"default\" global_colors_info=\"{}\"][et_pb_text _builder_version=\"4.24.0\u2033 _module_preset=\"default\" text_line_height=\"1.8em\" header_2_font_size=\"23px\" header_2_line_height=\"1.7em\" header_3_font=\"spartan bold||||||||\" header_3_font_size=\"18px\" header_3_line_height=\"1.7em\" global_colors_info=\"{}\"]<\/p>\n<h3><strong>Experiencia inigualable:<\/strong><\/h3>\n<p>Con 88 a\u00f1os de experiencia en el mercado, FELINO es sin\u00f3nimo de calidad y fiabilidad. Nuestro saber hacer nos permite identificar y resolver los problemas con rapidez y eficacia, para garantizar la continuidad de su producci\u00f3n.<\/p>\n<p>[\/et_pb_text][et_pb_text _builder_version=\"4.22.2\u2033 _module_preset=\"default\" text_line_height=\"1.8em\" header_2_font_size=\"23px\" header_2_line_height=\"1.7em\" header_3_font=\"spartan bold||||||||\" header_3_font_size=\"18px\" header_3_line_height=\"1.7em\" global_colors_info=\"{}\"]<\/p>\n<h3><strong>Conocimientos locales:<\/strong><\/h3>\n<p>Como empresa nacional, conocemos el territorio y la din\u00e1mica de las panader\u00edas y pasteler\u00edas portuguesas. Este conocimiento nos permite ofrecer soluciones personalizadas que se adaptan a sus necesidades espec\u00edficas y al tipo de producci\u00f3n de su f\u00e1brica.<\/p>\n<p>[\/et_pb_text][et_pb_text _builder_version=\"4.22.2\u2033 _module_preset=\"default\" text_line_height=\"1.8em\" header_2_font_size=\"23px\" header_2_line_height=\"1.7em\" header_3_font=\"spartan bold||||||||\" header_3_font_size=\"18px\" header_3_line_height=\"1.7em\" global_colors_info=\"{}\"]<\/p>\n<h3><strong>Asistencia 24 horas:<\/strong><\/h3>\n<p>Nuestra asistencia est\u00e1 disponible 24 horas al d\u00eda, 7 d\u00edas a la semana. Cuando surja un problema, estaremos all\u00ed para ayudarle, sea la hora que sea. Esto garantiza la m\u00e1xima disponibilidad de sus equipos y minimiza las posibles interrupciones de la producci\u00f3n.<\/p>\n<p>[\/et_pb_text][et_pb_text _builder_version=\"4.22.2\u2033 _module_preset=\"default\" text_line_height=\"1.8em\" header_2_font_size=\"23px\" header_2_line_height=\"1.7em\" header_3_font=\"spartan bold||||||||\" header_3_font_size=\"18px\" header_3_line_height=\"1.7em\" global_colors_info=\"{}\"]<\/p>\n<h3><strong>Mantenimiento especializado:<\/strong><\/h3>\n<p>FELINO es especialista en maquinaria de panader\u00eda y pasteler\u00eda. Nuestro mantenimiento preventivo es realizado por t\u00e9cnicos especializados que conocen a fondo sus equipos, garantizando un servicio de calidad y alargando la vida \u00fatil de sus equipos.<\/p>\n<p>[\/et_pb_text][\/et_pb_column][\/et_pb_row][et_pb_row _builder_version=\"4.22.1\u2033 _module_preset=\"default\" custom_padding=\"||0px|false|false\" global_colors_info=\"{}\"][et_pb_column type=\"4_4\u2033 _builder_version=\"4.22.1\u2033 _module_preset=\"default\" global_colors_info=\"{}\"][et_pb_text _builder_version=\"4.24.0\u2033 _module_preset=\"default\" text_font_size=\"13px\" text_line_height=\"1.9em\" header_2_font=\"||||||||\" header_2_text_align=\"center\" header_2_font_size=\"22px\" header_2_line_height=\"1.7em\" header_3_font_size=\"19px\" header_3_line_height=\"1.7em\" header_2_line_height_tablet=\"1.7em\" header_2_line_height_phone=\"1.2em\" header_2_line_height_last_edited=\"on|phone\" global_colors_info=\"{}\"]<\/p>\n<h2><strong>Ventajas adicionales para su equipo:<\/strong><\/h2>\n<p>[\/et_pb_text][\/et_pb_column][\/et_pb_row][et_pb_row column_structure=\u201d1_2,1_2\u2033 _builder_version=\u201d4.22.1\u2033 _module_preset=\"default\" global_colors_info=\"{}\"][et_pb_column type=\"1_2\u2033 _builder_version=\"4.22.1\u2033 _module_preset=\"default\" global_colors_info=\"{}\"][et_pb_text _builder_version=\"4.22.2\u2033 _module_preset=\"default\" text_line_height=\"1.8em\" header_2_font_size=\"23px\" header_2_line_height=\"1.7em\" header_3_font=\"spartan bold||||||||\" header_3_font_size=\"18px\" header_3_line_height=\"1.7em\" global_colors_info=\"{}\"]<\/p>\n<h3><strong>Piezas originales:<\/strong><\/h3>\n<p>Garantizamos el uso de piezas originales en las reparaciones, manteniendo la calidad y el rendimiento de su equipo.<\/p>\n<p>[\/et_pb_text][et_pb_text _builder_version=\"4.22.2\u2033 _module_preset=\"default\" text_line_height=\"1.8em\" header_2_font_size=\"23px\" header_2_line_height=\"1.7em\" header_3_font=\"spartan bold||||||||\" header_3_font_size=\"18px\" header_3_line_height=\"1.7em\" global_colors_info=\"{}\"]<\/p>\n<h3><strong>Soluciones a medida:<\/strong><\/h3>\n<p>Trabajamos con usted para desarrollar planes de mantenimiento preventivo espec\u00edficos para las necesidades de su empresa.<\/p>\n<p>[\/et_pb_text][\/et_pb_column][et_pb_column type=\"1_2\u2033 _builder_version=\"4.22.1\u2033 _module_preset=\"default\" global_colors_info=\"{}\"][et_pb_text _builder_version=\"4.22.2\u2033 _module_preset=\"default\" text_line_height=\"1.8em\" header_2_font_size=\"23px\" header_2_line_height=\"1.7em\" header_3_font=\"spartan bold||||||||\" header_3_font_size=\"18px\" header_3_line_height=\"1.7em\" global_colors_info=\"{}\"]<\/p>\n<h3><strong>Mayor vida \u00fatil:<\/strong><\/h3>\n<p>El mantenimiento preventivo regular no s\u00f3lo evita aver\u00edas, sino que tambi\u00e9n contribuye a prolongar la vida \u00fatil de sus equipos, ahorr\u00e1ndole dinero a largo plazo.<\/p>\n<p>[\/et_pb_text][et_pb_text _builder_version=\"4.22.2\u2033 _module_preset=\"default\" text_line_height=\"1.8em\" header_2_font_size=\"23px\" header_2_line_height=\"1.7em\" header_3_font=\"spartan bold||||||||\" header_3_font_size=\"18px\" header_3_line_height=\"1.7em\" global_colors_info=\"{}\"]<\/p>\n<h3><strong>Formaci\u00f3n especializada:<\/strong><\/h3>\n<p>Ofrecemos formaci\u00f3n especializada para su equipo, garantizando un uso adecuado y seguro de los equipos.<\/p>\n<p>[\/et_pb_text][\/et_pb_column][\/et_pb_row][\/et_pb_section][et_pb_section fb_built=\"1\u2033 _builder_version=\"4.22.1\u2033 _module_preset=\"default\" background_color=\"#f4f4\u2033 custom_padding=\"30px|||||\" global_colors_info=\"{}\"][et_pb_row _builder_version=\"4.22.1\u2033 _module_preset=\"default\" global_colors_info=\"{}\"][et_pb_column type=\"4_4\u2033 _builder_version=\"4.22.1\u2033 _module_preset=\"default\" global_colors_info=\"{}\"][et_pb_text _builder_version=\"4.24.0\u2033 _module_preset=\"default\" header_2_font_size=\"24px\" header_2_line_height=\"1.4em\" custom_padding=\"30px||||false|false\" custom_padding_tablet=\"30px||||false|false\" custom_padding_phone=\"10px||||false|false\" custom_padding_last_edited=\"on|phone\" global_colors_info=\"{}\"]<\/p>\n<h2 style=\"text-align: center;\"><strong>Reserve su mantenimiento preventivo<\/strong><\/h2>\n<p>[\/et_pb_text][et_pb_text admin_label=\"Texto\" _builder_version=\"4.24.0\u2033 _module_preset=\"default\" text_line_height=\"1.8em\" header_2_font=\"||||||||\" header_2_font_size=\"22px\" header_2_line_height=\"1.7em\" header_3_font_size=\"19px\" header_3_line_height=\"1.7em\" custom_padding=\"||30px||false|false\" header_2_line_height_tablet=\"1.7em\" header_2_line_height_phone=\"1.2em\" header_2_line_height_last_edited=\"on|phone\" global_colors_info=\"{}\"]<\/p>\n<p>Adem\u00e1s de los servicios de mantenimiento preventivo, FELINO ofrece servicios de reacondicionamiento de equipos, sesiones de formaci\u00f3n en profundidad y orientaci\u00f3n sobre buenas pr\u00e1cticas operativas. Es un paso m\u00e1s en nuestro compromiso de ayudarle a mantener su productividad funcionando de la forma m\u00e1s eficiente posible.<\/p>\n<p><strong>STAF es nuestro servicio posventa 24 horas, con su propio equipo altamente especializado.<\/strong> Adem\u00e1s, ofrecemos planes de mantenimiento preventivo y servicios de reacondicionamiento de equipos. Despu\u00e9s de todo, sabemos lo cruciales que son la eficiencia y la asistencia para su \u00e9xito.<\/p>\n<p>[\/et_pb_text][et_pb_text _builder_version=\"4.24.0\u2033 _module_preset=\"default\" header_2_text_align=\"centre\" header_2_font_size=\"22px\" header_2_line_height=\"1.4em\" global_colors_info=\"{}\"]<\/p>\n<h2><strong>M\u00e1s informaci\u00f3n sobre los servicios de STAF FELINO<\/strong><\/h2>\n<p>[\/et_pb_text][et_pb_text _builder_version=\"4.24.0\u2033 _module_preset=\"default\" text_line_height=\"1.8em\" header_2_font=\"||||||||\" header_2_text_align=\"center\" header_2_font_size=\"22px\" header_2_line_height=\"1.7em\" header_3_font_size=\"19px\" header_3_line_height=\"1.7em\" custom_padding=\"||30px||false|false\" header_2_line_height_tablet=\"1.7em\" header_2_line_height_phone=\"1.2em\" header_2_line_height_last_edited=\"on|phone\" global_colors_info=\"{}\"]<\/p>\n<p>Para reservar su asistencia t\u00e9cnica y\/o solicitar aclaraciones, puede ponerse en contacto con nosotros en el siguiente n\u00famero de tel\u00e9fono <strong>+351 229 699 830<\/strong> o utilice el siguiente formulario.<\/p>\n<p>En FELINO, nos comprometemos a mantener su negocio en movimiento, con equipos de calidad y excelentes servicios de asistencia t\u00e9cnica. Cuente con nosotros para asegurar que su producci\u00f3n est\u00e9 en marcha todos los d\u00edas.<\/p>\n<p>[\/et_pb_text][dsm_contact_form_7 cf7_library=\"36530\u2033 button_alignment=\"left\" _builder_version=\"4.27.2\u2033 _module_preset=\"default\" input_textarea_select_text_color=\"#3A3A\" input_textarea_select_font_size=\"15px\" input_textarea_select_line_height=\"1.8em\" custom_button_one=\"on\" button_one_text_size=\"17px\" button_one_text_color=\"#FFFF\" button_one_bg_color=\"#EF8D23\u2033 button_one_border_radius=\"6px\" button_one_font=\"||||||||\" button_one_on_hover=\"off\" button_one_custom_padding=\"7px|50px|7px|30px|true|false\" hover_enabled=\"0\u2033 border_width_right_image=\"1px\" border_color_right_image=\"rgba(58,58,58,0.2)\" border_width_bottom_image=\"1px\" border_color_bottom_image=\"rgba(58,58,58,0.35)\" box_shadow_style_button_one=\"preset3\u2033 global_colors_info=\"{}\" button_one_bg_color__hover=\"#7A1315\u2033 button_one_bg_color__hover_enabled=\"on|hover\" custom_css_free_form=\"document.addEventListener( 'wpcf7submit', function( event ) {| jQuery('head').append('<\/p>\n<style type=%22text\/css%22>.aw-no-spinner:before{display:none!important}<\/style>\n<p>');|| jQuery('body').find('.processing').addClass('aw-no-spinner');||}, false );||jQuery('.wpcf7-submit').on('click', function( event ) {||| jQuery('body').find('.processing').removeClass('aw-no-spinner');||});\" sticky_enabled=\"0\u2033][\/dsm_contact_form_7][\/et_pb_column][\/et_pb_row][\/et_pb_section]<\/p>","protected":false},"excerpt":{"rendered":"<p>STAF FELINO. Asistencia t\u00e9cnica especializada para mantener su negocio en movimiento.<\/p>","protected":false},"author":5,"featured_media":34734,"parent":0,"menu_order":0,"comment_status":"closed","ping_status":"closed","template":"","meta":{"_et_pb_use_builder":"on","_et_pb_old_content":"STAF","_et_gb_content_width":"","footnotes":""},"class_list":["post-32277","page","type-page","status-publish","has-post-thumbnail","hentry"],"_links":{"self":[{"href":"https:\/\/felino.pt\/es\/wp-json\/wp\/v2\/pages\/32277","targetHints":{"allow":["GET"]}}],"collection":[{"href":"https:\/\/felino.pt\/es\/wp-json\/wp\/v2\/pages"}],"about":[{"href":"https:\/\/felino.pt\/es\/wp-json\/wp\/v2\/types\/page"}],"author":[{"embeddable":true,"href":"https:\/\/felino.pt\/es\/wp-json\/wp\/v2\/users\/5"}],"replies":[{"embeddable":true,"href":"https:\/\/felino.pt\/es\/wp-json\/wp\/v2\/comments?post=32277"}],"version-history":[{"count":3,"href":"https:\/\/felino.pt\/es\/wp-json\/wp\/v2\/pages\/32277\/revisions"}],"predecessor-version":[{"id":37708,"href":"https:\/\/felino.pt\/es\/wp-json\/wp\/v2\/pages\/32277\/revisions\/37708"}],"wp:featuredmedia":[{"embeddable":true,"href":"https:\/\/felino.pt\/es\/wp-json\/wp\/v2\/media\/34734"}],"wp:attachment":[{"href":"https:\/\/felino.pt\/es\/wp-json\/wp\/v2\/media?parent=32277"}],"curies":[{"name":"wp","href":"https:\/\/api.w.org\/{rel}","templated":true}]}}