{"id":34177,"date":"2023-09-30T17:55:57","date_gmt":"2023-09-30T16:55:57","guid":{"rendered":"https:\/\/felino.4mcomunicacao.com.br\/?page_id=34177"},"modified":"2024-04-22T16:38:06","modified_gmt":"2024-04-22T15:38:06","slug":"historia","status":"publish","type":"page","link":"https:\/\/felino.pt\/es\/historia\/","title":{"rendered":"Historia"},"content":{"rendered":"<p>[et_pb_section fb_built=\"1\u2033 admin_label=\"historia\" module_id=\"historia\" _builder_version=\"4.23.4\u2033 _module_preset=\"default\" background_image=\"https:\/\/felino.pt\/wp-content\/uploads\/2023\/08\/slide1.jpg\" min_height=\"500px\" min_height_tablet=\"\" min_height_phone=\"\" min_height_last_edited=\"on|tablet\" background_last_edited=\"on|phone\" background_size_tablet=\"cover\" background_position_tablet=\"top_left\" background_position_phone=\"top_left\" background_vertical_offset_tablet=\"56%\" locked=\"off\" global_colors_info=\"{}\"][\/et_pb_section][et_pb_section fb_built=\"1\u2033 admin_label=\"section\" _builder_version=\"4.16\u2033 locked=\"off\" global_colors_info=\"{}\"][et_pb_row use_custom_gutter=\"on\" gutter_width=\"2\u2033 admin_label=\"row\" _builder_version=\"4.22.1\u2033 background_size=\"initial\" background_position=\"top_left\" background_repeat=\"repeat\" global_colors_info=\"{}\"][et_pb_column type=\"4_4\u2033 _builder_version=\"4.16\u2033 custom_padding=\"||\" global_colors_info=\"{}\" custom_padding__hover=\"||\"][et_pb_text _builder_version=\"4.24.0\u2033 _module_preset=\"default\" text_font_size=\"13px\" text_line_height=\"1.9em\" header_2_font=\"|600|||||||\" header_2_line_height=\"1.4em\" header_3_font=\"spartan semibold|600|||||||\" header_3_font_size=\"20px\" header_3_line_height=\"1.4em\" custom_padding=\"||20px||false|false\" locked=\"off\" global_colors_info=\"{}\"]<\/p>\n<h2 style=\"text-align: center;\"><strong>Institucional FELINO<\/strong><strong><\/strong><\/h2>\n<h3 style=\"text-align: center;\">Innovaci\u00f3n, tecnolog\u00eda y excelencia en el servicio.<\/h3>\n<p>[\/et_pb_text][et_pb_text _builder_version=\"4.24.0\u2033 _module_preset=\"default\" text_line_height=\"1.8em\" global_colors_info=\"{}\"]<\/p>\n<p><strong>Fundada en 1936, FELINO es una de las empresas m\u00e1s antiguas y respetadas de la Pen\u00ednsula Ib\u00e9rica, destacando en la fundici\u00f3n de hierro, el mecanizado de piezas t\u00e9cnicas y la producci\u00f3n de m\u00e1quinas de panader\u00eda y pasteler\u00eda para el sector alimentario.<\/strong><\/p>\n<p>Con sede en Valongo (Portugal), FELINO cuenta con m\u00e1s de 88 a\u00f1os de experiencia en el suministro de maquinaria e instalaciones completas para panader\u00edas y pasteler\u00edas, as\u00ed como en la prestaci\u00f3n de servicios de subcontrataci\u00f3n en el sector metal\u00fargico y metalmec\u00e1nico.<\/p>\n<p>[\/et_pb_text][\/et_pb_column][\/et_pb_row][\/et_pb_section][et_pb_section fb_built=\"1\u2033 _builder_version=\"4.22.2\u2033 _module_preset=\"default\" custom_margin=\"|0px||0px|true|true\" custom_padding=\"0px|0px|0px|true|true\" global_colors_info=\"{}\"][et_pb_row _builder_version=\"4.22.1\u2033 _module_preset=\"default\" width=\"100%\" max_width=\"100%\" custom_margin=\"0px|auto|0px|auto|false|false\" custom_padding=\"0px|0px|false|false\" global_colors_info=\"{}\"][et_pb_column type=\"4_4\u2033 _builder_version=\"4.22.1\u2033 _module_preset=\"default\" global_colors_info=\"{}\"][dsm_card_carousel slide_to_show=\"5\u2033 autoplay=\"off\" space_between=\"0\u2033 auto_height=\"off\" use_arrow_custom_position=\"on\" arrow_custom_position=\"20px\" arrow_size=\"25px\" arrow_color=\"#3A3A3A\" arrow_background_color=\"#EF8D23\u2033 dots_horizontal_placement=\"0px\" stretch_image=\"off\" _builder_version=\"4.24.0\u2033 _module_preset=\"default\" header_font_size=\"25px\" body_font_size=\"13px\" body_line_height=\"1.5em\" custom_margin=\"||9px||false|false\" box_shadow_style_arrow=\"preset3\u2033 global_colors_info=\"{}\"][dsm_card_carousel_child title=\"1936\u2033 image=\"https:\/\/felino.pt\/wp-content\/uploads\/2023\/08\/cronograma1.jpg\" button_url_new_window=\"1\u2033 _builder_version=\"4.23.1\u2033 _module_preset=\"default\" global_colors_info=\"{}\" parent_button=\"off\" parent_header_level=\"h4\u2033 parent_stretch_image=\"off\"]<\/p>\n<p><span>El Ministerio de Comercio e Industria autoriz\u00f3 la solicitud de licencia para explotar una fundici\u00f3n y una metalister\u00eda. La producci\u00f3n de piezas sencillas a partir de chapas y perfiles met\u00e1licos fue el inicio de la actividad de la empresa con el nombre de Ferreira Lino &amp; Irm\u00e3o.<\/span><\/p>\n<p>[\/dsm_card_carousel_child][dsm_card_carousel_child title=\"1966\u2033 image=\"https:\/\/felino.pt\/wp-content\/uploads\/2023\/08\/cronograma_apliacao.jpg\" button_url_new_window=\"1\u2033 _builder_version=\"4.22.1\u2033 _module_preset=\"default\" global_colors_info=\"{}\" parent_button=\"off\" parent_header_level=\"h4\u2033 parent_stretch_image=\"off\"]Expansi\u00f3n de la fundici\u00f3n de hierro[\/dsm_card_carousel_child][dsm_card_carousel_child title=\"1972\u2033 image=\"https:\/\/felino.pt\/wp-content\/uploads\/2023\/08\/1972.jpg\" button_url_new_window=\"1\u2033 _builder_version=\"4.22.1\u2033 _module_preset=\"default\" global_colors_info=\"{}\" parent_button=\"off\" parent_header_level=\"h4\u2033 parent_stretch_image=\"off\"]Se ha creado una nueva unidad ra\u00edz para las construcciones mec\u00e1nicas (naves 1 y 2)[\/dsm_card_carousel_child][dsm_card_carousel_child title=\"1981\u2033 image=\"https:\/\/felino.pt\/wp-content\/uploads\/2023\/08\/cronograma4.jpg\" button_url_new_window=\"1\u2033 _builder_version=\"4.22.1\u2033 _module_preset=\"default\" global_colors_info=\"{}\" parent_button=\"off\" parent_header_level=\"h4\u2033 parent_stretch_image=\"off\"]Construcciones de fundici\u00f3n de aluminio[\/dsm_card_carousel_child][dsm_card_carousel_child title=\"1994\u2033 image=\"https:\/\/felino.es\/wp-content\/uploads\/2023\/08\/cronograma2.jpg\" button_url_new_window=\"1\u2033 _builder_version=\"4.22.1\u2033 _module_preset=\"default\" global_colors_info=\"{}\" parent_button=\"off\" parent_header_level=\"h4\u2033 parent_stretch_image=\"off\"]Inaugurada una nueva fundici\u00f3n de hierro en el pol\u00edgono industrial de Sobrado[\/dsm_card_carousel_child][dsm_card_carousel_child title=\"1996\u2033 image=\"https:\/\/felino.pt\/wp-content\/uploads\/2023\/08\/cronograma6.jpg\" button_url_new_window=\"1\u2033 _builder_version=\"4.22.1\u2033 _module_preset=\"default\" global_colors_info=\"{}\" parent_button=\"off\" parent_header_level=\"h4\u2033 parent_stretch_image=\"off\"]Certificaci\u00f3n de calidad de Iron Foundry[\/dsm_card_carousel_child][dsm_card_carousel_child title=\"2011\u2033 image=\"https:\/\/felino.pt\/wp-content\/uploads\/2023\/08\/cronograma7.jpg\" button_url_new_window=\"1\u2033 _builder_version=\"4.22.1\u2033 _module_preset=\"default\" global_colors_info=\"{}\" parent_button=\"off\" parent_header_level=\"h4\u2033 parent_stretch_image=\"off\"]Extensi\u00f3n de la certificaci\u00f3n del Sistema de Gesti\u00f3n de Calidad a todas las actividades de la empresa[\/dsm_card_carousel_child][dsm_card_carousel_child title=\"2011\u2033 image=\"https:\/\/felino.pt\/wp-content\/uploads\/2023\/08\/75anos.jpg\" button_url_new_window=\"1\u2033 _builder_version=\"4.22.1\u2033 _module_preset=\"default\" global_colors_info=\"{}\" parent_button=\"off\" parent_header_level=\"h4\u2033 parent_stretch_image=\"off\"]Celebrando los 75 a\u00f1os de FELINO[\/dsm_card_carousel_child][dsm_card_carousel_child title=\"2014\u2033 image=\"https:\/\/felino.pt\/wp-content\/uploads\/2023\/08\/20anos.jpg\" button_url_new_window=\"1\u2033 _builder_version=\"4.22.1\u2033 _module_preset=\"default\" global_colors_info=\"{}\" parent_button=\"off\" parent_header_level=\"h4\u2033 parent_stretch_image=\"off\"]Celebraci\u00f3n de los 20 a\u00f1os de las instalaciones de la fundici\u00f3n de hierro (Sobrado)[\/dsm_card_carousel_child][dsm_card_carousel_child title=\"2016\u2033 image=\"https:\/\/felino.pt\/wp-content\/uploads\/2023\/08\/80anos.jpg\" button_url_new_window=\"1\u2033 _builder_version=\"4.22.1\u2033 _module_preset=\"default\" global_colors_info=\"{}\" parent_button=\"off\" parent_header_level=\"h4\u2033 parent_stretch_image=\"off\"]Celebrando los 80 a\u00f1os de FELINO[\/dsm_card_carousel_child][dsm_card_carousel_child title=\"2020\u2033 image=\"https:\/\/felino.pt\/wp-content\/uploads\/2023\/08\/marcaecofab.jpg\" button_url_new_window=\"1\u2033 _builder_version=\"4.22.1\u2033 _module_preset=\"default\" global_colors_info=\"{}\" parent_button=\"off\" parent_header_level=\"h4\u2033 parent_stretch_image=\"off\"]Lanzamiento de productos de la marca FAB[\/dsm_card_carousel_child][dsm_card_carousel_child title=\"2021\u2033 image=\"https:\/\/felino.pt\/wp-content\/uploads\/2023\/08\/85anos.jpg\" button_url_new_window=\"1\u2033 _builder_version=\"4.22.1\u2033 _module_preset=\"default\" global_colors_info=\"{}\" parent_button=\"off\" parent_header_level=\"h4\u2033 parent_stretch_image=\"off\"]Celebrando los 85 a\u00f1os de FELINO[\/dsm_card_carousel_child][dsm_card_carousel_child title=\"2021\u2033 image=\"https:\/\/felino.pt\/wp-content\/uploads\/2023\/08\/felino-sul-02.jpg\" button_url_new_window=\"1\u2033 _builder_version=\"4.22.1\u2033 _module_preset=\"default\" global_colors_info=\"{}\" parent_button=\"off\" parent_header_level=\"h4\u2033 parent_stretch_image=\"off\"]Inauguraci\u00f3n de la delegaci\u00f3n FELINO Sur[\/dsm_card_carousel_child][dsm_card_carousel_child title=\"2023\u2033 image=\"https:\/\/felino.es\/wp-content\/uploads\/2023\/12\/RMi.png\" button_url_new_window=\"1\u2033 _builder_version=\"4.24.0\u2033 _module_preset=\"default\" global_colors_info=\"{}\" parent_button=\"off\" parent_header_level=\"h4\u2033 parent_stretch_image=\"off\"]<\/p>\n<p><span>Lanzamiento de la primera mezcladora espiral del mundo en acero inoxidable fundido.<\/span><\/p>\n<p>[\/dsm_card_carousel_child][\/dsm_card_carousel][\/et_pb_column][\/et_pb_row][\/et_pb_section][et_pb_section fb_built=\"1\u2033 admin_label=\"section\" _builder_version=\"4.16\u2033 locked=\"off\" global_colors_info=\"{}\"][et_pb_row use_custom_gutter=\"on\" gutter_width=\"2\u2033 admin_label=\"fila\" _builder_version=\"4.22.1\u2033 background_size=\"initial\" background_position=\"top_left\" background_repeat=\"repeat\" global_colors_info=\"{}\"][et_pb_column type=\"4_4\u2033 _builder_version=\"4.16\u2033 custom_padding=\"||\" global_colors_info=\"{}\" custom_padding__hover=\"||\"][et_pb_text _builder_version=\"4.25.0\u2033 _module_preset=\"default\" text_line_height=\"1.8em\" header_2_font=\"spartan semibold|600|||||||\" header_2_font_size=\"22px\" header_2_line_height=\"1.7em\" header_3_font_size=\"19px\" header_3_line_height=\"1.7em\" hover_enabled=\"0\u2033 header_2_line_height_tablet=\"1.7em\" header_2_line_height_phone=\"1.2em\" header_2_line_height_last_edited=\"on|phone\" locked=\"off\" global_colors_info=\"{}\" sticky_enabled=\"0\u2033]<\/p>\n<h2>Or\u00edgenes y crecimiento<\/h2>\n<p>La historia de FELINO comenz\u00f3 con los hermanos Laurindo y Jos\u00e9 Maria Ferreira Lino, que se dieron cuenta de una oportunidad \u00fanica de negocio cuando uno de los hermanos, propietario de una panader\u00eda, tuvo dificultades para encontrar mano de obra cualificada. Con la idea de fabricar m\u00e1quinas para la industria panadera, la empresa comenz\u00f3 como \"Ferreira Lino &amp; Irm\u00e3o\" y evolucion\u00f3 de una peque\u00f1a fundici\u00f3n a un fabricante de m\u00e1quinas con presencia en todo el mercado nacional.<\/p>\n<p>&nbsp;<\/p>\n<h2>Expansi\u00f3n e internacionalizaci\u00f3n<\/h2>\n<p>En la d\u00e9cada de 1980, FELINO ampli\u00f3 sus actividades construyendo una nueva planta para el montaje y acabado de m\u00e1quinas de panader\u00eda y pasteler\u00eda. La empresa tambi\u00e9n ampli\u00f3 su fundici\u00f3n e inici\u00f3 el proceso de internacionalizaci\u00f3n. Con la necesidad de crear una marca para los mercados internacionales, surgi\u00f3 el nombre \"Felino\", una fusi\u00f3n de \"Ferreira\" y \"Lino\", con un logotipo que representa la agilidad y robustez de los productos.<\/p>\n<p>En la actualidad, FELINO cuenta con m\u00e1s de 100 empleados repartidos en dos unidades industriales: en Ermesinde, en un \u00e1rea de 15.000m2 donde se realizan los procesos de mecanizado; y en. Sobrado, una planta de 30.000m2 inaugurada en 1994 que alberga toda la operaci\u00f3n de fundici\u00f3n, que en conjunto produce para m\u00e1s de 40 pa\u00edses, donde exporta piezas t\u00e9cnicas, principalmente a pa\u00edses de la Uni\u00f3n Europea, Suiza y Noruega. En el mercado de maquinaria de panader\u00eda, FELINO mantiene una fuerte presencia en toda Europa y tambi\u00e9n en los mercados americano, africano y asi\u00e1tico, donde suministra una gran variedad de equipos para el sector alimentario, como amasadoras, batidoras, laminadoras y otras soluciones para equipar cualquier unidad de producci\u00f3n.<\/p>\n<p>&nbsp;<\/p>\n<h2>ECOFAB: dise\u00f1o e innovaci\u00f3n<\/h2>\n<p><span>En 2020 el <\/span><span style=\"text-decoration: underline;\"><strong><a href=\"https:\/\/ecofab.pt\" title=\"ECOFAB\" target=\"_blank\" rel=\"noopener\">ECOFAB<\/a><\/strong><\/span><span> con el objetivo de incorporar los conocimientos y la experiencia de la actividad industrial a un mercado notoriamente dom\u00e9stico, para desarrollar soluciones de calefacci\u00f3n fabricadas con hierro fundido. A partir del proceso de producci\u00f3n, que abarca todas las etapas desde la concepci\u00f3n y el dise\u00f1o hasta el producto final, FELINO fabrica para ECOFAB estufas de pellets y chimeneas de exterior de gran calidad y alto rendimiento.<\/span><\/p>\n<p>&nbsp;<\/p>\n<h2>Dos \u00e1reas de especializaci\u00f3n<\/h2>\n<p>Una caracter\u00edstica \u00fanica de FELINO es su capacidad para equilibrar dos negocios distintos. Mientras que un \u00e1rea de negocio de la empresa suministra maquinaria y equipos para su uso en panader\u00edas y pasteler\u00edas, la otra \u00e1rea se dedica a la fundici\u00f3n y mecanizado de piezas t\u00e9cnicas para diversos fabricantes y segmentos de mercado.<\/p>\n<p>&nbsp;<\/p>\n<h2>Compromiso con la innovaci\u00f3n y la sostenibilidad<\/h2>\n<p>\"Innovar para liderar\" - Este lema refleja nuestra incesante b\u00fasqueda de la innovaci\u00f3n y el liderazgo en nuestro sector, gui\u00e1ndonos en nuestra misi\u00f3n de ofrecer soluciones excepcionales a nuestros clientes y contribuir a un mundo mejor.<\/p>\n<p>A lo largo de nuestra historia, FELINO ha sido reconocida por dise\u00f1ar m\u00e1quinas de calidad, prestar excelentes servicios a costes competitivos y respetar el medio ambiente. Con el objetivo de seguir siendo un referente en los sectores en los que operamos, apostamos por la excelencia en nuestra producci\u00f3n y el desarrollo de innovaciones tecnol\u00f3gicas que nos permitan ofrecer las mejores soluciones a nuestros clientes.<\/p>\n<p><strong>En FELINO creemos que la experiencia y la dedicaci\u00f3n a los principios de calidad, innovaci\u00f3n y sostenibilidad son las bases que nos posicionan para un futuro exitoso, donde seguiremos siendo un socio fiable para nuestros clientes en Portugal y m\u00e1s all\u00e1.<\/strong><\/p>\n<p>Estamos encantados de ayudarle a dar vida a sus proyectos con nuestra amplia gama de productos y servicios. Explore nuestro sitio web y descubra c\u00f3mo podemos ayudarle con su proyecto.<\/p>\n<p>[\/et_pb_text][\/et_pb_column][\/et_pb_row][\/et_pb_section]<\/p>","protected":false},"excerpt":{"rendered":"<p>Institucional FELINO Innovaci\u00f3n, tecnolog\u00eda y excelencia en el servicio.Fundada en 1936, FELINO es una de las empresas m\u00e1s antiguas y respetadas de la Pen\u00ednsula Ib\u00e9rica, destacando en la fundici\u00f3n de hierro, mecanizado de piezas t\u00e9cnicas y producci\u00f3n de m\u00e1quinas de panader\u00eda y pasteler\u00eda para el sector alimentario. Con sede en Valongo, Portugal, FELINO cuenta con m\u00e1s de 88 a\u00f1os de experiencia en el suministro de maquinaria e instalaciones completas para panader\u00edas y pasteler\u00edas, as\u00ed como en la prestaci\u00f3n de servicios de subcontrataci\u00f3n en el sector metal\u00fargico y metalmec\u00e1nico.<div class=\"et_pb_module dsm_card_carousel dsm_card_carousel_0 dsm_card_carousel_layout_stacked\">\n\t\t\t\t\n\t\t\t\t\n\t\t\t\t\n\t\t\t\t\n\t\t\t\t\n\t\t\t\t\n\t\t\t\t<div class=\"et_pb_module_inner\">\n\t\t\t\t\t\n\t\t\t\n\t\t\t<div class=\"swiper-container dsm_card_carousel_wrapper\" dir=\"ltr\" data-params=\"[{&quot;direction&quot;:&quot;horizontal&quot;,&quot;effect&quot;:&quot;default&quot;,&quot;slider_effect_shadows&quot;:false,&quot;slider_effect_coverflow_rotate&quot;:&quot;30&quot;,&quot;slider_effect_coverflow_depth&quot;:&quot;0&quot;,&quot;loop&quot;:true,&quot;infinite_smooth_scrolling&quot;:false,&quot;slide_to_show&quot;:&quot;5&quot;,&quot;slide_to_show_tablet&quot;:&quot;1&quot;,&quot;slide_to_show_phone&quot;:&quot;1&quot;,&quot;slide_to_scroll&quot;:&quot;1&quot;,&quot;slide_to_scroll_tablet&quot;:&quot;1&quot;,&quot;slide_to_scroll_phone&quot;:&quot;1&quot;,&quot;space_between&quot;:&quot;0&quot;,&quot;space_between_tablet&quot;:&quot;0&quot;,&quot;space_between_phone&quot;:&quot;0&quot;,&quot;centered_slides&quot;:false,&quot;multiple_slide_row&quot;:&quot;off&quot;,&quot;slide_row&quot;:&quot;1&quot;,&quot;slide_row_tablet&quot;:&quot;1&quot;,&quot;slide_row_phone&quot;:&quot;1&quot;,&quot;speed&quot;:&quot;300&quot;,&quot;autoplay&quot;:false,&quot;autoplay_speed&quot;:&quot;3000&quot;,&quot;autoplay_viewport&quot;:&quot;&quot;,&quot;touch_move&quot;:true,&quot;grab&quot;:true,&quot;pause_on_hover&quot;:false,&quot;mousewheel&quot;:false,&quot;auto_height&quot;:false,&quot;equal_height&quot;:false,&quot;equal_height_tablet&quot;:true,&quot;equal_height_phone&quot;:true}]\">\n\t\t\t<div class=\"swiper-wrapper\"><\/div>\n\t\t\t<\/div><div class=\"swiper-button-prev dsm_card_carousel_arrow\" data-icon=\"4\"><\/div><div class=\"swiper-button-next dsm_card_carousel_arrow\" data-icon=\"5\"><\/div><div class=\"swiper-pagination dsm_card_carousel_pagination\"><\/div>\n\t\t\t\t<\/div>\n\t\t\t<\/div><div class=\"dsm_card_carousel_child dsm_card_carousel_child_0 swiper-slide\">\n\t\t\t\t\n\t\t\t\t\n\t\t\t\t\n\t\t\t\t\n\t\t\t\t\n\t\t\t\t\n\t\t\t\t<div class=\"et_pb_module_inner\">\n\t\t\t\t\t\n\t\t\t\n\t\t\t<figure class=\"dsm_card_carousel_child_image_wrapper dsm_card_carousel_child_badge_top_right\"><div class=\"dsm_card_carousel_child_image_background dsm_card_carousel_child_img\"><\/div><\/figure>\n\t\t\t<div class=\"dsm_card_wrapper et_pb_text_align_left et_pb_bg_layout_light\">\n\t\t\t\t\t<h4 class=\"dsm_card_title et_pb_module_header\">1936<\/h4>\n\t\t\t\t\t\n\t\t\t\t\t<div class=\"dsm_card_carousel_child_description\">El Ministerio de Comercio e Industria autoriz\u00f3 la solicitud de licencia para explotar una fundici\u00f3n y una metalister\u00eda. La producci\u00f3n de piezas sencillas a partir de chapas y perfiles met\u00e1licos fue el inicio de la actividad de la empresa con el nombre de Ferreira Lino &amp; Irm\u00e3o.<\/div>\n\t\t\t\t\t\n\t\t\t\t<\/div>\n\t\t\t\t<\/div>\n\t\t\t<\/div><div class=\"dsm_card_carousel_child dsm_card_carousel_child_1 swiper-slide\">\n\t\t\t\t\n\t\t\t\t\n\t\t\t\t\n\t\t\t\t\n\t\t\t\t\n\t\t\t\t\n\t\t\t\t<div class=\"et_pb_module_inner\">\n\t\t\t\t\t\n\t\t\t\n\t\t\t<figure class=\"dsm_card_carousel_child_image_wrapper dsm_card_carousel_child_badge_top_right\"><div class=\"dsm_card_carousel_child_image_background dsm_card_carousel_child_img\"><\/div><\/figure>\n\t\t\t<div class=\"dsm_card_wrapper et_pb_text_align_left et_pb_bg_layout_light\">\n\t\t\t\t\t<h4 class=\"dsm_card_title et_pb_module_header\">1966<\/h4>\n\t\t\t\t\t\n\t\t\t\t\t<div class=\"dsm_card_carousel_child_description\">Ampliaci\u00f3n de la Fundici\u00f3n de Hierro<\/div>\n\t\t\t\t\t\n\t\t\t\t<\/div>\n\t\t\t\t<\/div>\n\t\t\t<\/div><div class=\"dsm_card_carousel_child dsm_card_carousel_child_2 swiper-slide\">\n\t\t\t\t\n\t\t\t\t\n\t\t\t\t\n\t\t\t\t\n\t\t\t\t\n\t\t\t\t\n\t\t\t\t<div class=\"et_pb_module_inner\">\n\t\t\t\t\t\n\t\t\t\n\t\t\t<figure class=\"dsm_card_carousel_child_image_wrapper dsm_card_carousel_child_badge_top_right\"><div class=\"dsm_card_carousel_child_image_background dsm_card_carousel_child_img\"><\/div><\/figure>\n\t\t\t<div class=\"dsm_card_wrapper et_pb_text_align_left et_pb_bg_layout_light\">\n\t\t\t\t\t<h4 class=\"dsm_card_title et_pb_module_header\">1972<\/h4>\n\t\t\t\t\t\n\t\t\t\t\t<div class=\"dsm_card_carousel_child_description\">Se ha creado una nueva unidad ra\u00edz para construcciones mec\u00e1nicas (naves 1 y 2)<\/div>\n\t\t\t\t\t\n\t\t\t\t<\/div>\n\t\t\t\t<\/div>\n\t\t\t<\/div><div class=\"dsm_card_carousel_child dsm_card_carousel_child_3 swiper-slide\">\n\t\t\t\t\n\t\t\t\t\n\t\t\t\t\n\t\t\t\t\n\t\t\t\t\n\t\t\t\t\n\t\t\t\t<div class=\"et_pb_module_inner\">\n\t\t\t\t\t\n\t\t\t\n\t\t\t<figure class=\"dsm_card_carousel_child_image_wrapper dsm_card_carousel_child_badge_top_right\"><div class=\"dsm_card_carousel_child_image_background dsm_card_carousel_child_img\"><\/div><\/figure>\n\t\t\t<div class=\"dsm_card_wrapper et_pb_text_align_left et_pb_bg_layout_light\">\n\t\t\t\t\t<h4 class=\"dsm_card_title et_pb_module_header\">&#8221;1981&#8243;<\/h4>\n\t\t\t\t\t\n\t\t\t\t\t\n\t\t\t\t\t\n\t\t\t\t<\/div>\n\t\t\t\t<\/div>\n\t\t\t<\/div><\/p>","protected":false},"author":5,"featured_media":0,"parent":0,"menu_order":0,"comment_status":"closed","ping_status":"closed","template":"","meta":{"_et_pb_use_builder":"on","_et_pb_old_content":"","_et_gb_content_width":"","footnotes":""},"class_list":["post-34177","page","type-page","status-publish","hentry"],"_links":{"self":[{"href":"https:\/\/felino.pt\/es\/wp-json\/wp\/v2\/pages\/34177","targetHints":{"allow":["GET"]}}],"collection":[{"href":"https:\/\/felino.pt\/es\/wp-json\/wp\/v2\/pages"}],"about":[{"href":"https:\/\/felino.pt\/es\/wp-json\/wp\/v2\/types\/page"}],"author":[{"embeddable":true,"href":"https:\/\/felino.pt\/es\/wp-json\/wp\/v2\/users\/5"}],"replies":[{"embeddable":true,"href":"https:\/\/felino.pt\/es\/wp-json\/wp\/v2\/comments?post=34177"}],"version-history":[{"count":2,"href":"https:\/\/felino.pt\/es\/wp-json\/wp\/v2\/pages\/34177\/revisions"}],"predecessor-version":[{"id":36786,"href":"https:\/\/felino.pt\/es\/wp-json\/wp\/v2\/pages\/34177\/revisions\/36786"}],"wp:attachment":[{"href":"https:\/\/felino.pt\/es\/wp-json\/wp\/v2\/media?parent=34177"}],"curies":[{"name":"wp","href":"https:\/\/api.w.org\/{rel}","templated":true}]}}