{"id":34184,"date":"2023-09-30T17:58:48","date_gmt":"2023-09-30T16:58:48","guid":{"rendered":"https:\/\/felino.4mcomunicacao.com.br\/?page_id=34184"},"modified":"2024-02-07T17:58:55","modified_gmt":"2024-02-07T17:58:55","slug":"certificacion","status":"publish","type":"page","link":"https:\/\/felino.pt\/es\/certificacion\/","title":{"rendered":"Certificacion"},"content":{"rendered":"<p>[et_pb_section fb_built=\"1\u2033 admin_label=\"historia\" module_id=\"historia\" _builder_version=\"4.24.0\u2033 _module_preset=\"default\" background_image=\"https:\/\/felino.pt\/wp-content\/uploads\/2023\/08\/topo_quem-somos.jpg\" min_height=\"500px\" background_last_edited=\"on|phone\" background_image_phone=\"https:\/\/felino.pt\/wp-content\/uploads\/2024\/02\/slide-felino-mb-01.jpg\" background_enable_image_phone=\"on\" locked=\"off\" global_colors_info=\"{}\"][et_pb_row _builder_version=\"4.22.1\u2033 _module_preset=\"default\" locked=\"off\" global_colors_info=\"{}\"][et_pb_column type=\"4_4\u2033 _builder_version=\"4.22.1\u2033 _module_preset=\"default\" global_colors_info=\"{}\"][dsm_block_reveal_text block_reveal_text=\"Gesti\u00f3n certificada\" heading_html_tag=\"h1\u2033 block_reveal_animation=\"bt\" _builder_version=\"4.24.0\u2033 _module_preset=\"default\" header_font=\"spartan bold||on|||||\" header_text_align=\"center\" header_text_color=\"#FFFF\" header_font_size=\"40px\" header_line_height=\"1.7em\" custom_margin=\"2vh||||false|false\" header_text_shadow_style=\"preset2\u2033 locked=\"off\" global_colors_info=\"{}\"][\/dsm_block_reveal_text][et_pb_text _builder_version=\"4.24.0\u2033 _module_preset=\"default\" text_font_size=\"13px\" text_line_height=\"1.9em\" header_2_text_align=\"center\" header_2_text_color=\"#FFFF\" header_2_font_size=\"22px\" header_2_line_height=\"1.4em\" header_3_font_size=\"19px\" header_3_line_height=\"1.7em\" custom_margin=\"200px|||||\" header_2_text_shadow_style=\"preset2\u2033 locked=\"off\" global_colors_info=\"{}\"]<\/p>\n<h2>Compromiso con la calidad, la eficacia y la igualdad de oportunidades.<\/h2>\n<p>[\/et_pb_text][\/et_pb_column][\/et_pb_row][\/et_pb_section][et_pb_section fb_built=\"1\u2033 admin_label=\"section\" _builder_version=\"4.16\u2033 locked=\"off\" global_colors_info=\"{}\"][et_pb_row column_structure=\"2_5,3_5\u2033 use_custom_gutter=\"on\" gutter_width=\"2\u2033 admin_label=\"row\" _builder_version=\"4.22.1\u2033 background_size=\"initial\" background_position=\"top_left\" background_repeat=\"repeat\" global_colors_info=\"{}\"][et_pb_column type=\"2_5\u2033 _builder_version=\"4.16\u2033 custom_padding=\"||\" global_colors_info=\"{}\" custom_padding__hover=\"||\"][et_pb_text _builder_version=\"4.24.0\u2033 _module_preset=\"default\" text_line_height=\"1.8em\" header_2_font=\"spartan bold|600|||||||\" header_2_font_size=\"22px\" header_2_line_height=\"1.5em\" header_3_font=\"Poppins|600|||||||\" header_3_font_size=\"18px\" header_3_line_height=\"1.7em\" custom_margin=\"||15px||false|false\" custom_padding_tablet=\"\" custom_padding_phone=\"||0px||false|false\" custom_padding_last_edited=\"on|phone\" locked=\"off\" global_colors_info=\"{}\"]<\/p>\n<h2>En FELINO creemos que la excelencia es el resultado de un compromiso inquebrantable con la calidad, la eficiencia y la igualdad de oportunidades.<\/h2>\n<p>[\/et_pb_text][et_pb_text _builder_version=\"4.24.0\u2033 _module_preset=\"default\" text_line_height=\"1.8em\" custom_margin=\"0px||||false|false\" custom_padding_tablet=\"\" custom_padding_phone=\"0px||||false|false\" custom_padding_last_edited=\"on|phone\" global_colors_info=\"{}\"]<\/p>\n<p>En nuestra gesti\u00f3n, estos principios son algo m\u00e1s que palabras: son la esencia que impregna todos los aspectos de nuestra empresa.<\/p>\n<p>[\/et_pb_text][\/et_pb_column][et_pb_column type=\"3_5\u2033 _builder_version=\"4.16\u2033 custom_padding=\"||\" global_colors_info=\"{}\" custom_padding__hover=\"||\"][et_pb_image src=\"https:\/\/felino.pt\/wp-content\/uploads\/2023\/08\/banner_qualidade.jpg\" title_text=\"banner_quality\" show_in_lightbox=\"on\" use_overlay=\"on\" show_bottom_space=\"off\" align=\"center\" force_fullwidth=\"on\" _builder_version=\"4.22.1\u2033 _module_preset=\"default\" global_colors_info=\"{}\"][\/et_pb_image][\/et_pb_column][\/et_pb_row][\/et_pb_section][et_pb_section fb_built=\"1\u2033 admin_label=\"section\" module_id=\"certificaciones\" _builder_version=\"4.22.1\u2033 locked=\"off\" global_colors_info=\"{}\"][et_pb_row use_custom_gutter=\"on\" gutter_width=\"2\u2033 admin_label=\"fila\" _builder_version=\"4.22.1\u2033 background_size=\"initial\" background_position=\"top_left\" background_repeat=\"repeat\" locked=\"off\" global_colors_info=\"{}\"][et_pb_column type=\"4_4\u2033 _builder_version=\"4.16\u2033 custom_padding=\"||\" global_colors_info=\"{}\" custom_padding__hover=\"||\"][et_pb_text _builder_version=\"4.24.0\u2033 _module_preset=\"default\" text_line_height=\"1.8em\" header_2_font=\"spartan semibold|600|||||||\" header_2_font_size=\"20px\" header_2_line_height=\"1.5em\" header_3_font_size=\"19px\" header_3_line_height=\"1.7em\" locked=\"off\" global_colors_info=\"{}\"]<\/p>\n<h2>Certificaci\u00f3n ISO 9001:2015 - Garant\u00eda Internacional de Calidad<\/h2>\n<p>Como parte de nuestro compromiso con la calidad, hemos implantado rigurosamente la norma ISO 9001:2015 de Bureau Veritas, un sistema de gesti\u00f3n de la calidad reconocido internacionalmente. Este sistema no solo mejora nuestros procedimientos, sino que inculca una cultura de calidad en cada faceta de nuestras operaciones diarias. Desde el taller hasta las tareas administrativas, nuestro objetivo es claro: evitar errores y mejorar continuamente nuestro rendimiento. Nos comprometemos a seguir criterios estrictos para documentar nuestros procesos, garantizando una legibilidad e identificaci\u00f3n precisas, en l\u00ednea con las normas de calidad m\u00e1s exigentes.<\/p>\n<p>&nbsp;<\/p>\n<h2>Innovaci\u00f3n en la Industria 4.0 - Hacia la eficiencia<\/h2>\n<p>En la era de la Industria 4.0, adoptamos las innovaciones que nos mantienen a la vanguardia de la eficiencia. Implantamos soluciones de monitorizaci\u00f3n OEE (Overall Equipment Effectiveness) para optimizar el rendimiento de nuestras operaciones. Estas soluciones proporcionan una visi\u00f3n completa de nuestras l\u00edneas de producci\u00f3n anticipando tendencias e identificando posibles problemas. El resultado es un entorno de trabajo m\u00e1s \u00e1gil e inteligente en el que nuestros empleados pueden centrarse en actividades de valor a\u00f1adido. Nuestro compromiso con la eficiencia queda patente en el an\u00e1lisis preciso del rendimiento, la identificaci\u00f3n y correcci\u00f3n de ineficiencias en tiempo real y la personalizaci\u00f3n de cuadros de mando para obtener informaci\u00f3n relevante y actualizada.<\/p>\n<p>[\/et_pb_text][et_pb_image src=\"https:\/\/felino.pt\/wp-content\/uploads\/2023\/10\/1680534962185.jpeg\" title_text=\"1680534962185\u2033 align=\"centre\" _builder_version=\"4.23.1\u2033 _module_preset=\"default\" custom_padding=\"30px||||false|false\" global_colors_info=\"{}\"][\/et_pb_image][et_pb_text _builder_version=\"4.24.0\u2033 _module_preset=\"default\" text_line_height=\"1.8em\" header_2_font=\"spartan semibold|600|||||||\" header_2_font_size=\"20px\" header_2_line_height=\"1.5em\" header_3_font_size=\"19px\" header_3_line_height=\"1.7em\" custom_padding=\"24px|||||\" locked=\"off\" global_colors_info=\"{}\"]<\/p>\n<h2>Un compromiso global<\/h2>\n<p>Nuestro compromiso con la calidad, la eficiencia y la igualdad de oportunidades forma parte intr\u00ednseca de nuestro ADN. Con casi nueve d\u00e9cadas de historia, seguimos evolucionando y adapt\u00e1ndonos a los cambios sin dejar de mantener el m\u00e1ximo nivel de calidad y servicio. Creemos que ofreciendo soluciones eficientes y sostenibles, estamos creando valor y superando las expectativas de nuestros clientes, construyendo un futuro m\u00e1s igualitario y pr\u00f3spero y manteniendo nuestra posici\u00f3n como referente en el sector.<\/p>\n<p>[\/et_pb_text][\/et_pb_column][\/et_pb_row][\/et_pb_section]<\/p>","protected":false},"excerpt":{"rendered":"<p><div class=\"et_pb_module dsm_block_reveal_text dsm_block_reveal_text_0\">\n\t\t\t\t\n\t\t\t\t\n\t\t\t\t\n\t\t\t\t\n\t\t\t\t\n\t\t\t\t\n\t\t\t\t<div class=\"et_pb_module_inner\">\n\t\t\t\t\t<div class=\"dsm_block_reveal_text_wrapper\" data-dsm-block-reveal-animation=\"bt\" data-dsm-block-reveal-color=\"#ef8d23\" data-dsm-block-reveal-delay=\"0.1\" data-dsm-block-reveal-viewport=\"80%\"><h1 class=\"dsm_block_reveal_text_header et_pb_module_header\">Gesti\u00f3n certificada<\/h1><\/div>\n\t\t\t\t<\/div>\n\t\t\t<\/div>Compromiso con la calidad, la eficiencia y la igualdad de oportunidades.En FELINO, creemos que la excelencia es el resultado de un compromiso inquebrantable con la calidad, la eficiencia y la igualdad de oportunidades.En nuestra gesti\u00f3n, estos principios se convierten en algo m\u00e1s que palabras; son la esencia que impregna todos los aspectos de nuestra empresa.Certificaci\u00f3n ISO 9001:2015 - Garant\u00eda Internacional de Calidad Como parte de nuestro compromiso con la calidad, aplicamos rigurosamente la norma ISO 9001:2015 de Bureau Veritas, un sistema de gesti\u00f3n de calidad reconocido internacionalmente. Este sistema no solo mejora nuestros procedimientos, sino que tambi\u00e9n inculca una cultura de calidad en cada faceta de nuestras operaciones diarias. Desde el taller hasta las tareas administrativas, nuestro objetivo es claro: evitar errores y mejorar continuamente nuestro rendimiento. Nos comprometemos a seguir criterios estrictos para documentar nuestros procesos, garantizando una legibilidad e identificaci\u00f3n precisas, en l\u00ednea con los m\u00e1s altos est\u00e1ndares de calidad.   Innovaci\u00f3n en la Industria 4.0 - Hacia la eficiencia En la era de la Industria 4.0, adoptamos las innovaciones que nos mantienen a la vanguardia de la eficiencia. Hemos implantado soluciones de supervisi\u00f3n de la OEE (Overall Equipment Effectiveness) para [...]<\/p>","protected":false},"author":5,"featured_media":0,"parent":0,"menu_order":0,"comment_status":"closed","ping_status":"closed","template":"","meta":{"_et_pb_use_builder":"on","_et_pb_old_content":"","_et_gb_content_width":"","footnotes":""},"class_list":["post-34184","page","type-page","status-publish","hentry"],"_links":{"self":[{"href":"https:\/\/felino.pt\/es\/wp-json\/wp\/v2\/pages\/34184","targetHints":{"allow":["GET"]}}],"collection":[{"href":"https:\/\/felino.pt\/es\/wp-json\/wp\/v2\/pages"}],"about":[{"href":"https:\/\/felino.pt\/es\/wp-json\/wp\/v2\/types\/page"}],"author":[{"embeddable":true,"href":"https:\/\/felino.pt\/es\/wp-json\/wp\/v2\/users\/5"}],"replies":[{"embeddable":true,"href":"https:\/\/felino.pt\/es\/wp-json\/wp\/v2\/comments?post=34184"}],"version-history":[{"count":0,"href":"https:\/\/felino.pt\/es\/wp-json\/wp\/v2\/pages\/34184\/revisions"}],"wp:attachment":[{"href":"https:\/\/felino.pt\/es\/wp-json\/wp\/v2\/media?parent=34184"}],"curies":[{"name":"wp","href":"https:\/\/api.w.org\/{rel}","templated":true}]}}