{"id":34187,"date":"2023-09-30T17:59:33","date_gmt":"2023-09-30T16:59:33","guid":{"rendered":"https:\/\/felino.4mcomunicacao.com.br\/?page_id=34187"},"modified":"2024-04-20T13:10:35","modified_gmt":"2024-04-20T12:10:35","slug":"sostenibilidad","status":"publish","type":"page","link":"https:\/\/felino.pt\/es\/sostenibilidad\/","title":{"rendered":"Sustentabilidad"},"content":{"rendered":"<p>[et_pb_section fb_built=\"1\u2033 admin_label=\"historia\" module_id=\"sostenibilidad\" _builder_version=\"4.22.2\u2033 _module_preset=\"default\" background_image=\"https:\/\/felino.pt\/wp-content\/uploads\/2023\/09\/sustentabilidade.jpg\" min_height=\"400px\" custom_margin=\"||||false|false\" locked=\"off\" global_colors_info=\"{}\"][et_pb_row _builder_version=\"4.22.1\u2033 _module_preset=\"default\" global_colors_info=\"{}\"][et_pb_column type=\"4_4\u2033 _builder_version=\"4.22.1\u2033 _module_preset=\"default\" global_colors_info=\"{}\"][dsm_block_reveal_text block_reveal_text=\"Compromiso medioambiental\" heading_html_tag=\"h1\u2033 block_reveal_animation=\"bt\" _builder_version=\"4.24.0\u2033 _module_preset=\"default\" header_font=\"spartan bold||on|||||\" header_text_align=\"center\" header_text_color=\"#FFFF\" header_font_size=\"32px\" header_line_height=\"1.5em\" custom_margin=\"80px||||false|false\" header_line_height_tablet=\"1.5em\" header_line_height_phone=\"1.2em\" header_line_height_last_edited=\"on|phone\" header_text_shadow_style=\"preset2\u2033 locked=\"off\" global_colors_info=\"{}\"][\/dsm_block_reveal_text][\/et_pb_column][\/et_pb_row][\/et_pb_section][et_pb_section fb_built=\"1\u2033 admin_label=\"section\" _builder_version=\"4.16\u2033 locked=\"off\" global_colors_info=\"{}\"][et_pb_row use_custom_gutter=\"on\" gutter_width=\"2\u2033 admin_label=\"row\" _builder_version=\"4.22.1\u2033 background_size=\"initial\" background_position=\"top_left\" background_repeat=\"repeat\" global_colors_info=\"{}\"][et_pb_column type=\"4_4\u2033 _builder_version=\"4.16\u2033 custom_padding=\"||\" global_colors_info=\"{}\" custom_padding__hover=\"||\"][et_pb_text _builder_version=\"4.24.0\u2033 _module_preset=\"default\" text_font_size=\"13px\" text_line_height=\"1.9em\" header_2_font=\"|600|||||||\" header_2_font_size=\"22px\" header_2_line_height=\"1.3em\" header_3_font=\"||||||||\" header_3_font_size=\"16px\" header_3_line_height=\"1.3em\" locked=\"off\" global_colors_info=\"{}\"]<\/p>\n<h2>Sostenibilidad para un futuro m\u00e1s verde<\/h2>\n<p>Las buenas pr\u00e1cticas de sostenibilidad no deben ser s\u00f3lo una caracter\u00edstica de los productos FELINO, sino un compromiso de la empresa con la responsabilidad medioambiental. Con m\u00e1s de 88 a\u00f1os de historia, creemos que nuestra visi\u00f3n estrat\u00e9gica debe incluir un compromiso a largo plazo con la sostenibilidad que beneficie no solo a nuestra empresa, sino tambi\u00e9n al mundo en el que vivimos.<\/p>\n<p>Una de las iniciativas cruciales que mejor representa nuestro compromiso medioambiental es el reciclado de residuos met\u00e1licos. Este proceso ha sido la columna vertebral de nuestra operaci\u00f3n. S\u00f3lo en 2022, adquirimos la impresionante cantidad de 1.138 toneladas de chatarra. Sin embargo, lo verdaderamente notable es que cada gramo de esta chatarra se transform\u00f3 completamente en bienes utilizables. Adoptamos una filosof\u00eda de cero residuos y nos aseguramos de que todos los recursos se utilicen de la forma m\u00e1s eficiente posible, como resultado de nuestro compromiso de reducir los residuos y disminuir el impacto medioambiental.<\/p>\n<p>&nbsp;<\/p>\n<h2>Componentes t\u00e9cnicos de larga duraci\u00f3n<\/h2>\n<h3>Un contrapunto a la obsolescencia programada<\/h3>\n<p>En una \u00e9poca en la que la vida \u00fatil de los productos suele acortarse, nosotros adoptamos una filosof\u00eda contraria y apostamos por la durabilidad como pilar fundamental de nuestro trabajo. Creemos que la aut\u00e9ntica calidad se mide por la capacidad de resistir el paso del tiempo y servir a nuestros clientes durante a\u00f1os. Esta filosof\u00eda no s\u00f3lo es parte integrante de nuestra historia, que abarca m\u00e1s de ocho d\u00e9cadas, sino tambi\u00e9n un reflejo de nuestro compromiso con la excelencia y el respeto por el medio ambiente.<\/p>\n<p>Los equipos y piezas t\u00e9cnicas fabricados por FELINO est\u00e1n meticulosamente dise\u00f1ados y construidos para durar. Este es nuestro compromiso, rechazar la obsolescencia programada y contribuir a construir un futuro en el que los productos se conviertan en legados para las generaciones venideras. Creemos que la durabilidad es la verdadera medida de la calidad.<\/p>\n<p>&nbsp;<\/p>\n<h2>Eficiencia energ\u00e9tica<\/h2>\n<h3>Contribuci\u00f3n a la reducci\u00f3n del consumo de energ\u00eda<\/h3>\n<p>En FELINO, la eficiencia energ\u00e9tica es un valor fundamental. Estamos comprometidos con la creaci\u00f3n de componentes tecnol\u00f3gicos de alta eficiencia energ\u00e9tica. Este enfoque se traduce en una reducci\u00f3n significativa del consumo de energ\u00eda durante el funcionamiento. Al minimizar el derroche de energ\u00eda y las emisiones de gases de efecto invernadero, no s\u00f3lo protegemos el medio ambiente, sino que tambi\u00e9n reducimos los costes de fabricaci\u00f3n. Este compromiso con la eficiencia energ\u00e9tica es testimonio de nuestro deseo de ser una fuerza positiva tanto para nuestros clientes como para el planeta.<\/p>\n<p>&nbsp;<\/p>\n<h3>Por un futuro equilibrado y sostenible<\/h3>\n<p>Nuestro compromiso con la sostenibilidad no es s\u00f3lo una visi\u00f3n a largo plazo, sino una pr\u00e1ctica diaria arraigada en nuestra filosof\u00eda. En FELINO, nos comprometemos a reducir constantemente el impacto medioambiental de la producci\u00f3n industrial y nuestra propia huella ecol\u00f3gica. Este compromiso es parte integrante de nuestra misi\u00f3n mientras seguimos creando productos eficientes y de alta calidad.<\/p>\n<p>Creemos que el progreso tecnol\u00f3gico y el respeto por el medio ambiente pueden coexistir en armon\u00eda. A medida que avanzamos, nuestro legado, que comenz\u00f3 en 1936, sigue gui\u00e1ndonos en la b\u00fasqueda continua de soluciones m\u00e1s sostenibles. Miramos al futuro con determinaci\u00f3n y la responsabilidad de preservar y mejorar nuestro mundo para las generaciones venideras.<\/p>\n<p>[\/et_pb_text][\/et_pb_column][\/et_pb_row][\/et_pb_section]<\/p>","protected":false},"excerpt":{"rendered":"<p>Descubra c\u00f3mo FELINO contribuye a la sostenibilidad del sector reciclando otras 1.000 toneladas de chatarra para convertirlas en bienes utilizables.<\/p>","protected":false},"author":5,"featured_media":35366,"parent":0,"menu_order":0,"comment_status":"closed","ping_status":"closed","template":"","meta":{"_et_pb_use_builder":"on","_et_pb_old_content":"","_et_gb_content_width":"","footnotes":""},"class_list":["post-34187","page","type-page","status-publish","has-post-thumbnail","hentry"],"_links":{"self":[{"href":"https:\/\/felino.pt\/es\/wp-json\/wp\/v2\/pages\/34187","targetHints":{"allow":["GET"]}}],"collection":[{"href":"https:\/\/felino.pt\/es\/wp-json\/wp\/v2\/pages"}],"about":[{"href":"https:\/\/felino.pt\/es\/wp-json\/wp\/v2\/types\/page"}],"author":[{"embeddable":true,"href":"https:\/\/felino.pt\/es\/wp-json\/wp\/v2\/users\/5"}],"replies":[{"embeddable":true,"href":"https:\/\/felino.pt\/es\/wp-json\/wp\/v2\/comments?post=34187"}],"version-history":[{"count":2,"href":"https:\/\/felino.pt\/es\/wp-json\/wp\/v2\/pages\/34187\/revisions"}],"predecessor-version":[{"id":36764,"href":"https:\/\/felino.pt\/es\/wp-json\/wp\/v2\/pages\/34187\/revisions\/36764"}],"wp:featuredmedia":[{"embeddable":true,"href":"https:\/\/felino.pt\/es\/wp-json\/wp\/v2\/media\/35366"}],"wp:attachment":[{"href":"https:\/\/felino.pt\/es\/wp-json\/wp\/v2\/media?parent=34187"}],"curies":[{"name":"wp","href":"https:\/\/api.w.org\/{rel}","templated":true}]}}