{"id":34599,"date":"2023-10-11T23:14:42","date_gmt":"2023-10-11T22:14:42","guid":{"rendered":"https:\/\/felino.4mcomunicacao.com.br\/?page_id=34599"},"modified":"2024-04-04T17:08:55","modified_gmt":"2024-04-04T16:08:55","slug":"apoyo-global","status":"publish","type":"page","link":"https:\/\/felino.pt\/es\/apoyo-global\/","title":{"rendered":"Apoyo mundial"},"content":{"rendered":"<p>[et_pb_section fb_built=\"1\u2033 admin_label=\"Secci\u00f3n\" _builder_version=\"4.22.2\u2033 background_image=\"https:\/\/felino.pt\/wp-content\/uploads\/2023\/10\/banner_assistencia.jpg\" min_height=\"400px\" global_colors_info=\"{}\"][et_pb_row _builder_version=\"4.16\u2033 background_size=\"initial\" background_position=\"top_left\" background_repeat=\"repeat\" locked=\"off\" global_colors_info=\"{}\"][et_pb_column type=\"4_4\u2033 _builder_version=\"4.16\u2033 custom_padding=\"||\" global_colors_info=\"{}\" custom_padding__hover=\"||\"][dsm_block_reveal_text block_reveal_text=\"@ET-DC@eyJkeW5hbWljIjp0cnVlLCJjb250ZW50IjoicG9zdF90aXRsZSIsInNldHRpbmdzIjp7ImJlZm9yZSI6IiIsImFmdGVyIjoiIn19@\" heading_html_tag=\"h1\u2033 block_reveal_animation=\"bt\" _builder_version=\"4.24.0\u2033 _dynamic_attributes=\"block_reveal_text\" _module_preset=\"default\" header_font=\"spartan bold||on|||||\" header_text_align=\"center\" header_text_color=\"#FFFF\" header_font_size=\"50px\" header_line_height=\"1.2em\" custom_margin=\"7vh||||false|false\" header_font_size_tablet=\"50px\" header_font_size_phone=\"40px\" header_font_size_last_edited=\"on|tablet\" header_text_shadow_style=\"preset2\u2033 locked=\"off\" global_colors_info=\"{}\"][\/dsm_block_reveal_text][\/et_pb_column][\/et_pb_row][\/et_pb_section][et_pb_section fb_built=\"1\u2033 admin_label=\"Secci\u00f3n\" _builder_version=\"4.16\u2033 global_colors_info=\"{}\"][et_pb_row _builder_version=\"4.16\u2033 background_size=\"initial\" background_position=\"top_left\" background_repeat=\"repeat\" locked=\"off\" global_colors_info=\"{}\"][et_pb_column type=\"4_4\u2033 _builder_version=\"4.16\u2033 custom_padding=\"||\" global_colors_info=\"{}\" custom_padding__hover=\"||\"][et_pb_text _builder_version=\"4.24.0\u2033 _module_preset=\"default\" header_2_font=\"||||||||\" header_2_line_height=\"1.2em\" header_3_font=\"spartan semibold||||||||\" header_3_font_size=\"18px\" header_3_line_height=\"1.4em\" custom_margin=\"25px||||false|false\" global_colors_info=\"{}\"]<\/p>\n<h2 style=\"text-align: center;\"><strong>FELINO Global Support<\/strong><\/h2>\n<h3 style=\"text-align: center;\"><strong>Estamos a su lado en cualquier parte del mundo<\/strong><\/h3>\n<p>[\/et_pb_text][et_pb_text _builder_version=\"4.24.0\u2033 _module_preset=\"default\" text_line_height=\"1.8em\" header_2_font_size=\"23px\" header_2_line_height=\"1.7em\" header_3_font_size=\"19px\" header_3_line_height=\"1.7em\" global_colors_info=\"{}\"]<\/p>\n<p>En FELINO, nuestro compromiso con la excelencia no tiene l\u00edmites. Presentes en los mercados europeo, americano, africano y asi\u00e1tico, suministramos equipos de panader\u00eda y pasteler\u00eda de la m\u00e1xima calidad. Somos conscientes de la importancia de una asistencia eficaz y r\u00e1pida, independientemente de d\u00f3nde se encuentre. Por eso colaboramos con una red de distribuidores locales especializados, que son su primera l\u00ednea de contacto para asistencia t\u00e9cnica y apoyo.<\/p>\n<p>[\/et_pb_text][\/et_pb_column][\/et_pb_row][et_pb_row column_structure=\u201d3_5,2_5\u2033 _builder_version=\u201d4.22.2\u2033 _module_preset=\"default\" custom_margin=\"||0px|false|false\" custom_padding=\"||0px|false|false\" global_colors_info=\"{}\"][et_pb_column type=\"3_5\u2033 _builder_version=\"4.22.1\u2033 _module_preset=\"default\" global_colors_info=\"{}\"][et_pb_image src=\"https:\/\/felino.pt\/wp-content\/uploads\/2023\/10\/felino-mini-125.jpg\" title_text=\"felino mini-125\u2033 _builder_version=\"4.22.2\u2033 _module_preset=\"default\" global_colors_info=\"{}\"][\/et_pb_image][\/et_pb_column][et_pb_column type=\"2_5\u2033 _builder_version=\"4.22.1\u2033 _module_preset=\"default\" global_colors_info=\"{}\"][et_pb_text _builder_version=\"4.24.0\u2033 _module_preset=\"default\" text_line_height=\"1.8em\" header_2_font=\"Poppins||||||||\" header_2_font_size=\"23px\" header_2_line_height=\"1.7em\" header_3_font=\"||||||||\" header_3_font_size=\"18px\" header_3_line_height=\"1.7em\" header_3_line_height_tablet=\"1.7em\" header_3_line_height_phone=\"1.3em\" header_3_line_height_last_edited=\"on|phone\" global_colors_info=\"{}\"]<\/p>\n<h3 style=\"text-align: left;\">Su primer punto de contacto<\/h3>\n<p>Nuestros socios locales son profesionales altamente cualificados y experimentados, comprometidos a ofrecer un servicio de calidad y asistencia t\u00e9cnica porque conocen las particularidades de su mercado y comprenden sus necesidades individuales.<\/p>\n<p>&nbsp;<\/p>\n<h3>C\u00f3mo ponerse en contacto con su distribuidor local<\/h3>\n<p>Para cuestiones relativas a asistencia t\u00e9cnica, mantenimiento, piezas de recambio o cualquier otro tipo de soporte, le recomendamos que se ponga en contacto con su distribuidor local FELINO. Para m\u00e1s informaci\u00f3n, p\u00f3ngase en contacto con nosotros en <strong>export@felino.pt<\/strong>.<\/p>\n<p>[\/et_pb_text][\/et_pb_column][\/et_pb_row][et_pb_row _builder_version=\"4.22.2\u2033 _module_preset=\"default\" global_colors_info=\"{}\"][et_pb_column type=\"4_4\u2033 _builder_version=\"4.22.2\u2033 _module_preset=\"default\" global_colors_info=\"{}\"][et_pb_text _builder_version=\"4.24.0\u2033 _module_preset=\"default\" text_line_height=\"1.8em\" header_2_font=\"Poppins||||||||\" header_2_font_size=\"23px\" header_2_line_height=\"1.7em\" header_3_font=\"||||||||\" header_3_font_size=\"20px\" header_3_line_height=\"1.4em\" header_3_line_height_tablet=\"1.4em\" header_3_line_height_phone=\"1.4em\" header_3_line_height_last_edited=\"on|phone\" global_colors_info=\"{}\"]<\/p>\n<h3>Queremos saber lo que piensa<\/h3>\n<p>Su opini\u00f3n y sus necesidades son importantes para nosotros. Si tiene alguna pregunta, comentario o consulta que quiera hacernos directamente, no dude en ponerse en contacto con nosotros por correo electr\u00f3nico en la direcci\u00f3n\u00a0<strong>info@felino.pt<\/strong>. Estamos aqu\u00ed para ayudarle y responder a todas sus preguntas.<\/p>\n<p><strong>En FELINO, creemos que el apoyo global debe ser local. Trabajamos en estrecha colaboraci\u00f3n con nuestros distribuidores internacionales para garantizar que sus operaciones se desarrollen sin problemas.<\/strong><\/p>\n<p>Gracias por su confianza en nuestra marca.<\/p>\n<p>Nos comprometemos a proporcionarle los mejores equipos y asistencia en todo el mundo.<\/p>\n<p>[\/et_pb_text][\/et_pb_column][\/et_pb_row][\/et_pb_section]<\/p>","protected":false},"excerpt":{"rendered":"<p><div class=\"et_pb_module dsm_block_reveal_text dsm_block_reveal_text_0\">\n\t\t\t\t\n\t\t\t\t\n\t\t\t\t\n\t\t\t\t\n\t\t\t\t\n\t\t\t\t\n\t\t\t\t<div class=\"et_pb_module_inner\">\n\t\t\t\t\t<div class=\"dsm_block_reveal_text_wrapper\" data-dsm-block-reveal-animation=\"bt\" data-dsm-block-reveal-color=\"#ef8d23\" data-dsm-block-reveal-delay=\"0.1\" data-dsm-block-reveal-viewport=\"80%\"><\/div>\n\t\t\t\t<\/div>\n\t\t\t<\/div>FELINO Global Support Estamos a su lado en cualquier parte del mundoEn FELINO, nuestro compromiso con la excelencia no tiene l\u00edmites. Presentes en los mercados europeo, americano, africano y asi\u00e1tico, suministramos equipos de panader\u00eda y pasteler\u00eda de alta calidad. Entendemos la importancia de una asistencia eficaz y r\u00e1pida, independientemente de d\u00f3nde se encuentre. Por eso colaboramos con una red de distribuidores locales dedicados, que son su primera l\u00ednea de contacto para asistencia t\u00e9cnica y apoyo.Su primer punto de contactoNuestros socios locales son profesionales altamente capacitados y experimentados, comprometidos a proporcionar un servicio de calidad y asistencia t\u00e9cnica porque est\u00e1n familiarizados con las especificidades de su mercado y comprenden sus necesidades individuales.   C\u00f3mo contactar con su distribuidor local Para cuestiones relacionadas con asistencia t\u00e9cnica, mantenimiento, piezas de repuesto o cualquier otro tipo de soporte, le recomendamos que contacte con su distribuidor local FELINO. Para m\u00e1s informaci\u00f3n, p\u00f3ngase en contacto con export@felino.pt.Queremos. Su opini\u00f3n y sus necesidades son importantes para nosotros. Si [...]<\/p>","protected":false},"author":5,"featured_media":0,"parent":0,"menu_order":0,"comment_status":"closed","ping_status":"closed","template":"","meta":{"_et_pb_use_builder":"on","_et_pb_old_content":"","_et_gb_content_width":"","footnotes":""},"class_list":["post-34599","page","type-page","status-publish","hentry"],"_links":{"self":[{"href":"https:\/\/felino.pt\/es\/wp-json\/wp\/v2\/pages\/34599","targetHints":{"allow":["GET"]}}],"collection":[{"href":"https:\/\/felino.pt\/es\/wp-json\/wp\/v2\/pages"}],"about":[{"href":"https:\/\/felino.pt\/es\/wp-json\/wp\/v2\/types\/page"}],"author":[{"embeddable":true,"href":"https:\/\/felino.pt\/es\/wp-json\/wp\/v2\/users\/5"}],"replies":[{"embeddable":true,"href":"https:\/\/felino.pt\/es\/wp-json\/wp\/v2\/comments?post=34599"}],"version-history":[{"count":0,"href":"https:\/\/felino.pt\/es\/wp-json\/wp\/v2\/pages\/34599\/revisions"}],"wp:attachment":[{"href":"https:\/\/felino.pt\/es\/wp-json\/wp\/v2\/media?parent=34599"}],"curies":[{"name":"wp","href":"https:\/\/api.w.org\/{rel}","templated":true}]}}