{"id":35401,"date":"2023-11-13T15:07:59","date_gmt":"2023-11-13T15:07:59","guid":{"rendered":"https:\/\/felino.4mcomunicacao.com.br\/?page_id=35401"},"modified":"2024-09-05T16:46:06","modified_gmt":"2024-09-05T15:46:06","slug":"cofinanciado-2","status":"publish","type":"page","link":"https:\/\/felino.pt\/es\/cofinanciado-2\/","title":{"rendered":"cofinanciado"},"content":{"rendered":"<p>[et_pb_section fb_built=\"1\u2033 admin_label=\"Secci\u00f3n\" _builder_version=\"4.23.1\u2033 background_image=\"https:\/\/felino.pt\/wp-content\/uploads\/2023\/11\/cofinanciados.jpg\" min_height=\"400px\" global_colors_info=\"{}\"][\/et_pb_section][et_pb_section fb_built=\"1\u2033 admin_label=\"Secci\u00f3n\" _builder_version=\"4.16\u2033 global_colors_info=\"{}\"][et_pb_row _builder_version=\"4.16\u2033 background_size=\"initial\" background_position=\"top_left\" background_repeat=\"repeat\" locked=\"off\" global_colors_info=\"{}\"][et_pb_column type=\"4_4\u2033 _builder_version=\"4.16\u2033 custom_padding=\"||\" global_colors_info=\"{}\" custom_padding__hover=\"||\"][et_pb_text _builder_version=\"4.23.1\u2033 _module_preset=\"default\" header_2_font=\"Poppins||||||||\" header_2_font_size=\"23px\" header_3_font=\"Poppins||||||||\" header_3_font_size=\"20px\" custom_margin=\"0px||||false|false\" global_colors_info=\"{}\"]<\/p>\n<h2 style=\"text-align: center;\"><strong>Proyectos cofinanciados<\/strong><\/h2>\n<p><strong><\/strong><\/p>\n<p>En el \u00e1mbito de Portugal 2020, tenemos en marcha los siguientes proyectos, cofinanciados por los Fondos Estructurales y de Inversi\u00f3n Europeos (FEIE):<\/p>\n<p>[\/et_pb_text][et_pb_text _builder_version=\"4.27.0\u2033 _module_preset=\"default\" text_font_size=\"13px\" text_line_height=\"1.9em\" header_2_font_size=\"23px\" header_2_line_height=\"1.7em\" header_3_font_size=\"19px\" header_3_line_height=\"1.7em\" hover_enabled=\"0\u2033 global_colors_info=\"{}\" sticky_enabled=\"0\u2033]<\/p>\n<ul>\n<li><span style=\"color: #000000;\"><a href=\"https:\/\/felino.pt\/wp-content\/uploads\/2024\/07\/uk-Ficha-Projeto-Internacionalizacao-2015-v2.pdf\" target=\"_blank\" rel=\"noopener\" style=\"color: #000000;\">Expediente de proyecto | Internacionalizaci\u00f3n 2015<\/a><\/span><\/li>\n<li><span style=\"color: #000000;\"><a href=\"https:\/\/felino.pt\/wp-content\/uploads\/2024\/07\/uk-Ficha-Projeto-Qualificacao-2016_v2.pdf\" target=\"_blank\" rel=\"noopener\" style=\"color: #000000;\">Formulario de Proyecto | Calificaci\u00f3n 2016<\/a><\/span><\/li>\n<li><span style=\"color: #000000;\"><a href=\"https:\/\/felino.pt\/wp-content\/uploads\/2024\/09\/uk-Ficha-Projeto-Internacionalizacao-2018_v3.pdf\" target=\"_blank\" rel=\"noopener\" style=\"color: #000000;\">Formulario de proyecto | Internacionalizaci\u00f3n 2018<\/a><\/span><\/li>\n<li><span style=\"color: #000000;\"><a href=\"https:\/\/felino.pt\/wp-content\/uploads\/2024\/07\/uk_Ficha_Projeto_Qualificacao_2018.pdf\" target=\"_blank\" rel=\"noopener\" style=\"color: #000000;\">Formulario de proyecto | Calificaci\u00f3n 2018<\/a><\/span><\/li>\n<li><span style=\"color: #000000;\"><a href=\"https:\/\/felino.pt\/wp-content\/uploads\/2024\/07\/uk_Ficha_Projeto_ID_FARO.pdf\" target=\"_blank\" rel=\"noopener\" style=\"color: #000000;\">Formulario de proyecto de I+D<\/a><\/span><\/li>\n<li><span style=\"color: #000000;\"><a href=\"https:\/\/felino.pt\/wp-content\/uploads\/2024\/07\/uk_Ficha_Projeto_PROD_SIF.pdf\" target=\"_blank\" rel=\"noopener\" style=\"color: #000000;\">Hoja de proyecto PROD-SIF<\/a><\/span><\/li>\n<\/ul>\n<p>[\/et_pb_text][et_pb_image src=\"https:\/\/felino.pt\/wp-content\/uploads\/2023\/11\/apoios-cofinanciados.png\" title_text=\"soportes-financiados\" admin_label=\"Imagen\" _builder_version=\"4.23.1\u2033 _module_preset=\"default\" max_height=\"100px\" global_colors_info=\"{}\"][\/et_pb_image][\/et_pb_column][\/et_pb_row][\/et_pb_section]<\/p>","protected":false},"excerpt":{"rendered":"<p>Proyectos cofinanciados En el \u00e1mbito de Portugal 2020, tenemos en marcha los siguientes proyectos cofinanciados por los Fondos Estructurales y de Inversi\u00f3n Europeos (FEIE): Ficha Proyecto | Internacionalizaci\u00f3n 2015 Ficha Proyecto | Cualificaci\u00f3n 2016 Ficha Proyecto | Internacionalizaci\u00f3n 2018 Ficha Proyecto | Cualificaci\u00f3n 2018 Ficha Proyecto I+D Ficha Proyecto PROD-SIF<\/p>","protected":false},"author":3,"featured_media":0,"parent":0,"menu_order":0,"comment_status":"closed","ping_status":"closed","template":"","meta":{"_et_pb_use_builder":"on","_et_pb_old_content":"","_et_gb_content_width":"","footnotes":""},"class_list":["post-35401","page","type-page","status-publish","hentry"],"_links":{"self":[{"href":"https:\/\/felino.pt\/es\/wp-json\/wp\/v2\/pages\/35401","targetHints":{"allow":["GET"]}}],"collection":[{"href":"https:\/\/felino.pt\/es\/wp-json\/wp\/v2\/pages"}],"about":[{"href":"https:\/\/felino.pt\/es\/wp-json\/wp\/v2\/types\/page"}],"author":[{"embeddable":true,"href":"https:\/\/felino.pt\/es\/wp-json\/wp\/v2\/users\/3"}],"replies":[{"embeddable":true,"href":"https:\/\/felino.pt\/es\/wp-json\/wp\/v2\/comments?post=35401"}],"version-history":[{"count":5,"href":"https:\/\/felino.pt\/es\/wp-json\/wp\/v2\/pages\/35401\/revisions"}],"predecessor-version":[{"id":37548,"href":"https:\/\/felino.pt\/es\/wp-json\/wp\/v2\/pages\/35401\/revisions\/37548"}],"wp:attachment":[{"href":"https:\/\/felino.pt\/es\/wp-json\/wp\/v2\/media?parent=35401"}],"curies":[{"name":"wp","href":"https:\/\/api.w.org\/{rel}","templated":true}]}}