{"id":35848,"date":"2024-01-13T15:32:34","date_gmt":"2024-01-13T15:32:34","guid":{"rendered":"https:\/\/site.felino.pt\/?page_id=35848"},"modified":"2025-03-13T15:46:58","modified_gmt":"2025-03-13T15:46:58","slug":"top","status":"publish","type":"page","link":"https:\/\/felino.pt\/es\/","title":{"rendered":"Felino - Fundi\u00e7\u00e3o e Constru\u00e7\u00f5es Mec\u00e2nicas S.A."},"content":{"rendered":"<p>[et_pb_section fb_built=\"1\u2033 fullwidth=\"on\" _builder_version=\"4.24.3\u2033 _module_preset=\"default\" background_color=\"#EF8D23\u2033 max_width_tablet=\"\" max_width_phone=\"\" max_width_last_edited=\"on|phone\" max_height=\"650px\" max_height_tablet=\"650px\" max_height_phone=\"40vh\" max_height_last_edited=\"on|phone\" background_last_edited=\"on|phone\" locked=\"off\" global_colors_info=\"{}\"][et_pb_fullwidth_image src=\"https:\/\/felino.pt\/wp-content\/uploads\/2024\/04\/FELINO-SA.png\" alt=\"FELINO, Piezas T\u00e9cnicas, M\u00e1quinas de Panader\u00eda y Pasteler\u00eda\" title_text=\"FELINO SA banner vertical\" src_tablet=\"https:\/\/felino.pt\/wp-content\/uploads\/2024\/04\/FELINO-SA.png\" src_phone=\"https:\/\/felino.pt\/wp-content\/uploads\/2024\/04\/FELINO-SA-banner-vertical.png\" src_last_edited=\"on|phone\" _builder_version=\"4.25.0\u2033 _module_preset=\"default\" max_width=\"1920px\" module_alignment=\"center\" global_colors_info=\"{}\"][\/et_pb_fullwidth_image][\/et_pb_section][et_pb_section fb_built=\"1\u2033 _builder_version=\"4.24.3\u2033 _module_preset=\"default\" custom_padding=\"60px||||false|false\" top_divider_style=\"arrow3\u2033 top_divider_color=\"#EF8D23\u2033 top_divider_height=\"50px\" global_colors_info=\"{}\"][et_pb_row _builder_version=\"4.24.2\u2033 _module_preset=\"default\" global_colors_info=\"{}\"][et_pb_column type=\"4_4\u2033 _builder_version=\"4.24.2\u2033 _module_preset=\"default\" global_colors_info=\"{}\"][et_pb_text _builder_version=\"4.24.2\u2033 _module_preset=\"default\" header_font=\"spartan extrabold||||||||\" header_font_size=\"25px\" header_2_font=\"spartan extrabold||||||||\" custom_margin=\"||0px||false|false\" global_colors_info=\"{}\"]<\/p>\n<h1 class=\"h1\" style=\"text-align: left;\">FELINO SA<\/h1>\n<p>[\/et_pb_text][et_pb_divider divider_weight=\"2px\" _builder_version=\"4.23.4\u2033 _module_preset=\"default\" transform_translate_linked=\"off\" width=\"100%\" custom_margin=\"0px||0px||false|false\" custom_padding=\"0px||0px||false|false\" locked=\"off\" global_colors_info=\"{}\"][\/et_pb_divider][et_pb_text _builder_version=\"4.23.1\u2033 _module_preset=\"4.23.1\u2033 _module_preset=\"default\" text_font=\"|500|||||||\" header_font=\"Poppins|600|||||||\" header_font_size=\"26px\" header_2_font=\"Poppins|600|||||||\" header_2_font_size=\"25px\" custom_margin=\"0px||||false|false\" custom_padding=\"0px||||false|false\" locked=\"off\" global_colors_info=\"{}\"]<\/p>\n<p class=\"h1\" style=\"text-align: left;\"><span>Desde 1936, FELINO es un referente en fundici\u00f3n, mecanizado y producci\u00f3n de piezas t\u00e9cnicas, y tambi\u00e9n es fabricante de equipos, desde m\u00e1quinas de panader\u00eda y pasteler\u00eda hasta soluciones de calefacci\u00f3n como estufas de pellets, para mercados nacionales e internacionales.<\/span><\/p>\n<p class=\"h1\" style=\"text-align: left;\"><span>Descubra nuestras principales \u00e1reas de producci\u00f3n:<\/span><\/p>\n<p>[\/et_pb_text][\/et_pb_column][\/et_pb_row][et_pb_row column_structure=\"1_3,1_3,1_3\u2033 _builder_version=\"4.23.4\u2033 _module_preset=\"default\" global_colors_info=\"{}\"][et_pb_column type=\"1_3\u2033 _builder_version=\"4.23.4\u2033 _module_preset=\"default\" global_colors_info=\"{}\"][dsm_card title=\"Fundici\u00f3n de hierro\" subtitle=\"Capacidad de producci\u00f3n de series peque\u00f1as, medianas y grandes.\" image=\"https:\/\/felino.pt\/wp-content\/uploads\/2024\/04\/Fundicao-de-Ferro-FELINO-e1713801457201.jpg\" image_background_height=\"200px\" image_background_animation=\"zoom_in\" button_url_new_window=\"1\u2033 _builder_version=\"4.25.0\u2033 _dynamic_attributes=\"link_option_url\" _module_preset=\"default\" header_level=\"h2\u2033 header_font=\"||||||||\" header_font_size=\"19px\" text_orientation=\"center\" link_option_url=\"@ET-DC@eyJkeW5hbWljIjp0cnVlLCJjb250ZW50IjoicG9zdF9saW5rX3VybF9wYWdlIiwic2V0dGluZ3MiOnsicG9zdF9pZCI6IjMyMjcxIn19@\" border_radii_image=\"on|5px|5px|5px\" global_colors_info=\"{}\"][\/dsm_card][\/et_pb_column][et_pb_column type=\"1_3\u2033 _builder_version=\"4.23.4\u2033 _module_preset=\"default\" global_colors_info=\"{}\"][dsm_card title=\"Mecanizado\" subtitle=\"Mecanizado de precisi\u00f3n para la producci\u00f3n de piezas t\u00e9cnicas.\" image=\"https:\/\/felino.pt\/wp-content\/uploads\/2023\/08\/maquinacao_topo.jpg\" image_background_height=\"200px\" image_background_animation=\"zoom_in\" button_url_new_window=\"1\u2033 _builder_version=\"4.25.0\u2033 _dynamic_attributes=\"link_option_url\" _module_preset=\"default\" header_level=\"h2\u2033 header_font=\"||||||||\" header_font_size=\"19px\" text_orientation=\"center\" link_option_url=\"@ET-DC@eyJkeW5hbWljIjp0cnVlLCJjb250ZW50IjoicG9zdF9saW5rX3VybF9wYWdlIiwic2V0dGluZ3MiOnsicG9zdF9pZCI6IjMyMjczIn19@\" border_radii_image=\"on|5px|5px|5px\" global_colors_info=\"{}\"][\/dsm_card][\/et_pb_column][et_pb_column type=\"1_3\u2033 _builder_version=\"4.23.4\u2033 _module_preset=\"default\" global_colors_info=\"{}\"][dsm_card title=\"Panader\u00eda y pasteler\u00eda\" subtitle=\"M\u00e1quinas de panader\u00eda y pasteler\u00eda con estructura integral de fundici\u00f3n.\" image=\"https:\/\/felino.pt\/wp-content\/uploads\/2023\/11\/Maquinas-de-Padaria-e-Pastelaria-FELINO_2-scaled.jpg\" image_background_height=\"200px\" image_background_animation=\"zoom_in\" button_url_new_window=\"1\u2033 _builder_version=\"4.25.0\u2033 _dynamic_attributes=\"link_option_url\" _module_preset=\"default\" header_level=\"h2\u2033 header_font=\"||||||||\" header_font_size=\"19px\" text_orientation=\"center\" link_option_url=\"@ET-DC@eyJkeW5hbWljIjp0cnVlLCJjb250ZW50IjoicG9zdF9saW5rX3VybF9wYWdlIiwic2V0dGluZ3MiOnsicG9zdF9pZCI6IjMxOTc5In19@\" border_radii_image=\"on|5px|5px|5px\" global_colors_info=\"{}\"][\/dsm_card][\/et_pb_column][\/et_pb_row][\/et_pb_section][et_pb_section fb_built=\"1\u2033 _builder_version=\"4.25.0\u2033 _module_preset=\"default\" background_image=\"https:\/\/felino.pt\/wp-content\/uploads\/2023\/11\/Sustentabilidade-FELINO-1.jpg\" min_height=\"500px\" global_colors_info=\"{}\"][et_pb_row _builder_version=\"4.23.4\u2033 _module_preset=\"default\" global_colors_info=\"{}\"][et_pb_column type=\"4_4\u2033 _builder_version=\"4.23.4\u2033 _module_preset=\"default\" global_colors_info=\"{}\"][et_pb_text _builder_version=\"4.23.4\u2033 _module_preset=\"default\" global_colors_info=\"{}\"][et_pb_text _builder_version=\"4.25.0\u2033 _module_preset=\"default\" text_text_color=\"#FFFF\" header_2_font=\"spartan extrabold||||||||\" header_2_text_color=\"#FFFF\" header_3_font=\"|700|||||||\" header_3_text_color=\"#FFFF\" header_3_font_size=\"26px\" text_orientation_tablet=\"center\" text_orientation_phone=\"center\" text_orientation_last_edited=\"on|phone\" global_colors_info=\"{}\"]<\/p>\n<h3>Sustentabilidad<\/h3>\n<p>Descubra c\u00f3mo incorporamos toneladas de residuos a la producci\u00f3n<\/p>\n<p>[\/et_pb_text][dsm_button button_one_text=\"Conoce el Compromiso Medioambiental de FELINO\" button_one_url=\"@ET-DC@eyJkeW5hbWljIjp0cnVlLCJjb250ZW50IjoicG9zdF9saW5rX3VybF9wYWdlIiwic2V0dGluZ3MiOnsicG9zdF9pZCI6IjM0MTg3In19@\" button_alignment_tablet=\"center\" button_alignment_phone=\"center\" button_alignment_last_edited=\"on|phone\" _builder_version=\"4.24.0\u2033 _dynamic_attributes=\"button_one_url\" _module_preset=\"default\" custom_css_button_2=\"line-height: 1.1 !important;\" global_colors_info=\"{}\" custom_css_button_1_last_edited=\"on|phone\" custom_css_button_1_phone=\"line-height: 1.1 !important;\"][\/dsm_button][\/et_pb_column][\/et_pb_row][\/et_pb_section][et_pb_section fb_built=\"1\u2033 _builder_version=\"4.23.4\u2033 _module_preset=\"default\" global_colors_info=\"{}\"][et_pb_row column_structure=\"3_5,2_5\u2033 _builder_version=\"4.23.4\u2033 _module_preset=\"default\" global_colors_info=\"{}\"][et_pb_column type=\"3_5\u2033 _builder_version=\"4.23.4\u2033 _module_preset=\"default\" global_colors_info=\"{}\"][et_pb_image src=\"https:\/\/felino.es\/wp-content\/uploads\/2023\/11\/FELINO-WRLD-MAP.png\" title_text=\"FELINO WRLD MAP\" _builder_version=\"4.23.4\u2033 _module_preset=\"default\" global_colors_info=\"{}\"][\/et_pb_image][\/et_pb_column][et_pb_column type=\"2_5\u2033 _builder_version=\"4.23.4\u2033 _module_preset=\"default\" global_colours_info=\"{}\"][et_pb_text _builder_version=\"4.25.0\u2033 _module_preset=\"default\" header_2_font=\"spartan extrabold||||||||\" header_3_font=\"|700|||||||\" header_3_font_size=\"26px\" min_height=\"24px\" custom_margin=\"100px|||6px||false|false\" global_colors_info=\"{}\"]<\/p>\n<h3>88 a\u00f1os de experiencia.<\/h3>\n<p>[\/et_pb_text][et_pb_text _builder_version=\"4.23.4\u2033 _module_preset=\"default\" text_line_height=\"1.2em\" custom_margin=\"20px||||false|false\" global_colors_info=\"{}\"]<\/p>\n<p><strong>De Portugal al mundo.\u00a0<\/strong><\/p>\n<p>FELINO est\u00e1 presente en m\u00e1s de 40 pa\u00edses.<\/p>\n<p>[\/et_pb_text][\/et_pb_column][\/et_pb_row][\/et_pb_section][et_pb_section fb_built=\"1\u2033 _builder_version=\"4.23.4\u2033 _module_preset=\"default\" background_color=\"#f6f6f6\u2033 global_colors_info=\"{}\"][et_pb_row _builder_version=\"4.23.4\u2033 _module_preset=\"default\" global_colors_info=\"{}\"][et_pb_column type=\"4_4\u2033 _builder_version=\"4.23.4\u2033 _module_preset=\"default\" global_colors_info=\"{}\"][et_pb_text _builder_version=\"4.23.4\u2033 _module_preset=\"default\" text_orientation=\"centre\" global_colors_info=\"{}\"]<\/p>\n<h2 style=\"text-align: center;\">Universo FELINO<\/h2>\n<p class=\"elementor-heading-title elementor-size-small\">Te presentamos FELINO Universe, un espacio donde compartimos informaci\u00f3n sobre nuestros equipos y soluciones personalizadas para tu negocio. Sigue nuestra presencia en las pr\u00f3ximas ferias nacionales e internacionales y accede a contenidos para inspirarte en la realizaci\u00f3n de tus prendas.<\/p>\n<p>[\/et_pb_text][brbl_post_carousel include_categories=\"25\u2033 order=\"DESC\" post_count=\"8\u2033 layout=\"layout4\u2033 show_avatar=\"off\" show_author=\"off\" show_date=\"off\" slide_count=\"3\u2033 slide_count_tablet=\"2\u2033 slide_count_phone=\"1\u2033 slide_count_last_edited=\"on|phone\" _builder_version=\"4.25.2\u2033 _module_preset=\"default\" global_colors_info=\"{}\"][\/brbl_post_carousel][dsm_button button_one_text=\"Todas las noticias\" button_one_url=\"@ET-DC@eyJkeW5hbWljIjp0cnVlLCJjb250ZW50IjoicG9zdF9saW5rX3VybF9wYWdlIiwic2V0dGluZ3MiOnsicG9zdF9pZCI6IjMyMjUyIn19@\" button_alignment=\"center\" button_alignment_tablet=\"center\" button_alignment_phone=\"center\" button_alignment_last_edited=\"off|desktop\" _builder_version=\"4.24.2\u2033 _dynamic_attributes=\"button_one_url\" _module_preset=\"default\" transform_scale=\"70%|70%\" transform_translate_linked=\"off\" custom_margin=\"||||false|false\" custom_margin_tablet=\"||0px|false|false\" custom_margin_phone=\"-.50px|0px|false|false\" custom_margin_last_edited=\"off|desktop\" locked=\"off\" global_colors_info=\"{}\"][\/dsm_button][\/et_pb_column][\/et_pb_row][\/et_pb_section]<\/p>","protected":false},"excerpt":{"rendered":"<p>FELINO SADDesde 1936, FELINO es una referencia en Fundici\u00f3n, Mecanizado y Producci\u00f3n de Piezas T\u00e9cnicas, adem\u00e1s de fabricante de equipos, desde m\u00e1quinas de panader\u00eda y pasteler\u00eda hasta soluciones de calefacci\u00f3n como estufas de pellets, para mercados nacionales e internacionales. Conozca nuestras principales \u00e1reas de producci\u00f3n:<div class=\"et_pb_module dsm_card dsm_card_0 et_pb_bg_layout_light dsm_card_image_animation dsm_card_image_animation_zoom_in dsm_card_layout_stacked\">\n\t\t\t\t\n\t\t\t\t\n\t\t\t\t\n\t\t\t\t\n\t\t\t\t\n\t\t\t\t\n\t\t\t\t<div class=\"et_pb_module_inner\">\n\t\t\t\t\t\n\t\t\t\n\t\t\t<figure class=\"dsm_card_image_wrapper dsm_card_badge_top_right\"><div class=\"dsm_card_image_background dsm_card_img\"><\/div><\/figure>\n\t\t\t<div class=\"et_pb_module dsm_card_wrapper et_pb_text_align_center\">\n\t\t\t\t\t\n\t\t\t\t\t<h2 class=\"dsm_card_title et_pb_module_header\">Fundici\u00f3n de hierro<\/h2>\n\t\t\t\t\t<div class=\"dsm_card_subtitle\">Capacidad de producci\u00f3n para series peque\u00f1as, medianas y grandes.<\/div>\n\t\t\t\t\t\n\t\t\t\t\t\n\t\t\t\t<\/div>\n\t\t\t\n\t\t\t\t<\/div>\n\t\t\t<\/div><div class=\"et_pb_module dsm_card dsm_card_1 et_pb_bg_layout_light dsm_card_image_animation dsm_card_image_animation_zoom_in dsm_card_layout_stacked\">\n\t\t\t\t\n\t\t\t\t\n\t\t\t\t\n\t\t\t\t\n\t\t\t\t\n\t\t\t\t\n\t\t\t\t<div class=\"et_pb_module_inner\">\n\t\t\t\t\t\n\t\t\t\n\t\t\t<figure class=\"dsm_card_image_wrapper dsm_card_badge_top_right\"><div class=\"dsm_card_image_background dsm_card_img\"><\/div><\/figure>\n\t\t\t<div class=\"et_pb_module dsm_card_wrapper et_pb_text_align_center\">\n\t\t\t\t\t\n\t\t\t\t\t<h2 class=\"dsm_card_title et_pb_module_header\">Mecanizado<\/h2>\n\t\t\t\t\t<div class=\"dsm_card_subtitle\">Mecanizado de precisi\u00f3n para la producci\u00f3n de piezas t\u00e9cnicas.<\/div>\n\t\t\t\t\t\n\t\t\t\t\t\n\t\t\t\t<\/div>\n\t\t\t\n\t\t\t\t<\/div>\n\t\t\t<\/div><div class=\"et_pb_module dsm_card dsm_card_2 et_pb_bg_layout_light dsm_card_image_animation dsm_card_image_animation_zoom_in dsm_card_layout_stacked\">\n\t\t\t\t\n\t\t\t\t\n\t\t\t\t\n\t\t\t\t\n\t\t\t\t\n\t\t\t\t\n\t\t\t\t<div class=\"et_pb_module_inner\">\n\t\t\t\t\t\n\t\t\t\n\t\t\t<figure class=\"dsm_card_image_wrapper dsm_card_badge_top_right\"><div class=\"dsm_card_image_background dsm_card_img\"><\/div><\/figure>\n\t\t\t<div class=\"et_pb_module dsm_card_wrapper et_pb_text_align_center\">\n\t\t\t\t\t\n\t\t\t\t\t<h2 class=\"dsm_card_title et_pb_module_header\">Panader\u00eda y pasteler\u00eda<\/h2>\n\t\t\t\t\t<div class=\"dsm_card_subtitle\">M\u00e1quinas de panader\u00eda y pasteler\u00eda con estructura integral de hierro fundido.<\/div>\n\t\t\t\t\t\n\t\t\t\t\t\n\t\t\t\t<\/div>\n\t\t\t\n\t\t\t\t<\/div>\n\t\t\t<\/div>Sostenibilidad Conozca c\u00f3mo incorporamos toneladas de residuos a la producci\u00f3n<div class=\"et_pb_module dsm_button dsm_button_0 et_pb_bg_layout_light\">\n\t\t\t\t\n\t\t\t\t\n\t\t\t\t\n\t\t\t\t\n\t\t\t\t\n\t\t\t\t\n\t\t\t\t<div class=\"et_pb_module_inner\">\n\t\t\t\t\t<div class=\"et_pb_button_module_wrappers dsm_button_0_wrapper et_pb_button_alignment_tablet_center et_pb_button_alignment_phone_center et_pb_module\">\n\t\t\t\t<a class=\"et_pb_button et_pb_button_one et_pb_bg_layout_light dsm-none\"  data-dsm-lightbox-id=\"dsm_button_one_lightbox dsm_button_0\"><span>Conoce el Compromiso Medioambiental de FELINO<\/span><\/a>\n\t\t\t<\/div>\n\t\t\t\t<\/div>\n\t\t\t<\/div>88 a\u00f1os de experiencia - de Portugal para el mundo.  FELINO est\u00e1 presente en m\u00e1s de 40 pa\u00edses.Universo FELINO Presentamos Universo FELINO, un espacio donde compartimos informaci\u00f3n sobre nuestros equipos y soluciones personalizadas para su negocio. Siga nuestra presencia en las pr\u00f3ximas ferias nacionales e internacionales [...]<\/p>","protected":false},"author":5,"featured_media":36744,"parent":0,"menu_order":0,"comment_status":"closed","ping_status":"closed","template":"","meta":{"_et_pb_use_builder":"on","_et_pb_old_content":"","_et_gb_content_width":"","footnotes":""},"class_list":["post-35848","page","type-page","status-publish","has-post-thumbnail","hentry"],"_links":{"self":[{"href":"https:\/\/felino.pt\/es\/wp-json\/wp\/v2\/pages\/35848","targetHints":{"allow":["GET"]}}],"collection":[{"href":"https:\/\/felino.pt\/es\/wp-json\/wp\/v2\/pages"}],"about":[{"href":"https:\/\/felino.pt\/es\/wp-json\/wp\/v2\/types\/page"}],"author":[{"embeddable":true,"href":"https:\/\/felino.pt\/es\/wp-json\/wp\/v2\/users\/5"}],"replies":[{"embeddable":true,"href":"https:\/\/felino.pt\/es\/wp-json\/wp\/v2\/comments?post=35848"}],"version-history":[{"count":11,"href":"https:\/\/felino.pt\/es\/wp-json\/wp\/v2\/pages\/35848\/revisions"}],"predecessor-version":[{"id":37499,"href":"https:\/\/felino.pt\/es\/wp-json\/wp\/v2\/pages\/35848\/revisions\/37499"}],"wp:featuredmedia":[{"embeddable":true,"href":"https:\/\/felino.pt\/es\/wp-json\/wp\/v2\/media\/36744"}],"wp:attachment":[{"href":"https:\/\/felino.pt\/es\/wp-json\/wp\/v2\/media?parent=35848"}],"curies":[{"name":"wp","href":"https:\/\/api.w.org\/{rel}","templated":true}]}}