{"id":36272,"date":"2024-02-08T16:25:16","date_gmt":"2024-02-08T16:25:16","guid":{"rendered":"https:\/\/site.felino.pt\/?page_id=36272"},"modified":"2024-02-08T16:30:18","modified_gmt":"2024-02-08T16:30:18","slug":"comunicacion-y-medios","status":"publish","type":"page","link":"https:\/\/felino.pt\/es\/comunicacion-y-medios\/","title":{"rendered":"Comunicaci\u00f3n y medios de comunicaci\u00f3n"},"content":{"rendered":"<p>[et_pb_section fb_built=&#8221;1&#8243; admin_label=&#8221;Blog&#8221; _builder_version=&#8221;4.24.0&#8243; _module_preset=&#8221;default&#8221; background_color=&#8221;#f6f6f6&#8243; custom_margin_tablet=&#8221;&#8221; custom_margin_phone=&#8221;&#8221; custom_margin_last_edited=&#8221;on|desktop&#8221; custom_padding=&#8221;30px||||false|false&#8221; locked=&#8221;off&#8221; global_colors_info=&#8221;{}&#8221;][et_pb_row _builder_version=&#8221;4.21.0&#8243; _module_preset=&#8221;default&#8221; global_colors_info=&#8221;{}&#8221;][et_pb_column type=&#8221;4_4&#8243; _builder_version=&#8221;4.21.0&#8243; _module_preset=&#8221;default&#8221; global_colors_info=&#8221;{}&#8221;][et_pb_text _builder_version=&#8221;4.24.0&#8243; _module_preset=&#8221;default&#8221; header_2_line_height=&#8221;1.4em&#8221; text_orientation=&#8221;center&#8221; custom_margin=&#8221;|100px||100px|false|true&#8221; custom_margin_tablet=&#8221;|0px||0px|false|true&#8221; custom_margin_phone=&#8221;|0px||0px|false|true&#8221; custom_margin_last_edited=&#8221;on|phone&#8221; custom_padding=&#8221;||10px||false|false&#8221; hover_enabled=&#8221;0&#8243; global_colors_info=&#8221;{}&#8221; sticky_enabled=&#8221;0&#8243;]<\/p>\n<h2 style=\"text-align: center;\">Comunicaci\u00f3n y medios de comunicaci\u00f3n<\/h2>\n<p class=\"elementor-heading-title elementor-size-small\">\u00danase a FELINO en Ferias y Eventos en Portugal y en todo el mundo y conozca todas las soluciones en m\u00e1quinas de panader\u00eda y pasteler\u00eda para el sector alimentario.<\/p>\n<p>[\/et_pb_text][et_pb_blog_extras use_category_filterable_blog=&#8221;on&#8221; use_hamburger_category_filter=&#8221;off&#8221; posts_number=&#8221;15&#8243; include_categories=&#8221;38&#8243; blog_layout=&#8221;masonry&#8221; masonry_layout=&#8221;block_extended&#8221; column_spacing=&#8221;50px&#8221; use_read_more_button=&#8221;on&#8221; read_more_text=&#8221;Ler mais&#8221; show_author=&#8221;off&#8221; show_date=&#8221;off&#8221; show_categories=&#8221;off&#8221; show_comments=&#8221;off&#8221; show_load_more=&#8221;on&#8221; pagination_type=&#8221;off&#8221; admin_label=&#8221;Divi Blog Extras&#8221; masonry_columns_tablet=&#8221;2&#8243; masonry_columns_phone=&#8221;1&#8243; masonry_columns_last_edited=&#8221;on|phone&#8221; _builder_version=&#8221;4.24.0&#8243; _module_preset=&#8221;default&#8221; header_font_size=&#8221;17px&#8221; header_line_height=&#8221;1.3em&#8221; body_font_size=&#8221;13px&#8221; body_line_height=&#8221;1.6em&#8221; custom_ajax_pagination=&#8221;on&#8221; custom_read_more=&#8221;on&#8221; read_more_text_size=&#8221;12px&#8221; width=&#8221;100%&#8221; max_width=&#8221;100%&#8221; locked=&#8221;off&#8221; global_colors_info=&#8221;{}&#8221;][\/et_pb_blog_extras][\/et_pb_column][\/et_pb_row][\/et_pb_section]<\/p>","protected":false},"excerpt":{"rendered":"<p>Comunica\u00e7\u00e3o e Media Acompanhe a FELINO nas Feiras e Eventos em Portugal e ao redor do Mundo e conhe\u00e7a todas as solu\u00e7\u00f5es em m\u00e1quinas de padaria e pastelaria para o setor de alimenta\u00e7\u00e3o.[\/et_pb_blog_extras]<\/p>","protected":false},"author":5,"featured_media":0,"parent":0,"menu_order":0,"comment_status":"closed","ping_status":"closed","template":"","meta":{"_et_pb_use_builder":"on","_et_pb_old_content":"","_et_gb_content_width":"","footnotes":""},"class_list":["post-36272","page","type-page","status-publish","hentry"],"_links":{"self":[{"href":"https:\/\/felino.pt\/es\/wp-json\/wp\/v2\/pages\/36272","targetHints":{"allow":["GET"]}}],"collection":[{"href":"https:\/\/felino.pt\/es\/wp-json\/wp\/v2\/pages"}],"about":[{"href":"https:\/\/felino.pt\/es\/wp-json\/wp\/v2\/types\/page"}],"author":[{"embeddable":true,"href":"https:\/\/felino.pt\/es\/wp-json\/wp\/v2\/users\/5"}],"replies":[{"embeddable":true,"href":"https:\/\/felino.pt\/es\/wp-json\/wp\/v2\/comments?post=36272"}],"version-history":[{"count":0,"href":"https:\/\/felino.pt\/es\/wp-json\/wp\/v2\/pages\/36272\/revisions"}],"wp:attachment":[{"href":"https:\/\/felino.pt\/es\/wp-json\/wp\/v2\/media?parent=36272"}],"curies":[{"name":"wp","href":"https:\/\/api.w.org\/{rel}","templated":true}]}}