{"id":36294,"date":"2024-02-08T18:01:33","date_gmt":"2024-02-08T18:01:33","guid":{"rendered":"https:\/\/site.felino.pt\/?page_id=36294"},"modified":"2024-04-04T23:32:38","modified_gmt":"2024-04-04T22:32:38","slug":"noticias-fundicion-y-mecanizado","status":"publish","type":"page","link":"https:\/\/felino.pt\/es\/noticias-fundicion-y-mecanizado\/","title":{"rendered":"Noticias Fundici\u00f3n y mecanizado"},"content":{"rendered":"<p>[et_pb_section fb_built=\"1\u2033 admin_label=\"Blog\" _builder_version=\"4.24.0\u2033 _module_preset=\"default\" background_color=\"#f6f6\u2033 custom_margin_tablet=\"\" custom_margin_phone=\"\" custom_margin_last_edited=\"on|desktop\" custom_padding=\"30px||||false|false\" locked=\"off\" global_colors_info=\"{}\"][et_pb_row _builder_version=\"4.21.0\u2033 _module_preset=\"default\" global_colors_info=\"{}\"][et_pb_column type=\"4_4\u2033 _builder_version=\"4.21.0\u2033 _module_preset=\"default\" global_colors_info=\"{}\"][et_pb_text _builder_version=\"4.24.3\u2033 _module_preset=\"default\" header_2_line_height=\"1.4em\" text_orientation=\"center\" custom_margin=\"|100px||100px|false|true\" custom_margin_tablet=\"|0px||0px|false|true\" custom_margin_phone=\"|0px||0px|false|true\" custom_margin_last_edited=\"on|phone\" custom_padding=\"||10px||false|false\" hover_enabled=\"0\u2033 global_colors_info=\"{}\" sticky_enabled=\"0\u2033]<\/p>\n<h2 style=\"text-align: center;\">Fundici\u00f3n y mecanizado de hierro<\/h2>\n<p class=\"elementor-heading-title elementor-size-small\"><span>Mant\u00e9ngase al d\u00eda de la informaci\u00f3n t\u00e9cnica y las noticias m\u00e1s relevantes en las \u00e1reas de fundici\u00f3n de hierro, mecanizado y piezas t\u00e9cnicas.\u00a0<\/span><\/p>\n<p>[\/et_pb_text][brbl_post_masonry include_categories=\"41\u2033 excerpt_length=\"150\u2033 show_meta=\"off\" pagination_type=\"loadmore\" column_count_tablet=\"2\u2033 column_count_phone=\"1\u2033 column_count_last_edited=\"on|phone\" _builder_version=\"4.24.2\u2033 _module_preset=\"default\" title_text_color=\"#3A3A\" title_font_size=\"18px\" title_line_height=\"1.3em\" locked=\"off\" global_colors_info=\"{}\"][\/brbl_post_masonry][\/et_pb_column][\/et_pb_row][\/et_pb_section]<\/p>","protected":false},"excerpt":{"rendered":"<p>Fundici\u00f3n de hierro y mecanizado Mant\u00e9ngase al d\u00eda de la informaci\u00f3n t\u00e9cnica y las noticias m\u00e1s relevantes en las \u00e1reas de fundici\u00f3n de hierro, mecanizado y piezas t\u00e9cnicas.\u00a0<div class=\"et_pb_module brbl_post_masonry brbl_post_masonry_0\">\n\t\t\t\t\n\t\t\t\t\n\t\t\t\t\n\t\t\t\t\n\t\t\t\t\n\t\t\t\t\n\t\t\t\t<div class=\"et_pb_module_inner\">\n\t\t\t\t\t<div class=\"brbl-module brbl-post-masonry brbl-masonry-infinite\" data-options=\"{&quot;layout&quot;:&quot;masonry-1&quot;,&quot;blog_order&quot;:0,&quot;pagination_type&quot;:&quot;loadmore&quot;,&quot;loadmore_type&quot;:&quot;scroll&quot;}\">\r\n                <div class=\"brbl-blog-items brbl-blog brbl-blog-scroll-0\"><div class=\"brbl-blog-item brbl-blog-item-masonry-1-0\">\r\n        <article class=\"brbl-masonry-card brbl-post-masonry-1\">\r\n            <figure class=\"brbl-post-thumb\">\r\n\t\t\t\t<a href=\"https:\/\/felino.pt\/es\/industria-mundial-2024-2\/\">\r\n\t\t\t\t\t<div class=\"brbl-overlay\" data-icon=\"\"><\/div>\r\n\t\t\t\t\t<img decoding=\"async\" src=\"https:\/\/felino.pt\/wp-content\/uploads\/2024\/07\/GLOBAL-INDUSTRIE-2024.jpeg\" alt=\"Industria mundial 2024\">\r\n\t\t\t\t\t\r\n\t\t\t\t<\/a>\r\n\t\t\t<\/figure>\r\n            \r\n            <div class=\"brbl-masonry-content\">\r\n\t\t\t\t\r\n                <h3 class=\"brbl-post-title\">\r\n                <a href=\"https:\/\/felino.pt\/es\/industria-mundial-2024-2\/\">Industria mundial 2024<\/a>\r\n            <\/h3>\r\n                <div class=\"brbl-post-excerpt\">En el \u00faltimo d\u00eda de la feria Midest 2024, nos gustar\u00eda dar las gracias a todos nuestros clientes y socios que visitaron nuestro stand 5G57 en la...<\/div>\r\n                \r\n            <\/div>\r\n        <\/article>\r\n    <\/div><div class=\"brbl-blog-item brbl-blog-item-masonry-1-0\">\r\n        <article class=\"brbl-masonry-card brbl-post-masonry-1\">\r\n            <figure class=\"brbl-post-thumb\">\r\n\t\t\t\t<a href=\"https:\/\/felino.pt\/es\/centro-de-mecanizado-makino-a500z\/\">\r\n\t\t\t\t\t<div class=\"brbl-overlay\" data-icon=\"\"><\/div>\r\n\t\t\t\t\t<img decoding=\"async\" src=\"https:\/\/felino.pt\/wp-content\/uploads\/2024\/06\/Maquino-a500z.png\" alt=\"Maquino a500z, centro de mecanizado MAKINO a500Z\">\r\n\t\t\t\t\t\r\n\t\t\t\t<\/a>\r\n\t\t\t<\/figure>\r\n            \r\n            <div class=\"brbl-masonry-content\">\r\n\t\t\t\t\r\n                <h3 class=\"brbl-post-title\">\r\n                <a href=\"https:\/\/felino.pt\/es\/centro-de-mecanizado-makino-a500z\/\">Centro de mecanizado MAKINO a500Z<\/a>\r\n            <\/h3>\r\n                <div class=\"brbl-post-excerpt\">MAKINO a500Z: Nueva inversi\u00f3n FELINO FELINO se equipa con el nuevo centro de mecanizado MAKINO a500Z, una m\u00e1quina de 5 ejes con...<\/div>\r\n                \r\n            <\/div>\r\n        <\/article>\r\n    <\/div><div class=\"brbl-blog-item brbl-blog-item-masonry-1-0\">\r\n        <article class=\"brbl-masonry-card brbl-post-masonry-1\">\r\n            <figure class=\"brbl-post-thumb\">\r\n\t\t\t\t<a href=\"https:\/\/felino.pt\/es\/mecanizado-de-piezas-tecnicas\/\">\r\n\t\t\t\t\t<div class=\"brbl-overlay\" data-icon=\"\"><\/div>\r\n\t\t\t\t\t<img decoding=\"async\" src=\"https:\/\/felino.pt\/wp-content\/uploads\/2024\/07\/Precisao-e-Qualidade-da-Maquinacao-de-Pecas-Tecnicas.jpeg\" alt=\"Precisi\u00f3n y calidad en el mecanizado de piezas t\u00e9cnicas, Mecanizado de piezas t\u00e9cnicas\">\r\n\t\t\t\t\t\r\n\t\t\t\t<\/a>\r\n\t\t\t<\/figure>\r\n            \r\n            <div class=\"brbl-masonry-content\">\r\n\t\t\t\t\r\n                <h3 class=\"brbl-post-title\">\r\n                <a href=\"https:\/\/felino.pt\/es\/mecanizado-de-piezas-tecnicas\/\">Mecanizado de piezas t\u00e9cnicas<\/a>\r\n            <\/h3>\r\n                <div class=\"brbl-post-excerpt\">El impacto de la tecnolog\u00eda en la precisi\u00f3n y la calidad del mecanizado de piezas t\u00e9cnicas La precisi\u00f3n, resultado directo del proceso de innovaci\u00f3n...<\/div>\r\n                \r\n            <\/div>\r\n        <\/article>\r\n    <\/div><div class=\"brbl-blog-item brbl-blog-item-masonry-1-0\">\r\n        <article class=\"brbl-masonry-card brbl-post-masonry-1\">\r\n            <figure class=\"brbl-post-thumb\">\r\n\t\t\t\t<a href=\"https:\/\/felino.pt\/es\/fresado-y-mecanizado-integral\/\">\r\n\t\t\t\t\t<div class=\"brbl-overlay\" data-icon=\"\"><\/div>\r\n\t\t\t\t\t<img decoding=\"async\" src=\"https:\/\/felino.pt\/wp-content\/uploads\/2024\/07\/Fresagem-e-Maquinacao-Integral.jpeg\" alt=\"Fresado y Mecanizado Integral, FELINO,\">\r\n\t\t\t\t\t\r\n\t\t\t\t<\/a>\r\n\t\t\t<\/figure>\r\n            \r\n            <div class=\"brbl-masonry-content\">\r\n\t\t\t\t\r\n                <h3 class=\"brbl-post-title\">\r\n                <a href=\"https:\/\/felino.pt\/es\/fresado-y-mecanizado-integral\/\">Fresado y mecanizado integral<\/a>\r\n            <\/h3>\r\n                <div class=\"brbl-post-excerpt\">Desglose t\u00e9cnico de fresado y mecanizado integral El fresado horizontal de centro es un proceso de mecanizado que permite trabajar...<\/div>\r\n                \r\n            <\/div>\r\n        <\/article>\r\n    <\/div><div class=\"brbl-blog-item brbl-blog-item-masonry-1-0\">\r\n        <article class=\"brbl-masonry-card brbl-post-masonry-1\">\r\n            <figure class=\"brbl-post-thumb\">\r\n\t\t\t\t<a href=\"https:\/\/felino.pt\/es\/fundicion-y-mecanizado-del-hierro-2\/\">\r\n\t\t\t\t\t<div class=\"brbl-overlay\" data-icon=\"\"><\/div>\r\n\t\t\t\t\t<img decoding=\"async\" src=\"https:\/\/felino.pt\/wp-content\/uploads\/2024\/07\/Felino-Fundicao-e-Maquinacao.jpeg\" alt=\"Fundici\u00f3n de hierro y mecanizado, FELINO\">\r\n\t\t\t\t\t\r\n\t\t\t\t<\/a>\r\n\t\t\t<\/figure>\r\n            \r\n            <div class=\"brbl-masonry-content\">\r\n\t\t\t\t\r\n                <h3 class=\"brbl-post-title\">\r\n                <a href=\"https:\/\/felino.pt\/es\/fundicion-y-mecanizado-del-hierro-2\/\">Fundici\u00f3n y mecanizado de hierro<\/a>\r\n            <\/h3>\r\n                <div class=\"brbl-post-excerpt\">FELINO, una referencia en fundici\u00f3n y mecanizado desde 1936 Felino SA, fundada en 1936 y situada en el distrito de Oporto, con...<\/div>\r\n                \r\n            <\/div>\r\n        <\/article>\r\n    <\/div><div class=\"brbl-blog-item brbl-blog-item-masonry-1-0\">\r\n        <article class=\"brbl-masonry-card brbl-post-masonry-1\">\r\n            <figure class=\"brbl-post-thumb\">\r\n\t\t\t\t<a href=\"https:\/\/felino.pt\/es\/divisor-de-masa-2\/\">\r\n\t\t\t\t\t<div class=\"brbl-overlay\" data-icon=\"\"><\/div>\r\n\t\t\t\t\t<img decoding=\"async\" src=\"https:\/\/felino.pt\/wp-content\/uploads\/2025\/02\/SIRHA-Lyon2025.jpg\" alt=\"SIRHA Lyon2025\">\r\n\t\t\t\t\t\r\n\t\t\t\t<\/a>\r\n\t\t\t<\/figure>\r\n            \r\n            <div class=\"brbl-masonry-content\">\r\n\t\t\t\t\r\n                <h3 class=\"brbl-post-title\">\r\n                <a href=\"https:\/\/felino.pt\/es\/divisor-de-masa-2\/\">FELINO en SIRHA Lyon 2025<\/a>\r\n            <\/h3>\r\n                <div class=\"brbl-post-excerpt\">Entre el 23 y el 27 de enero, FELINO estuvo presente en SIRHA Lyon, uno de los eventos internacionales m\u00e1s...<\/div>\r\n                \r\n            <\/div>\r\n        <\/article>\r\n    <\/div><\/div><nav class=\"brbl-pagination\" role=\"navigation\" aria-label=\"Paginaci\u00f3n\"><div class=\"brbl-page-load-status brbl-page-load-status-0\" style=\"display: none;\">\r\n\t\t\t\t<div class=\"loader-ellips infinite-scroll-request\">\r\n\t\t\t\t\t<span class=\"loader-ellips__dot\"><\/span>\r\n\t\t\t\t\t<span class=\"loader-ellips__dot\"><\/span>\r\n\t\t\t\t\t<span class=\"loader-ellips__dot\"><\/span>\r\n\t\t\t\t\t<span class=\"loader-ellips__dot\"><\/span>\r\n\t\t\t\t<\/div>\r\n\t\t\t<\/div><div class=\"pagination clearfix\">\r\n\t<div class=\"alignleft\"><\/div>\r\n\t<div class=\"alignright\"><\/div>\r\n<\/div><\/nav>\r\n\t\t\t<\/div>\n\t\t\t\t<\/div>\n\t\t\t<\/div><\/p>","protected":false},"author":5,"featured_media":0,"parent":0,"menu_order":0,"comment_status":"closed","ping_status":"closed","template":"","meta":{"_et_pb_use_builder":"on","_et_pb_old_content":"","_et_gb_content_width":"","footnotes":""},"class_list":["post-36294","page","type-page","status-publish","hentry"],"_links":{"self":[{"href":"https:\/\/felino.pt\/es\/wp-json\/wp\/v2\/pages\/36294","targetHints":{"allow":["GET"]}}],"collection":[{"href":"https:\/\/felino.pt\/es\/wp-json\/wp\/v2\/pages"}],"about":[{"href":"https:\/\/felino.pt\/es\/wp-json\/wp\/v2\/types\/page"}],"author":[{"embeddable":true,"href":"https:\/\/felino.pt\/es\/wp-json\/wp\/v2\/users\/5"}],"replies":[{"embeddable":true,"href":"https:\/\/felino.pt\/es\/wp-json\/wp\/v2\/comments?post=36294"}],"version-history":[{"count":0,"href":"https:\/\/felino.pt\/es\/wp-json\/wp\/v2\/pages\/36294\/revisions"}],"wp:attachment":[{"href":"https:\/\/felino.pt\/es\/wp-json\/wp\/v2\/media?parent=36294"}],"curies":[{"name":"wp","href":"https:\/\/api.w.org\/{rel}","templated":true}]}}