{"id":3,"date":"2023-06-04T22:04:13","date_gmt":"2023-06-05T01:04:13","guid":{"rendered":"https:\/\/felino.4mcomunicacao.com.br\/site\/?page_id=3"},"modified":"2024-04-20T13:08:45","modified_gmt":"2024-04-20T12:08:45","slug":"politique-de-confidentialite","status":"publish","type":"page","link":"https:\/\/felino.pt\/fr\/politique-de-confidentialite\/","title":{"rendered":"Politique de confidentialit\u00e9"},"content":{"rendered":"<p>[et_pb_section fb_built=\"1\u2033 _builder_version=\"4.16\u2033 global_colors_info=\"{}\"][et_pb_row _builder_version=\"4.16\u2033 background_size=\"initial\" background_position=\"top_left\" background_repeat=\"repeat\" global_colors_info=\"{}\"][et_pb_column type=\"4_4\u2033 _builder_version=\"4.16\u2033 custom_padding=\"||\" global_colors_info=\"{}\" custom_padding__hover=\"||\"][et_pb_post_title meta=\"off\" featured_image=\"off\" _builder_version=\"4.22.1\u2033 _module_preset=\"default\" global_colors_info=\"{}\"][\/et_pb_post_title][et_pb_text _builder_version=\"4.22.1\u2033 text_font_size=\"13px\" text_line_height=\"1.8em\" header_2_font_size=\"25px\" header_2_line_height=\"1.7em\" background_size=\"initial\" background_position=\"top_left\" background_repeat=\"repeat\" global_colors_info=\"{}\"]<\/p>\n<p><strong>L'utilisation et l'acc\u00e8s au site web FELINO sont soumis \u00e0 la l\u00e9gislation en vigueur et aux r\u00e8gles suivantes.<\/strong><br \/><strong>Son utilisation implique donc l'acceptation de ces termes et conditions.<\/strong><\/p>\n<p>Les utilisateurs qui saisissent leurs donn\u00e9es sous quelque forme que ce soit sur le site Internet FELINO autorisent librement et volontairement FELINO \u00e0 int\u00e9grer ces informations dans sa base de donn\u00e9es et \u00e0 les utiliser conform\u00e9ment aux principes de sa politique d'utilisation.<\/p>\n<p>FELINO s'engage \u00e0 ne jamais c\u00e9der \u00e0 des tiers les informations recueillies. \u00c0 l'exception de toute utilisation abusive par des tiers qui y auraient acc\u00e8s de mani\u00e8re ill\u00e9gitime.<\/p>\n<p>L'utilisateur qui introduit volontairement ses donn\u00e9es dans un formulaire quelconque du site FELINO autorise FELINO \u00e0 lui envoyer des informations susceptibles de l'int\u00e9resser par l'un des moyens disponibles \u00e0 cet effet (courrier, fax, t\u00e9l\u00e9phone, e-mail, etc.).<\/p>\n<p>FELINO garantit \u00e0 tous les utilisateurs l'acc\u00e8s \u00e0 tous les fichiers contenant leurs donn\u00e9es afin de pouvoir modifier ou supprimer les informations fournies pr\u00e9c\u00e9demment.<\/p>\n<p>FELINO a son si\u00e8ge \u00e0 Ermesinde (Portugal), ce qui signifie que tout type d'action judiciaire intent\u00e9e \u00e0 son encontre doit \u00eatre port\u00e9 devant un tribunal de ce district et conform\u00e9ment \u00e0 la loi portugaise, quel que soit le lieu d'acc\u00e8s de l'Utilisateur.<\/p>\n<p>Tous les droits relatifs \u00e0 la documentation contenue sur le site web de FELINO sont r\u00e9serv\u00e9s. L'utilisation, la reproduction, la copie, la rediffusion totale ou partielle de ces informations, quel que soit le but poursuivi et le(s) support(s) utilis\u00e9(s), sont express\u00e9ment interdites sans l'autorisation \u00e9crite pr\u00e9alable de FELINO.<\/p>\n<p>Les informations et outils contenus sur le site web de FELINO sont prot\u00e9g\u00e9s par le droit d'auteur ou font l'objet d'une licence d'utilisation. L'acc\u00e8s \u00e0 ces informations n'implique en aucun cas l'autorisation de les reproduire et\/ou de les distribuer sans l'accord \u00e9crit pr\u00e9alable de FELINO.<\/p>\n<p>Les donn\u00e9es, informations, textes, graphiques ou liens sont collect\u00e9s \u00e0 titre informatif uniquement et FELINO n'est pas responsable de leur exhaustivit\u00e9, de leur int\u00e9gralit\u00e9 ou de leur exactitude. FELINO d\u00e9cline toute responsabilit\u00e9 en cas d'erreurs ou de divergences entre la version \u00e9lectronique et la version \u00e9crite.<\/p>\n<p>FELINO n'est pas responsable des dommages, directs ou indirects, r\u00e9sultant de l'utilisation des informations contenues dans son site web.<br \/>Les informations disponibles sur le site FELINO sont totalement gratuites pour les utilisateurs et le simple fait d'y acc\u00e9der ne cr\u00e9e aucun type de relation commerciale ou professionnelle entre les utilisateurs et FELINO.<\/p>\n<p>Les liens et les hypertextes que le site FELINO contient et qui permettent \u00e0 l'utilisateur d'acc\u00e9der aux services d'autres organisations ne sont pas sous le contr\u00f4le de FELINO, qui n'est donc pas responsable des informations fournies ni des relations contractuelles qui pourraient na\u00eetre entre les parties. Ils n'impliquent pas non plus un quelconque parrainage de la part de FELINO.<\/p>\n<p>Les informations professionnelles disponibles sur le site web de FELINO sont publi\u00e9es dans le seul but de faire conna\u00eetre ses domaines d'intervention et ses m\u00e9thodologies, permettant ainsi aux utilisateurs de comprendre concr\u00e8tement son potentiel et les avantages qu'il peut apporter \u00e0 leur entreprise.<\/p>\n<p>Les informations fournies ne peuvent en aucun cas \u00eatre consid\u00e9r\u00e9es ou utilis\u00e9es comme un substitut \u00e0 un avis technique professionnel. Par cons\u00e9quent, avant de prendre une d\u00e9cision ou d'opter pour une action, vous devez contacter FELINO qui \u00e9tudiera en d\u00e9tail vos caract\u00e9ristiques particuli\u00e8res.<\/p>\n<p>FELINO se r\u00e9serve le droit de modifier, \u00e0 tout moment et sans pr\u00e9avis, les informations contenues dans son site web ou sa configuration et sa pr\u00e9sentation.<\/p>\n<p>FELINO n'assume, au-del\u00e0 de la bonne foi, aucun type d'engagement de mise \u00e0 jour des informations et des services contenus dans son site web.<br \/>En raison de la nature ouverte d'Internet, les utilisateurs peuvent envoyer tout type d'information \u00e0 FELINO quand ils le souhaitent. Vous ne devez en aucun cas envoyer des informations confidentielles, r\u00e9serv\u00e9es ou autres qui ne vous appartiennent pas. Les informations envoy\u00e9es librement \u00e0 FELINO peuvent \u00eatre utilis\u00e9es sans notification pr\u00e9alable de l'auteur et de toute mani\u00e8re jug\u00e9e appropri\u00e9e.<\/p>\n<p>Les marques et noms de produits utilis\u00e9s sur le site FELINO sont la propri\u00e9t\u00e9, les marques commerciales ou les marques d\u00e9pos\u00e9es de leurs soci\u00e9t\u00e9s respectives.<\/p>\n<h2>Politique d'utilisation<\/h2>\n<p>Le site Internet de FELINO a pour objectif de faciliter la connaissance de l'entreprise, de ses valeurs fondamentales et des services qu'elle propose.<\/p>\n<p>La collecte de donn\u00e9es personnelles est devenue un \u00e9l\u00e9ment courant des strat\u00e9gies des entreprises sur l'internet. C'est pourquoi de nombreux utilisateurs sont r\u00e9ticents lorsqu'on leur demande leurs donn\u00e9es personnelles ou professionnelles sans savoir \u00e0 quelles fins elles sont destin\u00e9es. Pour rem\u00e9dier \u00e0 cette situation, FELINO a \u00e9labor\u00e9 une \"Politique d'utilisation\" qui clarifie quatre points essentiels pour tous les utilisateurs de son site Web :<\/p>\n<p><strong>Comment les informations sont-elles collect\u00e9es ?<\/strong><br \/><strong>Quelles sont les informations collect\u00e9es ?<\/strong><br \/><strong>\u00c0 quoi servent ces informations ?<\/strong><br \/><strong>Quelles limites l'utilisateur peut-il fixer \u00e0 cette collecte de donn\u00e9es ?<\/strong><\/p>\n<p>FELINO demande peu d'informations aux utilisateurs de son site web. En tout \u00e9tat de cause, il s'agit exclusivement d'informations \u00e0 caract\u00e8re professionnel. Les informations collect\u00e9es sont basiques : nom, soci\u00e9t\u00e9, fonction, adresse \u00e9lectronique, sujet. Toutefois, le simple fait de visiter notre site n'implique pas l'enregistrement de donn\u00e9es. Cela ne se produit que lorsque l'utilisateur souhaite acc\u00e9der \u00e0 des zones sp\u00e9cifiques du site : s'abonner \u00e0 notre lettre d'information, envoyer des suggestions, etc.<\/p>\n<p><strong>En tant qu'utilisateur de notre site web, vous pouvez nous envoyer des informations personnelles dans les cas suivants :<\/strong><\/p>\n<p>a. S'abonner \u00e0 l'un de nos services d'information ;<br \/>b. Exprimer l'intention de s'abonner \u00e0 l'un des services disponibles ;<br \/>c. Communiquer avec notre entreprise et ses employ\u00e9s ;<br \/>d. Envoyer des suggestions.<\/p>\n<p>Toutes les informations collect\u00e9es seront enregistr\u00e9es dans une base de donn\u00e9es appartenant \u00e0 FELINO et destin\u00e9e \u00e0 son usage exclusif. L'Utilisateur peut \u00e0 tout moment acc\u00e9der \u00e0 ses donn\u00e9es, les rectifier ou les supprimer. En aucun cas, FELINO ne transf\u00e8re ou ne vend les informations collect\u00e9es \u00e0 d'autres organisations.<\/p>\n<p><strong>FELINO garantit que la collecte d'informations se fera toujours avec le consentement pr\u00e9alable et libre de l'utilisateur. FELINO ne peut toutefois pas \u00eatre tenue responsable de l'acc\u00e8s ill\u00e9gitime \u00e0 ces informations.<\/strong><\/p>\n<p>[\/et_pb_text][\/et_pb_column][\/et_pb_row][\/et_pb_section]<\/p>","protected":false},"excerpt":{"rendered":"<p>Pour en savoir plus sur la politique de confidentialit\u00e9 de FELINO S.A.<\/p>","protected":false},"author":5,"featured_media":36744,"parent":0,"menu_order":0,"comment_status":"closed","ping_status":"open","template":"","meta":{"_et_pb_use_builder":"on","_et_pb_old_content":"<p><strong>O uso e acesso \u00e0 pagina da FELINO encontra-se submetido \u00e0 legisla\u00e7\u00e3o em vigor e ao conjunto de normas que se seguem.<\/strong><br \/><strong>A sua utiliza\u00e7\u00e3o sup\u00f5e, portanto, a aceita\u00e7\u00e3o destes termos e condi\u00e7\u00f5es.<\/strong><\/p><p>O Utilizador que introduza os seus dados em qualquer formul\u00e1rio da P\u00e1gina da FELINO, autoriza-a, livre e voluntariamente, a incorporar essas informa\u00e7\u00f5es na sua base de dados e \u00e0 sua utiliza\u00e7\u00e3o de acordo com os princ\u00edpios da respectiva Pol\u00edtica de Utiliza\u00e7\u00e3o.<\/p><p>A FELINO compromete-se a nunca ceder as informa\u00e7\u00f5es recolhidas a terceiros. Exceptua-se qualquer uso abusivo de terceiros que a elas tenham acesso de forma ileg\u00edtima.<\/p><p>O Utilizador que voluntariamente introduza os seus dados em qualquer formul\u00e1rio da p\u00e1gina da FELINO, autoriza-a a enviar-lhe informa\u00e7\u00e3o considerada de seu interesse por qualquer das vias dispon\u00edveis para esse efeito (correio, fax, telefone, e-mail, etc.).<\/p><p>A FELINO garante a todos os Utilizadores o acesso a todos os ficheiros em que os seus dados se encontrem para que as informa\u00e7\u00f5es prestadas anteriormente sejam modificadas ou eliminadas.<\/p><p>A FELINO tem a sua sede social em Ermesinde (Portugal), o que sup\u00f5e que qualquer tipo de ac\u00e7\u00e3o legal que lhe seja movida ter\u00e1 de ser feita num Tribunal desta Comarca e de acordo com a legisla\u00e7\u00e3o portuguesa, independentemente do local de acesso do Utilizador.<\/p><p>Est\u00e3o reservados todos os direitos sobre a documenta\u00e7\u00e3o contida na p\u00e1gina da FELINO. S\u00e3o expressamente proibidas a utiliza\u00e7\u00e3o, reprodu\u00e7\u00e3o, c\u00f3pia, re-distribui\u00e7\u00e3o total ou parcial desta informa\u00e7\u00e3o, qualquer que seja a finalidade e o(s) meio(s) utilizado(s), sem autoriza\u00e7\u00e3o escrita pr\u00e9via da FELINO.<\/p><p>O Copyright das informa\u00e7\u00f5es e ferramentas contidas na p\u00e1gina da FELINO \u00e9 sua propriedade ou beneficia de licen\u00e7a de utiliza\u00e7\u00e3o. O acesso \u00e0s mesmas n\u00e3o implica, em caso algum, a autoriza\u00e7\u00e3o para a sua reprodu\u00e7\u00e3o e\/ou distribui\u00e7\u00e3o sem o consentimento escrito e pr\u00e9vio da FELINO.<\/p><p>Os dados, informa\u00e7\u00f5es, textos, gr\u00e1ficos ou v\u00ednculos (links) s\u00e3o recolhidos com efeitos meramente informativos, n\u00e3o sendo a FELINO respons\u00e1vel pela sua integridade, exaust\u00e3o ou exactid\u00e3o. A FELINO n\u00e3o assume nenhum tipo de responsabilidade por eventuais erros bem como por eventuais discrep\u00e2ncias ou desfasamentos que possam existir entre a sua vers\u00e3o electr\u00f3nica e a respectiva vers\u00e3o escrita.<\/p><p>A FELINO n\u00e3o ser\u00e1 respons\u00e1vel por qualquer preju\u00edzo, directo ou indirecto, derivado do uso da informa\u00e7\u00e3o contida na sua p\u00e1gina na Internet.<br \/>A informa\u00e7\u00e3o dispon\u00edvel na p\u00e1gina da FELINO \u00e9 totalmente gratuita para os seus Utilizadores e o simples acesso \u00e0 mesma n\u00e3o cria nenhum tipo de rela\u00e7\u00e3o comercial ou profissional entre os Utilizadores e a FELINO.<\/p><p>As liga\u00e7\u00f5es (links) e o hipertexto que a p\u00e1gina da FELINO mant\u00e9m e que permitem ao Utilizador aceder a servi\u00e7os de outras entidades n\u00e3o est\u00e3o sob o controle da FELINO, pelo que n\u00e3o se responsabiliza pelas informa\u00e7\u00f5es que lhes forem prestadas bem como por qualquer rela\u00e7\u00e3o contratual que possa surgir entre as partes. Tamb\u00e9m n\u00e3o significam qualquer patroc\u00ednio da FELINO.<\/p><p>A informa\u00e7\u00e3o profissional dispon\u00edvel na p\u00e1gina da FELINO edita-se com o \u00fanico objectivo de dar a conhecer as suas \u00e1reas de interven\u00e7\u00e3o e metodologias, possibilitando ao Utilizador um conhecimento concreto das suas potencialidades e dos benef\u00edcios que podem resultar para a sua empresa.<\/p><p>Em caso algum as informa\u00e7\u00f5es prestadas podem ser consideradas ou utilizadas como substitutos de consultoria t\u00e9cnica de \u00edndole profissional. Assim, antes de tomar qualquer decis\u00e3o ou optar por uma qualquer ac\u00e7\u00e3o, dever\u00e1 contactar a FELINO que estudar\u00e1, de modo particular, as suas caracter\u00edsticas especiais.<\/p><p>A FELINO reserva-se o direito de alterar, em qualquer momento e sem aviso pr\u00e9vio, as informa\u00e7\u00f5es contidas na sua p\u00e1gina ou a sua configura\u00e7\u00e3o e apresenta\u00e7\u00e3o.<\/p><p>A FELINO n\u00e3o assume, para al\u00e9m da boa f\u00e9, qualquer tipo de compromisso na actualiza\u00e7\u00e3o da informa\u00e7\u00e3o e dos servi\u00e7os contidos na sua p\u00e1gina.<br \/>Devido \u00e0 natureza aberta da Internet, o Utilizador poder\u00e1 enviar qualquer tipo de informa\u00e7\u00e3o \u00e0 FELINO sempre que o deseje. Em caso algum dever\u00e1 enviar informa\u00e7\u00f5es confidenciais, reservadas ou outras que n\u00e3o sejam sua propriedade. As informa\u00e7\u00f5es livremente enviadas \u00e0 FELINO poder\u00e3o ser utilizadas sem pr\u00e9via notifica\u00e7\u00e3o do autor e da forma que se julgue oportuna.<\/p><p>As marcas e nomes de produtos eventualmente utilizados na p\u00e1gina da FELINO s\u00e3o propriedade, marcas comerciais ou marcas comerciais registadas das respectivas companhias.<\/p><h2>Pol\u00edtica de Utiliza\u00e7\u00e3o<\/h2><p>A p\u00e1gina da FELINO na Internet tem por objectivo facilitar o conhecimento da Empresa, dos seus valores fundamentais e dos servi\u00e7os prestados.<\/p><p>A recolha de dados pessoais converteu-se num elemento comum nas estrat\u00e9gias das empresas presentes na Internet. Por isso, muitos Utilizadores est\u00e3o relutantes quando lhe s\u00e3o solicitados os seus dados pessoais ou profissionais sem saberem quais os fins a que se destinam. Contrariando esta situa\u00e7\u00e3o, a FELINO elaborou uma \"Pol\u00edtica de Utiliza\u00e7\u00e3o\" em que se esclarecem todos os Utilizadores da sua p\u00e1gina acerca de quatro quest\u00f5es essenciais:<\/p><p><strong>Como \u00e9 a informa\u00e7\u00e3o recolhida?<\/strong><br \/><strong>Qual a informa\u00e7\u00e3o que \u00e9 recolhida?<\/strong><br \/><strong>Para que serve essa informa\u00e7\u00e3o?<\/strong><br \/><strong>Quais os limites que o Utilizador pode estabelecer face a essa recolha de dados?<\/strong><\/p><p>A FELINO solicita pouca informa\u00e7\u00e3o aos Utilizadores da sua p\u00e1gina. E, em qualquer caso, destina-se, exclusivamente, a fins profissionais. A informa\u00e7\u00e3o recolhida \u00e9 b\u00e1sica: nome, empresa, fun\u00e7\u00e3o, e-mail, assunto. Contudo, a simples visita \u00e0 nossa p\u00e1gina n\u00e3o implica o registo de qualquer dado. Isso s\u00f3 acontece quando o Utilizador pretende ter acesso a \u00e1reas espec\u00edficas da p\u00e1gina: subscri\u00e7\u00e3o do nosso boletim, envio de sugest\u00f5es, etc.<\/p><p><strong>Como Utilizador da nossa p\u00e1gina pode enviar-nos informa\u00e7\u00e3o pessoal quando:<\/strong><\/p><p>a. Subscrever qualquer um dos nossos servi\u00e7os informativos;<br \/>b. Manifestar inten\u00e7\u00e3o de subscrever qualquer um dos servi\u00e7os dispon\u00edveis;<br \/>c. Comunicar com a nossa empresa e respectivos colaboradores;<br \/>d. Enviar sugest\u00f5es.<\/p><p>Todas as informa\u00e7\u00f5es recolhidas ser\u00e3o registadas numa base de dados que \u00e9 propriedade da FELINO e se destina ao seu uso exclusivo. O Utilizador pode, em qualquer momento, aceder aos seus dados, rectific\u00e1-los ou elimin\u00e1-los. Em caso algum a FELINO ceder\u00e1 ou vender\u00e1 a outras entidades as informa\u00e7\u00f5es recolhidas.<\/p><p><strong>A FELINO garante que a recolha de informa\u00e7\u00f5es ser\u00e1 sempre feita com o pr\u00e9vio e livre consentimento do Utilizador. A FELINO n\u00e3o pode, contudo, ser responsabilizada pelo acesso ileg\u00edtimo a estas informa\u00e7\u00f5es.<\/strong><\/p>","_et_gb_content_width":"","footnotes":""},"class_list":["post-3","page","type-page","status-publish","has-post-thumbnail","hentry"],"_links":{"self":[{"href":"https:\/\/felino.pt\/fr\/wp-json\/wp\/v2\/pages\/3","targetHints":{"allow":["GET"]}}],"collection":[{"href":"https:\/\/felino.pt\/fr\/wp-json\/wp\/v2\/pages"}],"about":[{"href":"https:\/\/felino.pt\/fr\/wp-json\/wp\/v2\/types\/page"}],"author":[{"embeddable":true,"href":"https:\/\/felino.pt\/fr\/wp-json\/wp\/v2\/users\/5"}],"replies":[{"embeddable":true,"href":"https:\/\/felino.pt\/fr\/wp-json\/wp\/v2\/comments?post=3"}],"version-history":[{"count":2,"href":"https:\/\/felino.pt\/fr\/wp-json\/wp\/v2\/pages\/3\/revisions"}],"predecessor-version":[{"id":36761,"href":"https:\/\/felino.pt\/fr\/wp-json\/wp\/v2\/pages\/3\/revisions\/36761"}],"wp:featuredmedia":[{"embeddable":true,"href":"https:\/\/felino.pt\/fr\/wp-json\/wp\/v2\/media\/36744"}],"wp:attachment":[{"href":"https:\/\/felino.pt\/fr\/wp-json\/wp\/v2\/media?parent=3"}],"curies":[{"name":"wp","href":"https:\/\/api.w.org\/{rel}","templated":true}]}}