{"id":31979,"date":"2023-06-26T15:44:13","date_gmt":"2023-06-26T14:44:13","guid":{"rendered":"https:\/\/felino.4mcomunicacao.com.br\/site\/?page_id=31979"},"modified":"2024-10-30T13:01:48","modified_gmt":"2024-10-30T13:01:48","slug":"machines-pour-la-boulangerie-et-la-patisserie","status":"publish","type":"page","link":"https:\/\/felino.pt\/fr\/machines-pour-la-boulangerie-et-la-patisserie\/","title":{"rendered":"Machines pour la boulangerie et la p\u00e2tisserie"},"content":{"rendered":"<p>[et_pb_section fb_built=\"1\u2033 fullwidth=\"on\" _builder_version=\"4.23.1\u2033 _module_preset=\"default\" global_colors_info=\"{}\"][et_pb_fullwidth_image src=\"https:\/\/felino.pt\/wp-content\/uploads\/2023\/12\/Maquinas-de-Padaria-e-Pastelaria-FELINO-banner.png\" alt=\"Machines \u00e0 pain et \u00e0 p\u00e2tisserie FELINO\" title_text=\"Machines \u00e0 pain et \u00e0 p\u00e2tisserie-FELINO-banner\" _builder_version=\"4.23.1\u2033 _module_preset=\"default\" global_colors_info=\"{}\"][\/et_pb_fullwidth_image][\/et_pb_section][et_pb_section fb_built=\"1\u2033 _builder_version=\"4.22.2\u2033 _module_preset=\"default\" background_color=\"#FFFF\" locked=\"off\" global_colors_info=\"{}\"][et_pb_row _builder_version=\"4.22.2\u2033 _module_preset=\"default\" global_colors_info=\"{}\"][et_pb_column type=\"4_4\u2033 _builder_version=\"4.21.0\u2033 _module_preset=\"default\" global_colors_info=\"{}\"][et_pb_text _builder_version=\"4.24.0\u2033 _module_preset=\"default\" header_font=\"|600|||||||\" header_font_size=\"26px\" header_line_height=\"1.4em\" header_2_font=\"Poppins|600|||||||\" header_2_font_size=\"21px\" header_3_font=\"spartan semibold||||||||\" header_3_font_size=\"18px\" header_3_line_height=\"1.4em\" global_colors_info=\"{}\"]<\/p>\n<h1 class=\"h1\" style=\"text-align: center;\"><strong>Machines pour la boulangerie et la p\u00e2tisserie<\/strong><\/h1>\n<h3 class=\"h1\" style=\"text-align: center;\">D\u00e9couvrez une gamme compl\u00e8te d'\u00e9quipements adapt\u00e9s \u00e0 vos besoins<\/h3>\n<p>[\/et_pb_text][\/et_pb_column][\/et_pb_row][et_pb_row column_structure=\u201d1_3,1_3,1_3\u2033 _builder_version=\u201d4.24.0\u2033 _module_preset=\"default\" transform_translate_linked=\"off\" width=\"100%\" global_colors_info=\"{}\"][et_pb_column type=\"1_3\u2033 _builder_version=\"4.21.0\u2033 _module_preset=\"default\" global_colors_info=\"{}\"][dsm_card title=\"M\u00e9langeur \u00e0 spirale\" subtitle=\"M\u00e9langeur \u00e0 spirale disponible avec bol fixe ou mobile.\" image=\"https:\/\/felino.pt\/wp-content\/uploads\/2023\/12\/Amassadeira-Espiral-FELINO-Tina-Fixa-SL_1.png\" image_background_height=\"300px\" image_background_position=\"bottom\" image_background_animation=\"zoom_in\" image_width=\"100%\" badge_url=\"@ET-DC@eyJkeW5hbWljIjp0cnVlCJb250ZW50IjoicG9zdF9saW5rX3VybF9wYWdlIwic2V0dGluZ3MiOnsicG9zdF9pZCI6IjMyMjEzIn19@\" alt=\"P\u00e9trin \u00e0 fourche, FELINO, machines de boulangerie, machines de p\u00e2tisserie, p\u00e9trin \u00e0 fourche avec cuve mobile\" content_padding=\"|10px||10px|false|true\" button_url_new_window=\"1\u2033 admin_label=\"Supreme Card\" _builder_version=\"4.24.0\u2033 _dynamic_attributes=\"link_option_url,badge_url\" _module_preset=\"default\" header_level=\"h2\u2033 header_font=\"spartan semibold|600|||||||\" header_text_align=\"left\" header_text_color=\"#3A3A\" header_font_size=\"20px\" subhead_font=\"||||||||\" subhead_text_align=\"left\" subhead_font_size=\"13px\" background_color=\"#f6f6\u2033 z_index=\"234\u2033 module_alignment=\"centre\" custom_margin=\"||||true|true\" custom_padding=\"10px|10px|10px|true|false\" animation_style=\"fade\" link_option_url=\"@ET-DC@eyJkeW5hbWljIjp0cnVlCJb250ZW50IjoicG9zdF9saW5rX3VybF9wYWdlIwic2V0dGluZ3MiOnsicG9zdF9pZCI6IjMyMjEzIn19@\" header_text_align_tablet=\"centre\" header_text_align_phone=\"centre\" header_text_align_last_edited=\"on|tablet\" subhead_text_align_tablet=\"centre\" subhead_text_align_phone=\"centre\" subhead_text_align_last_edited=\"on|phone\" border_radii=\"on|5px|5px|5px|5px\" border_color_all=\"#3A3A3A\" border_radii_image=\"on|5px|5px|5px\" global_colors_info=\"{}\"][\/dsm_card][\/et_pb_column][et_pb_column type=\"1_3\u2033 _builder_version=\"4.21.0\u2033 _module_preset=\"default\" global_colors_info=\"{}\"][dsm_card title=\"P\u00e9trin \u00e0 fourche\" subtitle=\"P\u00e9trins \u00e0 fourche disponibles avec cuve fixe ou mobile.\" image=\"https:\/\/felino.pt\/wp-content\/uploads\/2023\/12\/Amassadeira-Garfo-FELINO-Tina-Fixa.png\" image_background_height=\"300px\" image_background_position=\"bottom\" image_background_animation=\"zoom_in\" image_width=\"100%\" badge_url=\"@ET-DC@eyJkeW5hbWljIjp0cnVlCJb250ZW50IjoicG9zdF9saW5rX3VybF9wYWdlIwic2V0dGluZ3MiOnsicG9zdF9pZCI6IjMyMjEzIn19@\" alt=\"P\u00e9trin \u00e0 fourchettes FELINO Tina Fixa\" content_padding=\"|10px||10px|false|true\" button_url_new_window=\"1\u2033 admin_label=\"Supreme Card\" _builder_version=\"4.24.0\u2033 _dynamic_attributes=\"link_option_url,badge_url\" _module_preset=\"default\" header_level=\"h2\u2033 header_font=\"spartan semibold|600|||||||\" header_text_align=\"left\" header_text_color=\"#3A3A\" header_font_size=\"20px\" subhead_font=\"||||||||\" subhead_text_align=\"left\" subhead_font_size=\"13px\" background_color=\"#f6f6\u2033 z_index=\"234\u2033 module_alignment=\"centre\" custom_margin=\"||||true|true\" custom_padding=\"10px|10px|10px|true|false\" animation_style=\"fade\" link_option_url=\"@ET-DC@eyJkeW5hbWljIjp0cnVlCJb250ZW50IjoicG9zdF9saW5rX3VybF9wYWdlIwic2V0dGluZ3MiOnsicG9zdF9pZCI6IjM1NjcyIn19@\" header_text_align_tablet=\"centre\" header_text_align_phone=\"centre\" header_text_align_last_edited=\"on|phone\" subhead_text_align_tablet=\"centre\" subhead_text_align_phone=\"centre\" subhead_text_align_last_edited=\"on|phone\" border_radii=\"on|5px|5px|5px|5px\" border_color_all=\"#3A3A3A\" border_radii_image=\"on|5px|5px|5px\" global_colors_info=\"{}\"][\/dsm_card][\/et_pb_column][et_pb_column type=\"1_3\u2033 _builder_version=\"4.21.0\u2033 _module_preset=\"default\" global_colors_info=\"{}\"][dsm_card title=\"M\u00e9langeurs\" subtitle=\"M\u00e9langeurs plan\u00e9taires disponibles en mod\u00e8les de base ou ergonomiques.\" image=\"https:\/\/felino.pt\/wp-content\/uploads\/2024\/04\/Batedeira-PM40.png\" image_background_height=\"300px\" image_background_position=\"bottom\" image_background_animation=\"zoom_in\" image_width=\"100%\" badge_url=\"@ET-DC@eyJkeW5hbWljIjp0cnVlCJb250ZW50IjoicG9zdF9saW5rX3VybF9wYWdlIwic2V0dGluZ3MiOnsicG9zdF9pZCI6IjMxgOTxIn19@\" alt=\"Mixeur PM40, M\u00e9langeur, F\u00e9lin\" content_padding=\"|10px||10px|false|true\" button_url_new_window=\"1\u2033 _builder_version=\"4.25.0\u2033 _dynamic_attributes=\"link_option_url,badge_url\" _module_preset=\"default\" header_level=\"h2\u2033 header_font=\"spartan semibold|600|||||||\" header_text_align=\"left\" header_text_color=\"#3A3A\" header_font_size=\"20px\" subhead_font=\"||||||||\" subhead_text_align=\"left\" subhead_font_size=\"13px\" background_color=\"#f6f6\u2033 z_index=\"234\u2033 module_alignment=\"centre\" custom_margin=\"||||true|true\" custom_padding=\"10px|10px|10px|true|false\" animation_style=\"fade\" link_option_url=\"@ET-DC@eyJkeW5hbWljIjp0cnVlCJb250ZW50IjoicG9zdF9saW5rX3VybF9wYWdlIwic2V0dGluZ3MiOnsicG9zdF9pZCI6IjMxgOTxIn19@\" header_text_align_tablet=\"centre\" header_text_align_phone=\"centre\" header_text_align_last_edited=\"on|tablet\" subhead_text_align_tablet=\"centre\" subhead_text_align_phone=\"centre\" subhead_text_align_last_edited=\"on|phone\" border_radii=\"on|5px|5px|5px\" border_color_all=\"#3A3A3A\" border_radii_image=\"on|5px|5px|5px\" global_colors_info=\"{}\"][\/dsm_card][\/et_pb_column][\/et_pb_row][\/et_pb_section][et_pb_section fb_built=\"1\u2033 admin_label=\"RMi\" _builder_version=\"4.24.0\u2033 _module_preset=\"default\" background_color=\"#cece\" custom_margin_tablet=\"\" custom_margin_phone=\"||||false|false\" custom_margin_last_edited=\"on|phone\" custom_padding=\"20px||||false|false\" locked=\"off\" global_colors_info=\"{}\"][et_pb_row column_structure=\"2_5,3_5\u2033 _builder_version=\"4.23.1\u2033 _module_preset=\"default\" global_colors_info=\"{}\"][et_pb_column type=\"2_5\u2033 _builder_version=\"4.23.1\u2033 _module_preset=\"default\" global_colors_info=\"{}\"][et_pb_text _builder_version=\"4.24.2\u2033 _module_preset=\"default\" text_line_height=\"1.8em\" header_line_height=\"1.2em\" header_2_text_align=\"right\" header_2_line_height=\"1.3em\" text_orientation=\"right\" header_2_text_align_tablet=\"centre\" header_2_text_align_phone=\"centre\" header_2_text_align_last_edited=\"on|phone\" text_orientation_tablet=\"centre\" text_orientation_phone=\"centre\" text_orientation_last_edited=\"on|phone\" global_colors_info=\"{}\"]<\/p>\n<h2>D\u00e9couvrez le seul p\u00e9trin \u00e0 spiral\u00e9 creux en acier inoxydable au monde<\/h2>\n<p>Le p\u00e9trin spiral\u00e9 \u00e0 cuve fixe FELINO RFi avec ch\u00e2ssis creux int\u00e9gr\u00e9 en acier inoxydable est une machine robuste et silencieuse au design ergonomique et arrondi.<\/p>\n<p>Ce mod\u00e8le est pr\u00eat \u00e0 fonctionner dans n'importe quel environnement et garantit les meilleures performances sans probl\u00e8mes d'oxydation.<\/p>\n<p>[\/et_pb_text][dsm_button button_one_text=\"Obtenir des informations\" button_one_url=\"@ET-DC@eyJkeW5hbWljIjp0cnVlCJb250ZW50IjoicG9zdF9saW5rX3VybF9wYWdlIwic2V0dGluZ3MiOnsicG9zdF9pZCI6IjMyjY1In19@\" button_alignment=\"right\" button_alignment_tablet=\"centre\" button_alignment_phone=\"centre\" button_alignment_last_edited=\"on|phone\" _builder_version=\"4.24.0\u2033 _dynamic_attributes=\"button_one_url\" _module_preset=\"default\" transform_scale=\"70%|70%\" transform_translate_linked=\"off\" custom_margin=\"|-70px||0px|false|false\" custom_margin_tablet=\"|0px||false|false\" custom_margin_phone=\"||0px||false|false\" custom_margin_last_edited=\"on|desktop\" custom_padding=\"||0px|false|false\" global_colors_info=\"{}\"][\/dsm_button][\/et_pb_column][et_pb_column type=\"3_5\u2033 _builder_version=\"4.23.1\u2033 _module_preset=\"default\" custom_padding=\"30px||||false|false\" global_colors_info=\"{}\"][et_pb_image src=\"https:\/\/felino.pt\/wp-content\/uploads\/2023\/11\/Amassadeira-FELINO-RMi-e1699877970240.png\" alt=\"M\u00e9langeur FELINO RMi, FELINO, machines de boulangerie, machines en acier inoxydable\" title_text=\"M\u00e9langeur FELINO RMi\" _builder_version=\"4.23.1\u2033 _module_preset=\"default\" global_colors_info=\"{}\"][\/et_pb_image][\/et_pb_column][\/et_pb_row][\/et_pb_section][et_pb_section fb_built=\"1\u2033 admin_label=\"Plastifieuse, \u00e9l\u00e9vateur et r\u00e2peuse\" _builder_version=\"4.23.1\u2033 _module_preset=\"default\" global_colors_info=\"{}\"][et_pb_row column_structure=\"1_4,1_4,1_4,1_4\u2033 use_custom_gutter=\"on\" gutter_width=\"2\u2033 _builder_version=\"4.24.0\u2033 _module_preset=\"default\" width=\"100%\" max_width=\"1400px\" custom_margin_tablet=\"\" custom_margin_phone=\"\" custom_margin_last_edited=\"on|phone\" custom_padding=\"|30px|30px|false|true\" global_colors_info=\"{}\"][et_pb_column type=\"1_4\u2033 _builder_version=\"4.23.1\u2033 _module_preset=\"default\" global_colors_info=\"{}\"][et_pb_image src=\"https:\/\/felino.pt\/wp-content\/uploads\/2023\/11\/laminador-01.jpg\" alt=\"FELINO dough sheeter\" title_text=\"sheeter-01\u2033 force_fullwidth=\"on\" _builder_version=\"4.23.1\u2033 _module_preset=\"default\" global_colors_info=\"{}\"][\/et_pb_image][et_pb_text _builder_version=\"4.23.1\u2033 _module_preset=\"default\" text_font_size=\"13px\" header_line_height=\"1.5em\" header_2_font=\"||on|||||\" header_2_text_align=\"centre\" header_2_font_size=\"18px\" header_2_line_height=\"1.4em\" text_orientation=\"centre\" global_colors_info=\"{}\"]<\/p>\n<h2>Laminoir<\/h2>\n<p><strong>Consistance et polyvalence pour votre boulangerie ou votre p\u00e2tisserie.<\/strong> Le laminoir \u00e0 p\u00e2te FELINO est un outil indispensable pour produire des p\u00e2tes de haute qualit\u00e9 dans votre boulangerie ou p\u00e2tisserie.<\/p>\n<p>[\/et_pb_text][et_pb_button button_url=\"@ET-DC@eyJkeW5hbWljIjp0cnVlCJb250ZW50IjoicG9zdF9saW5rX3VybF9wb3N0Iwic2V0dGluZ3MiOnsicG9zdF9pZCI6IjMyODk1In19@\" button_text=\"En savoir plus\" button_alignment=\"centre\" _builder_version=\"4.23.1\u2033 _dynamic_attributes=\"button_url\" _module_preset=\"default\" custom_button=\"on\" button_text_size=\"12px\" button_text_color=\"#FFFF\" button_bg_color=\"#EF8D23\u2033 button_font=\"spartan medium||||||||\" custom_padding=\"10px|25px|10px|25px|true|true\" box_shadow_style=\"preset3\u2033. global_colors_info=\"{}\" button_bg_color__hover_enabled=\"on|hover\" button_bg_color__hover=\"#7A1315\u2033 button_bg_enable_color__hover=\"on\" button_text_color__hover_enabled=\"on|desktop\" button_text_color__hover=\"#FFFF\"][\/et_pb_button][\/et_pb_column][et_pb_column type=\"1_4\u2033 _builder_version=\"4.23.1\u2033 _module_preset=\"default\" global_colours_info=\"{}\"][et_pb_image src=\"https:\/\/felino.pt\/wp-content\/uploads\/2023\/11\/divisora-02.jpg\" alt=\"Diviseur \u00e0 enroulement automatique, Diviseur \u00e0 enroulement automatique FELINO\" title_text=\"divisora-02\u2033 force_fullwidth=\"on\" _builder_version=\"4.23.1\u2033 _module_preset=\"default\" global_colors_info=\"{}\"][\/et_pb_image][et_pb_text _builder_version=\"4.23.1\u2033 _dynamic_attributes=\"link_option_url\" _module_preset=\"default\" text_font_size=\"13px\" header_line_height=\"1.5em\" header_2_font=\"||on|||||\" header_2_text_align=\"centre\" header_2_font_size=\"18px\" header_2_line_height=\"1.4em\" text_orientation=\"centre\" link_option_url=\"@ET-DC@eyJkeW5hbWljIjp0cnVlCJb250ZW50IjoicG9zdF9saW5rX3VybF9wYWdlIwic2V0dGluZ3MiOnsicG9zdF9pZCI6IjMyjMxIn19@\" global_colors_info=\"{}\"]<\/p>\n<h2>Diviseuse Bouleuse<\/h2>\n<p><strong>Synonymes de pr\u00e9cision, ils garantissent une division et un moulage exacts de chaque p\u00e2ton.<\/strong><span> Les diviseurs de bobines sont fabriqu\u00e9s en fonte pour garantir leur robustesse et leur long\u00e9vit\u00e9.<\/span><\/p>\n<p>[\/et_pb_text][et_pb_button button_url=&#8221;@ET-DC@eyJkeW5hbWljIjp0cnVlLCJjb250ZW50IjoicG9zdF9saW5rX3VybF9wYWdlIiwic2V0dGluZ3MiOnsicG9zdF9pZCI6IjMyMjMxIn19@&#8221; button_text=&#8221;Saiba mais&#8221; button_alignment=&#8221;center&#8221; _builder_version=&#8221;4.25.0&#8243; _dynamic_attributes=&#8221;button_url&#8221; _module_preset=&#8221;default&#8221; custom_button=&#8221;on&#8221; button_text_size=&#8221;12px&#8221; button_text_color=&#8221;#FFFFFF&#8221; button_bg_color=&#8221;#EF8D23&#8243; button_font=&#8221;spartan medium||||||||&#8221; custom_padding=&#8221;10px|25px|10px|25px|true|true&#8221; box_shadow_style=&#8221;preset3&#8243; global_colors_info=&#8221;{}&#8221; button_bg_color__hover_enabled=&#8221;on|hover&#8221; button_bg_color__hover=&#8221;#7A1315&#8243; button_bg_enable_color__hover=&#8221;on&#8221; button_text_color__hover_enabled=&#8221;on|desktop&#8221; button_text_color__hover=&#8221;#FFFFFF&#8221;][\/et_pb_button][\/et_pb_column][et_pb_column type=&#8221;1_4&#8243; _builder_version=&#8221;4.23.1&#8243; _module_preset=&#8221;default&#8221; global_colors_info=&#8221;{}&#8221;][et_pb_image src=&#8221;https:\/\/felino.pt\/wp-content\/uploads\/2023\/11\/elevador_01.jpg&#8221; alt=&#8221;Elevador de Tina FELINO&#8221; title_text=&#8221;elevador_01&#8243; force_fullwidth=&#8221;on&#8221; _builder_version=&#8221;4.23.1&#8243; _module_preset=&#8221;default&#8221; global_colors_info=&#8221;{}&#8221;][\/et_pb_image][et_pb_text _builder_version=&#8221;4.23.1&#8243; _module_preset=&#8221;default&#8221; text_font_size=&#8221;13px&#8221; header_line_height=&#8221;1.5em&#8221; header_2_font=&#8221;|||on|||||&#8221; header_2_text_align=&#8221;center&#8221; header_2_font_size=&#8221;18px&#8221; header_2_line_height=&#8221;1.4em&#8221; text_orientation=&#8221;center&#8221; global_colors_info=&#8221;{}&#8221;]<\/p>\n<h2>Elevateur de cuves<\/h2>\n<p><strong>S\u00e9curit\u00e9 et pr\u00e9cision.<\/strong> L'\u00e9l\u00e9vateur de cuve FELINO est la solution compl\u00e8te pour l'\u00e9l\u00e9vation de la cuve. Il est le compl\u00e9ment id\u00e9al de la gamme FELINO de m\u00e9langeurs \u00e0 spirale et \u00e0 fourche avec cuve mobile.<\/p>\n<p>[\/et_pb_text][et_pb_button button_url=\"@ET-DC@eyJkeW5hbWljIjp0cnVlCJb250ZW50IjoicG9zdF9saW5rX3VybF9wb3N0Iwic2V0dGluZ3MiOnsicG9zdF9pZCI6IjMyODQwIn19@\" button_text=\"En savoir plus\" button_alignment=\"centre\" _builder_version=\"4.23.1\u2033 _dynamic_attributes=\"button_url\" _module_preset=\"default\" custom_button=\"on\" button_text_size=\"12px\" button_text_color=\"#FFFF\" button_bg_color=\"#EF8D23\u2033 button_font=\"spartan medium||||||||\" custom_padding=\"10px|25px|10px|25px|true|true\" box_shadow_style=\"preset3\u2033. global_colors_info=\"{}\" button_bg_color__hover_enabled=\"on|hover\" button_bg_color__hover=\"#7A1315\u2033 button_bg_enable_color__hover=\"on\" button_text_color__hover_enabled=\"on|desktop\" button_text_color__hover=\"#FFFF\"][\/et_pb_button][\/et_pb_column][et_pb_column type=\"1_4\u2033 _builder_version=\"4.23.1\u2033 _module_preset=\"default\" global_colours_info=\"{}\"][et_pb_image src=\"https:\/\/felino.pt\/wp-content\/uploads\/2023\/11\/ralador-01.jpg\" alt=\"Tina FELINO lift\" title_text=\"grater-01\u2033 force_fullwidth=\"on\" _builder_version=\"4.23.1\u2033 _module_preset=\"default\" global_colors_info=\"{}\"][\/et_pb_image][et_pb_text _builder_version=\"4.23.1\u2033 _module_preset=\"default\" text_font_size=\"13px\" header_line_height=\"1.5em\" header_2_font=\"||on|||||\" header_2_text_align=\"centre\" header_2_font_size=\"18px\" header_2_line_height=\"1.4em\" text_orientation=\"centre\" global_colors_info=\"{}\"]<\/p>\n<h2>Broyeur \u00e0 Pain<\/h2>\n<p><strong>Efficacit\u00e9 et durabilit\u00e9.<\/strong> Voici la r\u00e2pe \u00e0 pain FELINO, une solution pratique et robuste pour maximiser l'utilisation de votre pain et augmenter l'efficacit\u00e9 de votre boulangerie. La rapidit\u00e9 et la finesse du produit final sont garanties.<\/p>\n<p>[\/et_pb_text][et_pb_button button_url=\"@ET-DC@eyJkeW5hbWljIjp0cnVlCJb250ZW50IjoicG9zdF9saW5rX3VybF9wb3N0Iwic2V0dGluZ3MiOnsicG9zdF9pZCI6IjMyODEyIn19@\" button_text=\"En savoir plus\" button_alignment=\"centre\" _builder_version=\"4.23.1\u2033 _dynamic_attributes=\"button_url\" _module_preset=\"default\" custom_button=\"on\" button_text_size=\"12px\" button_text_color=\"#FFFF\" button_bg_color=\"#EF8D23\u2033 button_font=\"spartan medium||||||||\" custom_padding=\"10px|25px|10px|25px|true|true\" box_shadow_style=\"preset3\u2033 global_colors_info=\"{}\" button_bg_color__hover_enabled=\"on|hover\" button_bg_color__hover=\"#7A1315\u2033 button_bg_enable_color__hover=\"on\" button_text_color__hover_enabled=\"on|desktop\" button_text_color__hover=\"#FFFF\"][\/et_pb_button][\/et_pb_column][\/et_pb_row][\/et_pb_section][et_pb_section fb_built=\"1\u2033 admin_label=\"Couleurs\" _builder_version=\"4.23.1\u2033 _module_preset=\"default\" background_image=\"https:\/\/felino.pt\/wp-content\/uploads\/2023\/11\/amassadeiras_topo.jpg\" height=\"700px\" locked=\"off\" global_colors_info=\"{}\"][et_pb_row _builder_version=\"4.24.0\u2033 _module_preset=\"default\" min_height=\"500px\" custom_padding=\"10px||||false|false\" global_colors_info=\"{}\"][et_pb_column type=\"4_4\u2033 _builder_version=\"4.21.0\u2033 _module_preset=\"default\" global_colors_info=\"{}\"][et_pb_text _builder_version=\"4.24.0\u2033 _module_preset=\"default\" text_font=\"spartan semibold||||||||\" text_font_size=\"16px\" text_line_height=\"1.3em\" header_2_font=\"Poppins|600|||||||\" header_3_font=\"|700|||||||\" header_3_text_align=\"centre\" header_3_line_height=\"1.3em\" text_orientation=\"centre\" global_colors_info=\"{}\"]<\/p>\n<h3>La cr\u00e9ativit\u00e9 fait partie de l'essence m\u00eame de toutes les industries.<\/h3>\n<p>Bienvenue dans une nouvelle \u00e8re de la boulangerie et de la p\u00e2tisserie.<\/p>\n<p>[\/et_pb_text][et_pb_text _builder_version=\"4.24.0\u2033 _module_preset=\"default\" text_font=\"||||||||\" text_font_size=\"16px\" text_line_height=\"1.3em\" header_2_font=\"Poppins|600|||||||\" header_3_font=\"Poppins|700|||||||\" transform_translate_linked=\"off\" text_orientation=\"centre\" custom_margin=\"450px||||false|false\" custom_margin_tablet=\"400px||||false|false\" custom_margin_phone=\"305px||||false|false\" custom_margin_last_edited=\"on|phone\" custom_padding=\"||||false|false\" global_colors_info=\"{}\"]<\/p>\n<p><strong>Les machines couleur FELINO sont exclusives et innovantes.<\/strong><\/p>\n<p>Registre des dessins et mod\u00e8les communautaires n\u00b0 015026242<\/p>\n<p>[\/et_pb_text][dsm_button button_one_text=\"En savoir plus\" button_one_url=\"@ET-DC@eyJkeW5hbWljIjp0cnVlCJb250ZW50IjoicG9zdF9saW5rX3VybF9wYWdlIwic2V0dGluZ3MiOnsicG9zdF9pZCI6IjMyMj1In19@\" button_alignment=\"centre\" _builder_version=\"4.24.0\u2033 _dynamic_attributes=\"button_one_url\" _module_preset=\"default\" transform_scale=\"70%|70%\" transform_translate_linked=\"off\" custom_margin=\"-20px||||false|false\" custom_padding=\"0px||||false|false\" locked=\"off\" global_colors_info=\"{}\"][\/dsm_button][\/et_pb_column][\/et_pb_row][\/et_pb_section][et_pb_section fb_built=\"1\u2033 admin_label=\"STAF\" _builder_version=\"4.24.3\u2033 _module_preset=\"default\" background_image=\"https:\/\/felino.pt\/wp-content\/uploads\/2023\/10\/banner_assistencia.jpg\" parallax=\"on\" min_height_tablet=\"\" min_height_phone=\"58vh\" min_height_last_edited=\"on|phone\" height=\"40vh\" global_colors_info=\"{}\"][et_pb_row _builder_version=\"4.24.0\u2033 _module_preset=\"default\" custom_margin=\"10vh||||false|false\" custom_margin_tablet=\"7vh||||false|false\" custom_margin_phone=\"1vh||||false|false\" custom_margin_last_edited=\"on|phone\" custom_padding=\"15px|||||\" global_colors_info=\"{}\"][et_pb_column type=\"4_4\u2033 _builder_version=\"4.23.1\u2033 _module_preset=\"default\" global_colors_info=\"{}\"][et_pb_text _builder_version=\"4.24.0\u2033 _module_preset=\"default\" text_text_color=\"#FFFF\" header_2_font=\"||||||||\" header_2_text_align=\"centre\" header_2_text_color=\"#FFFF\" header_2_line_height=\"1.3em\" header_3_font=\"spartan semibold|600|||||||\" header_3_text_align=\"center\" header_3_text_color=\"#FFFF\" header_3_font_size=\"18px\" header_3_line_height=\"1.3em\" custom_margin=\"||||false|false\" header_2_text_shadow_style=\"preset2\u2033 header_3_text_shadow_style=\"preset2\u2033 locked=\"off\" global_colors_info=\"{}\"]<\/p>\n<h2><strong>STAF <\/strong>|<strong> Services d'assistance technique FELINO<\/strong><\/h2>\n<h3 style=\"text-align: center;\">D\u00e9couvrez l'assistance technique sp\u00e9cialis\u00e9e qui permet \u00e0 votre entreprise de poursuivre ses activit\u00e9s.<\/h3>\n<p>[\/et_pb_text][dsm_button button_one_text=&#8221;Saiba mais&#8221; button_one_url=&#8221;@ET-DC@eyJkeW5hbWljIjp0cnVlLCJjb250ZW50IjoicG9zdF9saW5rX3VybF9wYWdlIiwic2V0dGluZ3MiOnsicG9zdF9pZCI6IjMyMjc3In19@&#8221; button_alignment=&#8221;center&#8221; _builder_version=&#8221;4.24.0&#8243; _dynamic_attributes=&#8221;button_one_url&#8221; _module_preset=&#8221;default&#8221; transform_scale=&#8221;70%|70%&#8221; transform_translate_linked=&#8221;off&#8221; custom_margin=&#8221;-20px||||false|false&#8221; custom_padding=&#8221;0px||||false|false&#8221; locked=&#8221;off&#8221; global_colors_info=&#8221;{}&#8221;][\/dsm_button][\/et_pb_column][\/et_pb_row][\/et_pb_section][et_pb_section fb_built=&#8221;1&#8243; _builder_version=&#8221;4.23.1&#8243; _module_preset=&#8221;default&#8221; global_colors_info=&#8221;{}&#8221;][et_pb_row _builder_version=&#8221;4.23.1&#8243; _module_preset=&#8221;default&#8221; global_colors_info=&#8221;{}&#8221;][et_pb_column type=&#8221;4_4&#8243; _builder_version=&#8221;4.23.1&#8243; _module_preset=&#8221;default&#8221; global_colors_info=&#8221;{}&#8221;][et_pb_text _builder_version=&#8221;4.27.2&#8243; _module_preset=&#8221;default&#8221; header_2_text_align=&#8221;center&#8221; hover_enabled=&#8221;0&#8243; global_colors_info=&#8221;{}&#8221; sticky_enabled=&#8221;0&#8243;]<\/p>\n<h2>Nouvelles<\/h2>\n<p>[\/et_pb_text][brbl_post_carousel include_categories=\"27\u2033 order=\"DESC\" post_count=\"4\u2033 layout=\"layout4\u2033 show_avatar=\"off\" show_author=\"off\" show_date=\"off\" slide_count=\"3\u2033 slide_count_tablet=\"2\u2033 slide_count_phone=\"1\u2033 slide_count_last_edited=\"on|phone\" _builder_version=\"4.24.3\u2033 _module_preset=\"default\" locked=\"off\" global_colors_info=\"{}\"][\/brbl_post_carousel][et_pb_button button_url=\"@ET-DC@eyJkeW5hbWljIjp0cnVlCJb250ZW50IjoicG9zdF9saW5rX3VybF9wYWdlIwic2V0dGluZ3MiOnsicG9zdF9pZCI6IjMyjUyIn19@\" button_text=\"En savoir plus\" button_alignment=\"centre\" _builder_version=\"4.23.1\u2033 _dynamic_attributes=\"button_url\" _module_preset=\"default\" custom_button=\"on\" button_text_size=\"15px\" button_text_color=\"#FFFF\" button_bg_color=\"#EF8D23\u2033 button_font=\"spartan medium||||||||\" custom_padding=\"10px|25px|10px|25px|true|true\" box_shadow_style=\"preset3\u2033. locked=\"off\" global_colors_info=\"{}\" button_bg_color__hover_enabled=\"on|hover\" button_bg_color__hover=\"#7A1315\u2033 button_bg_enable_color__hover=\"on\" button_text_color__hover_enabled=\"on|desktop\" button_text_color__hover=\"#FFFF\"][\/et_pb_button][\/et_pb_column][\/et_pb_row][\/et_pb_section]<\/p>","protected":false},"excerpt":{"rendered":"<p>D\u00e9couvrez une gamme compl\u00e8te de machines de boulangerie et de p\u00e2tisserie en fonte adapt\u00e9es \u00e0 vos besoins.<\/p>","protected":false},"author":5,"featured_media":35429,"parent":0,"menu_order":0,"comment_status":"closed","ping_status":"closed","template":"","meta":{"_et_pb_use_builder":"on","_et_pb_old_content":"teste","_et_gb_content_width":"","footnotes":""},"class_list":["post-31979","page","type-page","status-publish","has-post-thumbnail","hentry"],"_links":{"self":[{"href":"https:\/\/felino.pt\/fr\/wp-json\/wp\/v2\/pages\/31979","targetHints":{"allow":["GET"]}}],"collection":[{"href":"https:\/\/felino.pt\/fr\/wp-json\/wp\/v2\/pages"}],"about":[{"href":"https:\/\/felino.pt\/fr\/wp-json\/wp\/v2\/types\/page"}],"author":[{"embeddable":true,"href":"https:\/\/felino.pt\/fr\/wp-json\/wp\/v2\/users\/5"}],"replies":[{"embeddable":true,"href":"https:\/\/felino.pt\/fr\/wp-json\/wp\/v2\/comments?post=31979"}],"version-history":[{"count":5,"href":"https:\/\/felino.pt\/fr\/wp-json\/wp\/v2\/pages\/31979\/revisions"}],"predecessor-version":[{"id":37666,"href":"https:\/\/felino.pt\/fr\/wp-json\/wp\/v2\/pages\/31979\/revisions\/37666"}],"wp:featuredmedia":[{"embeddable":true,"href":"https:\/\/felino.pt\/fr\/wp-json\/wp\/v2\/media\/35429"}],"wp:attachment":[{"href":"https:\/\/felino.pt\/fr\/wp-json\/wp\/v2\/media?parent=31979"}],"curies":[{"name":"wp","href":"https:\/\/api.w.org\/{rel}","templated":true}]}}