{"id":31981,"date":"2023-06-26T15:45:03","date_gmt":"2023-06-26T14:45:03","guid":{"rendered":"https:\/\/felino.4mcomunicacao.com.br\/site\/?page_id=31981"},"modified":"2024-03-07T23:07:44","modified_gmt":"2024-03-07T23:07:44","slug":"petrin","status":"publish","type":"page","link":"https:\/\/felino.pt\/fr\/machines-pour-la-boulangerie-et-la-patisserie\/petrin\/","title":{"rendered":"Batteur"},"content":{"rendered":"<p>[et_pb_section fb_built=\"1\u2033 _builder_version=\"4.23\u2033 _module_preset=\"default\" background_color=\"#FFFF\" custom_padding=\"30px|||||\" global_colors_info=\"{}\"][et_pb_row _builder_version=\"4.22.1\u2033 _module_preset=\"default\" global_colors_info=\"{}\"][et_pb_column type=\"4_4\u2033 _builder_version=\"4.21.0\u2033 _module_preset=\"default\" global_colors_info=\"{}\"][dsm_block_reveal_text block_reveal_text=\"@ET-DC@eyJkeW5hbWljIp0cnVlCJb250ZW50IjoicG9zdF90aXRsZsInNldHRpbdzIjp7ImJlZm9yZSI6IsImFmdGVyIjoiIn19@\" heading_html_tag=\"h1\u2033 block_reveal_animation=\"bt\" _builder_version=\"4.23.1\u2033 _dynamic_attributes=\"block_reveal_text\" _module_preset=\"default\" header_font=\"spartan bold||on|||||\" header_text_align=\"centre\" header_font_size=\"36px\" header_line_height=\"1.6em\" width_tablet=\"\" width_phone=\"\" width_last_edited=\"on|phone\" header_font_size_tablet=\"32px\" header_font_size_phone=\"26px\" header_font_size_last_edited=\"on|phone\" global_colors_info=\"{}\"][\/dsm_block_reveal_text][\/et_pb_column][\/et_pb_row][et_pb_row use_custom_gutter=\"on\" gutter_width=\"2\u2033 _builder_version=\"4.22.1\u2033 _module_preset=\"default\" global_colors_info=\"{}\"][et_pb_column type=\"4_4\u2033 _builder_version=\"4.21.0\u2033 _module_preset=\"default\" global_colors_info=\"{}\"][et_pb_text _builder_version=\"4.23.1\u2033 _module_preset=\"default\" header_2_font=\"spartan semibold||||||||\" header_2_font_size=\"20px\" header_2_line_height=\"1.4em\" text_orientation=\"centre\" custom_margin=\"||3vh||false|false\" header_2_font_size_tablet=\"20px\" header_2_font_size_phone=\"18px\" header_2_font_size_last_edited=\"on|phone\" global_colors_info=\"{}\"]<\/p>\n<p style=\"text-align: left;\"><strong>Les batteurs FELINO sont le choix id\u00e9al pour les boulangeries, les p\u00e2tisseries, les restaurants et les h\u00f4tels qui exigent les meilleures performances dans leurs op\u00e9rations de production.\u00a0<\/strong>Avec un design innovant, des syst\u00e8mes de contr\u00f4le avanc\u00e9s et une gamme de mod\u00e8les r\u00e9pondant \u00e0 tous les besoins, les m\u00e9langeurs FELINO offrent une polyvalence, une efficacit\u00e9 et une durabilit\u00e9 in\u00e9gal\u00e9es.<\/p>\n<p style=\"text-align: left;\"><span>Simplifiez votre travail quotidien, augmentez votre efficacit\u00e9 et am\u00e9liorez la qualit\u00e9 de vos produits gr\u00e2ce aux m\u00e9langeurs FELINO.<\/span><\/p>\n<p>[\/et_pb_text][brbl_post_masonry _builder_version=\"4.24.2\u2033 _module_preset=\"default\" include_categories=\"18\u2033 show_meta=\"off\" border_color_all_post=\"#FFFF\" img_hover_style=\"zoom_in\" title_font=\"spartan semibold||||||||\" title_font_size=\"20px\" title_text_align=\"center\" title_line_height=\"1.5em\" title_level=\"h2\u2033 excerpt_text_align=\"centre\" excerpt_font_size=\"13px\" excerpt_line_height=\"1.3em\" hover_enabled=\"0\u2033 sticky_enabled=\"0\u2033 column_count_last_edited=\"on|desktop\" column_count_tablet=\"1\u2033 locked=\"off\" column_count_phone=\"1\u2033][\/brbl_post_masonry][\/et_pb_column][\/et_pb_row][\/et_pb_section]<\/p>","protected":false},"excerpt":{"rendered":"<p><div class=\"et_pb_module dsm_block_reveal_text dsm_block_reveal_text_0\">\n\t\t\t\t\n\t\t\t\t\n\t\t\t\t\n\t\t\t\t\n\t\t\t\t\n\t\t\t\t\n\t\t\t\t<div class=\"et_pb_module_inner\">\n\t\t\t\t\t<div class=\"dsm_block_reveal_text_wrapper\" data-dsm-block-reveal-animation=\"bt\" data-dsm-block-reveal-color=\"#ef8d23\" data-dsm-block-reveal-delay=\"0.1\" data-dsm-block-reveal-viewport=\"80%\"><\/div>\n\t\t\t\t<\/div>\n\t\t\t<\/div>Les p\u00e9trins FELINO sont le choix id\u00e9al pour les boulangeries, les p\u00e2tisseries, les restaurants et les h\u00f4tels qui exigent les meilleures performances dans leurs op\u00e9rations de production. Avec un design innovant, des syst\u00e8mes de contr\u00f4le avanc\u00e9s et une gamme de mod\u00e8les r\u00e9pondant \u00e0 tous les besoins, les p\u00e9trins FELINO offrent une polyvalence, une efficacit\u00e9 et une durabilit\u00e9 in\u00e9gal\u00e9es. Simplifiez votre travail quotidien, augmentez l'efficacit\u00e9 et la qualit\u00e9 de vos produits avec les mixeurs FELINO.<div class=\"et_pb_with_border et_pb_module brbl_post_masonry brbl_post_masonry_0\">\n\t\t\t\t\n\t\t\t\t\n\t\t\t\t\n\t\t\t\t\n\t\t\t\t\n\t\t\t\t\n\t\t\t\t<div class=\"et_pb_module_inner\">\n\t\t\t\t\t<div class=\"brbl-module brbl-post-masonry\" data-options=\"{&quot;layout&quot;:&quot;masonry-1&quot;,&quot;blog_order&quot;:0,&quot;pagination_type&quot;:&quot;&quot;,&quot;loadmore_type&quot;:&quot;scroll&quot;}\">\r\n                <div class=\"brbl-blog-items brbl-blog brbl-blog-scroll-0\"><div class=\"brbl-blog-item brbl-blog-item-masonry-1-0\">\r\n        <article class=\"brbl-masonry-card brbl-post-masonry-1\">\r\n            <figure class=\"brbl-post-thumb\">\r\n\t\t\t\t<a href=\"https:\/\/felino.pt\/fr\/batteur-bt-felino\/\">\r\n\t\t\t\t\t<div class=\"brbl-overlay\" data-icon=\"\"><\/div>\r\n\t\t\t\t\t<img decoding=\"async\" src=\"https:\/\/felino.pt\/wp-content\/uploads\/2023\/08\/batedeira-planetaria-felino-bt-preview.jpg\" alt=\"M\u00e9langeur FELINO BT, FELINO, Machines pour la boulangerie et la p\u00e2tisserie\">\r\n\t\t\t\t\t\r\n\t\t\t\t<\/a>\r\n\t\t\t<\/figure>\r\n            \r\n            <div class=\"brbl-masonry-content\">\r\n\t\t\t\t\r\n                <h2 class=\"brbl-post-title\">\r\n                <a href=\"https:\/\/felino.pt\/fr\/batteur-bt-felino\/\">Batteur FELINO BT<\/a>\r\n            <\/h2>\r\n                <div class=\"brbl-post-excerpt\">Capacit\u00e9 de 100 litres.<\/div>\r\n                \r\n            <\/div>\r\n        <\/article>\r\n    <\/div><div class=\"brbl-blog-item brbl-blog-item-masonry-1-0\">\r\n        <article class=\"brbl-masonry-card brbl-post-masonry-1\">\r\n            <figure class=\"brbl-post-thumb\">\r\n\t\t\t\t<a href=\"https:\/\/felino.pt\/fr\/batteur-pme-felino\/\">\r\n\t\t\t\t\t<div class=\"brbl-overlay\" data-icon=\"\"><\/div>\r\n\t\t\t\t\t<img decoding=\"async\" src=\"https:\/\/felino.pt\/wp-content\/uploads\/2024\/04\/Batedeira-PM40.png\" alt=\"M\u00e9langeur PM40, M\u00e9langeur, F\u00e9lin, M\u00e9langeur PMe\">\r\n\t\t\t\t\t\r\n\t\t\t\t<\/a>\r\n\t\t\t<\/figure>\r\n            \r\n            <div class=\"brbl-masonry-content\">\r\n\t\t\t\t\r\n                <h2 class=\"brbl-post-title\">\r\n                <a href=\"https:\/\/felino.pt\/fr\/batteur-pme-felino\/\">Batteur FELINO PMe<\/a>\r\n            <\/h2>\r\n                <div class=\"brbl-post-excerpt\">Capacit\u00e9 de 40 et 60 litres.<\/div>\r\n                \r\n            <\/div>\r\n        <\/article>\r\n    <\/div><div class=\"brbl-blog-item brbl-blog-item-masonry-1-0\">\r\n        <article class=\"brbl-masonry-card brbl-post-masonry-1\">\r\n            <figure class=\"brbl-post-thumb\">\r\n\t\t\t\t<a href=\"https:\/\/felino.pt\/fr\/batteur\/\">\r\n\t\t\t\t\t<div class=\"brbl-overlay\" data-icon=\"\"><\/div>\r\n\t\t\t\t\t<img decoding=\"async\" src=\"https:\/\/felino.pt\/wp-content\/uploads\/2023\/12\/Batedeira-FELINO-PM.png\" alt=\"M\u00e9langeur FELINO PM, FELINO, Machines pour la boulangerie et la p\u00e2tisserie,\">\r\n\t\t\t\t\t\r\n\t\t\t\t<\/a>\r\n\t\t\t<\/figure>\r\n            \r\n            <div class=\"brbl-masonry-content\">\r\n\t\t\t\t\r\n                <h2 class=\"brbl-post-title\">\r\n                <a href=\"https:\/\/felino.pt\/fr\/batteur\/\">Batteur FELINO PM<\/a>\r\n            <\/h2>\r\n                <div class=\"brbl-post-excerpt\">Capacit\u00e9 de 20, 40 et 60 litres.<\/div>\r\n                \r\n            <\/div>\r\n        <\/article>\r\n    <\/div><\/div><nav class=\"brbl-pagination\" role=\"navigation\" aria-label=\"Pagination\"><\/nav>\r\n\t\t\t<\/div>\n\t\t\t\t<\/div>\n\t\t\t<\/div><\/p>","protected":false},"author":5,"featured_media":0,"parent":31979,"menu_order":0,"comment_status":"closed","ping_status":"closed","template":"","meta":{"_et_pb_use_builder":"on","_et_pb_old_content":"","_et_gb_content_width":"","footnotes":""},"class_list":["post-31981","page","type-page","status-publish","hentry"],"_links":{"self":[{"href":"https:\/\/felino.pt\/fr\/wp-json\/wp\/v2\/pages\/31981","targetHints":{"allow":["GET"]}}],"collection":[{"href":"https:\/\/felino.pt\/fr\/wp-json\/wp\/v2\/pages"}],"about":[{"href":"https:\/\/felino.pt\/fr\/wp-json\/wp\/v2\/types\/page"}],"author":[{"embeddable":true,"href":"https:\/\/felino.pt\/fr\/wp-json\/wp\/v2\/users\/5"}],"replies":[{"embeddable":true,"href":"https:\/\/felino.pt\/fr\/wp-json\/wp\/v2\/comments?post=31981"}],"version-history":[{"count":0,"href":"https:\/\/felino.pt\/fr\/wp-json\/wp\/v2\/pages\/31981\/revisions"}],"up":[{"embeddable":true,"href":"https:\/\/felino.pt\/fr\/wp-json\/wp\/v2\/pages\/31979"}],"wp:attachment":[{"href":"https:\/\/felino.pt\/fr\/wp-json\/wp\/v2\/media?parent=31981"}],"curies":[{"name":"wp","href":"https:\/\/api.w.org\/{rel}","templated":true}]}}