{"id":32231,"date":"2023-06-27T22:27:12","date_gmt":"2023-06-27T21:27:12","guid":{"rendered":"https:\/\/felino.4mcomunicacao.com.br\/site\/?page_id=32231"},"modified":"2024-03-07T23:10:12","modified_gmt":"2024-03-07T23:10:12","slug":"diviseur-de-bobinage","status":"publish","type":"page","link":"https:\/\/felino.pt\/fr\/machines-pour-la-boulangerie-et-la-patisserie\/diviseur-de-bobinage\/","title":{"rendered":"Diviseuse Bouleuse"},"content":{"rendered":"<p>[et_pb_section fb_built=\"1\u2033 _builder_version=\"4.23\u2033 _module_preset=\"default\" background_color=\"#FFFF\" global_colors_info=\"{}\"][et_pb_row _builder_version=\"4.21.0\u2033 _module_preset=\"default\" global_colors_info=\"{}\"][et_pb_column type=\"4_4\u2033 _builder_version=\"4.21.0\u2033 _module_preset=\"default\" global_colors_info=\"{}\"][dsm_block_reveal_text block_reveal_text=\"@ET-DC@eyJkeW5hbWljIp0cnVlCJb250ZW50IjoicG9zdF90aXRsZSIsInNldHRpbdzIjp7ImJlZm9yZSI6IsImFmdGVyIjoiIn19@\" heading_html_tag=\"h1\u2033 block_reveal_animation=\"bt\" _builder_version=\"4.22.2\u2033 _dynamic_attributes=\"block_reveal_text\" _module_preset=\"default\" header_font=\"spartan bold||on|||||\" header_text_align=\"centre\" header_font_size=\"36px\" header_line_height=\"1.4em\" header_font_size_tablet=\"32px\" header_font_size_phone=\"26px\" header_font_size_last_edited=\"on|phone\" global_colors_info=\"{}\"][\/dsm_block_reveal_text][\/et_pb_column][\/et_pb_row][et_pb_row _builder_version=\"4.22.2\u2033 _module_preset=\"default\" global_colors_info=\"{}\"][et_pb_column type=\"4_4\u2033 _builder_version=\"4.22.2\u2033 _module_preset=\"default\" global_colors_info=\"{}\"][et_pb_text _builder_version=\"4.22.2\u2033 _module_preset=\"default\" header_2_font=\"spartan semibold||||||||\" header_2_font_size=\"20px\" global_colors_info=\"{}\"]<\/p>\n<p style=\"text-align: left;\"><span><strong>Les diviseurs de p\u00e2te FELINO sont synonymes de pr\u00e9cision, garantissant une division et un moulage exacts de chaque morceau de p\u00e2te.<\/strong> D\u00e9velopp\u00e9s avec une technologie de pointe et fabriqu\u00e9s en fonte, ils assurent non seulement la robustesse et la long\u00e9vit\u00e9 de la machine, mais aussi la r\u00e9gularit\u00e9 de votre production quotidienne. D\u00e9couvrez les options automatiques et semi-automatiques d'un mod\u00e8le unique sur le march\u00e9 \u00e0 la technologie brevet\u00e9e, et trouvez l'\u00e9quipement qui portera l'uniformit\u00e9 et la qualit\u00e9 de votre production vers de nouveaux sommets.<\/span><\/p>\n<p>[\/et_pb_text][brbl_post_masonry _builder_version=\"4.24.2\u2033 _module_preset=\"default\" include_categories=\"22\u2033 show_meta=\"off\" border_color_all_post=\"#FFFF\" img_hover_style=\"zoom_in\" title_font=\"spartan semibold||||||||\" title_font_size=\"20px\" title_text_align=\"center\" title_line_height=\"1.5em\" title_level=\"h2\u2033 excerpt_text_align=\"centre\" excerpt_font_size=\"13px\" excerpt_line_height=\"1.3em\" hover_enabled=\"0\u2033 sticky_enabled=\"0\u2033 column_count_last_edited=\"on|desktop\" column_count_tablet=\"1\u2033 locked=\"off\" column_count_phone=\"1\u2033][\/brbl_post_masonry][\/et_pb_column][\/et_pb_row][\/et_pb_section]<\/p>","protected":false},"excerpt":{"rendered":"<p><div class=\"et_pb_module dsm_block_reveal_text dsm_block_reveal_text_0\">\n\t\t\t\t\n\t\t\t\t\n\t\t\t\t\n\t\t\t\t\n\t\t\t\t\n\t\t\t\t\n\t\t\t\t<div class=\"et_pb_module_inner\">\n\t\t\t\t\t<div class=\"dsm_block_reveal_text_wrapper\" data-dsm-block-reveal-animation=\"bt\" data-dsm-block-reveal-color=\"#ef8d23\" data-dsm-block-reveal-delay=\"0.1\" data-dsm-block-reveal-viewport=\"80%\"><\/div>\n\t\t\t\t<\/div>\n\t\t\t<\/div>Les diviseurs de p\u00e2te FELINO sont synonymes de pr\u00e9cision, garantissant une division et un moulage exacts de chaque morceau de p\u00e2te. D\u00e9velopp\u00e9es avec une technologie de pointe et fabriqu\u00e9es en fonte, elles assurent non seulement la robustesse et la long\u00e9vit\u00e9 de la machine, mais aussi la r\u00e9gularit\u00e9 de votre production quotidienne. D\u00e9couvrez les options automatiques et semi-automatiques d'un mod\u00e8le unique sur le march\u00e9, dot\u00e9 d'une technologie brevet\u00e9e, et trouvez l'\u00e9quipement qui portera l'uniformit\u00e9 et la qualit\u00e9 de votre production \u00e0 de nouveaux sommets.<div class=\"et_pb_with_border et_pb_module brbl_post_masonry brbl_post_masonry_0\">\n\t\t\t\t\n\t\t\t\t\n\t\t\t\t\n\t\t\t\t\n\t\t\t\t\n\t\t\t\t\n\t\t\t\t<div class=\"et_pb_module_inner\">\n\t\t\t\t\t<div class=\"brbl-module brbl-post-masonry\" data-options=\"{&quot;layout&quot;:&quot;masonry-1&quot;,&quot;blog_order&quot;:0,&quot;pagination_type&quot;:&quot;&quot;,&quot;loadmore_type&quot;:&quot;scroll&quot;}\">\r\n                <div class=\"brbl-blog-items brbl-blog brbl-blog-scroll-0\"><div class=\"brbl-blog-item brbl-blog-item-masonry-1-0\">\r\n        <article class=\"brbl-masonry-card brbl-post-masonry-1\">\r\n            <figure class=\"brbl-post-thumb\">\r\n\t\t\t\t<a href=\"https:\/\/felino.pt\/fr\/diviseur-de-bobines-semi-automatique-felin\/\">\r\n\t\t\t\t\t<div class=\"brbl-overlay\" data-icon=\"\"><\/div>\r\n\t\t\t\t\t<img decoding=\"async\" src=\"https:\/\/felino.pt\/wp-content\/uploads\/2023\/08\/divisora-enroladora-ds-preview.jpg\" alt=\"DS FELINO Diviseur de bobines semi-automatique\">\r\n\t\t\t\t\t\r\n\t\t\t\t<\/a>\r\n\t\t\t<\/figure>\r\n            \r\n            <div class=\"brbl-masonry-content\">\r\n\t\t\t\t\r\n                <h2 class=\"brbl-post-title\">\r\n                <a href=\"https:\/\/felino.pt\/fr\/diviseur-de-bobines-semi-automatique-felin\/\">Diviseuse Bouleuse Seimi-Automatique FELINO DS<\/a>\r\n            <\/h2>\r\n                <div class=\"brbl-post-excerpt\">Pied-de-biche et couteau pour 12, 20, 30 ou 36 divisions.<\/div>\r\n                \r\n            <\/div>\r\n        <\/article>\r\n    <\/div><div class=\"brbl-blog-item brbl-blog-item-masonry-1-0\">\r\n        <article class=\"brbl-masonry-card brbl-post-masonry-1\">\r\n            <figure class=\"brbl-post-thumb\">\r\n\t\t\t\t<a href=\"https:\/\/felino.pt\/fr\/diviseur-a-enroulement-automatique-felin\/\">\r\n\t\t\t\t\t<div class=\"brbl-overlay\" data-icon=\"\"><\/div>\r\n\t\t\t\t\t<img decoding=\"async\" src=\"https:\/\/felino.pt\/wp-content\/uploads\/2023\/08\/Divisora-Enroladadora-Automatica-FELINO-1.png\" alt=\"Diviseur \u00e0 enroulement automatique, Diviseur \u00e0 enroulement automatique FELINO\">\r\n\t\t\t\t\t\r\n\t\t\t\t<\/a>\r\n\t\t\t<\/figure>\r\n            \r\n            <div class=\"brbl-masonry-content\">\r\n\t\t\t\t\r\n                <h2 class=\"brbl-post-title\">\r\n                <a href=\"https:\/\/felino.pt\/fr\/diviseur-a-enroulement-automatique-felin\/\">Diviseuse Bouleuse Automatique FELINO DA<\/a>\r\n            <\/h2>\r\n                <div class=\"brbl-post-excerpt\">Pied-de-biche et couteau pour 12, 20, 30 ou 36 divisions.<\/div>\r\n                \r\n            <\/div>\r\n        <\/article>\r\n    <\/div><\/div><nav class=\"brbl-pagination\" role=\"navigation\" aria-label=\"Pagination\"><\/nav>\r\n\t\t\t<\/div>\n\t\t\t\t<\/div>\n\t\t\t<\/div><\/p>","protected":false},"author":5,"featured_media":0,"parent":31979,"menu_order":0,"comment_status":"closed","ping_status":"closed","template":"","meta":{"_et_pb_use_builder":"on","_et_pb_old_content":"teste1","_et_gb_content_width":"","footnotes":""},"class_list":["post-32231","page","type-page","status-publish","hentry"],"_links":{"self":[{"href":"https:\/\/felino.pt\/fr\/wp-json\/wp\/v2\/pages\/32231","targetHints":{"allow":["GET"]}}],"collection":[{"href":"https:\/\/felino.pt\/fr\/wp-json\/wp\/v2\/pages"}],"about":[{"href":"https:\/\/felino.pt\/fr\/wp-json\/wp\/v2\/types\/page"}],"author":[{"embeddable":true,"href":"https:\/\/felino.pt\/fr\/wp-json\/wp\/v2\/users\/5"}],"replies":[{"embeddable":true,"href":"https:\/\/felino.pt\/fr\/wp-json\/wp\/v2\/comments?post=32231"}],"version-history":[{"count":0,"href":"https:\/\/felino.pt\/fr\/wp-json\/wp\/v2\/pages\/32231\/revisions"}],"up":[{"embeddable":true,"href":"https:\/\/felino.pt\/fr\/wp-json\/wp\/v2\/pages\/31979"}],"wp:attachment":[{"href":"https:\/\/felino.pt\/fr\/wp-json\/wp\/v2\/media?parent=32231"}],"curies":[{"name":"wp","href":"https:\/\/api.w.org\/{rel}","templated":true}]}}