{"id":32259,"date":"2023-06-28T01:36:19","date_gmt":"2023-06-28T00:36:19","guid":{"rendered":"https:\/\/felino.4mcomunicacao.com.br\/site\/?page_id=32259"},"modified":"2024-06-15T13:06:59","modified_gmt":"2024-06-15T12:06:59","slug":"nouvelle-boulangerie-et-patisserie","status":"publish","type":"page","link":"https:\/\/felino.pt\/fr\/actualites\/nouvelle-boulangerie-et-patisserie\/","title":{"rendered":"Actualit\u00e9s Boulangerie et p\u00e2tisserie"},"content":{"rendered":"<p>[et_pb_section fb_built=\"1\u2033 custom_padding_last_edited=\"on|desktop\" admin_label=\"Blog\" _builder_version=\"4.24.0\u2033 _module_preset=\"default\" background_color=\"#f6f6f6\u2033 custom_padding=\"||||false|false\" custom_padding_tablet=\"30px||||false|false\" custom_padding_phone=\"30px||||false|false\" locked=\"off\" global_colors_info=\"{}\"][et_pb_row _builder_version=\"4.21.0\u2033 _module_preset=\"default\" global_colors_info=\"{}\"][et_pb_column type=\"4_4\u2033 _builder_version=\"4.21.0\u2033 _module_preset=\"default\" global_colors_info=\"{}\"][et_pb_text _builder_version=\"4.24.0\u2033 _module_preset=\"default\" header_2_line_height=\"1.4em\" text_orientation=\"centre\" custom_margin=\"|100px||100px|false|true\" custom_margin_tablet=\"|0px||0px|false|true\" custom_margin_phone=\"|0px|0px|false|true\" custom_margin_last_edited=\"on|desktop\" custom_padding=\"||20px||false|false\" custom_padding_tablet=\"||20px||false|false\" custom_padding_phone=\"||20px||false|false\" custom_padding_last_edited=\"on|phone\" text_orientation_tablet=\"centre\" text_orientation_phone=\"centre\" text_orientation_last_edited=\"on|phone\" global_colors_info=\"{}\"]<\/p>\n<h2 style=\"text-align: center;\">Univers FELINO<\/h2>\n<p class=\"elementor-heading-title elementor-size-small\">Voici FELINO Universe, un espace o\u00f9 nous partageons des informations sur nos \u00e9quipements et des solutions personnalis\u00e9es pour votre entreprise. Suivez notre pr\u00e9sence aux prochains salons nationaux et internationaux et acc\u00e9dez \u00e0 des contenus qui vous inspireront dans la r\u00e9alisation de vos v\u00eatements.<\/p>\n<p>[\/et_pb_text][brbl_post_masonry include_categories=&#8221;27&#8243; post_count=&#8221;12&#8243; excerpt_length=&#8221;150&#8243; show_meta=&#8221;off&#8221; pagination_type=&#8221;loadmore&#8221; column_count_tablet=&#8221;2&#8243; column_count_phone=&#8221;1&#8243; column_count_last_edited=&#8221;on|phone&#8221; _builder_version=&#8221;4.25.2&#8243; _module_preset=&#8221;default&#8221; title_text_color=&#8221;#3A3A3A&#8221; title_font_size=&#8221;18px&#8221; title_line_height=&#8221;1.3em&#8221; hover_enabled=&#8221;0&#8243; locked=&#8221;off&#8221; global_colors_info=&#8221;{}&#8221; order=&#8221;DESC&#8221; sticky_enabled=&#8221;0&#8243;][\/brbl_post_masonry][\/et_pb_column][\/et_pb_row][\/et_pb_section]<\/p>","protected":false},"excerpt":{"rendered":"<p>Univers FELINO Voici l'Univers FELINO, un espace o\u00f9 nous partageons des informations sur nos \u00e9quipements et des solutions personnalis\u00e9es pour votre entreprise. Suivez notre pr\u00e9sence aux prochains salons nationaux et internationaux et acc\u00e9dez \u00e0 des contenus qui vous inspireront dans la r\u00e9alisation de vos v\u00eatements.<div class=\"et_pb_module brbl_post_masonry brbl_post_masonry_0\">\n\t\t\t\t\n\t\t\t\t\n\t\t\t\t\n\t\t\t\t\n\t\t\t\t\n\t\t\t\t\n\t\t\t\t<div class=\"et_pb_module_inner\">\n\t\t\t\t\t<div class=\"brbl-module brbl-post-masonry brbl-masonry-infinite\" data-options=\"{&quot;layout&quot;:&quot;masonry-1&quot;,&quot;blog_order&quot;:0,&quot;pagination_type&quot;:&quot;loadmore&quot;,&quot;loadmore_type&quot;:&quot;scroll&quot;}\">\r\n                <div class=\"brbl-blog-items brbl-blog brbl-blog-scroll-0\"><div class=\"brbl-blog-item brbl-blog-item-masonry-1-0\">\r\n        <article class=\"brbl-masonry-card brbl-post-masonry-1\">\r\n            <figure class=\"brbl-post-thumb\">\r\n\t\t\t\t<a href=\"https:\/\/felino.pt\/fr\/petrin-a-fourche-felin-un-heritage-de-qualite-qui-resiste-a-lepreuve-du-temps\/\">\r\n\t\t\t\t\t<div class=\"brbl-overlay\" data-icon=\"\"><\/div>\r\n\t\t\t\t\t<img decoding=\"async\" src=\"https:\/\/felino.pt\/wp-content\/uploads\/2025\/03\/4ed3228e-a5a1-ce28-6e0e-87a46c6a4da6.jpeg\" alt=\"\">\r\n\t\t\t\t\t\r\n\t\t\t\t<\/a>\r\n\t\t\t<\/figure>\r\n            \r\n            <div class=\"brbl-masonry-content\">\r\n\t\t\t\t\r\n                <h3 class=\"brbl-post-title\">\r\n                <a href=\"https:\/\/felino.pt\/fr\/petrin-a-fourche-felin-un-heritage-de-qualite-qui-resiste-a-lepreuve-du-temps\/\">P\u00e9trin \u00e0 fourche en service depuis 1984<\/a>\r\n            <\/h3>\r\n                <div class=\"brbl-post-excerpt\">FELINO se distingue par la durabilit\u00e9 et l'excellence de ses \u00e9quipements, comme en t\u00e9moigne un p\u00e9trin \u00e0 fourche de 1984 toujours en service. Dans un secteur...<\/div>\r\n                \r\n            <\/div>\r\n        <\/article>\r\n    <\/div><div class=\"brbl-blog-item brbl-blog-item-masonry-1-0\">\r\n        <article class=\"brbl-masonry-card brbl-post-masonry-1\">\r\n            <figure class=\"brbl-post-thumb\">\r\n\t\t\t\t<a href=\"https:\/\/felino.pt\/fr\/le-petrin-a-fourchette-felin-est-un-heritage-de-qualite-qui-resiste-a-lepreuve-du-temps-2\/\">\r\n\t\t\t\t\t<div class=\"brbl-overlay\" data-icon=\"\"><\/div>\r\n\t\t\t\t\t<img decoding=\"async\" src=\"https:\/\/felino.pt\/wp-content\/uploads\/2025\/03\/3dd53dc7-f44c-9279-20c1-6201a79ec514.png\" alt=\"Pain et beurre, \u00e9quipement FELINO\">\r\n\t\t\t\t\t\r\n\t\t\t\t<\/a>\r\n\t\t\t<\/figure>\r\n            \r\n            <div class=\"brbl-masonry-content\">\r\n\t\t\t\t\r\n                <h3 class=\"brbl-post-title\">\r\n                <a href=\"https:\/\/felino.pt\/fr\/le-petrin-a-fourchette-felin-est-un-heritage-de-qualite-qui-resiste-a-lepreuve-du-temps-2\/\">Le pain et le beurre et FELINO : un partenariat de qualit\u00e9 et de tradition<\/a>\r\n            <\/h3>\r\n                <div class=\"brbl-post-excerpt\">P\u00e3o com Manteiga, fond\u00e9e en 2019 par Luiz Silva, est une boulangerie artisanale reconnue en Algarve pour sa production de pain \u00e0 fermentation naturelle. A...<\/div>\r\n                \r\n            <\/div>\r\n        <\/article>\r\n    <\/div><div class=\"brbl-blog-item brbl-blog-item-masonry-1-0\">\r\n        <article class=\"brbl-masonry-card brbl-post-masonry-1\">\r\n            <figure class=\"brbl-post-thumb\">\r\n\t\t\t\t<a href=\"https:\/\/felino.pt\/fr\/petrin-a-spirale-sl\/\">\r\n\t\t\t\t\t<div class=\"brbl-overlay\" data-icon=\"\"><\/div>\r\n\t\t\t\t\t<img decoding=\"async\" src=\"https:\/\/felino.pt\/wp-content\/uploads\/2023\/12\/Amassadeira-Espiral-FELINO-Tina-Fixa-SL_1.png\" alt=\"P\u00e9trin FELINO\">\r\n\t\t\t\t\t\r\n\t\t\t\t<\/a>\r\n\t\t\t<\/figure>\r\n            \r\n            <div class=\"brbl-masonry-content\">\r\n\t\t\t\t\r\n                <h3 class=\"brbl-post-title\">\r\n                <a href=\"https:\/\/felino.pt\/fr\/petrin-a-spirale-sl\/\">M\u00e9langeur \u00e0 spirale FELINO SL<\/a>\r\n            <\/h3>\r\n                <div class=\"brbl-post-excerpt\">D\u00e9couvrez comment le p\u00e9trin \u00e0 spirale FELINO SL contribue \u00e0 l'efficacit\u00e9 de votre production et garantit une production sans probl\u00e8me...<\/div>\r\n                \r\n            <\/div>\r\n        <\/article>\r\n    <\/div><div class=\"brbl-blog-item brbl-blog-item-masonry-1-0\">\r\n        <article class=\"brbl-masonry-card brbl-post-masonry-1\">\r\n            <figure class=\"brbl-post-thumb\">\r\n\t\t\t\t<a href=\"https:\/\/felino.pt\/fr\/diviseur-de-pate\/\">\r\n\t\t\t\t\t<div class=\"brbl-overlay\" data-icon=\"\"><\/div>\r\n\t\t\t\t\t<img decoding=\"async\" src=\"https:\/\/felino.pt\/wp-content\/uploads\/2024\/11\/Divisora-Enroladora-de-massa.png\" alt=\"diviseur de p\u00e2te, f\u00e9lin, machines pour boulangerie et p\u00e2tisserie\">\r\n\t\t\t\t\t\r\n\t\t\t\t<\/a>\r\n\t\t\t<\/figure>\r\n            \r\n            <div class=\"brbl-masonry-content\">\r\n\t\t\t\t\r\n                <h3 class=\"brbl-post-title\">\r\n                <a href=\"https:\/\/felino.pt\/fr\/diviseur-de-pate\/\">diviseur de p\u00e2te<\/a>\r\n            <\/h3>\r\n                <div class=\"brbl-post-excerpt\">Diviseur de bobines FELINO : une innovation pour plus d'efficacit\u00e9 dans les produits de grande taille<\/div>\r\n                \r\n            <\/div>\r\n        <\/article>\r\n    <\/div><div class=\"brbl-blog-item brbl-blog-item-masonry-1-0\">\r\n        <article class=\"brbl-masonry-card brbl-post-masonry-1\">\r\n            <figure class=\"brbl-post-thumb\">\r\n\t\t\t\t<a href=\"https:\/\/felino.pt\/fr\/petrin-a-vitesse-variable\/\">\r\n\t\t\t\t\t<div class=\"brbl-overlay\" data-icon=\"\"><\/div>\r\n\t\t\t\t\t<img decoding=\"async\" src=\"https:\/\/felino.pt\/wp-content\/uploads\/2024\/11\/Amassadeira-ferro-fundido.png\" alt=\"M\u00e9langeur en fonte, M\u00e9langeur \u00e0 vitesse variable\">\r\n\t\t\t\t\t\r\n\t\t\t\t<\/a>\r\n\t\t\t<\/figure>\r\n            \r\n            <div class=\"brbl-masonry-content\">\r\n\t\t\t\t\r\n                <h3 class=\"brbl-post-title\">\r\n                <a href=\"https:\/\/felino.pt\/fr\/petrin-a-vitesse-variable\/\">M\u00e9langeur avec syst\u00e8me de vitesse variable<\/a>\r\n            <\/h3>\r\n                <div class=\"brbl-post-excerpt\">D\u00e9couvrez le p\u00e9trin FELINO avec syst\u00e8me de variation de vitesse.<\/div>\r\n                \r\n            <\/div>\r\n        <\/article>\r\n    <\/div><div class=\"brbl-blog-item brbl-blog-item-masonry-1-0\">\r\n        <article class=\"brbl-masonry-card brbl-post-masonry-1\">\r\n            <figure class=\"brbl-post-thumb\">\r\n\t\t\t\t<a href=\"https:\/\/felino.pt\/fr\/le-nouveau-melangeur-en-spirale\/\">\r\n\t\t\t\t\t<div class=\"brbl-overlay\" data-icon=\"\"><\/div>\r\n\t\t\t\t\t<img decoding=\"async\" src=\"https:\/\/felino.pt\/wp-content\/uploads\/2024\/07\/SL03.jpg\" alt=\"nouveau m\u00e9langeur \u00e0 spirale , FELINO, Machines pour la boulangerie et la p\u00e2tisserie\">\r\n\t\t\t\t\t\r\n\t\t\t\t<\/a>\r\n\t\t\t<\/figure>\r\n            \r\n            <div class=\"brbl-masonry-content\">\r\n\t\t\t\t\r\n                <h3 class=\"brbl-post-title\">\r\n                <a href=\"https:\/\/felino.pt\/fr\/le-nouveau-melangeur-en-spirale\/\">Innovation with Purpose : voici le nouveau m\u00e9langeur spiral\u00e9 FELINO SL03<\/a>\r\n            <\/h3>\r\n                <div class=\"brbl-post-excerpt\">L'histoire de la boulangerie est marqu\u00e9e par une innovation constante, et FELINO, au cours de ses 88 ann\u00e9es d'exp\u00e9rience, continue \u00e0 montrer la voie....<\/div>\r\n                \r\n            <\/div>\r\n        <\/article>\r\n    <\/div><div class=\"brbl-blog-item brbl-blog-item-masonry-1-0\">\r\n        <article class=\"brbl-masonry-card brbl-post-masonry-1\">\r\n            <figure class=\"brbl-post-thumb\">\r\n\t\t\t\t<a href=\"https:\/\/felino.pt\/fr\/diego-haupenthal-lexcellence-artisanale-au-service-de-lequipement-felin\/\">\r\n\t\t\t\t\t<div class=\"brbl-overlay\" data-icon=\"\"><\/div>\r\n\t\t\t\t\t<img decoding=\"async\" src=\"https:\/\/felino.pt\/wp-content\/uploads\/2024\/07\/Excelencia-Artesanal-com-Equipamentos-FELINO.jpeg\" alt=\"L&#039;excellence artisanale avec l&#039;\u00e9quipement FELINO\">\r\n\t\t\t\t\t\r\n\t\t\t\t<\/a>\r\n\t\t\t<\/figure>\r\n            \r\n            <div class=\"brbl-masonry-content\">\r\n\t\t\t\t\r\n                <h3 class=\"brbl-post-title\">\r\n                <a href=\"https:\/\/felino.pt\/fr\/diego-haupenthal-lexcellence-artisanale-au-service-de-lequipement-felin\/\">Diego Haupenthal : l'excellence artisanale avec l'\u00e9quipement FELINO<\/a>\r\n            <\/h3>\r\n                <div class=\"brbl-post-excerpt\">L'ambassadeur de FELINO partage ses id\u00e9es sur le secteur dans un entretien exclusif avec le magazine \"A Padaria Portuguesa\" Dans le panorama actuel de la boulangerie,...<\/div>\r\n                \r\n            <\/div>\r\n        <\/article>\r\n    <\/div><div class=\"brbl-blog-item brbl-blog-item-masonry-1-0\">\r\n        <article class=\"brbl-masonry-card brbl-post-masonry-1\">\r\n            <figure class=\"brbl-post-thumb\">\r\n\t\t\t\t<a href=\"https:\/\/felino.pt\/fr\/petrin-a-fourchettes-felin\/\">\r\n\t\t\t\t\t<div class=\"brbl-overlay\" data-icon=\"\"><\/div>\r\n\t\t\t\t\t<img decoding=\"async\" src=\"https:\/\/felino.pt\/wp-content\/uploads\/2024\/07\/Amassadeira-de-Garfo-Felino-scaled.jpg\" alt=\"M\u00e9langeur \u00e0 fourche FELINO, FELINO, Machines pour la boulangerie et la p\u00e2tisserie\">\r\n\t\t\t\t\t\r\n\t\t\t\t<\/a>\r\n\t\t\t<\/figure>\r\n            \r\n            <div class=\"brbl-masonry-content\">\r\n\t\t\t\t\r\n                <h3 class=\"brbl-post-title\">\r\n                <a href=\"https:\/\/felino.pt\/fr\/petrin-a-fourchettes-felin\/\">P\u00e9trin \u00e0 fourche FELINO<\/a>\r\n            <\/h3>\r\n                <div class=\"brbl-post-excerpt\">P\u00e9trins \u00e0 fourche : la fusion de la tradition et de l'innovation Les p\u00e9trins \u00e0 fourche FELINO sont des \u00e9quipements uniques qui combinent le meilleur de...<\/div>\r\n                \r\n            <\/div>\r\n        <\/article>\r\n    <\/div><div class=\"brbl-blog-item brbl-blog-item-masonry-1-0\">\r\n        <article class=\"brbl-masonry-card brbl-post-masonry-1\">\r\n            <figure class=\"brbl-post-thumb\">\r\n\t\t\t\t<a href=\"https:\/\/felino.pt\/fr\/melangeurs-felins-pm60-et-pm60e\/\">\r\n\t\t\t\t\t<div class=\"brbl-overlay\" data-icon=\"\"><\/div>\r\n\t\t\t\t\t<img decoding=\"async\" src=\"https:\/\/felino.pt\/wp-content\/uploads\/2024\/06\/Batedeiras-FELINO-e1718444341280.jpeg\" alt=\"M\u00e9langeurs FELINO, FELINO, Machines pour la boulangerie et la p\u00e2tisserie, M\u00e9langeur ergonomique\">\r\n\t\t\t\t\t\r\n\t\t\t\t<\/a>\r\n\t\t\t<\/figure>\r\n            \r\n            <div class=\"brbl-masonry-content\">\r\n\t\t\t\t\r\n                <h3 class=\"brbl-post-title\">\r\n                <a href=\"https:\/\/felino.pt\/fr\/melangeurs-felins-pm60-et-pm60e\/\">M\u00e9langeurs FELINO PM60 et PM60e<\/a>\r\n            <\/h3>\r\n                <div class=\"brbl-post-excerpt\">M\u00e9langeurs FELINO : performance et ergonomie pour l'industrie de la boulangerie Les m\u00e9langeurs FELINO de la s\u00e9rie PM sont des appareils qui transforment votre...<\/div>\r\n                \r\n            <\/div>\r\n        <\/article>\r\n    <\/div><div class=\"brbl-blog-item brbl-blog-item-masonry-1-0\">\r\n        <article class=\"brbl-masonry-card brbl-post-masonry-1\">\r\n            <figure class=\"brbl-post-thumb\">\r\n\t\t\t\t<a href=\"https:\/\/felino.pt\/fr\/diego-haupenthal-en-atelier-avec-le-mixeur-felin\/\">\r\n\t\t\t\t\t<div class=\"brbl-overlay\" data-icon=\"\"><\/div>\r\n\t\t\t\t\t<img decoding=\"async\" src=\"https:\/\/felino.pt\/wp-content\/uploads\/2024\/06\/Diego-Haupenthal-em-Workshop.jpeg\" alt=\"Diego Haupenthal en atelier, mixeur FELINO, p\u00e2tes sucr\u00e9es, atelier\">\r\n\t\t\t\t\t\r\n\t\t\t\t<\/a>\r\n\t\t\t<\/figure>\r\n            \r\n            <div class=\"brbl-masonry-content\">\r\n\t\t\t\t\r\n                <h3 class=\"brbl-post-title\">\r\n                <a href=\"https:\/\/felino.pt\/fr\/diego-haupenthal-en-atelier-avec-le-mixeur-felin\/\">Diego Haupenthal \u00e0 l'atelier FELINO Mixer<\/a>\r\n            <\/h3>\r\n                <div class=\"brbl-post-excerpt\">Le dimanche 12 mai dernier, de 10h \u00e0 14h, le chef Diego Haupenthal a anim\u00e9 un atelier exclusif autour des p\u00e2tes sucr\u00e9es. Cet \u00e9v\u00e9nement...<\/div>\r\n                \r\n            <\/div>\r\n        <\/article>\r\n    <\/div><div class=\"brbl-blog-item brbl-blog-item-masonry-1-0\">\r\n        <article class=\"brbl-masonry-card brbl-post-masonry-1\">\r\n            <figure class=\"brbl-post-thumb\">\r\n\t\t\t\t<a href=\"https:\/\/felino.pt\/fr\/machines-a-colorier-felines\/\">\r\n\t\t\t\t\t<div class=\"brbl-overlay\" data-icon=\"\"><\/div>\r\n\t\t\t\t\t<img decoding=\"async\" src=\"https:\/\/felino.pt\/wp-content\/uploads\/2024\/06\/Maquinas-Coloridas-FELINO.jpeg\" alt=\"FELINO Coloured Machines, Machines pour la boulangerie et la p\u00e2tisserie, M\u00e9langeur, FELINO PM20\">\r\n\t\t\t\t\t\r\n\t\t\t\t<\/a>\r\n\t\t\t<\/figure>\r\n            \r\n            <div class=\"brbl-masonry-content\">\r\n\t\t\t\t\r\n                <h3 class=\"brbl-post-title\">\r\n                <a href=\"https:\/\/felino.pt\/fr\/machines-a-colorier-felines\/\">Machines \u00e0 couleurs FELINO<\/a>\r\n            <\/h3>\r\n                <div class=\"brbl-post-excerpt\">Les machines couleur FELINO pour transformer les boulangeries et les p\u00e2tisseries La couleur joue un r\u00f4le fondamental dans la perception et l'atmosph\u00e8re de toute...<\/div>\r\n                \r\n            <\/div>\r\n        <\/article>\r\n    <\/div><div class=\"brbl-blog-item brbl-blog-item-masonry-1-0\">\r\n        <article class=\"brbl-masonry-card brbl-post-masonry-1\">\r\n            <figure class=\"brbl-post-thumb\">\r\n\t\t\t\t<a href=\"https:\/\/felino.pt\/fr\/assistance-technique-feline\/\">\r\n\t\t\t\t\t<div class=\"brbl-overlay\" data-icon=\"\"><\/div>\r\n\t\t\t\t\t<img decoding=\"async\" src=\"https:\/\/felino.pt\/wp-content\/uploads\/2024\/06\/Assistencia-Tecnica-FELINO.jpeg\" alt=\"Assistance technique FELINO, FELINO, Machines pour la boulangerie et la p\u00e2tisserie\">\r\n\t\t\t\t\t\r\n\t\t\t\t<\/a>\r\n\t\t\t<\/figure>\r\n            \r\n            <div class=\"brbl-masonry-content\">\r\n\t\t\t\t\r\n                <h3 class=\"brbl-post-title\">\r\n                <a href=\"https:\/\/felino.pt\/fr\/assistance-technique-feline\/\">Assistance technique FELINO<\/a>\r\n            <\/h3>\r\n                <div class=\"brbl-post-excerpt\">Assistance technique FELINO : l'excellence dans la maintenance du nord au sud du Portugal Chez Felino SA, nous comprenons que la proximit\u00e9 et l'efficacit\u00e9 sont vitales...<\/div>\r\n                \r\n            <\/div>\r\n        <\/article>\r\n    <\/div><\/div><nav class=\"brbl-pagination\" role=\"navigation\" aria-label=\"Pagination\"><div class=\"brbl-page-load-status brbl-page-load-status-0\" style=\"display: none;\">\r\n\t\t\t\t<div class=\"loader-ellips infinite-scroll-request\">\r\n\t\t\t\t\t<span class=\"loader-ellips__dot\"><\/span>\r\n\t\t\t\t\t<span class=\"loader-ellips__dot\"><\/span>\r\n\t\t\t\t\t<span class=\"loader-ellips__dot\"><\/span>\r\n\t\t\t\t\t<span class=\"loader-ellips__dot\"><\/span>\r\n\t\t\t\t<\/div>\r\n\t\t\t<\/div><div class=\"pagination clearfix\">\r\n\t<div class=\"alignleft\"><a href=\"https:\/\/felino.pt\/wp-json\/wp\/v2\/pages\/32259\/page\/2\/\" >\" Entr\u00e9es pr\u00e9c\u00e9dentes<\/a><\/div>\r\n\t<div class=\"alignright\"><\/div>\r\n<\/div><\/nav>\r\n\t\t\t<\/div>\n\t\t\t\t<\/div>\n\t\t\t<\/div><\/p>","protected":false},"author":5,"featured_media":0,"parent":32252,"menu_order":0,"comment_status":"closed","ping_status":"closed","template":"","meta":{"_et_pb_use_builder":"on","_et_pb_old_content":"<p>Blog<\/p>","_et_gb_content_width":"","footnotes":""},"class_list":["post-32259","page","type-page","status-publish","hentry"],"_links":{"self":[{"href":"https:\/\/felino.pt\/fr\/wp-json\/wp\/v2\/pages\/32259","targetHints":{"allow":["GET"]}}],"collection":[{"href":"https:\/\/felino.pt\/fr\/wp-json\/wp\/v2\/pages"}],"about":[{"href":"https:\/\/felino.pt\/fr\/wp-json\/wp\/v2\/types\/page"}],"author":[{"embeddable":true,"href":"https:\/\/felino.pt\/fr\/wp-json\/wp\/v2\/users\/5"}],"replies":[{"embeddable":true,"href":"https:\/\/felino.pt\/fr\/wp-json\/wp\/v2\/comments?post=32259"}],"version-history":[{"count":3,"href":"https:\/\/felino.pt\/fr\/wp-json\/wp\/v2\/pages\/32259\/revisions"}],"predecessor-version":[{"id":36993,"href":"https:\/\/felino.pt\/fr\/wp-json\/wp\/v2\/pages\/32259\/revisions\/36993"}],"up":[{"embeddable":true,"href":"https:\/\/felino.pt\/fr\/wp-json\/wp\/v2\/pages\/32252"}],"wp:attachment":[{"href":"https:\/\/felino.pt\/fr\/wp-json\/wp\/v2\/media?parent=32259"}],"curies":[{"name":"wp","href":"https:\/\/api.w.org\/{rel}","templated":true}]}}