{"id":32261,"date":"2023-06-28T01:36:51","date_gmt":"2023-06-28T00:36:51","guid":{"rendered":"https:\/\/felino.4mcomunicacao.com.br\/site\/?page_id=32261"},"modified":"2024-04-22T16:31:28","modified_gmt":"2024-04-22T15:31:28","slug":"le-recrutement","status":"publish","type":"page","link":"https:\/\/felino.pt\/fr\/actualites\/le-recrutement\/","title":{"rendered":"Recrutement"},"content":{"rendered":"<p>[et_pb_section fb_built=\"1\u2033 custom_padding_last_edited=\"on|phone\" admin_label=\"Blog\" _builder_version=\"4.24.0\u2033 _module_preset=\"default\" background_color=\"#f6f6f6\u2033 custom_padding=\"30px||||false|false\" custom_padding_tablet=\"20px||||false|false\" custom_padding_phone=\"20px||||false|false\" locked=\"off\" global_colors_info=\"{}\"][et_pb_row _builder_version=\"4.21.0\u2033 _module_preset=\"default\" global_colors_info=\"{}\"][et_pb_column type=\"4_4\u2033 _builder_version=\"4.21.0\u2033 _module_preset=\"default\" global_colors_info=\"{}\"][et_pb_text _builder_version=\"4.24.3\u2033 _module_preset=\"default\" header_2_text_align=\"centre\" text_orientation=\"centre\" global_colors_info=\"{}\"]<\/p>\n<h2>Recrutement<\/h2>\n<p class=\"elementor-heading-title elementor-size-small\">Consultez les offres d'emploi disponibles pour travailler dans l'une des unit\u00e9s FELINO.<\/p>\n<p class=\"elementor-heading-title elementor-size-small\">\n<p class=\"elementor-heading-title elementor-size-small\"><strong>Pour une candidature spontan\u00e9e, veuillez envoyer votre CV \u00e0 info@felino.pt<\/strong>.<\/p>\n<p class=\"elementor-heading-title elementor-size-small\">\n<p class=\"elementor-heading-title elementor-size-small\">\n<p class=\"elementor-heading-title elementor-size-small\">[\/et_pb_text][brbl_post_masonry include_categories=\"28\u2033 post_count=\"9\u2033 excerpt_length=\"150\u2033 show_meta=\"off\" pagination_type=\"loadmore\" column_count_tablet=\"2\u2033 column_count_phone=\"1\u2033 column_count_last_edited=\"on|phone\" _builder_version=\"4.24.2\u2033 _module_preset=\"default\" title_text_color=\"#3A3A3A\" title_font_size=\"18px\" title_line_height=\"1.3em\" locked=\"off\" global_colors_info=\"{}\"][\/brbl_post_masonry][\/et_pb_column][\/et_pb_row][\/et_pb_section]<\/p>","protected":false},"excerpt":{"rendered":"<p>Recrutement Suivez les offres d'emploi disponibles pour travailler dans l'une des unit\u00e9s FELINO. Pour postuler spontan\u00e9ment, envoyez votre CV \u00e0 info@felino.pt. <div class=\"et_pb_module brbl_post_masonry brbl_post_masonry_0\">\n\t\t\t\t\n\t\t\t\t\n\t\t\t\t\n\t\t\t\t\n\t\t\t\t\n\t\t\t\t\n\t\t\t\t<div class=\"et_pb_module_inner\">\n\t\t\t\t\t<div class=\"brbl-module brbl-post-masonry brbl-masonry-infinite\" data-options=\"{&quot;layout&quot;:&quot;masonry-1&quot;,&quot;blog_order&quot;:0,&quot;pagination_type&quot;:&quot;loadmore&quot;,&quot;loadmore_type&quot;:&quot;scroll&quot;}\">\r\n                <div class=\"entry\">\n\t<h3 class=\"not-found-title\">Pas de r\u00e9sultats<\/h3>\n\t<p>La page demand\u00e9e est introuvable. Essayez d&#039;affiner votre recherche ou utilisez le panneau de navigation ci-dessus pour localiser l&#039;article.<\/p>\n<\/div>\n\r\n\t\t\t<\/div>\n\t\t\t\t<\/div>\n\t\t\t<\/div><\/p>","protected":false},"author":5,"featured_media":0,"parent":32252,"menu_order":0,"comment_status":"closed","ping_status":"closed","template":"","meta":{"_et_pb_use_builder":"on","_et_pb_old_content":"<p>Emprego<\/p>","_et_gb_content_width":"","footnotes":""},"class_list":["post-32261","page","type-page","status-publish","hentry"],"_links":{"self":[{"href":"https:\/\/felino.pt\/fr\/wp-json\/wp\/v2\/pages\/32261","targetHints":{"allow":["GET"]}}],"collection":[{"href":"https:\/\/felino.pt\/fr\/wp-json\/wp\/v2\/pages"}],"about":[{"href":"https:\/\/felino.pt\/fr\/wp-json\/wp\/v2\/types\/page"}],"author":[{"embeddable":true,"href":"https:\/\/felino.pt\/fr\/wp-json\/wp\/v2\/users\/5"}],"replies":[{"embeddable":true,"href":"https:\/\/felino.pt\/fr\/wp-json\/wp\/v2\/comments?post=32261"}],"version-history":[{"count":3,"href":"https:\/\/felino.pt\/fr\/wp-json\/wp\/v2\/pages\/32261\/revisions"}],"predecessor-version":[{"id":36783,"href":"https:\/\/felino.pt\/fr\/wp-json\/wp\/v2\/pages\/32261\/revisions\/36783"}],"up":[{"embeddable":true,"href":"https:\/\/felino.pt\/fr\/wp-json\/wp\/v2\/pages\/32252"}],"wp:attachment":[{"href":"https:\/\/felino.pt\/fr\/wp-json\/wp\/v2\/media?parent=32261"}],"curies":[{"name":"wp","href":"https:\/\/api.w.org\/{rel}","templated":true}]}}