{"id":32277,"date":"2023-06-28T01:44:26","date_gmt":"2023-06-28T00:44:26","guid":{"rendered":"https:\/\/felino.4mcomunicacao.com.br\/site\/?page_id=32277"},"modified":"2024-11-04T15:10:16","modified_gmt":"2024-11-04T15:10:16","slug":"staf","status":"publish","type":"page","link":"https:\/\/felino.pt\/fr\/staf\/","title":{"rendered":"STAF"},"content":{"rendered":"<p>[et_pb_section fb_built=\"1\u2033 _builder_version=\"4.22.2\u2033 _module_preset=\"default\" background_image=\"https:\/\/felino.pt\/wp-content\/uploads\/2023\/10\/banner_assistencia.jpg\" height=\"400px\" global_colors_info=\"{}\"][et_pb_row _builder_version=\"4.22.2\u2033 _module_preset=\"default\" global_colors_info=\"{}\"][et_pb_column type=\"4_4\u2033 _builder_version=\"4.22.2\u2033 _module_preset=\"default\" global_colors_info=\"{}\"][dsm_block_reveal_text block_reveal_text=\"@ET-DC@eyJkeW5hbWljIp0cnVlCJb250ZW50IjoicG9zdF90aXRsZsInNldHRpbdzIjp7ImJlZm9yZSI6IlNcnZpXHUwMGU3b3MgIwiYWZ0ZIiOiIifX0=@\" heading_html_tag=\"h1\u2033 block_reveal_animation=\"bt\" admin_label=\"Supreme Block Reveal Text\" _builder_version=\"4.23.4\u2033 _dynamic_attributes=\"block_reveal_text\" _module_preset=\"default\" header_font=\"spartan bold||on|||||\" header_text_align=\"centre\" header_text_color=\"#FFFF\" header_font_size=\"40px\" header_line_height=\"1.2em\" custom_margin=\"7vh||||false|false\" header_text_shadow_style=\"preset2\u2033 locked=\"off\" global_colors_info=\"{}\"][\/dsm_block_reveal_text][\/et_pb_column][\/et_pb_row][\/et_pb_section][et_pb_section fb_built=\"1\u2033 _builder_version=\"4.16\u2033 global_colors_info=\"{}\"][et_pb_row _builder_version=\"4.23.4\u2033 background_size=\"initial\" background_position=\"top_left\" background_repeat=\"repeat\" custom_padding=\"0px||||false|false\" locked=\"off\" global_colors_info=\"{}\"][et_pb_column type=\"4_4\u2033 _builder_version=\"4.16\u2033 custom_padding=\"||\" global_colors_info=\"{}\" custom_padding__hover=\"||\"][et_pb_text _builder_version=\"4.24.0\u2033 _module_preset=\"default\" header_2_font=\"||||||||\" header_2_text_align=\"centre\" header_2_font_size=\"24px\" header_2_line_height=\"1.2em\" header_3_font=\"spartan semibold|600|||||||\" header_3_font_size=\"18px\" header_3_line_height=\"1.2em\" custom_margin=\"25px||||false|false\" header_2_line_height_tablet=\"1.2em\" header_2_line_height_phone=\"1.2em\" header_2_line_height_last_edited=\"on|tablet\" header_3_line_height_tablet=\"1.2em\" header_3_line_height_phone=\"1.2em\" header_3_line_height_last_edited=\"on|phone\" global_colors_info=\"{}\"]<\/p>\n<h2><strong>Services d'assistance technique FELINO<\/strong><\/h2>\n<h3 style=\"text-align: center;\">Une assistance technique sp\u00e9cialis\u00e9e pour que votre entreprise continue \u00e0 fonctionner<\/h3>\n<p>[\/et_pb_text][et_pb_text _builder_version=\"4.24.0\u2033 _module_preset=\"default\" text_line_height=\"1.8em\" header_2_font_size=\"23px\" header_2_line_height=\"1.7em\" header_3_font_size=\"19px\" header_3_line_height=\"1.7em\" global_colors_info=\"{}\"]<\/p>\n<p>Chez FELINO, nous sommes conscients que votre \u00e9quipement est un \u00e9l\u00e9ment essentiel de votre activit\u00e9. C'est pourquoi nous savons \u00e0 quel point il est essentiel de les maintenir en \u00e9tat de marche sans interruption de la production. Nos services d'assistance technique FELINO - STAF - sont l\u00e0 pour vous aider \u00e0 pr\u00e9venir les probl\u00e8mes avant qu'ils ne surviennent. \u00c9vitez les r\u00e9parations co\u00fbteuses et les interruptions ind\u00e9sirables de votre production, et v\u00e9rifiez tous les composants vitaux de votre \u00e9quipement avec une \u00e9quipe de techniciens sp\u00e9cialis\u00e9s form\u00e9s par FELINO.<\/p>\n<p>[\/et_pb_text][\/et_pb_column][\/et_pb_row][et_pb_row _builder_version=\u201d4.22.1\u2033 _module_preset=\"default\" custom_margin=\"||0px|false|false\" custom_padding=\"||0px|false|false\" global_colors_info=\"{}\"][et_pb_column type=\"4_4\u2033 _builder_version=\"4.22.1\u2033 _module_preset=\"default\" global_colors_info=\"{}\"][et_pb_text _builder_version=\"4.24.0\u2033 _module_preset=\"default\" text_font_size=\"13px\" text_line_height=\"1.9em\" header_2_font=\"||||||||\" header_2_font_size=\"22px\" header_2_line_height=\"1.7em\" header_3_font_size=\"19px\" header_3_line_height=\"1.7em\" header_2_line_height_tablet=\"1.7em\" header_2_line_height_phone=\"1.3em\" header_2_line_height_last_edited=\"on|phone\" global_colors_info=\"{}\"]<\/p>\n<h2 style=\"text-align: center;\"><strong>Pourquoi choisir les services STAF de FELINO ?<\/strong><\/h2>\n<p>[\/et_pb_text][\/et_pb_column][\/et_pb_row][et_pb_row column_structure=\"1_2,1_2\u2033 _builder_version=\"4.22.1\u2033 _module_preset=\"default\" global_colors_info=\"{}\"][et_pb_column type=\"1_2\u2033 _builder_version=\"4.22.1\u2033 _module_preset=\u201ddefault\u201d global_colors_info=\u201d{}\u201d][et_pb_image src=\u201dhttps:\/\/felino.pt\/wp-content\/uploads\/2023\/10\/PHOTO-2023-06-15-15-14-44.jpg\u201d title_text=\u201dPHOTO-2023-06-15-15-14-44\u2033 align=\u201dcenter\u201d _builder_version=\u201d4.22.2\u2033 _module_preset=\"default\" width=\"100%\" global_colors_info=\"{}\"][\/et_pb_image][\/et_pb_column][et_pb_column type=\"1_2\u2033 _builder_version=\"4.22.1\u2033 _module_preset=\"default\" global_colors_info=\"{}\"][et_pb_text _builder_version=\"4.24.0\u2033 _module_preset=\"default\" text_line_height=\"1.8em\" header_2_font_size=\"23px\" header_2_line_height=\"1.7em\" header_3_font=\"spartan bold||||||||\" header_3_font_size=\"18px\" header_3_line_height=\"1.7em\" global_colors_info=\"{}\"]<\/p>\n<h3><strong>Une exp\u00e9rience in\u00e9gal\u00e9e :<\/strong><\/h3>\n<p>Avec 88 ans d'exp\u00e9rience sur le march\u00e9, FELINO est synonyme de qualit\u00e9 et de fiabilit\u00e9. Notre savoir-faire nous permet d'identifier et de r\u00e9soudre les probl\u00e8mes rapidement et efficacement, afin de garantir la continuit\u00e9 de votre production.<\/p>\n<p>[\/et_pb_text][et_pb_text _builder_version=\"4.22.2\u2033 _module_preset=\"default\" text_line_height=\"1.8em\" header_2_font_size=\"23px\" header_2_line_height=\"1.7em\" header_3_font= \"spartan bold||||||||\" header_3_font_size= \"18px\" header_3_line_height= \"1.7em\" global_colors_info= \"{}\"]<\/p>\n<h3><strong>Connaissances locales :<\/strong><\/h3>\n<p>En tant qu'entreprise nationale, nous connaissons le territoire et la dynamique des boulangeries et p\u00e2tisseries portugaises. Cette connaissance nous permet de fournir des solutions personnalis\u00e9es qui s'adaptent \u00e0 vos besoins sp\u00e9cifiques et au type de production de votre usine.<\/p>\n<p>[\/et_pb_text][et_pb_text _builder_version=\"4.22.2\u2033 _module_preset=\"default\" text_line_height=\"1.8em\" header_2_font_size=\"23px\" header_2_line_height=\"1.7em\" header_3_font= \"spartan bold||||||||\" header_3_font_size= \"18px\" header_3_line_height= \"1.7em\" global_colors_info= \"{}\"]<\/p>\n<h3><strong>Assistance 24 heures sur 24<\/strong><\/h3>\n<p>Notre assistance est disponible 24 heures sur 24, 7 jours sur 7. En cas de probl\u00e8me, nous sommes l\u00e0 pour vous aider, quelle que soit l'heure. Cela garantit une disponibilit\u00e9 maximale de votre \u00e9quipement et minimise les \u00e9ventuelles interruptions de production.<\/p>\n<p>[\/et_pb_text][et_pb_text _builder_version=\"4.22.2\u2033 _module_preset=\"default\" text_line_height=\"1.8em\" header_2_font_size=\"23px\" header_2_line_height=\"1.7em\" header_3_font= \"spartan bold||||||||\" header_3_font_size= \"18px\" header_3_line_height= \"1.7em\" global_colors_info= \"{}\"]<\/p>\n<h3><strong>Maintenance sp\u00e9cialis\u00e9e :<\/strong><\/h3>\n<p>FELINO est sp\u00e9cialis\u00e9 dans les \u00e9quipements de boulangerie et de p\u00e2tisserie. L'entretien pr\u00e9ventif est effectu\u00e9 par des techniciens sp\u00e9cialis\u00e9s qui connaissent parfaitement votre \u00e9quipement, ce qui garantit un service de qualit\u00e9 et prolonge la dur\u00e9e de vie de votre \u00e9quipement.<\/p>\n<p>[\/et_pb_text][\/et_pb_column][\/et_pb_row][et_pb_row _builder_version=\"4.22.1\u2033 _module_preset=\"default\" custom_padding=\"||0px|false|false\" global_colors_info=\"{}\"][et_pb_column type=\"4_4\u2033 _builder_version=\"4.22.1\u2033 _module_preset=\"default\" global_colors_info=\"{}\"][et_pb_text _builder_version=\"4.24.0\u2033 _module_preset=\"default\" text_font_size=\"13px\" text_line_height=\"1.9em\" header_2_font=\"||||||||\" header_2_text_align=\"centre\" header_2_font_size=\"22px\" header_2_line_height=\"1.7em\" header_3_font_size=\"19px\" header_3_line_height=\"1.7em\" header_2_line_height_tablet=\"1.7em\" header_2_line_height_phone=\"1.2em\" header_2_line_height_last_edited=\"on|phone\" global_colors_info=\"{}\"]<\/p>\n<h2><strong>Avantages suppl\u00e9mentaires pour votre \u00e9quipement :<\/strong><\/h2>\n<p>[\/et_pb_text][\/et_pb_column][\/et_pb_row][et_pb_row column_structure=\u201d1_2,1_2\u2033 _builder_version=\u201d4.22.1\u2033 _module_preset=\"default\" global_colors_info=\"{}\"][et_pb_column type=\"1_2\u2033 _builder_version=\"4.22.1\u2033 _module_preset=\"default\" global_colors_info=\"{}\"][et_pb_text _builder_version=\"4.22.2\u2033 _module_preset=\"default\" text_line_height=\"1.8em\" header_2_font_size=\"23px\" header_2_line_height=\"1.7em\" header_3_font=\"spartan bold||||||||\" header_3_font_size=\"18px\" header_3_line_height=\"1.7em\" global_colors_info=\"{}\"]<\/p>\n<h3><strong>Pi\u00e8ces d'origine :<\/strong><\/h3>\n<p>Nous garantissons l'utilisation de pi\u00e8ces d'origine pour les r\u00e9parations, ce qui permet de maintenir la qualit\u00e9 et les performances de votre \u00e9quipement.<\/p>\n<p>[\/et_pb_text][et_pb_text _builder_version=\"4.22.2\u2033 _module_preset=\"default\" text_line_height=\"1.8em\" header_2_font_size=\"23px\" header_2_line_height=\"1.7em\" header_3_font= \"spartan bold||||||||\" header_3_font_size= \"18px\" header_3_line_height= \"1.7em\" global_colors_info= \"{}\"]<\/p>\n<h3><strong>Solutions personnalis\u00e9es :<\/strong><\/h3>\n<p>Nous travaillons avec vous pour d\u00e9velopper des plans de maintenance pr\u00e9ventive sp\u00e9cifiques aux besoins de votre entreprise.<\/p>\n<p>[\/et_pb_text][\/et_pb_column][et_pb_column type=\"1_2\u2033 _builder_version=\"4.22.1\u2033 _module_preset=\"default\" global_colors_info=\"{}\"][et_pb_text _builder_version=\"4.22.2\u2033 _module_preset=\"default\" text_line_height=\"1.8em\" header_2_font_size=\"23px\" header_2_line_height=\"1.7em\" header_3_font=\"spartan bold||||||||\" header_3_font_size=\"18px\" header_3_line_height=\"1.7em\" global_colors_info=\"{}\"]<\/p>\n<h3><strong>Dur\u00e9e de vie accrue :<\/strong><\/h3>\n<p>Un entretien pr\u00e9ventif r\u00e9gulier permet non seulement d'\u00e9viter les pannes, mais aussi de prolonger la dur\u00e9e de vie de votre \u00e9quipement, ce qui vous permet d'\u00e9conomiser de l'argent \u00e0 long terme.<\/p>\n<p>[\/et_pb_text][et_pb_text _builder_version=\"4.22.2\u2033 _module_preset=\"default\" text_line_height=\"1.8em\" header_2_font_size=\"23px\" header_2_line_height=\"1.7em\" header_3_font= \"spartan bold||||||||\" header_3_font_size= \"18px\" header_3_line_height= \"1.7em\" global_colors_info= \"{}\"]<\/p>\n<h3><strong>Formation sp\u00e9cialis\u00e9e :<\/strong><\/h3>\n<p>Nous proposons une formation sp\u00e9cialis\u00e9e pour votre \u00e9quipe, garantissant une utilisation correcte et s\u00fbre de l'\u00e9quipement.<\/p>\n<p>[\/et_pb_text][\/et_pb_column][\/et_pb_row][\/et_pb_section][et_pb_section fb_built=\"1\u2033 _builder_version=\"4.22.1\u2033 _module_preset=\"default\" background_color=\"#f4f4\u2033 custom_padding=\"30px|||||\" global_colors_info=\"{}\"][et_pb_row _builder_version=\"4.22.1\u2033 _module_preset=\"default\" global_colors_info=\"{}\"][et_pb_column type=\"4_4\u2033 _builder_version=\"4.22.1\u2033 _module_preset=\"default\" global_colors_info=\"{}\"][et_pb_text _builder_version=\"4.24.0\u2033 _module_preset=\"default\" header_2_font_size=\"24px\" header_2_line_height=\"1.4em\" custom_padding=\"30px||||false|false\" custom_padding_tablet=\"30px||||false|false\" custom_padding_phone=\"10px||||false|false\" custom_padding_last_edited=\"on|phone\" global_colors_info=\"{}\"]<\/p>\n<h2 style=\"text-align: center;\"><strong>R\u00e9servez votre entretien pr\u00e9ventif<\/strong><\/h2>\n<p>[\/et_pb_text][et_pb_text admin_label=\"Texte\" _builder_version=\"4.24.0\u2033 _module_preset=\"default\" text_line_height=\"1.8em\" header_2_font=\"||||||||\" header_2_font_size=\"22px\" header_2_line_height=\"1.7em\" header_3_font_size=\"19px\" header_3_line_height=\"1.7em\" custom_padding=\"||30px||false|false\" header_2_line_height_tablet=\"1.7em\" header_2_line_height_phone=\"1.2em\" header_2_line_height_last_edited=\"on|phone\" global_colors_info=\"{}\"]<\/p>\n<p>En plus des services de maintenance pr\u00e9ventive, FELINO propose des services de remise en \u00e9tat des \u00e9quipements, des sessions de formation approfondie et des conseils sur les bonnes pratiques d'exploitation. C'est un pas de plus dans notre engagement \u00e0 vous aider \u00e0 maintenir votre productivit\u00e9 aussi efficace que possible.<\/p>\n<p><strong>STAF est notre service apr\u00e8s-vente 24 heures sur 24, dot\u00e9 d'une \u00e9quipe hautement sp\u00e9cialis\u00e9e.<\/strong> En outre, nous proposons des plans de maintenance pr\u00e9ventive et des services de reconditionnement des \u00e9quipements. Apr\u00e8s tout, nous savons \u00e0 quel point l'efficacit\u00e9 et le soutien sont essentiels \u00e0 votre r\u00e9ussite.<\/p>\n<p>[\/et_pb_text][et_pb_text _builder_version=\"4.24.0\u2033 _module_preset=\"default\" header_2_text_align=\"centre\" header_2_font_size=\"22px\" header_2_line_height=\"1.4em\" global_colors_info=\"{}\"]<\/p>\n<h2><strong>En savoir plus sur les services de STAF FELINO<\/strong><\/h2>\n<p>[\/et_pb_text][et_pb_text _builder_version=\"4.24.0\u2033 _module_preset=\"default\" text_line_height=\"1.8em\" header_2_font=\"||||||||\" header_2_text_align=\"centre\" header_2_font_size=\"22px\" header_2_line_height=\"1.7em\" header_3_font_size=\"19px\" header_3_line_height=\"1.7em\" custom_padding=\"||30px||false|false\" header_2_line_height_tablet=\"1.7em\" header_2_line_height_phone=\"1.2em\" header_2_line_height_last_edited=\"on|phone\" global_colors_info=\"{}\"]<\/p>\n<p>Pour r\u00e9server votre assistance technique et\/ou demander des pr\u00e9cisions, vous pouvez nous contacter au num\u00e9ro de t\u00e9l\u00e9phone suivant <strong>+351 229 699 830<\/strong> ou utilisez le formulaire ci-dessous.<\/p>\n<p>Chez FELINO, nous nous engageons \u00e0 maintenir votre activit\u00e9 en mouvement, avec des \u00e9quipements de qualit\u00e9 et d'excellents services d'assistance technique. Comptez sur nous pour que votre production soit op\u00e9rationnelle tous les jours.<\/p>\n<p>[\/et_pb_text][dsm_contact_form_7 cf7_library=\"36530\u2033 button_alignment=\"left\" _builder_version=\"4.27.2\u2033 _module_preset=\"default\" input_textarea_select_text_color=\"#3A3A\" input_textarea_select_font_size=\"15px\" input_textarea_select_line_height=\"1.8em\" custom_button_one=\"on\" button_one_text_size=\"17px\" button_one_text_color=\"#FFFF\" button_one_bg_color=\"#EF8D23\u2033 button_one_border_radius=\"6px\" button_one_font=\"||||||||\" button_one_on_hover=\"off\" button_one_custom_padding=\"7px|50px|7px|30px|true|false\" hover_enabled=\"0\u2033 border_width_right_image=\"1px\" border_color_right_image=\"rgba(58,58,58,0.2)\" border_width_bottom_image=\"1px\" border_color_bottom_image=\"rgba(58,58,58,0.35)\" box_shadow_style_button_one=\"preset3\u2033 global_colors_info=\"{}\" button_one_bg_color__hover=\"#7A1315\u2033 button_one_bg_color__hover_enabled=\"on|hover\" custom_css_free_form=\"document.addEventListener( 'wpcf7submit', function( event ) {| jQuery('head').append('<\/p>\n<style type=%22text\/css%22>.aw-no-spinner:before{display:none!important}<\/style>\n<p>');|| jQuery('body').find('.processing').addClass('aw-no-spinner');||}, false );||jQuery('.wpcf7-submit').on('click', function( event ) {|| jQuery('body').find('.processing').removeClass('aw-no-spinner');||}) ;\" sticky_enabled=\"0\u2033][\/dsm_contact_form_7][\/et_pb_column][\/et_pb_row][\/et_pb_section]<\/p>","protected":false},"excerpt":{"rendered":"<p>STAF FELINO. Une assistance technique sp\u00e9cialis\u00e9e pour que votre entreprise continue \u00e0 fonctionner.<\/p>","protected":false},"author":5,"featured_media":34734,"parent":0,"menu_order":0,"comment_status":"closed","ping_status":"closed","template":"","meta":{"_et_pb_use_builder":"on","_et_pb_old_content":"STAF","_et_gb_content_width":"","footnotes":""},"class_list":["post-32277","page","type-page","status-publish","has-post-thumbnail","hentry"],"_links":{"self":[{"href":"https:\/\/felino.pt\/fr\/wp-json\/wp\/v2\/pages\/32277","targetHints":{"allow":["GET"]}}],"collection":[{"href":"https:\/\/felino.pt\/fr\/wp-json\/wp\/v2\/pages"}],"about":[{"href":"https:\/\/felino.pt\/fr\/wp-json\/wp\/v2\/types\/page"}],"author":[{"embeddable":true,"href":"https:\/\/felino.pt\/fr\/wp-json\/wp\/v2\/users\/5"}],"replies":[{"embeddable":true,"href":"https:\/\/felino.pt\/fr\/wp-json\/wp\/v2\/comments?post=32277"}],"version-history":[{"count":3,"href":"https:\/\/felino.pt\/fr\/wp-json\/wp\/v2\/pages\/32277\/revisions"}],"predecessor-version":[{"id":37708,"href":"https:\/\/felino.pt\/fr\/wp-json\/wp\/v2\/pages\/32277\/revisions\/37708"}],"wp:featuredmedia":[{"embeddable":true,"href":"https:\/\/felino.pt\/fr\/wp-json\/wp\/v2\/media\/34734"}],"wp:attachment":[{"href":"https:\/\/felino.pt\/fr\/wp-json\/wp\/v2\/media?parent=32277"}],"curies":[{"name":"wp","href":"https:\/\/api.w.org\/{rel}","templated":true}]}}