{"id":34177,"date":"2023-09-30T17:55:57","date_gmt":"2023-09-30T16:55:57","guid":{"rendered":"https:\/\/felino.4mcomunicacao.com.br\/?page_id=34177"},"modified":"2024-04-22T16:38:06","modified_gmt":"2024-04-22T15:38:06","slug":"lhistoire","status":"publish","type":"page","link":"https:\/\/felino.pt\/fr\/lhistoire\/","title":{"rendered":"L'histoire"},"content":{"rendered":"<p>[et_pb_section fb_built=\"1\u2033 admin_label=\"history\" module_id=\"history\" _builder_version=\"4.23.4\u2033 _module_preset=\"default\" background_image=\"https:\/\/felino.pt\/wp-content\/uploads\/2023\/08\/slide1.jpg\" min_height=\"500px\" min_height_tablet=\"\" min_height_phone=\"\" min_height_last_edited=\"on|tablet\" background_last_edited=\"on|phone\" background_size_tablet=\"cover\" background_position_tablet=\"top_left\" background_position_phone=\"top_left\" background_vertical_offset_tablet=\"56%\" locked=\"off\" global_colors_info=\"{}\"][\/et_pb_section][et_pb_section fb_built=\"1\u2033 admin_label=\"section\" _builder_version=\"4.16\u2033 locked=\"off\" global_colors_info=\"{}\"][et_pb_row use_custom_gutter=\"on\" gutter_width=\"2\u2033 admin_label=\"row\" _builder_version=\"4.22.1\u2033 background_size=\"initial\" background_position=\"top_left\" background_repeat=\"repeat\" global_colors_info=\"{}\"][et_pb_column type=\"4_4\u2033 _builder_version=\"4.16\u2033 custom_padding=\"||\" global_colors_info=\"{}\" custom_padding__hover=\"||\"][et_pb_text _builder_version=\"4.24.0\u2033 _module_preset=\"default\" text_font_size=\"13px\" text_line_height=\"1.9em\" header_2_font=\"|600|||||||\" header_2_line_height=\"1.4em\" header_3_font=\"spartan semibold|600|||||||\" header_3_font_size=\"20px\" header_3_line_height=\"1.4em\" custom_padding=\"||20px||false|false\" locked=\"off\" global_colors_info=\"{}\"]]<\/p>\n<h2 style=\"text-align: center;\"><strong>FELINO institutionnel<\/strong><strong><\/strong><\/h2>\n<h3 style=\"text-align: center;\">Innovation, technologie et excellence des services.<\/h3>\n<p>[\/et_pb_text][et_pb_text _builder_version=\"4.24.0\u2033 _module_preset=\"default\" text_line_height=\"1.8em\" global_colors_info=\"{}\"]<\/p>\n<p><strong>Fond\u00e9e en 1936, FELINO est l'une des entreprises les plus anciennes et les plus respect\u00e9es de la p\u00e9ninsule ib\u00e9rique. Elle est sp\u00e9cialis\u00e9e dans la fonte, l'usinage de pi\u00e8ces techniques et la production de machines de boulangerie et de p\u00e2tisserie pour l'industrie alimentaire.<\/strong><\/p>\n<p>Bas\u00e9e \u00e0 Valongo, au Portugal, FELINO a plus de 88 ans d'exp\u00e9rience dans la fourniture de machines et d'installations compl\u00e8tes pour les boulangeries et les p\u00e2tisseries, ainsi que dans les services de sous-traitance dans le secteur m\u00e9tallurgique et m\u00e9tallo-m\u00e9canique.<\/p>\n<p>[\/et_pb_text][\/et_pb_column][\/et_pb_row][\/et_pb_section][et_pb_section fb_built=\"1\u2033 _builder_version=\"4.22.2\u2033 _module_preset=\"default\" custom_margin=\"|0px||0px|true|true\" custom_padding=\"0px|0px|0px|true|true\" global_colors_info=\"{}\"][et_pb_row _builder_version=\"4.22.1\u2033 _module_preset=\"default\" width=\"100%\" max_width=\"100%\" custom_margin=\"0px|auto|0px|auto|false|false\" custom_padding=\"0px|0px|false|false\" global_colors_info=\"{}\"][et_pb_column type=\"4_4\u2033 _builder_version=\"4.22.1\u2033 _module_preset=\"default\" global_colors_info=\"{}\"][dsm_card_carousel slide_to_show=\"5\u2033 autoplay=\"off\" space_between=\"0\u2033 auto_height=\"off\" use_arrow_custom_position=\"on\" arrow_custom_position=\"20px\" arrow_size=\"25px\" arrow_color=\"#3A3A3A\" arrow_background_color=\"#EF8D23\u2033 dots_horizontal_placement=\"0px\" stretch_image=\"off\" _builder_version=\"4.24.0\u2033 _module_preset=\"default\" header_font_size=\"25px\" body_font_size=\"13px\" body_line_height=\"1.5em\" custom_margin=\"||9px||false|false\" box_shadow_style_arrow=\"preset3\u2033 global_colors_info=\"{}\"][dsm_card_carousel_child title=\"1936\u2033 image=\"https:\/\/felino.pt\/wp-content\/uploads\/2023\/08\/cronograma1.jpg\" button_url_new_window=\"1\u2033 _builder_version=\"4.23.1\u2033 _module_preset=\"default\" global_colors_info=\"{}\" parent_button=\"off\" parent_header_level=\"h4\u2033 parent_stretch_image=\"off\"]<\/p>\n<p><span>Le minist\u00e8re du commerce et de l'industrie a autoris\u00e9 la demande de licence pour l'exploitation d'une fonderie et d'une usine m\u00e9tallurgique. La production de pi\u00e8ces simples \u00e0 partir de t\u00f4les et de profil\u00e9s m\u00e9talliques marque le d\u00e9but de l'activit\u00e9 de l'entreprise sous le nom de Ferreira Lino &amp; Irm\u00e3o.<\/span><\/p>\n<p>[\/dsm_card_carousel_child][dsm_card_carousel_child title=\"1966\u2033 image=\"https:\/\/felino.pt\/wp-content\/uploads\/2023\/08\/cronograma_apliacao.jpg\" button_url_new_window=\"1\u2033 _builder_version=\"4.22.1\u2033 _module_preset=\"default\" global_colors_info=\"{}\" parent_button=\"off\" parent_header_level=\"h4\u2033 parent_stretch_image=\"off\"]Iron foundry expansion[\/dsm_card_carousel_child][dsm_card_carousel_child title=\"1972\u2033 image=\"https:\/\/felino.pt\/wp-content\/uploads\/2023\/08\/1972.jpg\" button_url_new_window=\"1\u2033 _builder_version=\"4.22.1\u2033 _module_preset=\"default\" global_colors_info=\"{}\" parent_button=\"off\" parent_header_level=\"h4\u2033 parent_stretch_image=\"off\"]Une nouvelle unit\u00e9 racine a \u00e9t\u00e9 cr\u00e9\u00e9e pour les constructions m\u00e9caniques (navires 1 et 2)[\/dsm_card_carousel_child][dsm_card_carousel_child title=\"1981\u2033 image=\"https:\/\/felino.pt\/wp-content\/uploads\/2023\/08\/cronograma4.jpg\" button_url_new_window=\"1\u2033 _builder_version=\"4.22.1\u2033 _module_preset=\"default\" global_colors_info=\"{}\" parent_button=\"off\" parent_header_level=\"h4\u2033 parent_stretch_image=\"off\"]Aluminium Foundry Construction[\/dsm_card_carousel_child][dsm_card_carousel_child title=\"1994\u2033 image=\"https:\/\/felino.fr\/wp-content\/uploads\/2023\/08\/cronograma2.jpg\" button_url_new_window=\"1\u2033 _builder_version=\"4.22.1\u2033 _module_preset=\"default\" global_colors_info=\"{}\" parent_button=\"off\" parent_header_level=\"h4\u2033 parent_stretch_image=\"off\"]Ouverture d'une nouvelle fonderie de fer dans la zone industrielle de Sobrado[\/dsm_card_carousel_child][dsm_card_carousel_child title=\"1996\u2033 image=\"https:\/\/felino.pt\/wp-content\/uploads\/2023\/08\/cronograma6.jpg\" button_url_new_window=\"1\u2033 _builder_version=\"4.22.1\u2033 _module_preset=\"default\" global_colors_info=\"{}\" parent_button=\"off\" parent_header_level=\"h4\u2033 parent_stretch_image=\"off\"]Iron Foundry Quality Certification[\/dsm_card_carousel_child][dsm_card_carousel_child title=\"2011\u2033 image=\"https:\/\/felino.pt\/wp-content\/uploads\/2023\/08\/cronograma7.jpg\" button_url_new_window=\"1\u2033 _builder_version=\"4.22.1\u2033 _module_preset=\"default\" global_colors_info=\"{}\" parent_button=\"off\" parent_header_level=\"h4\u2033 parent_stretch_image=\"off\"]Extension de la certification du Syst\u00e8me de Management de la Qualit\u00e9 \u00e0 l'ensemble des activit\u00e9s de l'entreprise[\/dsm_card_carousel_child][dsm_card_carousel_child title=\"2011\u2033 image=\"https:\/\/felino.pt\/wp-content\/uploads\/2023\/08\/75anos.jpg\" button_url_new_window=\"1\u2033 _builder_version=\"4.22.1\u2033 _module_preset=\"default\" global_colors_info=\"{}\" parent_button=\"off\" parent_header_level=\"h4\u2033 parent_stretch_image=\"off\"]C\u00e9l\u00e9bration des 75 ans de FELINO[\/dsm_card_carousel_child][dsm_card_carousel_child title=\"2014\u2033 image=\"https:\/\/felino.pt\/wp-content\/uploads\/2023\/08\/20anos.jpg\" button_url_new_window=\"1\u2033 _builder_version=\"4.22.1\u2033 _module_preset=\"default\" global_colors_info=\"{}\" parent_button=\"off\" parent_header_level=\"h4\u2033 parent_stretch_image=\"off\"]C\u00e9l\u00e9bration des 20 ans des installations de la fonderie de fer (Sobrado)[\/dsm_card_carousel_child][dsm_card_carousel_child title=\"2016\u2033 image=\"https:\/\/felino.pt\/wp-content\/uploads\/2023\/08\/80anos.jpg\" button_url_new_window=\"1\u2033 _builder_version=\"4.22.1\u2033 _module_preset=\"default\" global_colors_info=\"{}\" parent_button=\"off\" parent_header_level=\"h4\u2033 parent_stretch_image=\"off\"]C\u00e9l\u00e9bration des 80 ans de FELINO[\/dsm_card_carousel_child][dsm_card_carousel_child title=\"2020\u2033 image=\"https:\/\/felino.pt\/wp-content\/uploads\/2023\/08\/marcaecofab.jpg\" button_url_new_window=\"1\u2033 _builder_version=\"4.22.1\u2033 _module_preset=\"default\" global_colors_info=\"{}\" parent_button=\"off\" parent_header_level=\"h4\u2033 parent_stretch_image=\"off\"]FAB brand product launch[\/dsm_card_carousel_child][dsm_card_carousel_child title=\"2021\u2033 image=\"https:\/\/felino.pt\/wp-content\/uploads\/2023\/08\/85anos.jpg\" button_url_new_window=\"1\u2033 _builder_version=\"4.22.1\u2033 _module_preset=\"default\" global_colors_info=\"{}\" parent_button=\"off\" parent_header_level=\"h4\u2033 parent_stretch_image=\"off\"]C\u00e9l\u00e9bration des 85 ans de FELINO[\/dsm_card_carousel_child][dsm_card_carousel_child title=\"2021\u2033 image=\"https:\/\/felino.pt\/wp-content\/uploads\/2023\/08\/felino-sul-02.jpg\" button_url_new_window=\"1\u2033 _builder_version=\"4.22.1\u2033 _module_preset=\"default\" global_colors_info=\"{}\" parent_button=\"off\" parent_header_level=\"h4\u2033 parent_stretch_image=\"off\"]Ouverture de la d\u00e9l\u00e9gation FELINO Sud[\/dsm_card_carousel_child][dsm_card_carousel_child title=\"2023\u2033 image=\"https:\/\/felino.en\/wp-content\/uploads\/2023\/12\/RMi.png\" button_url_new_window=\"1\u2033 _builder_version=\"4.24.0\u2033 _module_preset=\"default\" global_colours_info=\"{}\" parent_button=\"off\" parent_header_level=\"h4\u2033 parent_stretch_image=\"off\"]<\/p>\n<p><span>Lancement du premier m\u00e9langeur \u00e0 spirale en acier inoxydable moul\u00e9 au monde.<\/span><\/p>\n<p>[\/dsm_card_carousel_child][\/dsm_card_carousel][\/et_pb_column][\/et_pb_row][\/et_pb_section][et_pb_section fb_built=\"1\u2033 admin_label=\"section\" _builder_version=\"4.16\u2033 locked=\"off\" global_colors_info=\"{}\"][et_pb_row use_custom_gutter=\"on\" gutter_width=\"2\u2033 admin_label=\"row\" _builder_version=\"4.22.1\u2033 background_size=\"initial\" background_position=\"top_left\" background_repeat=\"repeat\" global_colors_info=\"{}\"][et_pb_column type=\"4_4\u2033 _builder_version=\"4.16\u2033 custom_padding=\"||\" global_colors_info=\"{}\" custom_padding__hover=\"||\"][et_pb_text _builder_version=\"4.25.0\u2033 _module_preset=\"default\" text_line_height=\"1.8em\" header_2_font=\"spartan semibold|600|||||||\" header_2_font_size=\"22px\" header_2_line_height=\"1.7em\" header_3_font_size=\"19px\" header_3_line_height=\"1.7em\" hover_enabled=\"0\u2033 header_2_line_height_tablet=\"1.7em\" header_2_line_height_phone=\"1.2em\" header_2_line_height_last_edited=\"on|phone\" locked=\"off\" global_colors_info=\"{}\" sticky_enabled=\"0\u2033]<\/p>\n<h2>Origines et croissance<\/h2>\n<p>L'histoire de FELINO commence avec les fr\u00e8res Laurindo et Jos\u00e9 Maria Ferreira Lino, qui r\u00e9alisent une opportunit\u00e9 commerciale unique lorsque l'un des fr\u00e8res, propri\u00e9taire d'une boulangerie, \u00e9prouve des difficult\u00e9s \u00e0 trouver de la main-d'\u0153uvre qualifi\u00e9e. Avec l'id\u00e9e de fabriquer des machines pour l'industrie de la boulangerie, l'entreprise a d\u00e9but\u00e9 sous le nom de \"Ferreira Lino &amp; Irm\u00e3o\" et a \u00e9volu\u00e9 d'une petite fonderie \u00e0 un fabricant de machines pr\u00e9sent sur l'ensemble du march\u00e9 national.<\/p>\n<p>&nbsp;<\/p>\n<h2>Expansion et internationalisation<\/h2>\n<p>Dans les ann\u00e9es 80, FELINO a \u00e9largi ses activit\u00e9s en construisant une nouvelle usine pour l'assemblage et la finition des machines de boulangerie et de p\u00e2tisserie. L'entreprise agrandit \u00e9galement sa fonderie et entame un processus d'internationalisation. La n\u00e9cessit\u00e9 de cr\u00e9er une marque pour les march\u00e9s internationaux a donn\u00e9 naissance au nom \"Felino\", fusion de \"Ferreira\" et \"Lino\", avec un logo qui repr\u00e9sente l'agilit\u00e9 et la robustesse des produits.<\/p>\n<p>Aujourd'hui, FELINO emploie plus de 100 personnes r\u00e9parties dans deux unit\u00e9s industrielles : \u00e0 Ermesinde, sur une surface de 15.000 m2, o\u00f9 se d\u00e9roulent les processus d'usinage ; et \u00e0. Sobrado, une usine de 30 000 m2 inaugur\u00e9e en 1994 qui abrite toute l'activit\u00e9 de fonderie, qui produit pour plus de 40 pays, o\u00f9 elle exporte des pi\u00e8ces techniques, principalement vers les pays de l'Union europ\u00e9enne, la Suisse et la Norv\u00e8ge. Sur le march\u00e9 des machines pour la boulangerie, FELINO maintient une forte pr\u00e9sence dans toute l'Europe ainsi que sur les march\u00e9s am\u00e9ricain, africain et asiatique, o\u00f9 elle fournit une vari\u00e9t\u00e9 d'\u00e9quipements pour le secteur alimentaire, tels que des p\u00e9trins, des m\u00e9langeurs, des laminoirs et d'autres solutions pour \u00e9quiper toute unit\u00e9 de production.<\/p>\n<p>&nbsp;<\/p>\n<h2>ECOFAB : Conception et innovation<\/h2>\n<p><span>En 2020, la <\/span><span style=\"text-decoration: underline;\"><strong><a href=\"https:\/\/ecofab.pt\" title=\"ECOFAB\" target=\"_blank\" rel=\"noopener\">ECOFAB<\/a><\/strong><\/span><span> dans le but d'int\u00e9grer les connaissances et l'exp\u00e9rience de l'activit\u00e9 industrielle dans un march\u00e9 notoirement domestique, afin de d\u00e9velopper des solutions de chauffage en fonte. \u00c0 partir du processus de production, qui comprend toutes les \u00e9tapes de la conception et du design jusqu'au produit final, FELINO produit pour ECOFAB des po\u00eales \u00e0 granul\u00e9s et des chemin\u00e9es d'ext\u00e9rieur de haute qualit\u00e9 et \u00e0 haut rendement.<\/span><\/p>\n<p>&nbsp;<\/p>\n<h2>Deux domaines d'expertise<\/h2>\n<p>L'une des caract\u00e9ristiques de FELINO est sa capacit\u00e9 \u00e0 concilier deux activit\u00e9s distinctes. Alors qu'un secteur de l'entreprise fournit des machines et des \u00e9quipements destin\u00e9s aux boulangeries et aux p\u00e2tisseries, l'autre secteur est consacr\u00e9 au moulage et \u00e0 l'usinage de pi\u00e8ces techniques pour divers fabricants et segments de march\u00e9.<\/p>\n<p>&nbsp;<\/p>\n<h2>Engagement en faveur de l'innovation et de la durabilit\u00e9<\/h2>\n<p>\"Innover pour diriger\" - Cette devise refl\u00e8te notre qu\u00eate incessante d'innovation et de leadership dans notre secteur, nous guidant dans notre mission qui consiste \u00e0 fournir des solutions exceptionnelles \u00e0 nos clients et \u00e0 contribuer \u00e0 un monde meilleur.<\/p>\n<p>Tout au long de son histoire, FELINO s'est distingu\u00e9e par la conception de machines de qualit\u00e9, la fourniture d'excellents services \u00e0 des co\u00fbts comp\u00e9titifs et le respect de l'environnement. Dans le but de continuer \u00e0 \u00eatre une r\u00e9f\u00e9rence dans les secteurs o\u00f9 nous op\u00e9rons, nous nous engageons \u00e0 l'excellence de notre production et au d\u00e9veloppement d'innovations technologiques qui nous permettent d'offrir les meilleures solutions \u00e0 nos clients.<\/p>\n<p><strong>Chez FELINO, nous sommes convaincus que l'exp\u00e9rience et le respect des principes de qualit\u00e9, d'innovation et de durabilit\u00e9 sont les fondements qui nous permettent d'envisager l'avenir avec succ\u00e8s et de continuer \u00e0 \u00eatre un partenaire fiable pour nos clients au Portugal et au-del\u00e0.<\/strong><\/p>\n<p>Nous sommes ravis de vous aider \u00e0 donner vie \u00e0 vos projets gr\u00e2ce \u00e0 notre vaste gamme de produits et de services. Explorez notre site web et d\u00e9couvrez comment nous pouvons vous aider \u00e0 r\u00e9aliser votre projet.<\/p>\n<p>[\/et_pb_text][\/et_pb_column][\/et_pb_row][\/et_pb_section]<\/p>","protected":false},"excerpt":{"rendered":"<p>Institutionnel FELINO Innovation, technologie et excellence du service. Fond\u00e9e en 1936, FELINO est l'une des entreprises les plus anciennes et les plus respect\u00e9es de la p\u00e9ninsule ib\u00e9rique, sp\u00e9cialis\u00e9e dans la fonte, l'usinage de pi\u00e8ces techniques et la production de machines pour la boulangerie et la p\u00e2tisserie dans le secteur de l'alimentation. Avec son si\u00e8ge \u00e0 Valongo, au Portugal, FELINO a plus de 88 ans d'exp\u00e9rience dans la fourniture de machines et d'installations compl\u00e8tes pour les boulangeries et les p\u00e2tisseries, ainsi que dans les services de sous-traitance dans le secteur m\u00e9tallurgique et m\u00e9tallo-m\u00e9canique.<div class=\"et_pb_module dsm_card_carousel dsm_card_carousel_0 dsm_card_carousel_layout_stacked\">\n\t\t\t\t\n\t\t\t\t\n\t\t\t\t\n\t\t\t\t\n\t\t\t\t\n\t\t\t\t\n\t\t\t\t<div class=\"et_pb_module_inner\">\n\t\t\t\t\t\n\t\t\t\n\t\t\t<div class=\"swiper-container dsm_card_carousel_wrapper\" dir=\"ltr\" data-params=\"[{&quot;direction&quot;:&quot;horizontal&quot;,&quot;effect&quot;:&quot;default&quot;,&quot;slider_effect_shadows&quot;:false,&quot;slider_effect_coverflow_rotate&quot;:&quot;30&quot;,&quot;slider_effect_coverflow_depth&quot;:&quot;0&quot;,&quot;loop&quot;:true,&quot;infinite_smooth_scrolling&quot;:false,&quot;slide_to_show&quot;:&quot;5&quot;,&quot;slide_to_show_tablet&quot;:&quot;1&quot;,&quot;slide_to_show_phone&quot;:&quot;1&quot;,&quot;slide_to_scroll&quot;:&quot;1&quot;,&quot;slide_to_scroll_tablet&quot;:&quot;1&quot;,&quot;slide_to_scroll_phone&quot;:&quot;1&quot;,&quot;space_between&quot;:&quot;0&quot;,&quot;space_between_tablet&quot;:&quot;0&quot;,&quot;space_between_phone&quot;:&quot;0&quot;,&quot;centered_slides&quot;:false,&quot;multiple_slide_row&quot;:&quot;off&quot;,&quot;slide_row&quot;:&quot;1&quot;,&quot;slide_row_tablet&quot;:&quot;1&quot;,&quot;slide_row_phone&quot;:&quot;1&quot;,&quot;speed&quot;:&quot;300&quot;,&quot;autoplay&quot;:false,&quot;autoplay_speed&quot;:&quot;3000&quot;,&quot;autoplay_viewport&quot;:&quot;&quot;,&quot;touch_move&quot;:true,&quot;grab&quot;:true,&quot;pause_on_hover&quot;:false,&quot;mousewheel&quot;:false,&quot;auto_height&quot;:false,&quot;equal_height&quot;:false,&quot;equal_height_tablet&quot;:true,&quot;equal_height_phone&quot;:true}]\">\n\t\t\t<div class=\"swiper-wrapper\"><\/div>\n\t\t\t<\/div><div class=\"swiper-button-prev dsm_card_carousel_arrow\" data-icon=\"4\"><\/div><div class=\"swiper-button-next dsm_card_carousel_arrow\" data-icon=\"5\"><\/div><div class=\"swiper-pagination dsm_card_carousel_pagination\"><\/div>\n\t\t\t\t<\/div>\n\t\t\t<\/div><div class=\"dsm_card_carousel_child dsm_card_carousel_child_0 swiper-slide\">\n\t\t\t\t\n\t\t\t\t\n\t\t\t\t\n\t\t\t\t\n\t\t\t\t\n\t\t\t\t\n\t\t\t\t<div class=\"et_pb_module_inner\">\n\t\t\t\t\t\n\t\t\t\n\t\t\t<figure class=\"dsm_card_carousel_child_image_wrapper dsm_card_carousel_child_badge_top_right\"><div class=\"dsm_card_carousel_child_image_background dsm_card_carousel_child_img\"><\/div><\/figure>\n\t\t\t<div class=\"dsm_card_wrapper et_pb_text_align_left et_pb_bg_layout_light\">\n\t\t\t\t\t<h4 class=\"dsm_card_title et_pb_module_header\">1936<\/h4>\n\t\t\t\t\t\n\t\t\t\t\t<div class=\"dsm_card_carousel_child_description\">Le minist\u00e8re du commerce et de l'industrie a autoris\u00e9 la demande de licence pour l'exploitation d'une fonderie et d'une usine m\u00e9tallurgique. La production de pi\u00e8ces simples \u00e0 partir de t\u00f4les et de profil\u00e9s m\u00e9talliques marque le d\u00e9but de l'activit\u00e9 de l'entreprise sous le nom de Ferreira Lino &amp; Irm\u00e3o.<\/div>\n\t\t\t\t\t\n\t\t\t\t<\/div>\n\t\t\t\t<\/div>\n\t\t\t<\/div><div class=\"dsm_card_carousel_child dsm_card_carousel_child_1 swiper-slide\">\n\t\t\t\t\n\t\t\t\t\n\t\t\t\t\n\t\t\t\t\n\t\t\t\t\n\t\t\t\t\n\t\t\t\t<div class=\"et_pb_module_inner\">\n\t\t\t\t\t\n\t\t\t\n\t\t\t<figure class=\"dsm_card_carousel_child_image_wrapper dsm_card_carousel_child_badge_top_right\"><div class=\"dsm_card_carousel_child_image_background dsm_card_carousel_child_img\"><\/div><\/figure>\n\t\t\t<div class=\"dsm_card_wrapper et_pb_text_align_left et_pb_bg_layout_light\">\n\t\t\t\t\t<h4 class=\"dsm_card_title et_pb_module_header\">1966<\/h4>\n\t\t\t\t\t\n\t\t\t\t\t<div class=\"dsm_card_carousel_child_description\">Ampliaci\u00f3n de la fonderie de fer<\/div>\n\t\t\t\t\t\n\t\t\t\t<\/div>\n\t\t\t\t<\/div>\n\t\t\t<\/div><div class=\"dsm_card_carousel_child dsm_card_carousel_child_2 swiper-slide\">\n\t\t\t\t\n\t\t\t\t\n\t\t\t\t\n\t\t\t\t\n\t\t\t\t\n\t\t\t\t\n\t\t\t\t<div class=\"et_pb_module_inner\">\n\t\t\t\t\t\n\t\t\t\n\t\t\t<figure class=\"dsm_card_carousel_child_image_wrapper dsm_card_carousel_child_badge_top_right\"><div class=\"dsm_card_carousel_child_image_background dsm_card_carousel_child_img\"><\/div><\/figure>\n\t\t\t<div class=\"dsm_card_wrapper et_pb_text_align_left et_pb_bg_layout_light\">\n\t\t\t\t\t<h4 class=\"dsm_card_title et_pb_module_header\">1972<\/h4>\n\t\t\t\t\t\n\t\t\t\t\t<div class=\"dsm_card_carousel_child_description\">Une nouvelle unit\u00e9 racine a \u00e9t\u00e9 cr\u00e9\u00e9e pour les constructions m\u00e9caniques (vaisseaux 1 et 2)<\/div>\n\t\t\t\t\t\n\t\t\t\t<\/div>\n\t\t\t\t<\/div>\n\t\t\t<\/div><div class=\"dsm_card_carousel_child dsm_card_carousel_child_3 swiper-slide\">\n\t\t\t\t\n\t\t\t\t\n\t\t\t\t\n\t\t\t\t\n\t\t\t\t\n\t\t\t\t\n\t\t\t\t<div class=\"et_pb_module_inner\">\n\t\t\t\t\t\n\t\t\t\n\t\t\t<figure class=\"dsm_card_carousel_child_image_wrapper dsm_card_carousel_child_badge_top_right\"><div class=\"dsm_card_carousel_child_image_background dsm_card_carousel_child_img\"><\/div><\/figure>\n\t\t\t<div class=\"dsm_card_wrapper et_pb_text_align_left et_pb_bg_layout_light\">\n\t\t\t\t\t<h4 class=\"dsm_card_title et_pb_module_header\">&#8221;1981&#8243;<\/h4>\n\t\t\t\t\t\n\t\t\t\t\t\n\t\t\t\t\t\n\t\t\t\t<\/div>\n\t\t\t\t<\/div>\n\t\t\t<\/div><\/p>","protected":false},"author":5,"featured_media":0,"parent":0,"menu_order":0,"comment_status":"closed","ping_status":"closed","template":"","meta":{"_et_pb_use_builder":"on","_et_pb_old_content":"","_et_gb_content_width":"","footnotes":""},"class_list":["post-34177","page","type-page","status-publish","hentry"],"_links":{"self":[{"href":"https:\/\/felino.pt\/fr\/wp-json\/wp\/v2\/pages\/34177","targetHints":{"allow":["GET"]}}],"collection":[{"href":"https:\/\/felino.pt\/fr\/wp-json\/wp\/v2\/pages"}],"about":[{"href":"https:\/\/felino.pt\/fr\/wp-json\/wp\/v2\/types\/page"}],"author":[{"embeddable":true,"href":"https:\/\/felino.pt\/fr\/wp-json\/wp\/v2\/users\/5"}],"replies":[{"embeddable":true,"href":"https:\/\/felino.pt\/fr\/wp-json\/wp\/v2\/comments?post=34177"}],"version-history":[{"count":2,"href":"https:\/\/felino.pt\/fr\/wp-json\/wp\/v2\/pages\/34177\/revisions"}],"predecessor-version":[{"id":36786,"href":"https:\/\/felino.pt\/fr\/wp-json\/wp\/v2\/pages\/34177\/revisions\/36786"}],"wp:attachment":[{"href":"https:\/\/felino.pt\/fr\/wp-json\/wp\/v2\/media?parent=34177"}],"curies":[{"name":"wp","href":"https:\/\/api.w.org\/{rel}","templated":true}]}}