{"id":34184,"date":"2023-09-30T17:58:48","date_gmt":"2023-09-30T16:58:48","guid":{"rendered":"https:\/\/felino.4mcomunicacao.com.br\/?page_id=34184"},"modified":"2024-02-07T17:58:55","modified_gmt":"2024-02-07T17:58:55","slug":"certification","status":"publish","type":"page","link":"https:\/\/felino.pt\/fr\/certification\/","title":{"rendered":"Certification"},"content":{"rendered":"<p>[et_pb_section fb_built=\"1\u2033 admin_label=\"history\" module_id=\"history\" _builder_version=\"4.24.0\u2033 _module_preset=\"default\" background_image=\"https:\/\/felino.pt\/wp-content\/uploads\/2023\/08\/topo_quem-somos.jpg\" min_height=\"500px\" background_last_edited=\"on|phone\" background_image_phone=\"https:\/\/felino.pt\/wp-content\/uploads\/2024\/02\/slide-felino-mb-01.jpg\" background_enable_image_phone=\"on\" locked=\"off\" global_colors_info=\"{}\"][et_pb_row _builder_version=\"4.22.1\u2033 _module_preset=\"default\" locked=\"off\" global_colors_info=\"{}\"][et_pb_column type=\"4_4\u2033 _builder_version=\"4.22.1\u2033 _module_preset=\"default\" global_colors_info=\"{}\"][dsm_block_reveal_text block_reveal_text=\"Gestion certifi\u00e9e\" heading_html_tag=\"h1\u2033 block_reveal_animation=\"bt\" _builder_version=\"4.24.0\u2033 _module_preset=\"default\" header_font=\"spartan bold||on|||||\" header_text_align=\"centre\" header_text_color=\"#FFFF\" header_font_size=\"40px\" header_line_height=\"1.7em\" custom_margin=\"2vh||||false|false\" header_text_shadow_style=\"preset2\u2033 locked=\"off\" global_colors_info=\"{}\"][\/dsm_block_reveal_text][et_pb_text _builder_version=\"4.24.0\u2033 _module_preset=\"default\" text_font_size=\"13px\" text_line_height=\"1.9em\" header_2_text_align=\"centre\" header_2_text_color=\"#FFFF\" header_2_font_size=\"22px\" header_2_line_height=\"1.4em\" header_3_font_size=\"19px\" header_3_line_height=\"1.7em\" custom_margin=\"200px|||||\" header_2_text_shadow_style=\"preset2\u2033 locked=\"off\" global_colors_info=\"{}\"]<\/p>\n<h2>Engagement en faveur de la qualit\u00e9, de l'efficacit\u00e9 et de l'\u00e9galit\u00e9 des chances.<\/h2>\n<p>[\/et_pb_text][\/et_pb_column][\/et_pb_row][\/et_pb_section][et_pb_section fb_built=\"1\u2033 admin_label=\"section\" _builder_version=\"4.16\u2033 locked=\"off\" global_colors_info=\"{}\"][et_pb_row column_structure=\"2_5,3_5\u2033 use_custom_gutter=\"on\" gutter_width=\"2\u2033 admin_label=\"row\" _builder_version=\"4.22.1\u2033 background_size=\"initial\" background_position=\"top_left\" background_repeat=\"repeat\" global_colors_info=\"{}\"][et_pb_column type=\"2_5\u2033 _builder_version=\"4.16\u2033 custom_padding=\"||\" global_colors_info=\"{}\" custom_padding__hover=\"||\"][et_pb_text _builder_version=\"4.24.0\u2033 _module_preset=\"default\" text_line_height=\"1.8em\" header_2_font=\"spartan bold|600|||||||\" header_2_font_size=\"22px\" header_2_line_height=\"1.5em\" header_3_font=\"Poppins|600|||||||\" header_3_font_size=\"18px\" header_3_line_height=\"1.7em\" custom_margin=\"||15px||false|false\" custom_padding_tablet=\"\" custom_padding_phone=\"||0px|false|false\" custom_padding_last_edited=\"on|phone\" locked=\"off\" global_colors_info=\"{}\"]<\/p>\n<h2>Chez FELINO, nous pensons que l'excellence est le r\u00e9sultat d'un engagement in\u00e9branlable en faveur de la qualit\u00e9, de l'efficacit\u00e9 et de l'\u00e9galit\u00e9 des chances.<\/h2>\n<p>[\/et_pb_text][et_pb_text _builder_version=\"4.24.0\u2033 _module_preset=\"default\" text_line_height=\"1.8em\" custom_margin=\"0px||||false|false\" custom_padding_tablet=\"\" custom_padding_phone=\"0px||||false|false\" custom_padding_last_edited=\"on|phone\" global_colors_info=\"{}\"]<\/p>\n<p>Dans notre gestion, ces principes sont plus que de simples mots ; ils sont l'essence qui impr\u00e8gne tous les aspects de notre entreprise.<\/p>\n<p>[\/et_pb_text][\/et_pb_column][et_pb_column type=\"3_5\u2033 _builder_version=\"4.16\u2033 custom_padding=\"||\" global_colors_info=\"{}\" custom_padding__hover=\"||\"][et_pb_image src=\"https:\/\/felino.pt\/wp-content\/uploads\/2023\/08\/banner_qualidade.jpg\" title_text=\"banner_quality\" show_in_lightbox=\"on\" use_overlay=\"on\" show_bottom_space=\"off\" align=\"centre\" force_fullwidth=\"on\" _builder_version=\"4.22.1\u2033 _module_preset=\"default\" global_colors_info=\"{}\"][\/et_pb_image][\/et_pb_column][\/et_pb_row][\/et_pb_section][et_pb_section fb_built=\"1\u2033 admin_label=\"section\" module_id=\"certifications\" _builder_version=\"4.22.1\u2033 locked=\"off\" global_colors_info=\"{}\"][et_pb_row use_custom_gutter=\"on\" gutter_width=\"2\u2033 admin_label=\"row\" _builder_version=\"4.22.1\u2033 background_size=\"initial\" background_position=\"top_left\" background_repeat=\"repeat\" locked=\"off\" global_colors_info=\"{}\"][et_pb_column type=\"4_4\u2033 _builder_version=\"4.16\u2033 custom_padding=\"||\" global_colors_info=\"{}\" custom_padding__hover=\"||\"][et_pb_text _builder_version=\"4.24.0\u2033 _module_preset=\"default\" text_line_height=\"1.8em\" header_2_font=\"spartan semibold|600|||||||\" header_2_font_size=\"20px\" header_2_line_height=\"1.5em\" header_3_font_size=\"19px\" header_3_line_height=\"1.7em\" locked=\"off\" global_colors_info=\"{}\"]<\/p>\n<h2>Certification ISO 9001:2015 - International Quality Assurance<\/h2>\n<p>Dans le cadre de notre engagement en faveur de la qualit\u00e9, nous avons rigoureusement mis en \u0153uvre la norme ISO 9001:2015 de Bureau Veritas, un syst\u00e8me de gestion de la qualit\u00e9 reconnu \u00e0 l'\u00e9chelle internationale. Ce syst\u00e8me permet non seulement d'am\u00e9liorer nos proc\u00e9dures, mais aussi d'instiller une culture de la qualit\u00e9 dans toutes les facettes de nos activit\u00e9s quotidiennes. De l'atelier aux t\u00e2ches administratives, notre objectif est clair : pr\u00e9venir les erreurs et am\u00e9liorer continuellement nos performances. Nous nous engageons \u00e0 suivre des crit\u00e8res stricts pour documenter nos processus, en garantissant une lisibilit\u00e9 et une identification pr\u00e9cises, conform\u00e9ment aux normes de qualit\u00e9 les plus \u00e9lev\u00e9es.<\/p>\n<p>&nbsp;<\/p>\n<h2>L'innovation dans l'industrie 4.0 - vers l'efficacit\u00e9<\/h2>\n<p>\u00c0 l'\u00e8re de l'industrie 4.0, nous adoptons les innovations qui nous permettent de rester \u00e0 la pointe de l'efficacit\u00e9. Nous mettons en \u0153uvre des solutions de surveillance OEE (Overall Equipment Effectiveness) pour optimiser la performance de nos op\u00e9rations. Ces solutions offrent une vue d'ensemble de nos lignes de production en anticipant les tendances et en identifiant les probl\u00e8mes potentiels. Il en r\u00e9sulte un environnement de travail plus intelligent et plus souple, dans lequel nos employ\u00e9s peuvent se concentrer sur des activit\u00e9s \u00e0 valeur ajout\u00e9e. Notre engagement en faveur de l'efficacit\u00e9 se traduit par l'analyse pr\u00e9cise des performances, l'identification et la correction des inefficacit\u00e9s en temps r\u00e9el et la personnalisation des tableaux de bord pour obtenir des informations pertinentes et actualis\u00e9es.<\/p>\n<p>[\/et_pb_text][et_pb_image src=\"https:\/\/felino.pt\/wp-content\/uploads\/2023\/10\/1680534962185.jpeg\" title_text=\"1680534962185\u2033 align=\"centre\" _builder_version=\"4.23.1\u2033 _module_preset=\"default\" custom_padding=\"30px||||false|false\" global_colors_info=\"{}\"][\/et_pb_image][et_pb_text _builder_version=\"4.24.0\u2033 _module_preset=\"default\" text_line_height=\"1.8em\" header_2_font=\"spartan semibold|600|||||||\" header_2_font_size=\"20px\" header_2_line_height=\"1.5em\" header_3_font_size=\"19px\" header_3_line_height=\"1.7em\" custom_padding=\"24px|||||\" locked=\"off\" global_colors_info=\"{}\"]<\/p>\n<h2>Un engagement global<\/h2>\n<p>Notre engagement en faveur de la qualit\u00e9, de l'efficacit\u00e9 et de l'\u00e9galit\u00e9 des chances fait partie int\u00e9grante de notre ADN. Avec pr\u00e8s de neuf d\u00e9cennies d'histoire, nous continuons \u00e0 \u00e9voluer et \u00e0 nous adapter au changement tout en maintenant le plus haut niveau de qualit\u00e9 et de service. Nous pensons qu'en offrant des solutions efficaces et durables, nous cr\u00e9ons de la valeur et d\u00e9passons les attentes de nos clients, en construisant un avenir plus \u00e9galitaire et plus prosp\u00e8re et en maintenant notre position de r\u00e9f\u00e9rence dans le secteur.<\/p>\n<p>[\/et_pb_text][\/et_pb_column][\/et_pb_row][\/et_pb_section]<\/p>","protected":false},"excerpt":{"rendered":"<p><div class=\"et_pb_module dsm_block_reveal_text dsm_block_reveal_text_0\">\n\t\t\t\t\n\t\t\t\t\n\t\t\t\t\n\t\t\t\t\n\t\t\t\t\n\t\t\t\t\n\t\t\t\t<div class=\"et_pb_module_inner\">\n\t\t\t\t\t<div class=\"dsm_block_reveal_text_wrapper\" data-dsm-block-reveal-animation=\"bt\" data-dsm-block-reveal-color=\"#ef8d23\" data-dsm-block-reveal-delay=\"0.1\" data-dsm-block-reveal-viewport=\"80%\"><h1 class=\"dsm_block_reveal_text_header et_pb_module_header\">Gestion certifi\u00e9e<\/h1><\/div>\n\t\t\t\t<\/div>\n\t\t\t<\/div>Engagement pour la qualit\u00e9, l'efficacit\u00e9 et l'\u00e9galit\u00e9 des chances.Chez FELINO, nous croyons que l'excellence est le r\u00e9sultat d'un engagement in\u00e9branlable pour la qualit\u00e9, l'efficacit\u00e9 et l'\u00e9galit\u00e9 des chances.Dans notre gestion, ces principes deviennent plus que des mots, ils sont l'essence qui impr\u00e8gne tous les aspects de notre entreprise.Certification ISO 9001:2015 - Assurance qualit\u00e9 internationale Dans le cadre de notre engagement pour la qualit\u00e9, nous mettons rigoureusement en \u0153uvre la norme ISO 9001:2015 de Bureau Veritas, un syst\u00e8me de gestion de la qualit\u00e9 internationalement reconnu. Ce syst\u00e8me permet non seulement d'am\u00e9liorer nos proc\u00e9dures, mais aussi d'instiller une culture de la qualit\u00e9 dans toutes les facettes de nos activit\u00e9s quotidiennes. De l'atelier aux t\u00e2ches administratives, notre objectif est clair : pr\u00e9venir les erreurs et am\u00e9liorer continuellement nos performances. Nous nous engageons \u00e0 suivre des crit\u00e8res stricts pour documenter nos processus, en garantissant une lisibilit\u00e9 et une identification pr\u00e9cises, conform\u00e9ment aux normes de qualit\u00e9 les plus \u00e9lev\u00e9es.   Innovation dans l'industrie 4.0 - Vers l'efficacit\u00e9 \u00c0 l'\u00e8re de l'industrie 4.0, nous adoptons les innovations qui nous permettent de rester \u00e0 la pointe de l'efficacit\u00e9. Nous avons mis en place des solutions de suivi de l'OEE (Overall Equipment Effectiveness) pour [...]<\/p>","protected":false},"author":5,"featured_media":0,"parent":0,"menu_order":0,"comment_status":"closed","ping_status":"closed","template":"","meta":{"_et_pb_use_builder":"on","_et_pb_old_content":"","_et_gb_content_width":"","footnotes":""},"class_list":["post-34184","page","type-page","status-publish","hentry"],"_links":{"self":[{"href":"https:\/\/felino.pt\/fr\/wp-json\/wp\/v2\/pages\/34184","targetHints":{"allow":["GET"]}}],"collection":[{"href":"https:\/\/felino.pt\/fr\/wp-json\/wp\/v2\/pages"}],"about":[{"href":"https:\/\/felino.pt\/fr\/wp-json\/wp\/v2\/types\/page"}],"author":[{"embeddable":true,"href":"https:\/\/felino.pt\/fr\/wp-json\/wp\/v2\/users\/5"}],"replies":[{"embeddable":true,"href":"https:\/\/felino.pt\/fr\/wp-json\/wp\/v2\/comments?post=34184"}],"version-history":[{"count":0,"href":"https:\/\/felino.pt\/fr\/wp-json\/wp\/v2\/pages\/34184\/revisions"}],"wp:attachment":[{"href":"https:\/\/felino.pt\/fr\/wp-json\/wp\/v2\/media?parent=34184"}],"curies":[{"name":"wp","href":"https:\/\/api.w.org\/{rel}","templated":true}]}}