{"id":34187,"date":"2023-09-30T17:59:33","date_gmt":"2023-09-30T16:59:33","guid":{"rendered":"https:\/\/felino.4mcomunicacao.com.br\/?page_id=34187"},"modified":"2024-04-20T13:10:35","modified_gmt":"2024-04-20T12:10:35","slug":"la-durabilite","status":"publish","type":"page","link":"https:\/\/felino.pt\/fr\/la-durabilite\/","title":{"rendered":"Durabilit\u00e9"},"content":{"rendered":"<p>[et_pb_section fb_built=\"1\u2033 admin_label=\"history\" module_id=\"sustainability\" _builder_version=\"4.22.2\u2033 _module_preset=\"default\" background_image=\"https:\/\/felino.pt\/wp-content\/uploads\/2023\/09\/sustentabilidade.jpg\" min_height=\"400px\" custom_margin=\"||||false|false\" locked=\"off\" global_colors_info=\"{}\"][et_pb_row _builder_version=\"4.22.1\u2033 _module_preset=\"default\" global_colors_info=\"{}\"][et_pb_column type=\"4_4\u2033 _builder_version=\"4.22.1\u2033 _module_preset=\"default\" global_colors_info=\"{}\"][dsm_block_reveal_text block_reveal_text=\"Engagement environnemental\" heading_html_tag=\"h1\u2033 block_reveal_animation=\"bt\" _builder_version=\"4.24.0\u2033 _module_preset=\"default\" header_font=\"spartan bold||on|||||\" header_text_align=\"center\" header_text_color=\"#FFFF\" header_font_size=\"32px\" header_line_height=\"1.5em\" custom_margin=\"80px||||false|false\" header_line_height_tablet=\"1.5em\" header_line_height_phone=\"1.2em\" header_line_height_last_edited=\"on|phone\" header_text_shadow_style=\"preset2\u2033 locked=\"off\" global_colors_info=\"{}\"][\/dsm_block_reveal_text][\/et_pb_column][\/et_pb_row][\/et_pb_section][et_pb_section fb_built=\"1\u2033 admin_label=\"section\" _builder_version=\"4.16\u2033 locked=\"off\" global_colors_info=\"{}\"][et_pb_row use_custom_gutter=\"on\" gutter_width=\"2\u2033 admin_label=\"row\" _builder_version=\"4.22.1\u2033 background_size=\"initial\" background_position=\"top_left\" background_repeat=\"repeat\" global_colors_info=\"{}\"][et_pb_column type=\"4_4\u2033 _builder_version=\"4.16\u2033 custom_padding=\"||\" global_colors_info=\"{}\" custom_padding__hover=\"||\"][et_pb_text _builder_version=\"4.24.0\u2033 _module_preset=\"default\" text_font_size=\"13px\" text_line_height=\"1.9em\" header_2_font=\"|600|||||||\" header_2_font_size=\"22px\" header_2_line_height=\"1.3em\" header_3_font=\"||||||||\" header_3_font_size=\"16px\" header_3_line_height=\"1.3em\" locked=\"off\" global_colors_info=\"{}\"]<\/p>\n<h2>La durabilit\u00e9 pour un avenir plus vert<\/h2>\n<p>Les bonnes pratiques en mati\u00e8re de d\u00e9veloppement durable ne doivent pas seulement \u00eatre une caract\u00e9ristique des produits FELINO, mais un engagement de l'entreprise en faveur de la responsabilit\u00e9 environnementale. Avec plus de 88 ans d'histoire, nous pensons que notre vision strat\u00e9gique doit inclure un engagement \u00e0 long terme en faveur de la durabilit\u00e9 qui profite non seulement \u00e0 notre entreprise, mais aussi au monde dans lequel nous vivons.<\/p>\n<p>L'une des initiatives cruciales qui repr\u00e9sente le mieux notre engagement environnemental est le recyclage des d\u00e9chets m\u00e9talliques. Ce processus constitue l'\u00e9pine dorsale de nos activit\u00e9s. Rien qu'en 2022, nous avons acquis un volume impressionnant de 1 138 tonnes de ferraille. Cependant, ce qui est vraiment remarquable, c'est que chaque gramme de cette ferraille a \u00e9t\u00e9 enti\u00e8rement transform\u00e9 en produits utilisables. Nous adoptons une philosophie \"z\u00e9ro d\u00e9chet\" et veillons \u00e0 ce que chaque ressource soit utilis\u00e9e aussi efficacement que possible, en raison de notre engagement \u00e0 r\u00e9duire les d\u00e9chets et l'impact sur l'environnement.<\/p>\n<p>&nbsp;<\/p>\n<h2>Composants techniques \u00e0 longue dur\u00e9e de vie<\/h2>\n<h3>Un contrepoint \u00e0 l'obsolescence programm\u00e9e<\/h3>\n<p>\u00c0 une \u00e9poque o\u00f9 la dur\u00e9e de vie des produits est souvent r\u00e9duite, nous adoptons une philosophie contraire et nous nous engageons \u00e0 faire de la durabilit\u00e9 un pilier fondamental de notre travail. Nous pensons que la v\u00e9ritable qualit\u00e9 se mesure \u00e0 la capacit\u00e9 de r\u00e9sister \u00e0 l'\u00e9preuve du temps et de servir nos clients pendant des ann\u00e9es. Cette philosophie fait non seulement partie int\u00e9grante de notre histoire, qui s'\u00e9tend sur plus de huit d\u00e9cennies, mais elle refl\u00e8te \u00e9galement notre engagement en faveur de l'excellence et du respect de l'environnement.<\/p>\n<p>Les \u00e9quipements et les pi\u00e8ces techniques fabriqu\u00e9s par FELINO sont m\u00e9ticuleusement con\u00e7us et construits pour durer. C'est notre engagement : refuser l'obsolescence programm\u00e9e et contribuer \u00e0 la construction d'un avenir o\u00f9 les produits deviendront des h\u00e9ritages pour les g\u00e9n\u00e9rations futures. Nous pensons que la durabilit\u00e9 est la v\u00e9ritable mesure de la qualit\u00e9.<\/p>\n<p>&nbsp;<\/p>\n<h2>Efficacit\u00e9 \u00e9nerg\u00e9tique<\/h2>\n<h3>Contribution \u00e0 la r\u00e9duction de la consommation d'\u00e9nergie<\/h3>\n<p>Chez FELINO, l'efficacit\u00e9 \u00e9nerg\u00e9tique est une valeur fondamentale. Nous nous engageons \u00e0 cr\u00e9er des composants technologiques \u00e0 haute efficacit\u00e9 \u00e9nerg\u00e9tique. Cette approche se traduit par une r\u00e9duction significative de la consommation d'\u00e9nergie pendant le fonctionnement. En minimisant le gaspillage d'\u00e9nergie et les \u00e9missions de gaz \u00e0 effet de serre, nous prot\u00e9geons non seulement l'environnement, mais nous r\u00e9duisons \u00e9galement les co\u00fbts de fabrication. Cet engagement en faveur de l'efficacit\u00e9 \u00e9nerg\u00e9tique t\u00e9moigne de notre volont\u00e9 d'\u00eatre une force positive \u00e0 la fois pour nos clients et pour la plan\u00e8te.<\/p>\n<p>&nbsp;<\/p>\n<h3>Pour un avenir \u00e9quilibr\u00e9 et durable<\/h3>\n<p>Notre engagement en faveur du d\u00e9veloppement durable n'est pas seulement une vision \u00e0 long terme, mais une pratique quotidienne ancr\u00e9e dans notre philosophie. Chez FELINO, nous nous engageons \u00e0 r\u00e9duire constamment l'impact environnemental de la production industrielle et notre propre empreinte \u00e9cologique. Cet engagement fait partie int\u00e9grante de notre mission, car nous continuons \u00e0 cr\u00e9er des produits de haute qualit\u00e9 et efficaces.<\/p>\n<p>Nous pensons que le progr\u00e8s technologique et le respect de l'environnement peuvent coexister harmonieusement. \u00c0 mesure que nous avan\u00e7ons, notre h\u00e9ritage, qui remonte \u00e0 1936, continue de nous guider dans la recherche permanente de solutions plus durables. Nous nous tournons vers l'avenir avec d\u00e9termination et la responsabilit\u00e9 de pr\u00e9server et d'am\u00e9liorer notre monde pour les g\u00e9n\u00e9rations \u00e0 venir.<\/p>\n<p>[\/et_pb_text][\/et_pb_column][\/et_pb_row][\/et_pb_section]<\/p>","protected":false},"excerpt":{"rendered":"<p>D\u00e9couvrez comment FELINO contribue \u00e0 la durabilit\u00e9 du secteur en recyclant 1 000 tonnes suppl\u00e9mentaires de ferraille en produits utilisables.<\/p>","protected":false},"author":5,"featured_media":35366,"parent":0,"menu_order":0,"comment_status":"closed","ping_status":"closed","template":"","meta":{"_et_pb_use_builder":"on","_et_pb_old_content":"","_et_gb_content_width":"","footnotes":""},"class_list":["post-34187","page","type-page","status-publish","has-post-thumbnail","hentry"],"_links":{"self":[{"href":"https:\/\/felino.pt\/fr\/wp-json\/wp\/v2\/pages\/34187","targetHints":{"allow":["GET"]}}],"collection":[{"href":"https:\/\/felino.pt\/fr\/wp-json\/wp\/v2\/pages"}],"about":[{"href":"https:\/\/felino.pt\/fr\/wp-json\/wp\/v2\/types\/page"}],"author":[{"embeddable":true,"href":"https:\/\/felino.pt\/fr\/wp-json\/wp\/v2\/users\/5"}],"replies":[{"embeddable":true,"href":"https:\/\/felino.pt\/fr\/wp-json\/wp\/v2\/comments?post=34187"}],"version-history":[{"count":2,"href":"https:\/\/felino.pt\/fr\/wp-json\/wp\/v2\/pages\/34187\/revisions"}],"predecessor-version":[{"id":36764,"href":"https:\/\/felino.pt\/fr\/wp-json\/wp\/v2\/pages\/34187\/revisions\/36764"}],"wp:featuredmedia":[{"embeddable":true,"href":"https:\/\/felino.pt\/fr\/wp-json\/wp\/v2\/media\/35366"}],"wp:attachment":[{"href":"https:\/\/felino.pt\/fr\/wp-json\/wp\/v2\/media?parent=34187"}],"curies":[{"name":"wp","href":"https:\/\/api.w.org\/{rel}","templated":true}]}}