{"id":34599,"date":"2023-10-11T23:14:42","date_gmt":"2023-10-11T22:14:42","guid":{"rendered":"https:\/\/felino.4mcomunicacao.com.br\/?page_id=34599"},"modified":"2024-04-04T17:08:55","modified_gmt":"2024-04-04T16:08:55","slug":"soutien-mondial","status":"publish","type":"page","link":"https:\/\/felino.pt\/fr\/soutien-mondial\/","title":{"rendered":"Soutien mondial"},"content":{"rendered":"<p>[et_pb_section fb_built=\"1\u2033 admin_label=\"Section\" _builder_version=\"4.22.2\u2033 background_image=\"https:\/\/felino.pt\/wp-content\/uploads\/2023\/10\/banner_assistencia.jpg\" min_height=\"400px\" global_colors_info=\"{}\"][et_pb_row _builder_version=\"4.16\u2033 background_size=\"initial\" background_position=\"top_left\" background_repeat=\"repeat\" locked=\"off\" global_colors_info=\"{}\"][et_pb_column type=\"4_4\u2033 _builder_version=\"4.16\u2033 custom_padding=\"||\" global_colors_info=\"{}\" custom_padding__hover=\"||\"][dsm_block_reveal_text block_reveal_text=\"@ET-DC@eyJkeW5hbWljIp0cnVlCJb250ZW50IjoicG9zdF90aXRsZSIsInNldHRpbdzIjp7ImJlZm9yZSI6IsImFmdGVyIjoiIn19@\" heading_html_tag=\"h1\u2033 block_reveal_animation=\"bt\" _builder_version=\"4.24.0\u2033 _dynamic_attributes=\"block_reveal_text\" _module_preset=\"default\" header_font=\"spartan bold||on|||||\" header_text_align=\"centre\" header_text_color=\"#FFFF\" header_font_size=\"50px\" header_line_height=\"1.2em\" custom_margin=\"7vh||||false|false\" header_font_size_tablet=\"50px\" header_font_size_phone=\"40px\" header_font_size_last_edited=\"on|tablet\" header_text_shadow_style=\"preset2\u2033 locked=\"off\" global_colors_info=\"{}\"][\/dsm_block_reveal_text][\/et_pb_column][\/et_pb_row][\/et_pb_section][et_pb_section fb_built=\"1\u2033 admin_label=\"Section\" _builder_version=\"4.16\u2033 global_colors_info=\"{}\"][et_pb_row _builder_version=\"4.16\u2033 background_size=\"initial\" background_position=\"top_left\" background_repeat=\"repeat\" locked=\"off\" global_colors_info=\"{}\"][et_pb_column type=\"4_4\u2033 _builder_version=\"4.16\u2033 custom_padding=\"||\" global_colors_info=\"{}\" custom_padding__hover=\"||\"][et_pb_text _builder_version=\"4.24.0\u2033 _module_preset=\"default\" header_2_font=\"||||||||\" header_2_line_height=\"1.2em\" header_3_font=\"spartan semibold||||||||\" header_3_font_size=\"18px\" header_3_line_height=\"1.4em\" custom_margin=\"25px||||false|false\" global_colors_info=\"{}\"]<\/p>\n<h2 style=\"text-align: center;\"><strong>FELINO Global Support<\/strong><\/h2>\n<h3 style=\"text-align: center;\"><strong>Nous sommes \u00e0 vos c\u00f4t\u00e9s partout dans le monde<\/strong><\/h3>\n<p>[\/et_pb_text][et_pb_text _builder_version=\"4.24.0\u2033 _module_preset=\"default\" text_line_height=\"1.8em\" header_2_font_size=\"23px\" header_2_line_height=\"1.7em\" header_3_font_size=\"19px\" header_3_line_height=\"1.7em\" global_colors_info=\"{}\"]<\/p>\n<p>Chez FELINO, notre engagement en faveur de l'excellence ne conna\u00eet aucune limite. Pr\u00e9sents sur les march\u00e9s europ\u00e9en, am\u00e9ricain, africain et asiatique, nous fournissons des \u00e9quipements de boulangerie et de p\u00e2tisserie de qualit\u00e9 sup\u00e9rieure. Nous comprenons l'importance d'une assistance efficace et rapide, o\u00f9 que vous soyez. C'est pourquoi nous collaborons avec un r\u00e9seau de distributeurs locaux d\u00e9vou\u00e9s, qui sont votre premi\u00e8re ligne de contact pour l'assistance technique et le soutien.<\/p>\n<p>[\/et_pb_text][\/et_pb_column][\/et_pb_row][et_pb_row column_structure=\u201d3_5,2_5\u2033 _builder_version=\u201d4.22.2\u2033 _module_preset=\"default\" custom_margin=\"||0px|false|false\" custom_padding=\"||0px|false|false\" global_colors_info=\"{}\"][et_pb_column type=\"3_5\u2033 _builder_version=\"4.22.1\u2033 _module_preset=\"default\" global_colors_info=\"{}\"][et_pb_image src=\"https:\/\/felino.pt\/wp-content\/uploads\/2023\/10\/felino-mini-125.jpg\" title_text=\"felino mini-125\u2033 _builder_version=\"4.22.2\u2033 _module_preset=\"default\" global_colors_info=\"{}\"][\/et_pb_image][\/et_pb_column][et_pb_column type=\"2_5\u2033 _builder_version=\"4.22.1\u2033 _module_preset=\"default\" global_colors_info=\"{}\"][et_pb_text _builder_version=\"4.24.0\u2033 _module_preset=\"default\" text_line_height=\"1.8em\" header_2_font=\"Poppins||||||||\" header_2_font_size=\"23px\" header_2_line_height=\"1.7em\" header_3_font=\"||||||||\" header_3_font_size=\"18px\" header_3_line_height=\"1.7em\" header_3_line_height_tablet=\"1.7em\" header_3_line_height_phone=\"1.3em\" header_3_line_height_last_edited=\"on|phone\" global_colors_info=\"{}\"]<\/p>\n<h3 style=\"text-align: left;\">Votre premier point de contact<\/h3>\n<p>Nos partenaires locaux sont des professionnels hautement qualifi\u00e9s et exp\u00e9riment\u00e9s, qui s'engagent \u00e0 fournir un service et une assistance technique de qualit\u00e9 parce qu'ils connaissent les sp\u00e9cificit\u00e9s de votre march\u00e9 et comprennent vos besoins individuels.<\/p>\n<p>&nbsp;<\/p>\n<h3>Comment contacter votre distributeur local<\/h3>\n<p>Pour toute question relative \u00e0 l'assistance technique, \u00e0 l'entretien, aux pi\u00e8ces de rechange ou \u00e0 tout autre type d'assistance, nous vous conseillons de contacter votre distributeur FELINO local. Pour plus d'informations, veuillez nous contacter \u00e0 l'adresse suivante <strong>export@felino.pt<\/strong>.<\/p>\n<p>[\/et_pb_text][\/et_pb_column][\/et_pb_row][et_pb_row _builder_version=\"4.22.2\u2033 _module_preset=\"default\" global_colors_info=\"{}\"][et_pb_column type=\"4_4\u2033 _builder_version=\"4.22.2\u2033 _module_preset=\"default\" global_colors_info=\"{}\"][et_pb_text _builder_version=\"4.24.0\u2033 _module_preset=\"default\" text_line_height=\"1.8em\" header_2_font=\"Poppins||||||||\" header_2_font_size=\"23px\" header_2_line_height=\"1.7em\" header_3_font=\"||||||||\" header_3_font_size=\"20px\" header_3_line_height=\"1.4em\" header_3_line_height_tablet=\"1.4em\" header_3_line_height_phone=\"1.4em\" header_3_line_height_last_edited=\"on|phone\" global_colors_info=\"{}\"]<\/p>\n<h3>Nous voulons savoir ce que vous pensez<\/h3>\n<p>Votre opinion et vos besoins sont importants pour nous. Si vous avez des questions, des commentaires ou des demandes que vous souhaitez nous adresser directement, n'h\u00e9sitez pas \u00e0 nous contacter par courrier \u00e9lectronique \u00e0 l'adresse suivante\u00a0<strong>info@felino.pt<\/strong>. Nous sommes l\u00e0 pour vous aider et r\u00e9pondre \u00e0 toutes vos questions.<\/p>\n<p><strong>Chez FELINO, nous pensons que l'assistance mondiale doit \u00eatre locale. Nous travaillons en \u00e9troite collaboration avec nos distributeurs internationaux pour garantir le bon d\u00e9roulement de vos op\u00e9rations.<\/strong><\/p>\n<p>Nous vous remercions de la confiance que vous accordez \u00e0 notre marque.<\/p>\n<p>Nous nous engageons \u00e0 vous fournir le meilleur \u00e9quipement et la meilleure assistance au niveau mondial.<\/p>\n<p>[\/et_pb_text][\/et_pb_column][\/et_pb_row][\/et_pb_section]<\/p>","protected":false},"excerpt":{"rendered":"<p><div class=\"et_pb_module dsm_block_reveal_text dsm_block_reveal_text_0\">\n\t\t\t\t\n\t\t\t\t\n\t\t\t\t\n\t\t\t\t\n\t\t\t\t\n\t\t\t\t\n\t\t\t\t<div class=\"et_pb_module_inner\">\n\t\t\t\t\t<div class=\"dsm_block_reveal_text_wrapper\" data-dsm-block-reveal-animation=\"bt\" data-dsm-block-reveal-color=\"#ef8d23\" data-dsm-block-reveal-delay=\"0.1\" data-dsm-block-reveal-viewport=\"80%\"><\/div>\n\t\t\t\t<\/div>\n\t\t\t<\/div>FELINO Global Support Nous sommes \u00e0 vos c\u00f4t\u00e9s partout dans le mondeChez FELINO, notre engagement en faveur de l'excellence ne conna\u00eet aucune limite. Pr\u00e9sents sur les march\u00e9s europ\u00e9en, am\u00e9ricain, africain et asiatique, nous fournissons des \u00e9quipements de boulangerie et de p\u00e2tisserie de qualit\u00e9 sup\u00e9rieure. Nous comprenons l'importance d'une assistance efficace et rapide, o\u00f9 que vous soyez. C'est pourquoi nous collaborons avec un r\u00e9seau de distributeurs locaux d\u00e9vou\u00e9s, qui sont votre premi\u00e8re ligne de contact pour l'assistance technique et le support.Votre premier point de contactNos partenaires locaux sont des professionnels hautement qualifi\u00e9s et exp\u00e9riment\u00e9s, qui s'engagent \u00e0 fournir un service et un support technique de qualit\u00e9 parce qu'ils connaissent les sp\u00e9cificit\u00e9s de votre march\u00e9 et comprennent vos besoins individuels.   Comment contacter votre distributeur local Pour toute question relative \u00e0 l'assistance technique, \u00e0 l'entretien, aux pi\u00e8ces d\u00e9tach\u00e9es ou \u00e0 tout autre type d'assistance, nous vous recommandons de contacter votre distributeur FELINO local. Pour plus d'informations, veuillez contacter export@felino.pt.Queremos. Votre opinion et vos besoins sont importants pour nous. Si [...]<\/p>","protected":false},"author":5,"featured_media":0,"parent":0,"menu_order":0,"comment_status":"closed","ping_status":"closed","template":"","meta":{"_et_pb_use_builder":"on","_et_pb_old_content":"","_et_gb_content_width":"","footnotes":""},"class_list":["post-34599","page","type-page","status-publish","hentry"],"_links":{"self":[{"href":"https:\/\/felino.pt\/fr\/wp-json\/wp\/v2\/pages\/34599","targetHints":{"allow":["GET"]}}],"collection":[{"href":"https:\/\/felino.pt\/fr\/wp-json\/wp\/v2\/pages"}],"about":[{"href":"https:\/\/felino.pt\/fr\/wp-json\/wp\/v2\/types\/page"}],"author":[{"embeddable":true,"href":"https:\/\/felino.pt\/fr\/wp-json\/wp\/v2\/users\/5"}],"replies":[{"embeddable":true,"href":"https:\/\/felino.pt\/fr\/wp-json\/wp\/v2\/comments?post=34599"}],"version-history":[{"count":0,"href":"https:\/\/felino.pt\/fr\/wp-json\/wp\/v2\/pages\/34599\/revisions"}],"wp:attachment":[{"href":"https:\/\/felino.pt\/fr\/wp-json\/wp\/v2\/media?parent=34599"}],"curies":[{"name":"wp","href":"https:\/\/api.w.org\/{rel}","templated":true}]}}