{"id":35401,"date":"2023-11-13T15:07:59","date_gmt":"2023-11-13T15:07:59","guid":{"rendered":"https:\/\/felino.4mcomunicacao.com.br\/?page_id=35401"},"modified":"2024-09-05T16:46:06","modified_gmt":"2024-09-05T15:46:06","slug":"cofinance-2","status":"publish","type":"page","link":"https:\/\/felino.pt\/fr\/cofinance-2\/","title":{"rendered":"cofinanc\u00e9"},"content":{"rendered":"<p>[et_pb_section fb_built=&#8221;1&#8243; admin_label=&#8221;Section&#8221; _builder_version=&#8221;4.23.1&#8243; background_image=&#8221;https:\/\/felino.pt\/wp-content\/uploads\/2023\/11\/cofinanciados.jpg&#8221; min_height=&#8221;400px&#8221; global_colors_info=&#8221;{}&#8221;][\/et_pb_section][et_pb_section fb_built=&#8221;1&#8243; admin_label=&#8221;Section&#8221; _builder_version=&#8221;4.16&#8243; global_colors_info=&#8221;{}&#8221;][et_pb_row _builder_version=&#8221;4.16&#8243; background_size=&#8221;initial&#8221; background_position=&#8221;top_left&#8221; background_repeat=&#8221;repeat&#8221; locked=&#8221;off&#8221; global_colors_info=&#8221;{}&#8221;][et_pb_column type=&#8221;4_4&#8243; _builder_version=&#8221;4.16&#8243; custom_padding=&#8221;|||&#8221; global_colors_info=&#8221;{}&#8221; custom_padding__hover=&#8221;|||&#8221;][et_pb_text _builder_version=&#8221;4.23.1&#8243; _module_preset=&#8221;default&#8221; header_2_font=&#8221;Poppins||||||||&#8221; header_2_font_size=&#8221;23px&#8221; header_3_font=&#8221;Poppins||||||||&#8221; header_3_font_size=&#8221;20px&#8221; custom_margin=&#8221;0px||||false|false&#8221; global_colors_info=&#8221;{}&#8221;]<\/p>\n<h2 style=\"text-align: center;\"><strong>Projets cofinanc\u00e9s<\/strong><\/h2>\n<p><strong><\/strong><\/p>\n<p>Dans le cadre de Portugal 2020, nous avons les projets suivants en cours, cofinanc\u00e9s par les Fonds structurels et d'investissement europ\u00e9ens (FESI) :<\/p>\n<p>[\/et_pb_text][et_pb_text _builder_version=&#8221;4.27.0&#8243; _module_preset=&#8221;default&#8221; text_font_size=&#8221;13px&#8221; text_line_height=&#8221;1.9em&#8221; header_2_font_size=&#8221;23px&#8221; header_2_line_height=&#8221;1.7em&#8221; header_3_font_size=&#8221;19px&#8221; header_3_line_height=&#8221;1.7em&#8221; hover_enabled=&#8221;0&#8243; global_colors_info=&#8221;{}&#8221; sticky_enabled=&#8221;0&#8243;]<\/p>\n<ul>\n<li><span style=\"color: #000000;\"><a href=\"https:\/\/felino.pt\/wp-content\/uploads\/2024\/07\/uk-Ficha-Projeto-Internacionalizacao-2015-v2.pdf\" target=\"_blank\" rel=\"noopener\" style=\"color: #000000;\">Dossier de projet | Internationalisation 2015<\/a><\/span><\/li>\n<li><span style=\"color: #000000;\"><a href=\"https:\/\/felino.pt\/wp-content\/uploads\/2024\/07\/uk-Ficha-Projeto-Qualificacao-2016_v2.pdf\" target=\"_blank\" rel=\"noopener\" style=\"color: #000000;\">Formulaire de projet | Qualification 2016<\/a><\/span><\/li>\n<li><span style=\"color: #000000;\"><a href=\"https:\/\/felino.pt\/wp-content\/uploads\/2024\/09\/uk-Ficha-Projeto-Internacionalizacao-2018_v3.pdf\" target=\"_blank\" rel=\"noopener\" style=\"color: #000000;\">Formulaire de projet | Internationalisation 2018<\/a><\/span><\/li>\n<li><span style=\"color: #000000;\"><a href=\"https:\/\/felino.pt\/wp-content\/uploads\/2024\/07\/uk_Ficha_Projeto_Qualificacao_2018.pdf\" target=\"_blank\" rel=\"noopener\" style=\"color: #000000;\">Formulaire de projet | Qualification 2018<\/a><\/span><\/li>\n<li><span style=\"color: #000000;\"><a href=\"https:\/\/felino.pt\/wp-content\/uploads\/2024\/07\/uk_Ficha_Projeto_ID_FARO.pdf\" target=\"_blank\" rel=\"noopener\" style=\"color: #000000;\">Formulaire de projet R&amp;D<\/a><\/span><\/li>\n<li><span style=\"color: #000000;\"><a href=\"https:\/\/felino.pt\/wp-content\/uploads\/2024\/07\/uk_Ficha_Projeto_PROD_SIF.pdf\" target=\"_blank\" rel=\"noopener\" style=\"color: #000000;\">Fiche de projet PROD-SIF<\/a><\/span><\/li>\n<\/ul>\n<p>[\/et_pb_text][et_pb_image src=&#8221;https:\/\/felino.pt\/wp-content\/uploads\/2023\/11\/apoios-cofinanciados.png&#8221; title_text=&#8221;apoios-cofinanciados&#8221; admin_label=&#8221;Image&#8221; _builder_version=&#8221;4.23.1&#8243; _module_preset=&#8221;default&#8221; max_height=&#8221;100px&#8221; global_colors_info=&#8221;{}&#8221;][\/et_pb_image][\/et_pb_column][\/et_pb_row][\/et_pb_section]<\/p>","protected":false},"excerpt":{"rendered":"<p>Projetos Cofinanciados No \u00e2mbito do Portugal 2020, temos em curso os seguintes projetos cofinanciado pelos Fundos Europeus Estruturais e de Investimento (FEEI): Ficha de Projeto | Internacionaliza\u00e7\u00e3o 2015 Ficha de Projeto | Qualifica\u00e7\u00e3o 2016 Ficha de Projeto | Internacionaliza\u00e7\u00e3o 2018 Ficha de Projeto | Qualifica\u00e7\u00e3o 2018 Ficha de Projeto I&amp;D Ficha de Projeto PROD-SIF<\/p>","protected":false},"author":3,"featured_media":0,"parent":0,"menu_order":0,"comment_status":"closed","ping_status":"closed","template":"","meta":{"_et_pb_use_builder":"on","_et_pb_old_content":"","_et_gb_content_width":"","footnotes":""},"class_list":["post-35401","page","type-page","status-publish","hentry"],"_links":{"self":[{"href":"https:\/\/felino.pt\/fr\/wp-json\/wp\/v2\/pages\/35401","targetHints":{"allow":["GET"]}}],"collection":[{"href":"https:\/\/felino.pt\/fr\/wp-json\/wp\/v2\/pages"}],"about":[{"href":"https:\/\/felino.pt\/fr\/wp-json\/wp\/v2\/types\/page"}],"author":[{"embeddable":true,"href":"https:\/\/felino.pt\/fr\/wp-json\/wp\/v2\/users\/3"}],"replies":[{"embeddable":true,"href":"https:\/\/felino.pt\/fr\/wp-json\/wp\/v2\/comments?post=35401"}],"version-history":[{"count":5,"href":"https:\/\/felino.pt\/fr\/wp-json\/wp\/v2\/pages\/35401\/revisions"}],"predecessor-version":[{"id":37548,"href":"https:\/\/felino.pt\/fr\/wp-json\/wp\/v2\/pages\/35401\/revisions\/37548"}],"wp:attachment":[{"href":"https:\/\/felino.pt\/fr\/wp-json\/wp\/v2\/media?parent=35401"}],"curies":[{"name":"wp","href":"https:\/\/api.w.org\/{rel}","templated":true}]}}