{"id":35672,"date":"2023-12-05T14:52:16","date_gmt":"2023-12-05T14:52:16","guid":{"rendered":"https:\/\/felino.4mcomunicacao.com.br\/?page_id=35672"},"modified":"2024-03-07T22:59:25","modified_gmt":"2024-03-07T22:59:25","slug":"petrin-a-fourche","status":"publish","type":"page","link":"https:\/\/felino.pt\/fr\/machines-pour-la-boulangerie-et-la-patisserie\/petrin-a-fourche\/","title":{"rendered":"P\u00e9trin \u00e0 Axe Oblique"},"content":{"rendered":"<p>[et_pb_section fb_built=\"1\u2033 _builder_version=\"4.23\u2033 _module_preset=\"default\" background_color=\"#FFFF\" global_colors_info=\"{}\"][et_pb_row _builder_version=\"4.22.2\u2033 _module_preset=\"default\" custom_margin_tablet=\"||0px|false|false\" custom_margin_phone=\"||0px||false|false\" custom_margin_last_edited=\"on|phone\" custom_padding=\"||0px|false|false\" global_colors_info=\"{}\"][et_pb_column type=\"4_4\u2033 _builder_version=\"4.21.0\u2033 _module_preset=\"default\" global_colors_info=\"{}\"][dsm_block_reveal_text block_reveal_text=\"@ET-DC@eyJkeW5hbWljIp0cnVlCJb250ZW50IjoicG9zdF90aXRsZsInNldHRpbdzIjp7ImJlZm9yZSI6IsImFmdGVyIjoiIn19@\" heading_html_tag=\"h1\u2033 block_reveal_animation=\"bt\" _builder_version=\"4.23.1\u2033 _dynamic_attributes=\"block_reveal_text\" _module_preset=\"default\" header_font=\"spartan bold||on|||||\" header_text_align=\"centre\" header_font_size=\"36px\" header_line_height=\"1.9em\" header_font_size_tablet=\"32px\" header_font_size_phone=\"26px\" header_font_size_last_edited=\"on|phone\" header_line_height_tablet=\"1.9em\" header_line_height_phone=\"1.6em\" header_line_height_last_edited=\"on|phone\" global_colors_info=\"{}\"][\/dsm_block_reveal_text][\/et_pb_column][\/et_pb_row][et_pb_row _builder_version=\"4.21.0\u2033 _module_preset=\"default\" global_colors_info=\"{}\"][et_pb_column type=\"4_4\u2033 _builder_version=\"4.21.0\u2033 _module_preset=\"default\" global_colors_info=\"{}\"][et_pb_text _builder_version=\"4.23.1\u2033 _module_preset=\"default\" text_font_size=\"15px\" header_2_font=\"spartan semibold||||||||\" header_2_font_size=\"20px\" text_orientation=\"centre\" custom_margin=\"||50px||false|false\" hover_enabled=\"0\u2033 global_colors_info=\"{}\" sticky_enabled=\"0\u2033]<\/p>\n<p style=\"text-align: left;\"><strong>FELINO est fier d'offrir des solutions qui int\u00e8grent les techniques les plus traditionnelles jusqu'aux \u00e9quipements de fabrication les plus sophistiqu\u00e9s.\u00a0<\/strong><span>Notre gamme de p\u00e9trins \u00e0 fourche est disponible dans des mod\u00e8les \u00e0 cuve fixe ou mobile, et avec l'option d'un corps en acier inoxydable. L'excellence de notre production et la durabilit\u00e9 de nos machines sont obtenues gr\u00e2ce \u00e0 la solidit\u00e9 de notre construction en fonte, qui nous a permis de devenir une r\u00e9f\u00e9rence dans le secteur. <\/span><\/p>\n<p style=\"text-align: left;\"><span>Explorez nos solutions, d\u00e9couvrez une gamme vibrante d'\u00e9quipements color\u00e9s et augmentez votre production gr\u00e2ce \u00e0 la signature de qualit\u00e9 FELINO.<\/span><\/p>\n<p>[\/et_pb_text][brbl_post_masonry _builder_version=\"4.24.2\u2033 _module_preset=\"default\" include_categories=\"37\u2033 show_meta=\"off\" border_color_all_post=\"#FFFF\" img_hover_style=\"zoom_in\" title_font=\"spartan semibold||||||||\" title_font_size=\"20px\" title_text_align=\"center\" title_line_height=\"1.5em\" title_level=\"h2\u2033 excerpt_text_align=\"centre\" excerpt_font_size=\"13px\" excerpt_line_height=\"1.3em\" hover_enabled=\"0\u2033 sticky_enabled=\"0\u2033 column_count_last_edited=\"on|desktop\" column_count_tablet=\"1\u2033 locked=\"off\" column_count_phone=\"1\u2033][\/brbl_post_masonry][\/et_pb_column][\/et_pb_row][\/et_pb_section]<\/p>","protected":false},"excerpt":{"rendered":"<p><div class=\"et_pb_module dsm_block_reveal_text dsm_block_reveal_text_0\">\n\t\t\t\t\n\t\t\t\t\n\t\t\t\t\n\t\t\t\t\n\t\t\t\t\n\t\t\t\t\n\t\t\t\t<div class=\"et_pb_module_inner\">\n\t\t\t\t\t<div class=\"dsm_block_reveal_text_wrapper\" data-dsm-block-reveal-animation=\"bt\" data-dsm-block-reveal-color=\"#ef8d23\" data-dsm-block-reveal-delay=\"0.1\" data-dsm-block-reveal-viewport=\"80%\"><\/div>\n\t\t\t\t<\/div>\n\t\t\t<\/div>FELINO est fier d'offrir des solutions qui int\u00e8grent les techniques les plus traditionnelles jusqu'aux \u00e9quipements de fabrication les plus sophistiqu\u00e9s. Notre gamme de p\u00e9trins \u00e0 fourche est disponible dans des mod\u00e8les \u00e0 cuve fixe ou mobile, avec l'option d'un corps en acier inoxydable. L'excellence de notre production et la durabilit\u00e9 de nos machines sont obtenues gr\u00e2ce \u00e0 la solidit\u00e9 de notre construction en fonte, qui nous a permis de devenir une r\u00e9f\u00e9rence dans le secteur. Explorez nos solutions, d\u00e9couvrez une gamme vibrante d'\u00e9quipements color\u00e9s et faites passer votre production au niveau sup\u00e9rieur avec la signature de qualit\u00e9 FELINO.<div class=\"et_pb_with_border et_pb_module brbl_post_masonry brbl_post_masonry_0\">\n\t\t\t\t\n\t\t\t\t\n\t\t\t\t\n\t\t\t\t\n\t\t\t\t\n\t\t\t\t\n\t\t\t\t<div class=\"et_pb_module_inner\">\n\t\t\t\t\t<div class=\"brbl-module brbl-post-masonry\" data-options=\"{&quot;layout&quot;:&quot;masonry-1&quot;,&quot;blog_order&quot;:0,&quot;pagination_type&quot;:&quot;&quot;,&quot;loadmore_type&quot;:&quot;scroll&quot;}\">\r\n                <div class=\"brbl-blog-items brbl-blog brbl-blog-scroll-0\"><div class=\"brbl-blog-item brbl-blog-item-masonry-1-0\">\r\n        <article class=\"brbl-masonry-card brbl-post-masonry-1\">\r\n            <figure class=\"brbl-post-thumb\">\r\n\t\t\t\t<a href=\"https:\/\/felino.pt\/fr\/petrin-a-fourche-a-bol-fixe\/\">\r\n\t\t\t\t\t<div class=\"brbl-overlay\" data-icon=\"\"><\/div>\r\n\t\t\t\t\t<img decoding=\"async\" src=\"https:\/\/felino.pt\/wp-content\/uploads\/2023\/08\/Amassadeira-Garfo-FELINO-Tina-Fixa-2.png\" alt=\"M\u00e9langeur \u00e0 fourche fixe Tina, M\u00e9langeur \u00e0 fourche fixe Tina FELINO\">\r\n\t\t\t\t\t\r\n\t\t\t\t<\/a>\r\n\t\t\t<\/figure>\r\n            \r\n            <div class=\"brbl-masonry-content\">\r\n\t\t\t\t\r\n                <h2 class=\"brbl-post-title\">\r\n                <a href=\"https:\/\/felino.pt\/fr\/petrin-a-fourche-a-bol-fixe\/\">P\u00e9trin \u00e0 Axe Oblique Cuve Fixe FELINO FF<\/a>\r\n            <\/h2>\r\n                <div class=\"brbl-post-excerpt\">Capacit\u00e9 de 50, 80, 100 et 150 kg.<\/div>\r\n                \r\n            <\/div>\r\n        <\/article>\r\n    <\/div><div class=\"brbl-blog-item brbl-blog-item-masonry-1-0\">\r\n        <article class=\"brbl-masonry-card brbl-post-masonry-1\">\r\n            <figure class=\"brbl-post-thumb\">\r\n\t\t\t\t<a href=\"https:\/\/felino.pt\/fr\/petrin-a-fourche-mobile\/\">\r\n\t\t\t\t\t<div class=\"brbl-overlay\" data-icon=\"\"><\/div>\r\n\t\t\t\t\t<img decoding=\"async\" src=\"https:\/\/felino.pt\/wp-content\/uploads\/2023\/08\/amassadeira-garfo-movel-preview-2.jpg\" alt=\"M\u00e9langeur \u00e0 fourche avec bol mobile, M\u00e9langeur \u00e0 fourche avec bol mobile FELINO\">\r\n\t\t\t\t\t\r\n\t\t\t\t<\/a>\r\n\t\t\t<\/figure>\r\n            \r\n            <div class=\"brbl-masonry-content\">\r\n\t\t\t\t\r\n                <h2 class=\"brbl-post-title\">\r\n                <a href=\"https:\/\/felino.pt\/fr\/petrin-a-fourche-mobile\/\">P\u00e9trin \u00e0 Axe Oblique Cuve Amovible FELINO FM<\/a>\r\n            <\/h2>\r\n                <div class=\"brbl-post-excerpt\">Capacit\u00e9 de 80, 100 et 150 kg.<\/div>\r\n                \r\n            <\/div>\r\n        <\/article>\r\n    <\/div><\/div><nav class=\"brbl-pagination\" role=\"navigation\" aria-label=\"Pagination\"><\/nav>\r\n\t\t\t<\/div>\n\t\t\t\t<\/div>\n\t\t\t<\/div><\/p>","protected":false},"author":3,"featured_media":0,"parent":31979,"menu_order":0,"comment_status":"closed","ping_status":"closed","template":"","meta":{"_et_pb_use_builder":"on","_et_pb_old_content":"","_et_gb_content_width":"","footnotes":""},"class_list":["post-35672","page","type-page","status-publish","hentry"],"_links":{"self":[{"href":"https:\/\/felino.pt\/fr\/wp-json\/wp\/v2\/pages\/35672","targetHints":{"allow":["GET"]}}],"collection":[{"href":"https:\/\/felino.pt\/fr\/wp-json\/wp\/v2\/pages"}],"about":[{"href":"https:\/\/felino.pt\/fr\/wp-json\/wp\/v2\/types\/page"}],"author":[{"embeddable":true,"href":"https:\/\/felino.pt\/fr\/wp-json\/wp\/v2\/users\/3"}],"replies":[{"embeddable":true,"href":"https:\/\/felino.pt\/fr\/wp-json\/wp\/v2\/comments?post=35672"}],"version-history":[{"count":0,"href":"https:\/\/felino.pt\/fr\/wp-json\/wp\/v2\/pages\/35672\/revisions"}],"up":[{"embeddable":true,"href":"https:\/\/felino.pt\/fr\/wp-json\/wp\/v2\/pages\/31979"}],"wp:attachment":[{"href":"https:\/\/felino.pt\/fr\/wp-json\/wp\/v2\/media?parent=35672"}],"curies":[{"name":"wp","href":"https:\/\/api.w.org\/{rel}","templated":true}]}}