{"id":35848,"date":"2024-01-13T15:32:34","date_gmt":"2024-01-13T15:32:34","guid":{"rendered":"https:\/\/site.felino.pt\/?page_id=35848"},"modified":"2025-03-13T15:46:58","modified_gmt":"2025-03-13T15:46:58","slug":"sommet","status":"publish","type":"page","link":"https:\/\/felino.pt\/fr\/","title":{"rendered":"Felino - Fundi\u00e7\u00e3o e Constru\u00e7\u00f5es Mec\u00e2nicas S.A."},"content":{"rendered":"<p>[et_pb_section fb_built=\"1\u2033 fullwidth=\"on\" _builder_version=\"4.24.3\u2033 _module_preset=\"default\" background_color=\"#EF8D23\u2033 max_width_tablet=\"\" max_width_phone=\"\" max_width_last_edited=\"on|phone\" max_height=\"650px\" max_height_tablet=\"650px\" max_height_phone=\"40vh\" max_height_last_edited=\"on|phone\" background_last_edited=\"on|phone\" locked=\"off\" global_colors_info=\"{}\"][et_pb_fullwidth_image src=\"https :\/\/felino.pt\/wp-content\/uploads\/2024\/04\/FELINO-SA.png\" alt=\"FELINO, Technical Parts, Bakery and Pastry Machines\" title_text=\"FELINO SA vertical banner\" src_tablet=\"https:\/\/felino.pt\/wp-content\/uploads\/2024\/04\/FELINO-SA.png\" src_phone=\"https:\/\/felino.pt\/wp-content\/uploads\/2024\/04\/FELINO-SA-banner-vertical.png\" src_last_edited=\"on|phone\" _builder_version=\"4.25.0\u2033 _module_preset=\"default\" max_width=\"1920px\" module_alignment=\"centre\" global_colors_info=\"{}\"][\/et_pb_fullwidth_image][\/et_pb_section][et_pb_section fb_built=\"1\u2033 _builder_version=\"4.24.3\u2033 _module_preset=\"default\" custom_padding=\"60px||||false|false\" top_divider_style=\"arrow3\u2033 top_divider_color=\"#EF8D23\u2033 top_divider_height=\"50px\" global_colors_info=\"{}\"][et_pb_row _builder_version=\"4.24.2\u2033 _module_preset=\"default\" global_colors_info=\"{}\"][et_pb_column type=\"4_4\u2033 _builder_version=\"4.24.2\u2033 _module_preset=\"default\" global_colors_info=\"{}\"][et_pb_text _builder_version=\"4.24.2\u2033 _module_preset=\"default\" header_font=\"spartan extrabold||||||||\" header_font_size=\"25px\" header_2_font=\"spartan extrabold||||||||\" custom_margin=\"||0px||false|false\" global_colors_info=\"{}\"]<\/p>\n<h1 class=\"h1\" style=\"text-align: left;\">FELINO SA<\/h1>\n<p>[\/et_pb_text][et_pb_divider divider_weight=\"2px\" _builder_version=\"4.23.4\u2033 _module_preset=\"default\" transform_translate_linked=\"off\" width=\"100%\" custom_margin=\"0px||0px|false|false\" custom_padding=\"0px||0px|false|false\" locked=\"off\" global_colors_info=\"{}\"][\/et_pb_divider][et_pb_text _builder_version=\"4.23.1\u2033 _module_preset=\"default\" text_font=\"|500|||||||\" header_font=\"Poppins|600|||||||\" header_font_size=\"26px\" header_2_font=\"Poppins|600|||||||\" header_2_font_size=\"25px\" custom_margin=\"0px||||false|false\" custom_padding=\"0px||||false|false\" locked=\"off\" global_colors_info=\"{}\"]<\/p>\n<p class=\"h1\" style=\"text-align: left;\"><span>Depuis 1936, FELINO est une r\u00e9f\u00e9rence en mati\u00e8re de moulage, d'usinage et de production de pi\u00e8ces techniques, ainsi qu'un fabricant d'\u00e9quipements, allant des machines de boulangerie et de p\u00e2tisserie aux solutions de chauffage telles que les po\u00eales \u00e0 granul\u00e9s, pour les march\u00e9s nationaux et internationaux.<\/span><\/p>\n<p class=\"h1\" style=\"text-align: left;\"><span>D\u00e9couvrez nos principales zones de production :<\/span><\/p>\n<p>[\/et_pb_text][\/et_pb_column][\/et_pb_row][et_pb_row column_structure=\"1_3,1_3,1_3\u2033 _builder_version=\"4.23.4\u2033 _module_preset=\"default\" global_colors_info=\"{}\"][et_pb_column type=\"1_3\u2033 _builder_version=\"4.23.4\u2033 _module_preset=\"default\" global_colors_info=\"{}\"][dsm_card title=\"Fonderie de Fer\" subtitle=\"Capacit\u00e9 de production pour les petites, moyennes et grandes s\u00e9ries.\" image=\"https:\/\/felino.pt\/wp-content\/uploads\/2024\/04\/Fundicao-de-Ferro-FELINO-e1713801457201.jpg\" image_background_height=\"200px\" image_background_animation=\"zoom_in\" button_url_new_window=\"1\u2033 _builder_version=\"4.25.0\u2033 _dynamic_attributes=\"link_option_url\" _module_preset=\"default\" header_level=\"h2\u2033 header_font=\"||||||||\" header_font_size=\"19px\" text_orientation=\"centre\" link_option_url=\"@ET-DC@eyJkeW5hbWljIjp0cnVlCJb250ZW50IjoicG9zdF9saW5rX3VybF9wYWdlIwic2V0dGluZ3MiOnsicG9zdF9pZCI6IjMyMjcxIn19@\" border_radii_image=\"on|5px|5px|5px\" global_colors_info=\"{}\"][\/dsm_card][\/et_pb_column][et_pb_column type=\"1_3\u2033 _builder_version=\"4.23.4\u2033 _module_preset=\"default\" global_colors_info=\"{}\"][dsm_card title=\"Usinage\" subtitle=\"Usinage de pr\u00e9cision pour la production de pi\u00e8ces techniques\" image=\"https:\/\/felino.pt\/wp-content\/uploads\/2023\/08\/maquinacao_topo.jpg\" image_background_height=\"200px\" image_background_animation=\"zoom_in\" button_url_wwindow=\"1\u2033 _builder_version=\"4.25.0\u2033 _dynamic_attributes=\"link_option_url\" _module_preset=\"default\" header_level=\"h2\u2033 header_font=\"||||||||\" header_font_size=\"19px\" text_orientation=\"centre\" link_option_url=\"@ET-DC@eyJkeW5hbWljIjp0cnVlCJb250ZW50IjoicG9zdF9saW5rX3VybF9wYWdlIwic2V0dGluZ3MiOnsicG9zdF9pZCI6IjMyMjczIn19@\" border_radii_image=\"on|5px|5px|5px\" global_colors_info=\"{}\"][\/dsm_card][\/et_pb_column][et_pb_column type=\"1_3\u2033 _builder_version=\"4.23.4\u2033 _module_preset=\"default\" global_colors_info=\"{}\"][dsm_card title=\"Boulangerie et p\u00e2tisserie\" subtitle=\"Machines de boulangerie et p\u00e2tisserie avec structure int\u00e9grale en fonte\" image=\"https:\/\/felino.pt\/wp-content\/uploads\/2023\/11\/Maquinas-de-Padaria-e-Pastelaria-FELINO_2-scaled.jpg\" image_background_height=\"200px\" image_background_animation=\"zoom_in\" button_url_new_window=\"1\u2033 _builder_version=\"4.25.0\u2033 _dynamic_attributes=\"link_option_url\" _module_preset=\"default\" header_level=\"h2\u2033 header_font=\"||||||||\" header_font_size=\"19px\" text_orientation=\"centre\" link_option_url=\"@ET-DC@eyJkeW5hbWljIjp0cnVlCJb250ZW50IjoicG9zdF9saW5rX3VybF9wYWdlIwic2V0dGluZ3MiOnsicG9zdF9pZCI6IjMxc5In19@\" border_radii_image=\"on|5px|5px|5px\" global_colors_info=\"{}\"][\/dsm_card][\/et_pb_column][\/et_pb_row][\/et_pb_section][et_pb_section fb_built=\"1\u2033 _builder_version=\"4.25.0\u2033 _module_preset=\"default\" background_image=\"https:\/\/felino.pt\/wp-content\/uploads\/2023\/11\/Sustentabilidade-FELINO-1.jpg\" min_height=\"500px\" global_colors_info=\"{}\"][et_pb_row _builder_version=\"4.23.4\u2033 _module_preset=\"default\" global_colors_info=\"{}\"][et_pb_column type=\"4_4\u2033 _builder_version=\"4.23.4\u2033 _module_preset=\"default\" global_colors_info=\"{}\"][et_pb_text _builder_version=\"4.25.0\u2033 _module_preset=\"default\" text_text_color=\"#FFFF\" header_2_font=\"spartan extrabold||||||||\" header_2_text_color=\"#FFFF\" header_3_font=\"|700|||||||\" header_3_text_color=\"#FFFF\" header_3_font_size=\"26px\" text_orientation_tablet=\"centre\" text_orientation_phone=\"centre\" text_orientation_last_edited=\"on|phone\" global_colors_info=\"{}\"]<\/p>\n<h3>Durabilit\u00e9<\/h3>\n<p>D\u00e9couvrez comment nous int\u00e9grons des tonnes de d\u00e9chets dans la production<\/p>\n<p>[\/et_pb_text][dsm_button button_one_text=\"D\u00e9couvrez l'engagement environnemental de FELINO\" button_one_url=\"@ET-DC@eyJkeW5hbWljIjp0cnVlCJb250ZW50IjoicG9zdF9saW5rX3VybF9wYWdlIwic2V0dGluZ3MiOnsicG9zdF9pZCI6IjM0MTg3In19@\" button_alignment_tablet=\"centre\" button_alignment_phone=\"centre\" button_alignment_last_edited=\"on|phone\" _builder_version=\"4.24.0\u2033 _dynamic_attributes=\"button_one_url\" _module_preset=\"default\" custom_css_button_2=\"line-height : 1.1 !important ;\" global_colors_info=\"{}\" custom_css_button_1_last_edited=\"on|phone\" custom_css_button_1_phone=\"line-height : 1.1 !important ;\"][\/dsm_button][\/et_pb_column][\/et_pb_row][\/et_pb_section][et_pb_section fb_built=\"1\u2033 _builder_version=\"4.23.4\u2033 _module_preset=\"default\" global_colors_info=\"{}\"][et_pb_row column_structure=\"3_5,2_5\u2033 _builder_version=\"4.23.4\u2033 _module_preset=\"default\" global_colors_info=\"{}\"][et_pb_column type=\"3_5\u2033 _builder_version=\"4.23.4\u2033 _module_preset=\"default\" global_colors_info=\"{}\"][et_pb_image src=\"https:\/\/felino.fr\/wp-content\/uploads\/2023\/11\/FELINO-WRLD-MAP.png\" title_text=\"FELINO WRLD MAP\" _builder_version=\"4.23.4\u2033 _module_preset=\"default\" global_colors_info=\"{}\"][\/et_pb_image][\/et_pb_column][et_pb_column type=\"2_5\u2033 _builder_version=\"4.23.4\u2033 _module_preset=\"default\" global_colours_info=\"{}\"][et_pb_text _builder_version=\"4.25.0\u2033 _module_preset=\"default\" header_2_font=\"spartan extrabold||||||||\" header_3_font=\"|700|||||||\" header_3_font_size=\"26px\" min_height=\"24px\" custom_margin=\"100px||6px||false|false\" global_colors_info=\"{}\"]<\/p>\n<h3>88 ans d'exp\u00e9rience.<\/h3>\n<p>[\/et_pb_text][et_pb_text _builder_version=\"4.23.4\u2033 _module_preset=\"default\" text_line_height=\"1.2em\" custom_margin=\"20px||||false|false\" global_colors_info=\"{}\"]<\/p>\n<p><strong>Du Portugal au monde.\u00a0<\/strong><\/p>\n<p>FELINO est pr\u00e9sent dans plus de 40 pays.<\/p>\n<p>[\/et_pb_text][\/et_pb_column][\/et_pb_row][\/et_pb_section][et_pb_section fb_built=\"1\u2033 _builder_version=\"4.23.4\u2033 _module_preset=\"default\" background_color=\"#f6f6f6\u2033 global_colors_info=\"{}\"][et_pb_row _builder_version=\"4.23.4\u2033 _module_preset=\"default\" global_colors_info=\"{}\"][et_pb_column type=\"4_4\u2033 _builder_version=\"4.23.4\u2033 _module_preset=\"default\" global_colors_info=\"{}\"][et_pb_text _builder_version=\"4.23.4\u2033 _module_preset=\"default\" text_orientation=\"centre\" global_colors_info=\"{}\"]<\/p>\n<h2 style=\"text-align: center;\">Univers FELINO<\/h2>\n<p class=\"elementor-heading-title elementor-size-small\">Voici FELINO Universe, un espace o\u00f9 nous partageons des informations sur nos \u00e9quipements et des solutions personnalis\u00e9es pour votre entreprise. Suivez notre pr\u00e9sence aux prochains salons nationaux et internationaux et acc\u00e9dez \u00e0 des contenus qui vous inspireront dans la r\u00e9alisation de vos v\u00eatements.<\/p>\n<p>[\/et_pb_text][brbl_post_carousel include_categories=\"25\u2033 order=\"DESC\" post_count=\"8\u2033 layout=\"layout4\u2033 show_avatar=\"off\" show_author=\"off\" show_date=\"off\" slide_count=\"3\u2033 slide_count_tablet=\"2\u2033 slide_count_phone=\"1\u2033 slide_count_last_edited=\"on|phone\" _builder_version=\"4.25.2\u2033 _module_preset=\"default\" global_colors_info=\"{}\"][\/brbl_post_carousel][dsm_button button_one_text=\"Toutes les nouvelles\" button_one_url=\"@ET-DC@eyJkeW5hbWljIjp0cnVlCJb250ZW50IjoicG9zdF9saW5rX3VybF9wYWdlIwic2V0dGluZ3MiOnsicG9zdF9pZCI6IjMyjUyIn19@\" button_alignment=\"centre\" button_alignment_tablet=\"centre\" button_alignment_phone=\"centre\" button_alignment_last_edited=\"off|desktop\" _builder_version=\"4.24.2\u2033 _dynamic_attributes=\"button_one_url\" _module_preset=\"default\" transform_scale=\"70%|70%\" transform_translate_linked=\"off\" custom_margin=\"||||false|false\" custom_margin_tablet=\"||0px|false|false\" custom_margin_phone=\"-50px|0px|false|false\" custom_margin_last_edited=\"off|desktop\" locked=\"off\" global_colors_info=\"{}\"][\/dsm_button][\/et_pb_column][\/et_pb_row][\/et_pb_section]<\/p>","protected":false},"excerpt":{"rendered":"<p>FELINO SADDepuis 1936, FELINO est une r\u00e9f\u00e9rence en mati\u00e8re de fonderie, d'usinage et de production de pi\u00e8ces techniques, ainsi qu'un fabricant d'\u00e9quipements, allant des machines pour la boulangerie et la p\u00e2tisserie aux solutions de chauffage telles que les po\u00eales \u00e0 granul\u00e9s, pour les march\u00e9s nationaux et internationaux. D\u00e9couvrez nos principales zones de production :<div class=\"et_pb_module dsm_card dsm_card_0 et_pb_bg_layout_light dsm_card_image_animation dsm_card_image_animation_zoom_in dsm_card_layout_stacked\">\n\t\t\t\t\n\t\t\t\t\n\t\t\t\t\n\t\t\t\t\n\t\t\t\t\n\t\t\t\t\n\t\t\t\t<div class=\"et_pb_module_inner\">\n\t\t\t\t\t\n\t\t\t\n\t\t\t<figure class=\"dsm_card_image_wrapper dsm_card_badge_top_right\"><div class=\"dsm_card_image_background dsm_card_img\"><\/div><\/figure>\n\t\t\t<div class=\"et_pb_module dsm_card_wrapper et_pb_text_align_center\">\n\t\t\t\t\t\n\t\t\t\t\t<h2 class=\"dsm_card_title et_pb_module_header\">Fonderie de Font<\/h2>\n\t\t\t\t\t<div class=\"dsm_card_subtitle\">Capacit\u00e9 de production pour les petites, moyennes et grandes s\u00e9ries.<\/div>\n\t\t\t\t\t\n\t\t\t\t\t\n\t\t\t\t<\/div>\n\t\t\t\n\t\t\t\t<\/div>\n\t\t\t<\/div><div class=\"et_pb_module dsm_card dsm_card_1 et_pb_bg_layout_light dsm_card_image_animation dsm_card_image_animation_zoom_in dsm_card_layout_stacked\">\n\t\t\t\t\n\t\t\t\t\n\t\t\t\t\n\t\t\t\t\n\t\t\t\t\n\t\t\t\t\n\t\t\t\t<div class=\"et_pb_module_inner\">\n\t\t\t\t\t\n\t\t\t\n\t\t\t<figure class=\"dsm_card_image_wrapper dsm_card_badge_top_right\"><div class=\"dsm_card_image_background dsm_card_img\"><\/div><\/figure>\n\t\t\t<div class=\"et_pb_module dsm_card_wrapper et_pb_text_align_center\">\n\t\t\t\t\t\n\t\t\t\t\t<h2 class=\"dsm_card_title et_pb_module_header\">Usinage<\/h2>\n\t\t\t\t\t<div class=\"dsm_card_subtitle\">Usinage de pr\u00e9cision pour la production de pi\u00e8ces techniques.<\/div>\n\t\t\t\t\t\n\t\t\t\t\t\n\t\t\t\t<\/div>\n\t\t\t\n\t\t\t\t<\/div>\n\t\t\t<\/div><div class=\"et_pb_module dsm_card dsm_card_2 et_pb_bg_layout_light dsm_card_image_animation dsm_card_image_animation_zoom_in dsm_card_layout_stacked\">\n\t\t\t\t\n\t\t\t\t\n\t\t\t\t\n\t\t\t\t\n\t\t\t\t\n\t\t\t\t\n\t\t\t\t<div class=\"et_pb_module_inner\">\n\t\t\t\t\t\n\t\t\t\n\t\t\t<figure class=\"dsm_card_image_wrapper dsm_card_badge_top_right\"><div class=\"dsm_card_image_background dsm_card_img\"><\/div><\/figure>\n\t\t\t<div class=\"et_pb_module dsm_card_wrapper et_pb_text_align_center\">\n\t\t\t\t\t\n\t\t\t\t\t<h2 class=\"dsm_card_title et_pb_module_header\">Boulangerie et p\u00e2tisserie<\/h2>\n\t\t\t\t\t<div class=\"dsm_card_subtitle\">Machines de boulangerie et de p\u00e2tisserie avec structure int\u00e9grale en fonte.<\/div>\n\t\t\t\t\t\n\t\t\t\t\t\n\t\t\t\t<\/div>\n\t\t\t\n\t\t\t\t<\/div>\n\t\t\t<\/div>D\u00e9veloppement durable D\u00e9couvrez comment nous incorporons des tonnes de d\u00e9chets dans la production.<div class=\"et_pb_module dsm_button dsm_button_0 et_pb_bg_layout_light\">\n\t\t\t\t\n\t\t\t\t\n\t\t\t\t\n\t\t\t\t\n\t\t\t\t\n\t\t\t\t\n\t\t\t\t<div class=\"et_pb_module_inner\">\n\t\t\t\t\t<div class=\"et_pb_button_module_wrappers dsm_button_0_wrapper et_pb_button_alignment_tablet_center et_pb_button_alignment_phone_center et_pb_module\">\n\t\t\t\t<a class=\"et_pb_button et_pb_button_one et_pb_bg_layout_light dsm-none\"  data-dsm-lightbox-id=\"dsm_button_one_lightbox dsm_button_0\"><span>Conna\u00eetre l'engagement environnemental de FELINO<\/span><\/a>\n\t\t\t<\/div>\n\t\t\t\t<\/div>\n\t\t\t<\/div>88 ans d'exp\u00e9rience - du Portugal au monde entier.  FELINO est pr\u00e9sent dans plus de 40 pays.Universo FELINO Voici Universo FELINO, un espace o\u00f9 nous partageons des informations sur nos \u00e9quipements et des solutions personnalis\u00e9es pour votre entreprise. Suivez notre pr\u00e9sence aux prochains salons nationaux et internationaux [...]<\/p>","protected":false},"author":5,"featured_media":36744,"parent":0,"menu_order":0,"comment_status":"closed","ping_status":"closed","template":"","meta":{"_et_pb_use_builder":"on","_et_pb_old_content":"","_et_gb_content_width":"","footnotes":""},"class_list":["post-35848","page","type-page","status-publish","has-post-thumbnail","hentry"],"_links":{"self":[{"href":"https:\/\/felino.pt\/fr\/wp-json\/wp\/v2\/pages\/35848","targetHints":{"allow":["GET"]}}],"collection":[{"href":"https:\/\/felino.pt\/fr\/wp-json\/wp\/v2\/pages"}],"about":[{"href":"https:\/\/felino.pt\/fr\/wp-json\/wp\/v2\/types\/page"}],"author":[{"embeddable":true,"href":"https:\/\/felino.pt\/fr\/wp-json\/wp\/v2\/users\/5"}],"replies":[{"embeddable":true,"href":"https:\/\/felino.pt\/fr\/wp-json\/wp\/v2\/comments?post=35848"}],"version-history":[{"count":11,"href":"https:\/\/felino.pt\/fr\/wp-json\/wp\/v2\/pages\/35848\/revisions"}],"predecessor-version":[{"id":37499,"href":"https:\/\/felino.pt\/fr\/wp-json\/wp\/v2\/pages\/35848\/revisions\/37499"}],"wp:featuredmedia":[{"embeddable":true,"href":"https:\/\/felino.pt\/fr\/wp-json\/wp\/v2\/media\/36744"}],"wp:attachment":[{"href":"https:\/\/felino.pt\/fr\/wp-json\/wp\/v2\/media?parent=35848"}],"curies":[{"name":"wp","href":"https:\/\/api.w.org\/{rel}","templated":true}]}}