{"id":36272,"date":"2024-02-08T16:25:16","date_gmt":"2024-02-08T16:25:16","guid":{"rendered":"https:\/\/site.felino.pt\/?page_id=36272"},"modified":"2024-02-08T16:30:18","modified_gmt":"2024-02-08T16:30:18","slug":"communication-et-medias","status":"publish","type":"page","link":"https:\/\/felino.pt\/fr\/communication-et-medias\/","title":{"rendered":"Communication et m\u00e9dias"},"content":{"rendered":"<p>[et_pb_section fb_built=\"1\u2033 admin_label=\"Blog\" _builder_version=\"4.24.0\u2033 _module_preset=\"default\" background_color=\"#f6f6\u2033 custom_margin_tablet=\"\" custom_margin_phone=\"\" custom_margin_last_edited=\"on|desktop\" custom_padding=\"30px||||false|false\" locked=\"off\" global_colors_info=\"{}\"][et_p_row _builder_version=\"4.21.0\u2033 _module_preset=\"default\" global_colors_info=\"{}\"][et_pb_column type=\"4_4\u2033 _builder_version=\"4.21.0\u2033 _module_preset=\"default\" global_colors_info=\"{}\"][et_pb_text _builder_version=\"4.24.0\u2033 _module_preset=\"default\" header_2_line_height=\"1.4em\" text_orientation=\"centre\" custom_margin=\"|100px||100px|false|true\" custom_margin_tablet=\"|0px||0px|false|true\" custom_margin_phone=\"|0px|0px|false|true\" custom_margin_last_edited=\"on|phone\" custom_padding=\"||10px||false|false\" hover_enabled=\"0\u2033 global_colors_info=\"{}\" sticky_enabled=\"0\u2033]<\/p>\n<h2 style=\"text-align: center;\">Communication et m\u00e9dias<\/h2>\n<p class=\"elementor-heading-title elementor-size-small\">Rejoignez FELINO aux foires et \u00e9v\u00e9nements au Portugal et dans le monde entier et d\u00e9couvrez toutes les solutions en mati\u00e8re de machines de boulangerie et de p\u00e2tisserie pour le secteur alimentaire.<\/p>\n<p>[\/et_pb_text][et_pb_blog_extras use_category_filterable_blog=\"on\" use_hamburger_category_filter=\"off\" posts_number=\"15\u2033 include_categories=\"38\u2033 blog_layout=\"masonry\" masonry_layout=\"block_extended\" column_spacing=\"50px\" use_read_more_button=\"on\" read_more_text=\"Lire la suite\" show_author=\"off\" show_date=\"off\" show_categories=\"off\" show_comments=\"off\" show_load_more=\"on\" pagination_type=\"off\" admin_label=\"Divi Blog Extras\" masonry_columns_tablet=\"2\u2033 masonry_columns_phone=\"1\u2033 masonry_columns_last_edited=\"on|phone\" _builder_version=\"4.24.0\u2033 _module_preset=\"default\" header_font_size=\"17px\" header_line_height=\"1.3em\" body_font_size=\"13px\" body_line_height=\"1.6em\" custom_ajax_pagination=\"on\" custom_read_more=\"on\" read_more_text_size=\"12px\" width=\"100%\" max_width=\"100%\" locked=\"off\" global_colors_info=\"{}\"][\/et_pb_blog_extras][\/et_pb_column][\/et_pb_row][\/et_pb_section]<\/p>","protected":false},"excerpt":{"rendered":"<p>Communication et m\u00e9dias Suivez FELINO lors des foires et \u00e9v\u00e9nements au Portugal et dans le monde entier et d\u00e9couvrez toutes les solutions en mati\u00e8re de machines pour la boulangerie et la p\u00e2tisserie pour le secteur alimentaire.[\/et_pb_blog_extras]<\/p>","protected":false},"author":5,"featured_media":0,"parent":0,"menu_order":0,"comment_status":"closed","ping_status":"closed","template":"","meta":{"_et_pb_use_builder":"on","_et_pb_old_content":"","_et_gb_content_width":"","footnotes":""},"class_list":["post-36272","page","type-page","status-publish","hentry"],"_links":{"self":[{"href":"https:\/\/felino.pt\/fr\/wp-json\/wp\/v2\/pages\/36272","targetHints":{"allow":["GET"]}}],"collection":[{"href":"https:\/\/felino.pt\/fr\/wp-json\/wp\/v2\/pages"}],"about":[{"href":"https:\/\/felino.pt\/fr\/wp-json\/wp\/v2\/types\/page"}],"author":[{"embeddable":true,"href":"https:\/\/felino.pt\/fr\/wp-json\/wp\/v2\/users\/5"}],"replies":[{"embeddable":true,"href":"https:\/\/felino.pt\/fr\/wp-json\/wp\/v2\/comments?post=36272"}],"version-history":[{"count":0,"href":"https:\/\/felino.pt\/fr\/wp-json\/wp\/v2\/pages\/36272\/revisions"}],"wp:attachment":[{"href":"https:\/\/felino.pt\/fr\/wp-json\/wp\/v2\/media?parent=36272"}],"curies":[{"name":"wp","href":"https:\/\/api.w.org\/{rel}","templated":true}]}}