{"id":36294,"date":"2024-02-08T18:01:33","date_gmt":"2024-02-08T18:01:33","guid":{"rendered":"https:\/\/site.felino.pt\/?page_id=36294"},"modified":"2024-04-04T23:32:38","modified_gmt":"2024-04-04T22:32:38","slug":"nouvelles-fonderie-et-usinage","status":"publish","type":"page","link":"https:\/\/felino.pt\/fr\/nouvelles-fonderie-et-usinage\/","title":{"rendered":"Actualit\u00e9s Fonte et usinage"},"content":{"rendered":"<p>[et_pb_section fb_built=\"1\u2033 admin_label=\"Blog\" _builder_version=\"4.24.0\u2033 _module_preset=\"default\" background_color=\"#f6f6\u2033 custom_margin_tablet=\"\" custom_margin_phone=\"\" custom_margin_last_edited=\"on|desktop\" custom_padding=\"30px||||false|false\" locked=\"off\" global_colors_info=\"{}\"][et_p_row _builder_version=\"4.21.0\u2033 _module_preset=\"default\" global_colors_info=\"{}\"][et_pb_column type=\"4_4\u2033 _builder_version=\"4.21.0\u2033 _module_preset=\"default\" global_colors_info=\"{}\"][et_pb_text _builder_version=\"4.24.3\u2033 _module_preset=\"default\" header_2_line_height=\"1.4em\" text_orientation=\"centre\" custom_margin=\"|100px||100px|false|true\" custom_margin_tablet=\"|0px||0px|false|true\" custom_margin_phone=\"|0px|0px|false|true\" custom_margin_last_edited=\"on|phone\" custom_padding=\"||10px||false|false\" hover_enabled=\"0\u2033 global_colors_info=\"{}\" sticky_enabled=\"0\u2033]<\/p>\n<h2 style=\"text-align: center;\">Moulage et usinage du fer<\/h2>\n<p class=\"elementor-heading-title elementor-size-small\"><span>Tenez-vous au courant des informations techniques et des nouvelles les plus pertinentes dans les domaines de la fonte, de l'usinage et des pi\u00e8ces techniques.\u00a0<\/span><\/p>\n<p>[\/et_pb_text][brbl_post_masonry include_categories=\"41\u2033 excerpt_length=\"150\u2033 show_meta=\"off\" pagination_type=\"loadmore\" column_count_tablet=\"2\u2033 column_count_phone=\"1\u2033 column_count_last_edited=\"on|phone\" _builder_version=\"4.24.2\u2033 _module_preset=\"default\" title_text_color=\"#3A3A\" title_font_size=\"18px\" title_line_height=\"1.3em\" locked=\"off\" global_colors_info=\"{}\"][\/brbl_post_masonry][\/et_pb_column][\/et_pb_row][\/et_pb_section]<\/p>","protected":false},"excerpt":{"rendered":"<p>Moulage et usinage du fer Tenez-vous au courant des informations techniques et des nouvelles les plus pertinentes dans les domaines du moulage du fer, de l'usinage et des pi\u00e8ces techniques.\u00a0<div class=\"et_pb_module brbl_post_masonry brbl_post_masonry_0\">\n\t\t\t\t\n\t\t\t\t\n\t\t\t\t\n\t\t\t\t\n\t\t\t\t\n\t\t\t\t\n\t\t\t\t<div class=\"et_pb_module_inner\">\n\t\t\t\t\t<div class=\"brbl-module brbl-post-masonry brbl-masonry-infinite\" data-options=\"{&quot;layout&quot;:&quot;masonry-1&quot;,&quot;blog_order&quot;:0,&quot;pagination_type&quot;:&quot;loadmore&quot;,&quot;loadmore_type&quot;:&quot;scroll&quot;}\">\r\n                <div class=\"brbl-blog-items brbl-blog brbl-blog-scroll-0\"><div class=\"brbl-blog-item brbl-blog-item-masonry-1-0\">\r\n        <article class=\"brbl-masonry-card brbl-post-masonry-1\">\r\n            <figure class=\"brbl-post-thumb\">\r\n\t\t\t\t<a href=\"https:\/\/felino.pt\/fr\/industrie-mondiale-2024-2\/\">\r\n\t\t\t\t\t<div class=\"brbl-overlay\" data-icon=\"\"><\/div>\r\n\t\t\t\t\t<img decoding=\"async\" src=\"https:\/\/felino.pt\/wp-content\/uploads\/2024\/07\/GLOBAL-INDUSTRIE-2024.jpeg\" alt=\"Industrie mondiale 2024\">\r\n\t\t\t\t\t\r\n\t\t\t\t<\/a>\r\n\t\t\t<\/figure>\r\n            \r\n            <div class=\"brbl-masonry-content\">\r\n\t\t\t\t\r\n                <h3 class=\"brbl-post-title\">\r\n                <a href=\"https:\/\/felino.pt\/fr\/industrie-mondiale-2024-2\/\">Industrie mondiale 2024<\/a>\r\n            <\/h3>\r\n                <div class=\"brbl-post-excerpt\">En ce dernier jour du salon Midest 2024, nous tenons \u00e0 remercier tous nos clients et partenaires qui ont visit\u00e9 notre stand 5G57 au Global Industrie...<\/div>\r\n                \r\n            <\/div>\r\n        <\/article>\r\n    <\/div><div class=\"brbl-blog-item brbl-blog-item-masonry-1-0\">\r\n        <article class=\"brbl-masonry-card brbl-post-masonry-1\">\r\n            <figure class=\"brbl-post-thumb\">\r\n\t\t\t\t<a href=\"https:\/\/felino.pt\/fr\/centre-dusinage-makino-a500z\/\">\r\n\t\t\t\t\t<div class=\"brbl-overlay\" data-icon=\"\"><\/div>\r\n\t\t\t\t\t<img decoding=\"async\" src=\"https:\/\/felino.pt\/wp-content\/uploads\/2024\/06\/Maquino-a500z.png\" alt=\"Maquino a500z, MAKINO a500Z centre d&#039;usinage\">\r\n\t\t\t\t\t\r\n\t\t\t\t<\/a>\r\n\t\t\t<\/figure>\r\n            \r\n            <div class=\"brbl-masonry-content\">\r\n\t\t\t\t\r\n                <h3 class=\"brbl-post-title\">\r\n                <a href=\"https:\/\/felino.pt\/fr\/centre-dusinage-makino-a500z\/\">Centre d'usinage MAKINO a500Z<\/a>\r\n            <\/h3>\r\n                <div class=\"brbl-post-excerpt\">MAKINO a500Z : Nouvel investissement FELINO FELINO est \u00e9quip\u00e9 du nouveau centre d'usinage MAKINO a500Z, une machine \u00e0 5 axes avec...<\/div>\r\n                \r\n            <\/div>\r\n        <\/article>\r\n    <\/div><div class=\"brbl-blog-item brbl-blog-item-masonry-1-0\">\r\n        <article class=\"brbl-masonry-card brbl-post-masonry-1\">\r\n            <figure class=\"brbl-post-thumb\">\r\n\t\t\t\t<a href=\"https:\/\/felino.pt\/fr\/lusinage-de-pieces-techniques\/\">\r\n\t\t\t\t\t<div class=\"brbl-overlay\" data-icon=\"\"><\/div>\r\n\t\t\t\t\t<img decoding=\"async\" src=\"https:\/\/felino.pt\/wp-content\/uploads\/2024\/07\/Precisao-e-Qualidade-da-Maquinacao-de-Pecas-Tecnicas.jpeg\" alt=\"Pr\u00e9cision et qualit\u00e9 dans l&#039;usinage de pi\u00e8ces techniques, Usinage de pi\u00e8ces techniques\">\r\n\t\t\t\t\t\r\n\t\t\t\t<\/a>\r\n\t\t\t<\/figure>\r\n            \r\n            <div class=\"brbl-masonry-content\">\r\n\t\t\t\t\r\n                <h3 class=\"brbl-post-title\">\r\n                <a href=\"https:\/\/felino.pt\/fr\/lusinage-de-pieces-techniques\/\">Usinage de pi\u00e8ces techniques<\/a>\r\n            <\/h3>\r\n                <div class=\"brbl-post-excerpt\">L'impact de la technologie sur la pr\u00e9cision et la qualit\u00e9 de l'usinage des pi\u00e8ces techniques La pr\u00e9cision, r\u00e9sultat direct du processus d'innovation...<\/div>\r\n                \r\n            <\/div>\r\n        <\/article>\r\n    <\/div><div class=\"brbl-blog-item brbl-blog-item-masonry-1-0\">\r\n        <article class=\"brbl-masonry-card brbl-post-masonry-1\">\r\n            <figure class=\"brbl-post-thumb\">\r\n\t\t\t\t<a href=\"https:\/\/felino.pt\/fr\/fraisage-et-usinage-integral\/\">\r\n\t\t\t\t\t<div class=\"brbl-overlay\" data-icon=\"\"><\/div>\r\n\t\t\t\t\t<img decoding=\"async\" src=\"https:\/\/felino.pt\/wp-content\/uploads\/2024\/07\/Fresagem-e-Maquinacao-Integral.jpeg\" alt=\"Fraisage et usinage int\u00e9gral, FELINO,\">\r\n\t\t\t\t\t\r\n\t\t\t\t<\/a>\r\n\t\t\t<\/figure>\r\n            \r\n            <div class=\"brbl-masonry-content\">\r\n\t\t\t\t\r\n                <h3 class=\"brbl-post-title\">\r\n                <a href=\"https:\/\/felino.pt\/fr\/fraisage-et-usinage-integral\/\">Fraisage et usinage int\u00e9graux<\/a>\r\n            <\/h3>\r\n                <div class=\"brbl-post-excerpt\">D\u00e9composition technique du fraisage et de l'usinage int\u00e9gral Le fraisage horizontal au centre est un proc\u00e9d\u00e9 d'usinage qui permet de travailler...<\/div>\r\n                \r\n            <\/div>\r\n        <\/article>\r\n    <\/div><div class=\"brbl-blog-item brbl-blog-item-masonry-1-0\">\r\n        <article class=\"brbl-masonry-card brbl-post-masonry-1\">\r\n            <figure class=\"brbl-post-thumb\">\r\n\t\t\t\t<a href=\"https:\/\/felino.pt\/fr\/moulage-et-usinage-de-la-fonte-2\/\">\r\n\t\t\t\t\t<div class=\"brbl-overlay\" data-icon=\"\"><\/div>\r\n\t\t\t\t\t<img decoding=\"async\" src=\"https:\/\/felino.pt\/wp-content\/uploads\/2024\/07\/Felino-Fundicao-e-Maquinacao.jpeg\" alt=\"Fonderie et usinage du fer, FELINO\">\r\n\t\t\t\t\t\r\n\t\t\t\t<\/a>\r\n\t\t\t<\/figure>\r\n            \r\n            <div class=\"brbl-masonry-content\">\r\n\t\t\t\t\r\n                <h3 class=\"brbl-post-title\">\r\n                <a href=\"https:\/\/felino.pt\/fr\/moulage-et-usinage-de-la-fonte-2\/\">Moulage et usinage du fer<\/a>\r\n            <\/h3>\r\n                <div class=\"brbl-post-excerpt\">FELINO, une r\u00e9f\u00e9rence en mati\u00e8re de fonderie et d'usinage depuis 1936 Felino SA, fond\u00e9e en 1936 et situ\u00e9e dans le district de Porto, avec un acc\u00e8s...<\/div>\r\n                \r\n            <\/div>\r\n        <\/article>\r\n    <\/div><div class=\"brbl-blog-item brbl-blog-item-masonry-1-0\">\r\n        <article class=\"brbl-masonry-card brbl-post-masonry-1\">\r\n            <figure class=\"brbl-post-thumb\">\r\n\t\t\t\t<a href=\"https:\/\/felino.pt\/fr\/diviseur-de-pate-2\/\">\r\n\t\t\t\t\t<div class=\"brbl-overlay\" data-icon=\"\"><\/div>\r\n\t\t\t\t\t<img decoding=\"async\" src=\"https:\/\/felino.pt\/wp-content\/uploads\/2025\/02\/SIRHA-Lyon2025.jpg\" alt=\"SIRHA Lyon2025\">\r\n\t\t\t\t\t\r\n\t\t\t\t<\/a>\r\n\t\t\t<\/figure>\r\n            \r\n            <div class=\"brbl-masonry-content\">\r\n\t\t\t\t\r\n                <h3 class=\"brbl-post-title\">\r\n                <a href=\"https:\/\/felino.pt\/fr\/diviseur-de-pate-2\/\">FELINO au SIRHA Lyon 2025<\/a>\r\n            <\/h3>\r\n                <div class=\"brbl-post-excerpt\">Du 23 au 27 janvier, FELINO \u00e9tait pr\u00e9sent au SIRHA Lyon, l'un des plus importants \u00e9v\u00e9nements internationaux pour...<\/div>\r\n                \r\n            <\/div>\r\n        <\/article>\r\n    <\/div><\/div><nav class=\"brbl-pagination\" role=\"navigation\" aria-label=\"Pagination\"><div class=\"brbl-page-load-status brbl-page-load-status-0\" style=\"display: none;\">\r\n\t\t\t\t<div class=\"loader-ellips infinite-scroll-request\">\r\n\t\t\t\t\t<span class=\"loader-ellips__dot\"><\/span>\r\n\t\t\t\t\t<span class=\"loader-ellips__dot\"><\/span>\r\n\t\t\t\t\t<span class=\"loader-ellips__dot\"><\/span>\r\n\t\t\t\t\t<span class=\"loader-ellips__dot\"><\/span>\r\n\t\t\t\t<\/div>\r\n\t\t\t<\/div><div class=\"pagination clearfix\">\r\n\t<div class=\"alignleft\"><\/div>\r\n\t<div class=\"alignright\"><\/div>\r\n<\/div><\/nav>\r\n\t\t\t<\/div>\n\t\t\t\t<\/div>\n\t\t\t<\/div><\/p>","protected":false},"author":5,"featured_media":0,"parent":0,"menu_order":0,"comment_status":"closed","ping_status":"closed","template":"","meta":{"_et_pb_use_builder":"on","_et_pb_old_content":"","_et_gb_content_width":"","footnotes":""},"class_list":["post-36294","page","type-page","status-publish","hentry"],"_links":{"self":[{"href":"https:\/\/felino.pt\/fr\/wp-json\/wp\/v2\/pages\/36294","targetHints":{"allow":["GET"]}}],"collection":[{"href":"https:\/\/felino.pt\/fr\/wp-json\/wp\/v2\/pages"}],"about":[{"href":"https:\/\/felino.pt\/fr\/wp-json\/wp\/v2\/types\/page"}],"author":[{"embeddable":true,"href":"https:\/\/felino.pt\/fr\/wp-json\/wp\/v2\/users\/5"}],"replies":[{"embeddable":true,"href":"https:\/\/felino.pt\/fr\/wp-json\/wp\/v2\/comments?post=36294"}],"version-history":[{"count":0,"href":"https:\/\/felino.pt\/fr\/wp-json\/wp\/v2\/pages\/36294\/revisions"}],"wp:attachment":[{"href":"https:\/\/felino.pt\/fr\/wp-json\/wp\/v2\/media?parent=36294"}],"curies":[{"name":"wp","href":"https:\/\/api.w.org\/{rel}","templated":true}]}}